{"id":12049,"date":"2025-03-28T19:24:46","date_gmt":"2025-03-28T18:24:46","guid":{"rendered":"https:\/\/wijnhuis-mana.nl\/?post_type=product&#038;p=12049"},"modified":"2026-03-31T16:59:11","modified_gmt":"2026-03-31T14:59:11","slug":"mortlach-16-year-single-malt-scotch-whisky","status":"publish","type":"product","link":"https:\/\/wijnhuis-mana.nl\/fr\/product\/mortlach-16-year-single-malt-scotch-whisky\/","title":{"rendered":"Mortlach 16 Year Single Malt Scotch Whisky"},"content":{"rendered":"<h3>Algemene informatie<\/h3>\n<p>Mortlach 16 Year Single Malt Scotch Whisky wordt geproduceerd in de beroemde Speyside-regio van Schotland, bekend om zijn verfijnde whisky&#8217;s. Deze whisky ondergaat een uniek distillatieproces dat &#8216;2.81 times distillation&#8217; heet en staat bekend om zijn rijke en complexe smaakprofiel. Gebruikmakend van traditionele Schotse barleymalts, rust deze expressie 16 jaar in zowel bourbon- als sherryvaten, wat bijdraagt aan zijn multifaceted karakter.<\/p>\n<h3>Smaakprofiel<\/h3>\n<p>De Mortlach 16 Year Single Malt is opmerkelijk voor zijn robuuste en vlezige karakter met diepe tonen van donker fruit, rijke chocolade en een hint van specerijen. De afdronk is lang, warm en blijft nazinderen met accenten van eiken en gedroogde vruchten.<\/p>\n<h3>Serveeradvies<\/h3>\n<p>Optimaal genoten bij kamertemperatuur uit een snifter of tulpglas om de aroma&#8217;s volledig tot hun recht te laten komen. Ideaal na een maaltijd of bij een speciale gelegenheid.<\/p>\n<ul>\n<li>Naast een stukje pure chocolade<\/li>\n<li>Samen met gerijpte harde kazen<\/li>\n<li>Als begeleider van een sigaar<\/li>\n<\/ul>\n<h3>Weetje<\/h3>\n<p>Mortlach was een van de eerste legale distilleerderijen in Speyside, opgericht in 1823. Het staat bekend als &#8216;The Beast of Dufftown&#8217; vanwege zijn krachtige en robuuste whisky&#8217;s.<\/p>\n","protected":false},"excerpt":{"rendered":"<p>Ervaar de intensiteit van Mortlach 16 Year Single Malt Scotch Whisky met zijn rijke smaken van donker fruit en chocolade, perfect voor de ware whiskykenner.<\/p>\n","protected":false},"featured_media":12750,"comment_status":"open","ping_status":"closed","template":"","meta":[],"product_brand":[],"product_cat":[2914],"product_tag":[540,541,832],"class_list":{"0":"post-12049","1":"product","2":"type-product","3":"status-publish","4":"has-post-thumbnail","6":"product_cat-whisky","7":"product_tag-gedistilleerd","8":"product_tag-sterke-drank","9":"product_tag-whisky","11":"first","12":"instock","13":"taxable","14":"shipping-taxable","15":"purchasable","16":"product-type-simple"},"yoast_head":"<!-- This site is optimized with the Yoast SEO Premium plugin v27.3 (Yoast SEO v27.3) - https:\/\/yoast.com\/product\/yoast-seo-premium-wordpress\/ -->\n<title>Mortlach 16 Year Single Malt Scotch Whisky - Koop Online<\/title>\n<meta name=\"description\" content=\"Ontdek Mortlach 16 Year, een rijke Single Malt Scotch Whisky met diepe fruit- en chocoladenoten, ideaal voor speciale gelegenheden en fijnproevers.\" \/>\n<meta name=\"robots\" content=\"index, follow, max-snippet:-1, max-image-preview:large, max-video-preview:-1\" \/>\n<link rel=\"canonical\" href=\"https:\/\/wijnhuis-mana.nl\/fr\/product\/mortlach-16-year-single-malt-scotch-whisky\/\" \/>\n<meta property=\"og:locale\" content=\"fr_FR\" \/>\n<meta property=\"og:type\" content=\"article\" \/>\n<meta property=\"og:title\" content=\"Mortlach 16 Year Single Malt Scotch Whisky\" \/>\n<meta property=\"og:description\" content=\"Ontdek Mortlach 16 Year, een rijke Single Malt Scotch Whisky met diepe fruit- en chocoladenoten, ideaal voor speciale gelegenheden en fijnproevers.\" \/>\n<meta property=\"og:url\" content=\"https:\/\/wijnhuis-mana.nl\/fr\/product\/mortlach-16-year-single-malt-scotch-whisky\/\" \/>\n<meta property=\"og:site_name\" content=\"Wijnhuis-Mana.nl\" \/>\n<meta property=\"article:publisher\" content=\"https:\/\/www.facebook.com\/wijnhuismana\" \/>\n<meta property=\"article:modified_time\" content=\"2026-03-31T14:59:11+00:00\" \/>\n<meta property=\"og:image\" content=\"https:\/\/wijnhuis-mana.nl\/wp-content\/uploads\/2025\/04\/Mortlach-16-Year-Single-Malt-Scotch-Whisky.jpg\" \/>\n\t<meta property=\"og:image:width\" content=\"800\" \/>\n\t<meta property=\"og:image:height\" content=\"800\" \/>\n\t<meta property=\"og:image:type\" content=\"image\/jpeg\" \/>\n<meta name=\"twitter:card\" content=\"summary_large_image\" \/>\n<meta name=\"twitter:label1\" content=\"Price\" \/>\n\t<meta name=\"twitter:data1\" content=\"&euro;&nbsp;99,95\" \/>\n\t<meta name=\"twitter:label2\" content=\"Availability\" \/>\n\t<meta name=\"twitter:data2\" content=\"In stock\" \/>\n<script type=\"application\/ld+json\" class=\"yoast-schema-graph\">{\"@context\":\"https:\\\/\\\/schema.org\",\"@graph\":[{\"@type\":\"WebPage\",\"@id\":\"https:\\\/\\\/wijnhuis-mana.nl\\\/fr\\\/product\\\/mortlach-16-year-single-malt-scotch-whisky\\\/\",\"url\":\"https:\\\/\\\/wijnhuis-mana.nl\\\/fr\\\/product\\\/mortlach-16-year-single-malt-scotch-whisky\\\/\",\"name\":\"Mortlach 16 Year Single Malt Scotch Whisky - Koop Online\",\"isPartOf\":{\"@id\":\"https:\\\/\\\/wijnhuis-mana.nl\\\/fr\\\/#website\"},\"primaryImageOfPage\":{\"@id\":\"https:\\\/\\\/wijnhuis-mana.nl\\\/fr\\\/product\\\/mortlach-16-year-single-malt-scotch-whisky\\\/#primaryimage\"},\"image\":{\"@id\":\"https:\\\/\\\/wijnhuis-mana.nl\\\/fr\\\/product\\\/mortlach-16-year-single-malt-scotch-whisky\\\/#primaryimage\"},\"thumbnailUrl\":\"https:\\\/\\\/wijnhuis-mana.nl\\\/wp-content\\\/uploads\\\/2025\\\/04\\\/Mortlach-16-Year-Single-Malt-Scotch-Whisky.jpg\",\"datePublished\":\"2025-03-28T18:24:46+00:00\",\"dateModified\":\"2026-03-31T14:59:11+00:00\",\"description\":\"Ontdek Mortlach 16 Year, een rijke Single Malt Scotch Whisky met diepe fruit- en chocoladenoten, ideaal voor speciale gelegenheden en fijnproevers.\",\"breadcrumb\":{\"@id\":\"https:\\\/\\\/wijnhuis-mana.nl\\\/fr\\\/product\\\/mortlach-16-year-single-malt-scotch-whisky\\\/#breadcrumb\"},\"inLanguage\":\"fr-FR\",\"potentialAction\":[{\"@type\":\"ReadAction\",\"target\":[\"https:\\\/\\\/wijnhuis-mana.nl\\\/fr\\\/product\\\/mortlach-16-year-single-malt-scotch-whisky\\\/\"]}]},{\"@type\":\"ImageObject\",\"inLanguage\":\"fr-FR\",\"@id\":\"https:\\\/\\\/wijnhuis-mana.nl\\\/fr\\\/product\\\/mortlach-16-year-single-malt-scotch-whisky\\\/#primaryimage\",\"url\":\"https:\\\/\\\/wijnhuis-mana.nl\\\/wp-content\\\/uploads\\\/2025\\\/04\\\/Mortlach-16-Year-Single-Malt-Scotch-Whisky.jpg\",\"contentUrl\":\"https:\\\/\\\/wijnhuis-mana.nl\\\/wp-content\\\/uploads\\\/2025\\\/04\\\/Mortlach-16-Year-Single-Malt-Scotch-Whisky.jpg\",\"width\":800,\"height\":800,\"caption\":\"Ontdek Mortlach 16 Year, een rijke Single Malt Scotch Whisky met diepe fruit- en chocoladenoten, ideaal voor speciale gelegenheden en fijnproevers.\"},{\"@type\":\"BreadcrumbList\",\"@id\":\"https:\\\/\\\/wijnhuis-mana.nl\\\/fr\\\/product\\\/mortlach-16-year-single-malt-scotch-whisky\\\/#breadcrumb\",\"itemListElement\":[{\"@type\":\"ListItem\",\"position\":1,\"name\":\"Home\",\"item\":\"https:\\\/\\\/wijnhuis-mana.nl\\\/fr\\\/\"},{\"@type\":\"ListItem\",\"position\":2,\"name\":\"Boutique\",\"item\":\"https:\\\/\\\/wijnhuis-mana.nl\\\/fr\\\/boutique\\\/\"},{\"@type\":\"ListItem\",\"position\":3,\"name\":\"Mortlach 16 Year Single Malt Scotch Whisky\"}]},{\"@type\":\"WebSite\",\"@id\":\"https:\\\/\\\/wijnhuis-mana.nl\\\/fr\\\/#website\",\"url\":\"https:\\\/\\\/wijnhuis-mana.nl\\\/fr\\\/\",\"name\":\"Wijnhuis-Mana.nl\",\"description\":\"Wijn v\u00e1n liefhebbers, v\u00f3\u00f3r liefhebbers\",\"publisher\":{\"@id\":\"https:\\\/\\\/wijnhuis-mana.nl\\\/fr\\\/#organization\"},\"potentialAction\":[{\"@type\":\"SearchAction\",\"target\":{\"@type\":\"EntryPoint\",\"urlTemplate\":\"https:\\\/\\\/wijnhuis-mana.nl\\\/fr\\\/?s={search_term_string}\"},\"query-input\":{\"@type\":\"PropertyValueSpecification\",\"valueRequired\":true,\"valueName\":\"search_term_string\"}}],\"inLanguage\":\"fr-FR\"},{\"@type\":[\"Organization\",\"Place\"],\"@id\":\"https:\\\/\\\/wijnhuis-mana.nl\\\/fr\\\/#organization\",\"name\":\"Wijnhuis-Mana.nl\",\"url\":\"https:\\\/\\\/wijnhuis-mana.nl\\\/fr\\\/\",\"logo\":{\"@id\":\"https:\\\/\\\/wijnhuis-mana.nl\\\/fr\\\/product\\\/mortlach-16-year-single-malt-scotch-whisky\\\/#local-main-organization-logo\"},\"image\":{\"@id\":\"https:\\\/\\\/wijnhuis-mana.nl\\\/fr\\\/product\\\/mortlach-16-year-single-malt-scotch-whisky\\\/#local-main-organization-logo\"},\"sameAs\":[\"https:\\\/\\\/www.facebook.com\\\/wijnhuismana\",\"https:\\\/\\\/www.instagram.com\\\/ghvino.nl\"],\"hasMerchantReturnPolicy\":{\"@type\":\"MerchantReturnPolicy\",\"merchantReturnLink\":\"https:\\\/\\\/wijnhuis-mana.nl\\\/algemene-voorwaarden\\\/\"},\"address\":{\"@id\":\"https:\\\/\\\/wijnhuis-mana.nl\\\/fr\\\/product\\\/mortlach-16-year-single-malt-scotch-whisky\\\/#local-main-place-address\"},\"telephone\":[\"0299-769018\"],\"openingHoursSpecification\":[{\"@type\":\"OpeningHoursSpecification\",\"dayOfWeek\":[\"Monday\",\"Sunday\"],\"opens\":\"00:00\",\"closes\":\"00:00\"},{\"@type\":\"OpeningHoursSpecification\",\"dayOfWeek\":[\"Tuesday\"],\"opens\":\"10:00\",\"closes\":\"18:00\"},{\"@type\":\"OpeningHoursSpecification\",\"dayOfWeek\":[\"Wednesday\",\"Thursday\",\"Saturday\"],\"opens\":\"11:00\",\"closes\":\"18:00\"},{\"@type\":\"OpeningHoursSpecification\",\"dayOfWeek\":[\"Friday\"],\"opens\":\"11:00\",\"closes\":\"21:00\"}],\"email\":\"info@wijnhuis-mana.nl\",\"areaServed\":\"Nederland\",\"vatID\":\"NL58KNAB0255573782\",\"taxID\":\"NL58KNAB0255573782\"},{\"@type\":\"PostalAddress\",\"@id\":\"https:\\\/\\\/wijnhuis-mana.nl\\\/fr\\\/product\\\/mortlach-16-year-single-malt-scotch-whisky\\\/#local-main-place-address\",\"streetAddress\":\"Weerwal 11\",\"addressLocality\":\"Purmerend\",\"postalCode\":\"1441 AL\",\"addressRegion\":\"Noord-Holland\",\"addressCountry\":\"NL\"},{\"@type\":\"ImageObject\",\"inLanguage\":\"fr-FR\",\"@id\":\"https:\\\/\\\/wijnhuis-mana.nl\\\/fr\\\/product\\\/mortlach-16-year-single-malt-scotch-whisky\\\/#local-main-organization-logo\",\"url\":\"https:\\\/\\\/wijnhuis-mana.nl\\\/wp-content\\\/uploads\\\/2022\\\/01\\\/Logo_Wijnhuis-Mana_Kleur.jpg\",\"contentUrl\":\"https:\\\/\\\/wijnhuis-mana.nl\\\/wp-content\\\/uploads\\\/2022\\\/01\\\/Logo_Wijnhuis-Mana_Kleur.jpg\",\"width\":400,\"height\":111,\"caption\":\"Wijnhuis-Mana.nl\"}]}<\/script>\n<meta property=\"product:price:amount\" content=\"99.95\" \/>\n<meta property=\"product:price:currency\" content=\"EUR\" \/>\n<meta property=\"og:availability\" content=\"instock\" \/>\n<meta property=\"product:availability\" content=\"instock\" \/>\n<meta property=\"product:retailer_item_id\" content=\"5000281054698\" \/>\n<meta property=\"product:condition\" content=\"new\" \/>\n<meta name=\"geo.placename\" content=\"Purmerend\" \/>\n<meta name=\"geo.region\" content=\"Netherlands\" \/>\n<!-- \/ Yoast SEO Premium plugin. -->","yoast_head_json":{"title":"Mortlach 16 Year Single Malt Scotch Whisky - Koop Online","description":"Ontdek Mortlach 16 Year, een rijke Single Malt Scotch Whisky met diepe fruit- en chocoladenoten, ideaal voor speciale gelegenheden en fijnproevers.","robots":{"index":"index","follow":"follow","max-snippet":"max-snippet:-1","max-image-preview":"max-image-preview:large","max-video-preview":"max-video-preview:-1"},"canonical":"https:\/\/wijnhuis-mana.nl\/fr\/product\/mortlach-16-year-single-malt-scotch-whisky\/","og_locale":"fr_FR","og_type":"article","og_title":"Mortlach 16 Year Single Malt Scotch Whisky","og_description":"Ontdek Mortlach 16 Year, een rijke Single Malt Scotch Whisky met diepe fruit- en chocoladenoten, ideaal voor speciale gelegenheden en fijnproevers.","og_url":"https:\/\/wijnhuis-mana.nl\/fr\/product\/mortlach-16-year-single-malt-scotch-whisky\/","og_site_name":"Wijnhuis-Mana.nl","article_publisher":"https:\/\/www.facebook.com\/wijnhuismana","article_modified_time":"2026-03-31T14:59:11+00:00","og_image":[{"width":800,"height":800,"url":"https:\/\/wijnhuis-mana.nl\/wp-content\/uploads\/2025\/04\/Mortlach-16-Year-Single-Malt-Scotch-Whisky.jpg","type":"image\/jpeg"}],"twitter_card":"summary_large_image","twitter_misc":{"Price":"&euro;&nbsp;99,95","Availability":"In stock"},"schema":{"@context":"https:\/\/schema.org","@graph":[{"@type":"WebPage","@id":"https:\/\/wijnhuis-mana.nl\/fr\/product\/mortlach-16-year-single-malt-scotch-whisky\/","url":"https:\/\/wijnhuis-mana.nl\/fr\/product\/mortlach-16-year-single-malt-scotch-whisky\/","name":"Mortlach 16 Year Single Malt Scotch Whisky - Koop Online","isPartOf":{"@id":"https:\/\/wijnhuis-mana.nl\/fr\/#website"},"primaryImageOfPage":{"@id":"https:\/\/wijnhuis-mana.nl\/fr\/product\/mortlach-16-year-single-malt-scotch-whisky\/#primaryimage"},"image":{"@id":"https:\/\/wijnhuis-mana.nl\/fr\/product\/mortlach-16-year-single-malt-scotch-whisky\/#primaryimage"},"thumbnailUrl":"https:\/\/wijnhuis-mana.nl\/wp-content\/uploads\/2025\/04\/Mortlach-16-Year-Single-Malt-Scotch-Whisky.jpg","datePublished":"2025-03-28T18:24:46+00:00","dateModified":"2026-03-31T14:59:11+00:00","description":"Ontdek Mortlach 16 Year, een rijke Single Malt Scotch Whisky met diepe fruit- en chocoladenoten, ideaal voor speciale gelegenheden en fijnproevers.","breadcrumb":{"@id":"https:\/\/wijnhuis-mana.nl\/fr\/product\/mortlach-16-year-single-malt-scotch-whisky\/#breadcrumb"},"inLanguage":"fr-FR","potentialAction":[{"@type":"ReadAction","target":["https:\/\/wijnhuis-mana.nl\/fr\/product\/mortlach-16-year-single-malt-scotch-whisky\/"]}]},{"@type":"ImageObject","inLanguage":"fr-FR","@id":"https:\/\/wijnhuis-mana.nl\/fr\/product\/mortlach-16-year-single-malt-scotch-whisky\/#primaryimage","url":"https:\/\/wijnhuis-mana.nl\/wp-content\/uploads\/2025\/04\/Mortlach-16-Year-Single-Malt-Scotch-Whisky.jpg","contentUrl":"https:\/\/wijnhuis-mana.nl\/wp-content\/uploads\/2025\/04\/Mortlach-16-Year-Single-Malt-Scotch-Whisky.jpg","width":800,"height":800,"caption":"Ontdek Mortlach 16 Year, een rijke Single Malt Scotch Whisky met diepe fruit- en chocoladenoten, ideaal voor speciale gelegenheden en fijnproevers."},{"@type":"BreadcrumbList","@id":"https:\/\/wijnhuis-mana.nl\/fr\/product\/mortlach-16-year-single-malt-scotch-whisky\/#breadcrumb","itemListElement":[{"@type":"ListItem","position":1,"name":"Home","item":"https:\/\/wijnhuis-mana.nl\/fr\/"},{"@type":"ListItem","position":2,"name":"Boutique","item":"https:\/\/wijnhuis-mana.nl\/fr\/boutique\/"},{"@type":"ListItem","position":3,"name":"Mortlach 16 Year Single Malt Scotch Whisky"}]},{"@type":"WebSite","@id":"https:\/\/wijnhuis-mana.nl\/fr\/#website","url":"https:\/\/wijnhuis-mana.nl\/fr\/","name":"Wijnhuis-Mana.nl","description":"Wijn v\u00e1n liefhebbers, v\u00f3\u00f3r liefhebbers","publisher":{"@id":"https:\/\/wijnhuis-mana.nl\/fr\/#organization"},"potentialAction":[{"@type":"SearchAction","target":{"@type":"EntryPoint","urlTemplate":"https:\/\/wijnhuis-mana.nl\/fr\/?s={search_term_string}"},"query-input":{"@type":"PropertyValueSpecification","valueRequired":true,"valueName":"search_term_string"}}],"inLanguage":"fr-FR"},{"@type":["Organization","Place"],"@id":"https:\/\/wijnhuis-mana.nl\/fr\/#organization","name":"Wijnhuis-Mana.nl","url":"https:\/\/wijnhuis-mana.nl\/fr\/","logo":{"@id":"https:\/\/wijnhuis-mana.nl\/fr\/product\/mortlach-16-year-single-malt-scotch-whisky\/#local-main-organization-logo"},"image":{"@id":"https:\/\/wijnhuis-mana.nl\/fr\/product\/mortlach-16-year-single-malt-scotch-whisky\/#local-main-organization-logo"},"sameAs":["https:\/\/www.facebook.com\/wijnhuismana","https:\/\/www.instagram.com\/ghvino.nl"],"hasMerchantReturnPolicy":{"@type":"MerchantReturnPolicy","merchantReturnLink":"https:\/\/wijnhuis-mana.nl\/algemene-voorwaarden\/"},"address":{"@id":"https:\/\/wijnhuis-mana.nl\/fr\/product\/mortlach-16-year-single-malt-scotch-whisky\/#local-main-place-address"},"telephone":["0299-769018"],"openingHoursSpecification":[{"@type":"OpeningHoursSpecification","dayOfWeek":["Monday","Sunday"],"opens":"00:00","closes":"00:00"},{"@type":"OpeningHoursSpecification","dayOfWeek":["Tuesday"],"opens":"10:00","closes":"18:00"},{"@type":"OpeningHoursSpecification","dayOfWeek":["Wednesday","Thursday","Saturday"],"opens":"11:00","closes":"18:00"},{"@type":"OpeningHoursSpecification","dayOfWeek":["Friday"],"opens":"11:00","closes":"21:00"}],"email":"info@wijnhuis-mana.nl","areaServed":"Nederland","vatID":"NL58KNAB0255573782","taxID":"NL58KNAB0255573782"},{"@type":"PostalAddress","@id":"https:\/\/wijnhuis-mana.nl\/fr\/product\/mortlach-16-year-single-malt-scotch-whisky\/#local-main-place-address","streetAddress":"Weerwal 11","addressLocality":"Purmerend","postalCode":"1441 AL","addressRegion":"Noord-Holland","addressCountry":"NL"},{"@type":"ImageObject","inLanguage":"fr-FR","@id":"https:\/\/wijnhuis-mana.nl\/fr\/product\/mortlach-16-year-single-malt-scotch-whisky\/#local-main-organization-logo","url":"https:\/\/wijnhuis-mana.nl\/wp-content\/uploads\/2022\/01\/Logo_Wijnhuis-Mana_Kleur.jpg","contentUrl":"https:\/\/wijnhuis-mana.nl\/wp-content\/uploads\/2022\/01\/Logo_Wijnhuis-Mana_Kleur.jpg","width":400,"height":111,"caption":"Wijnhuis-Mana.nl"}]},"product_price_amount":"99.95","product_price_currency":"EUR","og_availability":"instock","product_availability":"instock","product_retailer_item_id":"5000281054698","product_condition":"new","geo.placename":"Purmerend","geo.region":"Netherlands"},"post_mailing_queue_ids":[],"_links":{"self":[{"href":"https:\/\/wijnhuis-mana.nl\/fr\/wp-json\/wp\/v2\/product\/12049","targetHints":{"allow":["GET"]}}],"collection":[{"href":"https:\/\/wijnhuis-mana.nl\/fr\/wp-json\/wp\/v2\/product"}],"about":[{"href":"https:\/\/wijnhuis-mana.nl\/fr\/wp-json\/wp\/v2\/types\/product"}],"replies":[{"embeddable":true,"href":"https:\/\/wijnhuis-mana.nl\/fr\/wp-json\/wp\/v2\/comments?post=12049"}],"wp:featuredmedia":[{"embeddable":true,"href":"https:\/\/wijnhuis-mana.nl\/fr\/wp-json\/wp\/v2\/media\/12750"}],"wp:attachment":[{"href":"https:\/\/wijnhuis-mana.nl\/fr\/wp-json\/wp\/v2\/media?parent=12049"}],"wp:term":[{"taxonomy":"product_brand","embeddable":true,"href":"https:\/\/wijnhuis-mana.nl\/fr\/wp-json\/wp\/v2\/product_brand?post=12049"},{"taxonomy":"product_cat","embeddable":true,"href":"https:\/\/wijnhuis-mana.nl\/fr\/wp-json\/wp\/v2\/product_cat?post=12049"},{"taxonomy":"product_tag","embeddable":true,"href":"https:\/\/wijnhuis-mana.nl\/fr\/wp-json\/wp\/v2\/product_tag?post=12049"}],"curies":[{"name":"wp","href":"https:\/\/api.w.org\/{rel}","templated":true}]}}