{"id":14476,"date":"2025-04-25T11:30:11","date_gmt":"2025-04-25T09:30:11","guid":{"rendered":"https:\/\/wijnhuis-mana.nl\/?post_type=product&#038;p=14476"},"modified":"2026-01-04T19:22:08","modified_gmt":"2026-01-04T18:22:08","slug":"domaine-de-l-aste-santenay-1er-cru-clos-des-mouches","status":"publish","type":"product","link":"https:\/\/wijnhuis-mana.nl\/fr\/product\/domaine-de-l-aste-santenay-1er-cru-clos-des-mouches\/","title":{"rendered":"Domaine de l&#8217;Aste Santenay 1er Cru &#8216;Clos des Mouches&#8217; 2022"},"content":{"rendered":"<h3 class=\"\" data-start=\"362\" data-end=\"387\">Algemene informatie<\/h3>\n<p class=\"\" data-start=\"388\" data-end=\"648\">Domaine de l\u2019Aste Santenay 1er Cru Clos des Mouches is een elegante rode Bourgogne gemaakt van 100% Pinot Noir, afkomstig uit een van de mooiste Premier Cru-wijngaarden van Santenay, gelegen op een koele heuvelrug met een gunstig microklimaat.<\/p>\n<p class=\"\" data-start=\"650\" data-end=\"1090\">De wijn wordt geproduceerd door David Moreau, die het familiedomein overnam van zijn grootvader Jean Moreau. Hij gaf het de naam \u2018L\u2019Aste\u2019 als verwijzing naar zowel het gehucht waarin het domein ligt, als naar de \u2018thyrsus\u2019, de staf van wijngod Bacchus. Moreau behoort tot een jonge generatie Bourgondische wijnmakers die de klassieke waarden van terroirexpressie combineert met modern vakmanschap en een biologische aanpak.<\/p>\n<p class=\"\" data-start=\"1092\" data-end=\"1296\">De Premier Cru Clos des Mouches levert hier een wijn op met spanning, complexiteit en verfijnde kracht, dankzij de combinatie van hoogte, kalkbodem en zorgvuldige vinificatie met minimale interventie.<\/p>\n<h3 class=\"\" data-start=\"1298\" data-end=\"1316\">Smaakprofiel Domaine de l\u2019Aste Santenay 1er Cru Clos des Mouches<\/h3>\n<p class=\"\" data-start=\"1317\" data-end=\"1363\">De wijn heeft een heldere, robijnrode kleur.<\/p>\n<ul data-start=\"1365\" data-end=\"1620\">\n<li class=\"\" data-start=\"1365\" data-end=\"1452\">\n<p class=\"\" data-start=\"1367\" data-end=\"1452\">Neus: kruidig, florale tonen van rozen en laurier, met rijpe aardbeien en aalbessen<\/p>\n<\/li>\n<li class=\"\" data-start=\"1453\" data-end=\"1531\">\n<p class=\"\" data-start=\"1455\" data-end=\"1531\">Smaak: goed gevuld en soepel, met fijne zuren, stevige structuur en balans<\/p>\n<\/li>\n<li class=\"\" data-start=\"1532\" data-end=\"1620\">\n<p class=\"\" data-start=\"1534\" data-end=\"1620\">Afdronk: lang en gelaagd, met tonen van rode en zwarte kersen, amandel en mineraliteit<\/p>\n<\/li>\n<\/ul>\n<h3 class=\"\" data-start=\"1622\" data-end=\"1641\">Serveeradvies<\/h3>\n<p class=\"\" data-start=\"1642\" data-end=\"1662\">Past uitstekend bij:<\/p>\n<ul data-start=\"1664\" data-end=\"1831\">\n<li class=\"\" data-start=\"1664\" data-end=\"1703\">\n<p class=\"\" data-start=\"1666\" data-end=\"1703\">Kwartel of fazant met paddenstoelen<\/p>\n<\/li>\n<li class=\"\" data-start=\"1704\" data-end=\"1738\">\n<p class=\"\" data-start=\"1706\" data-end=\"1738\">Geroosterde kalfslende of eend<\/p>\n<\/li>\n<li class=\"\" data-start=\"1739\" data-end=\"1779\">\n<p class=\"\" data-start=\"1741\" data-end=\"1779\">Ratatouille met Proven\u00e7aalse kruiden<\/p>\n<\/li>\n<li class=\"\" data-start=\"1780\" data-end=\"1831\">\n<p class=\"\" data-start=\"1782\" data-end=\"1831\">Rijpe, licht pittige kazen zoals tomme of comt\u00e9<\/p>\n<\/li>\n<\/ul>\n<p class=\"\" data-start=\"1833\" data-end=\"1898\">Serveer op 16\u201317 \u00b0C. Karafferen aanbevolen bij jonge flessen.<\/p>\n<h3 class=\"\" data-start=\"1900\" data-end=\"1912\">Weetje<\/h3>\n<p class=\"\" data-start=\"1913\" data-end=\"2260\">De naam Clos des Mouches komt van het Bourgondische woord voor bijen: \u201cmouches\u201d. Deze Premier Cru ligt op een van de beter geventileerde ruggen van Santenay, wat zorgt voor dunne schillen met hoge aromatische concentratie \u2014 ideaal voor verfijnde Pinot Noir. De biologische aanpak van David Moreau benadrukt deze terroirtypiciteit optimaal.<\/p>\n","protected":false},"excerpt":{"rendered":"<p>Domaine de l\u2019Aste Santenay 1er Cru Clos des Mouches is een elegante, biologische rode Bourgogne van Pinot Noir. Finesse, spanning en lengte.<\/p>\n<p>\nVivino score:<\/p>\n<div class=\"vivino-widget vivino-wine-card-widget\" data-vivino-widget-type=\"wineWithoutVintage\" data-vivino-wine-id=\"4930635\" data-make-vivino-redirect=\"true\" data-vivino-widget-language=\"en\" data-vivino-widget-layout=\"small_new\">\n  <a target=\"_blank\">Wine name<\/a>\n<\/div>\n","protected":false},"featured_media":15136,"comment_status":"open","ping_status":"closed","template":"","meta":[],"product_brand":[],"product_cat":[2888,2898,2889],"product_tag":[1079,1194,1244,1243,952,1196,136,1242],"class_list":{"0":"post-14476","1":"product","2":"type-product","3":"status-publish","4":"has-post-thumbnail","6":"product_cat-alle-wijn","7":"product_cat-franse-wijn","8":"product_cat-rode-wijn","9":"product_tag-biologische-wijn","10":"product_tag-bourgogne","11":"product_tag-david-moreau","12":"product_tag-domaine-de-laste","13":"product_tag-pinot-noir","14":"product_tag-premier-cru","15":"product_tag-rode-wijn","16":"product_tag-santenay","18":"first","19":"instock","20":"taxable","21":"shipping-taxable","22":"purchasable","23":"product-type-simple"},"yoast_head":"<!-- This site is optimized with the Yoast SEO Premium plugin v27.3 (Yoast SEO v27.3) - https:\/\/yoast.com\/product\/yoast-seo-premium-wordpress\/ -->\n<title>Domaine de l\u2019Aste Santenay 1er Cru Clos des Mouches \u2013 Elegante rode Bourgogne<\/title>\n<meta name=\"description\" content=\"Domaine de l\u2019Aste Santenay 1er Cru Clos des Mouches is een biologische rode Bourgogne. Soepel, kruidig en elegant met fijne zuren en lange afdronk.\" \/>\n<meta name=\"robots\" content=\"index, follow, max-snippet:-1, max-image-preview:large, max-video-preview:-1\" \/>\n<link rel=\"canonical\" href=\"https:\/\/wijnhuis-mana.nl\/fr\/product\/domaine-de-l-aste-santenay-1er-cru-clos-des-mouches\/\" \/>\n<meta property=\"og:locale\" content=\"fr_FR\" \/>\n<meta property=\"og:type\" content=\"article\" \/>\n<meta property=\"og:title\" content=\"Domaine de l&#039;Aste Santenay 1er Cru &#039;Clos des Mouches&#039; 2022\" \/>\n<meta property=\"og:description\" content=\"Domaine de l\u2019Aste Santenay 1er Cru Clos des Mouches is een biologische rode Bourgogne. Soepel, kruidig en elegant met fijne zuren en lange afdronk.\" \/>\n<meta property=\"og:url\" content=\"https:\/\/wijnhuis-mana.nl\/fr\/product\/domaine-de-l-aste-santenay-1er-cru-clos-des-mouches\/\" \/>\n<meta property=\"og:site_name\" content=\"Wijnhuis-Mana.nl\" \/>\n<meta property=\"article:publisher\" content=\"https:\/\/www.facebook.com\/wijnhuismana\" \/>\n<meta property=\"article:modified_time\" content=\"2026-01-04T18:22:08+00:00\" \/>\n<meta property=\"og:image\" content=\"https:\/\/wijnhuis-mana.nl\/wp-content\/uploads\/2025\/04\/Domaine-de-lAste-Santenay-1er-Cru-Clos-des-Mouches-2022.jpg\" \/>\n\t<meta property=\"og:image:width\" content=\"800\" \/>\n\t<meta property=\"og:image:height\" content=\"800\" \/>\n\t<meta property=\"og:image:type\" content=\"image\/jpeg\" \/>\n<meta name=\"twitter:card\" content=\"summary_large_image\" \/>\n<meta name=\"twitter:label1\" content=\"Price\" \/>\n\t<meta name=\"twitter:data1\" content=\"&euro;&nbsp;54,85\" \/>\n\t<meta name=\"twitter:label2\" content=\"Availability\" \/>\n\t<meta name=\"twitter:data2\" content=\"In stock\" \/>\n<script type=\"application\/ld+json\" class=\"yoast-schema-graph\">{\"@context\":\"https:\\\/\\\/schema.org\",\"@graph\":[{\"@type\":\"WebPage\",\"@id\":\"https:\\\/\\\/wijnhuis-mana.nl\\\/fr\\\/product\\\/domaine-de-l-aste-santenay-1er-cru-clos-des-mouches\\\/\",\"url\":\"https:\\\/\\\/wijnhuis-mana.nl\\\/fr\\\/product\\\/domaine-de-l-aste-santenay-1er-cru-clos-des-mouches\\\/\",\"name\":\"Domaine de l\u2019Aste Santenay 1er Cru Clos des Mouches \u2013 Elegante rode Bourgogne\",\"isPartOf\":{\"@id\":\"https:\\\/\\\/wijnhuis-mana.nl\\\/fr\\\/#website\"},\"primaryImageOfPage\":{\"@id\":\"https:\\\/\\\/wijnhuis-mana.nl\\\/fr\\\/product\\\/domaine-de-l-aste-santenay-1er-cru-clos-des-mouches\\\/#primaryimage\"},\"image\":{\"@id\":\"https:\\\/\\\/wijnhuis-mana.nl\\\/fr\\\/product\\\/domaine-de-l-aste-santenay-1er-cru-clos-des-mouches\\\/#primaryimage\"},\"thumbnailUrl\":\"https:\\\/\\\/wijnhuis-mana.nl\\\/wp-content\\\/uploads\\\/2025\\\/04\\\/Domaine-de-lAste-Santenay-1er-Cru-Clos-des-Mouches-2022.jpg\",\"datePublished\":\"2025-04-25T09:30:11+00:00\",\"dateModified\":\"2026-01-04T18:22:08+00:00\",\"description\":\"Domaine de l\u2019Aste Santenay 1er Cru Clos des Mouches is een biologische rode Bourgogne. Soepel, kruidig en elegant met fijne zuren en lange afdronk.\",\"breadcrumb\":{\"@id\":\"https:\\\/\\\/wijnhuis-mana.nl\\\/fr\\\/product\\\/domaine-de-l-aste-santenay-1er-cru-clos-des-mouches\\\/#breadcrumb\"},\"inLanguage\":\"fr-FR\",\"potentialAction\":[{\"@type\":\"ReadAction\",\"target\":[\"https:\\\/\\\/wijnhuis-mana.nl\\\/fr\\\/product\\\/domaine-de-l-aste-santenay-1er-cru-clos-des-mouches\\\/\"]}]},{\"@type\":\"ImageObject\",\"inLanguage\":\"fr-FR\",\"@id\":\"https:\\\/\\\/wijnhuis-mana.nl\\\/fr\\\/product\\\/domaine-de-l-aste-santenay-1er-cru-clos-des-mouches\\\/#primaryimage\",\"url\":\"https:\\\/\\\/wijnhuis-mana.nl\\\/wp-content\\\/uploads\\\/2025\\\/04\\\/Domaine-de-lAste-Santenay-1er-Cru-Clos-des-Mouches-2022.jpg\",\"contentUrl\":\"https:\\\/\\\/wijnhuis-mana.nl\\\/wp-content\\\/uploads\\\/2025\\\/04\\\/Domaine-de-lAste-Santenay-1er-Cru-Clos-des-Mouches-2022.jpg\",\"width\":800,\"height\":800,\"caption\":\"Domaine de l\u2019Aste Santenay 1er Cru Clos des Mouches 2022 rode Bourgogne\"},{\"@type\":\"BreadcrumbList\",\"@id\":\"https:\\\/\\\/wijnhuis-mana.nl\\\/fr\\\/product\\\/domaine-de-l-aste-santenay-1er-cru-clos-des-mouches\\\/#breadcrumb\",\"itemListElement\":[{\"@type\":\"ListItem\",\"position\":1,\"name\":\"Home\",\"item\":\"https:\\\/\\\/wijnhuis-mana.nl\\\/fr\\\/\"},{\"@type\":\"ListItem\",\"position\":2,\"name\":\"Boutique\",\"item\":\"https:\\\/\\\/wijnhuis-mana.nl\\\/fr\\\/boutique\\\/\"},{\"@type\":\"ListItem\",\"position\":3,\"name\":\"Domaine de l&#8217;Aste Santenay 1er Cru &#8216;Clos des Mouches&#8217; 2022\"}]},{\"@type\":\"WebSite\",\"@id\":\"https:\\\/\\\/wijnhuis-mana.nl\\\/fr\\\/#website\",\"url\":\"https:\\\/\\\/wijnhuis-mana.nl\\\/fr\\\/\",\"name\":\"Wijnhuis-Mana.nl\",\"description\":\"Wijn v\u00e1n liefhebbers, v\u00f3\u00f3r liefhebbers\",\"publisher\":{\"@id\":\"https:\\\/\\\/wijnhuis-mana.nl\\\/fr\\\/#organization\"},\"potentialAction\":[{\"@type\":\"SearchAction\",\"target\":{\"@type\":\"EntryPoint\",\"urlTemplate\":\"https:\\\/\\\/wijnhuis-mana.nl\\\/fr\\\/?s={search_term_string}\"},\"query-input\":{\"@type\":\"PropertyValueSpecification\",\"valueRequired\":true,\"valueName\":\"search_term_string\"}}],\"inLanguage\":\"fr-FR\"},{\"@type\":[\"Organization\",\"Place\"],\"@id\":\"https:\\\/\\\/wijnhuis-mana.nl\\\/fr\\\/#organization\",\"name\":\"Wijnhuis-Mana.nl\",\"url\":\"https:\\\/\\\/wijnhuis-mana.nl\\\/fr\\\/\",\"logo\":{\"@id\":\"https:\\\/\\\/wijnhuis-mana.nl\\\/fr\\\/product\\\/domaine-de-l-aste-santenay-1er-cru-clos-des-mouches\\\/#local-main-organization-logo\"},\"image\":{\"@id\":\"https:\\\/\\\/wijnhuis-mana.nl\\\/fr\\\/product\\\/domaine-de-l-aste-santenay-1er-cru-clos-des-mouches\\\/#local-main-organization-logo\"},\"sameAs\":[\"https:\\\/\\\/www.facebook.com\\\/wijnhuismana\",\"https:\\\/\\\/www.instagram.com\\\/ghvino.nl\"],\"hasMerchantReturnPolicy\":{\"@type\":\"MerchantReturnPolicy\",\"merchantReturnLink\":\"https:\\\/\\\/wijnhuis-mana.nl\\\/algemene-voorwaarden\\\/\"},\"address\":{\"@id\":\"https:\\\/\\\/wijnhuis-mana.nl\\\/fr\\\/product\\\/domaine-de-l-aste-santenay-1er-cru-clos-des-mouches\\\/#local-main-place-address\"},\"telephone\":[\"0299-769018\"],\"openingHoursSpecification\":[{\"@type\":\"OpeningHoursSpecification\",\"dayOfWeek\":[\"Monday\",\"Sunday\"],\"opens\":\"00:00\",\"closes\":\"00:00\"},{\"@type\":\"OpeningHoursSpecification\",\"dayOfWeek\":[\"Tuesday\"],\"opens\":\"10:00\",\"closes\":\"18:00\"},{\"@type\":\"OpeningHoursSpecification\",\"dayOfWeek\":[\"Wednesday\",\"Thursday\",\"Saturday\"],\"opens\":\"11:00\",\"closes\":\"18:00\"},{\"@type\":\"OpeningHoursSpecification\",\"dayOfWeek\":[\"Friday\"],\"opens\":\"11:00\",\"closes\":\"21:00\"}],\"email\":\"info@wijnhuis-mana.nl\",\"areaServed\":\"Nederland\",\"vatID\":\"NL58KNAB0255573782\",\"taxID\":\"NL58KNAB0255573782\"},{\"@type\":\"PostalAddress\",\"@id\":\"https:\\\/\\\/wijnhuis-mana.nl\\\/fr\\\/product\\\/domaine-de-l-aste-santenay-1er-cru-clos-des-mouches\\\/#local-main-place-address\",\"streetAddress\":\"Weerwal 11\",\"addressLocality\":\"Purmerend\",\"postalCode\":\"1441 AL\",\"addressRegion\":\"Noord-Holland\",\"addressCountry\":\"NL\"},{\"@type\":\"ImageObject\",\"inLanguage\":\"fr-FR\",\"@id\":\"https:\\\/\\\/wijnhuis-mana.nl\\\/fr\\\/product\\\/domaine-de-l-aste-santenay-1er-cru-clos-des-mouches\\\/#local-main-organization-logo\",\"url\":\"https:\\\/\\\/wijnhuis-mana.nl\\\/wp-content\\\/uploads\\\/2022\\\/01\\\/Logo_Wijnhuis-Mana_Kleur.jpg\",\"contentUrl\":\"https:\\\/\\\/wijnhuis-mana.nl\\\/wp-content\\\/uploads\\\/2022\\\/01\\\/Logo_Wijnhuis-Mana_Kleur.jpg\",\"width\":400,\"height\":111,\"caption\":\"Wijnhuis-Mana.nl\"}]}<\/script>\n<meta property=\"product:price:amount\" content=\"54.85\" \/>\n<meta property=\"product:price:currency\" content=\"EUR\" \/>\n<meta property=\"og:availability\" content=\"instock\" \/>\n<meta property=\"product:availability\" content=\"instock\" \/>\n<meta property=\"product:retailer_item_id\" content=\"Aste-Santenay\" \/>\n<meta property=\"product:condition\" content=\"new\" \/>\n<meta name=\"geo.placename\" content=\"Purmerend\" \/>\n<meta name=\"geo.region\" content=\"Netherlands\" \/>\n<!-- \/ Yoast SEO Premium plugin. -->","yoast_head_json":{"title":"Domaine de l\u2019Aste Santenay 1er Cru Clos des Mouches \u2013 Elegante rode Bourgogne","description":"Domaine de l\u2019Aste Santenay 1er Cru Clos des Mouches is een biologische rode Bourgogne. Soepel, kruidig en elegant met fijne zuren en lange afdronk.","robots":{"index":"index","follow":"follow","max-snippet":"max-snippet:-1","max-image-preview":"max-image-preview:large","max-video-preview":"max-video-preview:-1"},"canonical":"https:\/\/wijnhuis-mana.nl\/fr\/product\/domaine-de-l-aste-santenay-1er-cru-clos-des-mouches\/","og_locale":"fr_FR","og_type":"article","og_title":"Domaine de l'Aste Santenay 1er Cru 'Clos des Mouches' 2022","og_description":"Domaine de l\u2019Aste Santenay 1er Cru Clos des Mouches is een biologische rode Bourgogne. Soepel, kruidig en elegant met fijne zuren en lange afdronk.","og_url":"https:\/\/wijnhuis-mana.nl\/fr\/product\/domaine-de-l-aste-santenay-1er-cru-clos-des-mouches\/","og_site_name":"Wijnhuis-Mana.nl","article_publisher":"https:\/\/www.facebook.com\/wijnhuismana","article_modified_time":"2026-01-04T18:22:08+00:00","og_image":[{"width":800,"height":800,"url":"https:\/\/wijnhuis-mana.nl\/wp-content\/uploads\/2025\/04\/Domaine-de-lAste-Santenay-1er-Cru-Clos-des-Mouches-2022.jpg","type":"image\/jpeg"}],"twitter_card":"summary_large_image","twitter_misc":{"Price":"&euro;&nbsp;54,85","Availability":"In stock"},"schema":{"@context":"https:\/\/schema.org","@graph":[{"@type":"WebPage","@id":"https:\/\/wijnhuis-mana.nl\/fr\/product\/domaine-de-l-aste-santenay-1er-cru-clos-des-mouches\/","url":"https:\/\/wijnhuis-mana.nl\/fr\/product\/domaine-de-l-aste-santenay-1er-cru-clos-des-mouches\/","name":"Domaine de l\u2019Aste Santenay 1er Cru Clos des Mouches \u2013 Elegante rode Bourgogne","isPartOf":{"@id":"https:\/\/wijnhuis-mana.nl\/fr\/#website"},"primaryImageOfPage":{"@id":"https:\/\/wijnhuis-mana.nl\/fr\/product\/domaine-de-l-aste-santenay-1er-cru-clos-des-mouches\/#primaryimage"},"image":{"@id":"https:\/\/wijnhuis-mana.nl\/fr\/product\/domaine-de-l-aste-santenay-1er-cru-clos-des-mouches\/#primaryimage"},"thumbnailUrl":"https:\/\/wijnhuis-mana.nl\/wp-content\/uploads\/2025\/04\/Domaine-de-lAste-Santenay-1er-Cru-Clos-des-Mouches-2022.jpg","datePublished":"2025-04-25T09:30:11+00:00","dateModified":"2026-01-04T18:22:08+00:00","description":"Domaine de l\u2019Aste Santenay 1er Cru Clos des Mouches is een biologische rode Bourgogne. Soepel, kruidig en elegant met fijne zuren en lange afdronk.","breadcrumb":{"@id":"https:\/\/wijnhuis-mana.nl\/fr\/product\/domaine-de-l-aste-santenay-1er-cru-clos-des-mouches\/#breadcrumb"},"inLanguage":"fr-FR","potentialAction":[{"@type":"ReadAction","target":["https:\/\/wijnhuis-mana.nl\/fr\/product\/domaine-de-l-aste-santenay-1er-cru-clos-des-mouches\/"]}]},{"@type":"ImageObject","inLanguage":"fr-FR","@id":"https:\/\/wijnhuis-mana.nl\/fr\/product\/domaine-de-l-aste-santenay-1er-cru-clos-des-mouches\/#primaryimage","url":"https:\/\/wijnhuis-mana.nl\/wp-content\/uploads\/2025\/04\/Domaine-de-lAste-Santenay-1er-Cru-Clos-des-Mouches-2022.jpg","contentUrl":"https:\/\/wijnhuis-mana.nl\/wp-content\/uploads\/2025\/04\/Domaine-de-lAste-Santenay-1er-Cru-Clos-des-Mouches-2022.jpg","width":800,"height":800,"caption":"Domaine de l\u2019Aste Santenay 1er Cru Clos des Mouches 2022 rode Bourgogne"},{"@type":"BreadcrumbList","@id":"https:\/\/wijnhuis-mana.nl\/fr\/product\/domaine-de-l-aste-santenay-1er-cru-clos-des-mouches\/#breadcrumb","itemListElement":[{"@type":"ListItem","position":1,"name":"Home","item":"https:\/\/wijnhuis-mana.nl\/fr\/"},{"@type":"ListItem","position":2,"name":"Boutique","item":"https:\/\/wijnhuis-mana.nl\/fr\/boutique\/"},{"@type":"ListItem","position":3,"name":"Domaine de l&#8217;Aste Santenay 1er Cru &#8216;Clos des Mouches&#8217; 2022"}]},{"@type":"WebSite","@id":"https:\/\/wijnhuis-mana.nl\/fr\/#website","url":"https:\/\/wijnhuis-mana.nl\/fr\/","name":"Wijnhuis-Mana.nl","description":"Wijn v\u00e1n liefhebbers, v\u00f3\u00f3r liefhebbers","publisher":{"@id":"https:\/\/wijnhuis-mana.nl\/fr\/#organization"},"potentialAction":[{"@type":"SearchAction","target":{"@type":"EntryPoint","urlTemplate":"https:\/\/wijnhuis-mana.nl\/fr\/?s={search_term_string}"},"query-input":{"@type":"PropertyValueSpecification","valueRequired":true,"valueName":"search_term_string"}}],"inLanguage":"fr-FR"},{"@type":["Organization","Place"],"@id":"https:\/\/wijnhuis-mana.nl\/fr\/#organization","name":"Wijnhuis-Mana.nl","url":"https:\/\/wijnhuis-mana.nl\/fr\/","logo":{"@id":"https:\/\/wijnhuis-mana.nl\/fr\/product\/domaine-de-l-aste-santenay-1er-cru-clos-des-mouches\/#local-main-organization-logo"},"image":{"@id":"https:\/\/wijnhuis-mana.nl\/fr\/product\/domaine-de-l-aste-santenay-1er-cru-clos-des-mouches\/#local-main-organization-logo"},"sameAs":["https:\/\/www.facebook.com\/wijnhuismana","https:\/\/www.instagram.com\/ghvino.nl"],"hasMerchantReturnPolicy":{"@type":"MerchantReturnPolicy","merchantReturnLink":"https:\/\/wijnhuis-mana.nl\/algemene-voorwaarden\/"},"address":{"@id":"https:\/\/wijnhuis-mana.nl\/fr\/product\/domaine-de-l-aste-santenay-1er-cru-clos-des-mouches\/#local-main-place-address"},"telephone":["0299-769018"],"openingHoursSpecification":[{"@type":"OpeningHoursSpecification","dayOfWeek":["Monday","Sunday"],"opens":"00:00","closes":"00:00"},{"@type":"OpeningHoursSpecification","dayOfWeek":["Tuesday"],"opens":"10:00","closes":"18:00"},{"@type":"OpeningHoursSpecification","dayOfWeek":["Wednesday","Thursday","Saturday"],"opens":"11:00","closes":"18:00"},{"@type":"OpeningHoursSpecification","dayOfWeek":["Friday"],"opens":"11:00","closes":"21:00"}],"email":"info@wijnhuis-mana.nl","areaServed":"Nederland","vatID":"NL58KNAB0255573782","taxID":"NL58KNAB0255573782"},{"@type":"PostalAddress","@id":"https:\/\/wijnhuis-mana.nl\/fr\/product\/domaine-de-l-aste-santenay-1er-cru-clos-des-mouches\/#local-main-place-address","streetAddress":"Weerwal 11","addressLocality":"Purmerend","postalCode":"1441 AL","addressRegion":"Noord-Holland","addressCountry":"NL"},{"@type":"ImageObject","inLanguage":"fr-FR","@id":"https:\/\/wijnhuis-mana.nl\/fr\/product\/domaine-de-l-aste-santenay-1er-cru-clos-des-mouches\/#local-main-organization-logo","url":"https:\/\/wijnhuis-mana.nl\/wp-content\/uploads\/2022\/01\/Logo_Wijnhuis-Mana_Kleur.jpg","contentUrl":"https:\/\/wijnhuis-mana.nl\/wp-content\/uploads\/2022\/01\/Logo_Wijnhuis-Mana_Kleur.jpg","width":400,"height":111,"caption":"Wijnhuis-Mana.nl"}]},"product_price_amount":"54.85","product_price_currency":"EUR","og_availability":"instock","product_availability":"instock","product_retailer_item_id":"Aste-Santenay","product_condition":"new","geo.placename":"Purmerend","geo.region":"Netherlands"},"post_mailing_queue_ids":[],"_links":{"self":[{"href":"https:\/\/wijnhuis-mana.nl\/fr\/wp-json\/wp\/v2\/product\/14476","targetHints":{"allow":["GET"]}}],"collection":[{"href":"https:\/\/wijnhuis-mana.nl\/fr\/wp-json\/wp\/v2\/product"}],"about":[{"href":"https:\/\/wijnhuis-mana.nl\/fr\/wp-json\/wp\/v2\/types\/product"}],"replies":[{"embeddable":true,"href":"https:\/\/wijnhuis-mana.nl\/fr\/wp-json\/wp\/v2\/comments?post=14476"}],"wp:featuredmedia":[{"embeddable":true,"href":"https:\/\/wijnhuis-mana.nl\/fr\/wp-json\/wp\/v2\/media\/15136"}],"wp:attachment":[{"href":"https:\/\/wijnhuis-mana.nl\/fr\/wp-json\/wp\/v2\/media?parent=14476"}],"wp:term":[{"taxonomy":"product_brand","embeddable":true,"href":"https:\/\/wijnhuis-mana.nl\/fr\/wp-json\/wp\/v2\/product_brand?post=14476"},{"taxonomy":"product_cat","embeddable":true,"href":"https:\/\/wijnhuis-mana.nl\/fr\/wp-json\/wp\/v2\/product_cat?post=14476"},{"taxonomy":"product_tag","embeddable":true,"href":"https:\/\/wijnhuis-mana.nl\/fr\/wp-json\/wp\/v2\/product_tag?post=14476"}],"curies":[{"name":"wp","href":"https:\/\/api.w.org\/{rel}","templated":true}]}}