{"id":14487,"date":"2025-04-25T19:52:08","date_gmt":"2025-04-25T17:52:08","guid":{"rendered":"https:\/\/wijnhuis-mana.nl\/?post_type=product&#038;p=14487"},"modified":"2026-04-10T16:08:11","modified_gmt":"2026-04-10T14:08:11","slug":"bodegas-lan-crianza-d-12","status":"publish","type":"product","link":"https:\/\/wijnhuis-mana.nl\/fr\/product\/bodegas-lan-crianza-d-12\/","title":{"rendered":"Bodegas LAN Crianza D-12"},"content":{"rendered":"<h3 class=\"\" data-start=\"243\" data-end=\"268\">Algemene informatie<\/h3>\n<p class=\"\" data-start=\"269\" data-end=\"504\">Bodegas LAN Crianza D-12 is een karaktervolle rode wijn uit de Rioja-regio van Spanje. Deze wijn is vernoemd naar fermentatietank nummer D-12, waar volgens de keldermeesters traditioneel de mooiste wijnen uit voortkwamen.<\/p>\n<p class=\"\" data-start=\"506\" data-end=\"884\">De wijn wordt gemaakt van voornamelijk Tempranillo afkomstig van oude stokken in de Rioja Alta en Rioja Alavesa. Na de fermentatie rijpt de wijn gedurende 12 maanden in nieuwe Amerikaanse en Franse eikenhouten vaten, gevolgd door flesrijping om verdere verfijning te bereiken. Bodegas LAN staat bekend om hun harmonieuze stijl waarin fruit en hout perfect samengaan.<\/p>\n<h3 class=\"\" data-start=\"886\" data-end=\"904\">Smaakprofiel<\/h3>\n<p class=\"\" data-start=\"905\" data-end=\"949\">De wijn heeft een diepe, kersenrode kleur.<\/p>\n<ul data-start=\"951\" data-end=\"1213\">\n<li class=\"\" data-start=\"951\" data-end=\"1039\">\n<p class=\"\" data-start=\"953\" data-end=\"1039\">Neus: intense aroma\u2019s van rijpe zwarte kers, pruimen, vanille, cederhout en zoethout<\/p>\n<\/li>\n<li class=\"\" data-start=\"1040\" data-end=\"1141\">\n<p class=\"\" data-start=\"1042\" data-end=\"1141\">Smaak: krachtig maar verfijnd, met rijk zwart fruit, romige houtinvloeden en zijdezachte tannines<\/p>\n<\/li>\n<li class=\"\" data-start=\"1142\" data-end=\"1213\">\n<p class=\"\" data-start=\"1144\" data-end=\"1213\">Afdronk: lang, elegant en kruidig, met een frisse, minerale ondertoon<\/p>\n<\/li>\n<\/ul>\n<h3 class=\"\" data-start=\"1215\" data-end=\"1234\">Serveeradvies<\/h3>\n<p class=\"\" data-start=\"1235\" data-end=\"1260\">Prachtige combinatie met:<\/p>\n<ul data-start=\"1262\" data-end=\"1435\">\n<li class=\"\" data-start=\"1262\" data-end=\"1302\">\n<p class=\"\" data-start=\"1264\" data-end=\"1302\">Gegrilde entrecote of lamskoteletten<\/p>\n<\/li>\n<li class=\"\" data-start=\"1303\" data-end=\"1345\">\n<p class=\"\" data-start=\"1305\" data-end=\"1345\">Stoofpotten zoals Spaanse rabo de toro<\/p>\n<\/li>\n<li class=\"\" data-start=\"1346\" data-end=\"1391\">\n<p class=\"\" data-start=\"1348\" data-end=\"1391\">Geroosterde groenten of gevulde paprika\u2019s<\/p>\n<\/li>\n<li class=\"\" data-start=\"1392\" data-end=\"1435\">\n<p class=\"\" data-start=\"1394\" data-end=\"1435\">Harde kazen zoals manchego of idiaz\u00e1bal<\/p>\n<\/li>\n<\/ul>\n<p class=\"\" data-start=\"1437\" data-end=\"1504\">Serveer op 16\u201318 \u00b0C. Karafferen aanbevolen bij jongere flessen.<\/p>\n<h3 class=\"\" data-start=\"1506\" data-end=\"1518\">Weetje<\/h3>\n<p class=\"\" data-start=\"1519\" data-end=\"1774\">Bodegas LAN is een van de eerste Rioja-bodega\u2019s die systematisch gebruik maakte van zowel Amerikaans als Frans eikenhout in combinatie, om zo meer complexiteit en verfijning in hun wijnen te brengen. Dit dubbele houtgebruik zorgt ervoor dat wijnen zoals D-12 niet alleen vol fruit zijn, maar ook subtiele kruidige en toastachtige lagen ontwikkelen die zich prachtig ontvouwen tijdens flesrijping.<\/p>\n","protected":false},"excerpt":{"rendered":"<p>Bodegas LAN Crianza D-12 is een krachtige Rioja met zwart fruit, elegante houttonen en zijdezachte tannines. Gebalanceerd en vol karakter.<\/p>\n<p>\nVivino score:<\/p>\n<div class=\"vivino-widget vivino-wine-card-widget\" data-vivino-widget-type=\"wineWithoutVintage\" data-vivino-wine-id=\"88830\" data-make-vivino-redirect=\"true\" data-vivino-widget-language=\"en\" data-vivino-widget-layout=\"small_new\">\n  <a target=\"_blank\">Wine name<\/a>\n<\/div>\n","protected":false},"featured_media":14553,"comment_status":"open","ping_status":"closed","template":"","meta":[],"product_brand":[],"product_cat":[2888],"product_tag":[1235,1237,1202,1054,1234,136,397,1236],"class_list":{"0":"post-14487","1":"product","2":"type-product","3":"status-publish","4":"has-post-thumbnail","6":"product_cat-alle-wijn","7":"product_tag-bodegas-lan","8":"product_tag-crianza","9":"product_tag-eiken-gerijpt","10":"product_tag-krachtige-wijn","11":"product_tag-rioja","12":"product_tag-rode-wijn","13":"product_tag-spaanse-wijn","14":"product_tag-tempranillo","16":"first","17":"instock","18":"taxable","19":"shipping-taxable","20":"purchasable","21":"product-type-simple"},"yoast_head":"<!-- This site is optimized with the Yoast SEO Premium plugin v27.3 (Yoast SEO v27.3) - https:\/\/yoast.com\/product\/yoast-seo-premium-wordpress\/ -->\n<title>Bodegas LAN Crianza D-12 \u2013 Krachtige Rioja vol karakter<\/title>\n<meta name=\"description\" content=\"Bodegas LAN Crianza D-12 is een krachtige Rioja vol zwart fruit, romige houtinvloeden en elegante tannines. Perfect bij gegrild vlees en stoofgerechten.\" \/>\n<meta name=\"robots\" content=\"index, follow, max-snippet:-1, max-image-preview:large, max-video-preview:-1\" \/>\n<link rel=\"canonical\" href=\"https:\/\/wijnhuis-mana.nl\/fr\/product\/bodegas-lan-crianza-d-12\/\" \/>\n<meta property=\"og:locale\" content=\"fr_FR\" \/>\n<meta property=\"og:type\" content=\"article\" \/>\n<meta property=\"og:title\" content=\"Bodegas LAN Crianza D-12\" \/>\n<meta property=\"og:description\" content=\"Bodegas LAN Crianza D-12 is een krachtige Rioja vol zwart fruit, romige houtinvloeden en elegante tannines. Perfect bij gegrild vlees en stoofgerechten.\" \/>\n<meta property=\"og:url\" content=\"https:\/\/wijnhuis-mana.nl\/fr\/product\/bodegas-lan-crianza-d-12\/\" \/>\n<meta property=\"og:site_name\" content=\"Wijnhuis-Mana.nl\" \/>\n<meta property=\"article:publisher\" content=\"https:\/\/www.facebook.com\/wijnhuismana\" \/>\n<meta property=\"article:modified_time\" content=\"2026-04-10T14:08:11+00:00\" \/>\n<meta property=\"og:image\" content=\"https:\/\/wijnhuis-mana.nl\/wp-content\/uploads\/2025\/04\/Bodegas-LAN-Crianza-D-12.jpg\" \/>\n\t<meta property=\"og:image:width\" content=\"800\" \/>\n\t<meta property=\"og:image:height\" content=\"800\" \/>\n\t<meta property=\"og:image:type\" content=\"image\/jpeg\" \/>\n<meta name=\"twitter:card\" content=\"summary_large_image\" \/>\n<meta name=\"twitter:label1\" content=\"Price\" \/>\n\t<meta name=\"twitter:data1\" content=\"&euro;&nbsp;16,39\" \/>\n\t<meta name=\"twitter:label2\" content=\"Availability\" \/>\n\t<meta name=\"twitter:data2\" content=\"In stock\" \/>\n<script type=\"application\/ld+json\" class=\"yoast-schema-graph\">{\"@context\":\"https:\\\/\\\/schema.org\",\"@graph\":[{\"@type\":\"WebPage\",\"@id\":\"https:\\\/\\\/wijnhuis-mana.nl\\\/fr\\\/product\\\/bodegas-lan-crianza-d-12\\\/\",\"url\":\"https:\\\/\\\/wijnhuis-mana.nl\\\/fr\\\/product\\\/bodegas-lan-crianza-d-12\\\/\",\"name\":\"Bodegas LAN Crianza D-12 \u2013 Krachtige Rioja vol karakter\",\"isPartOf\":{\"@id\":\"https:\\\/\\\/wijnhuis-mana.nl\\\/fr\\\/#website\"},\"primaryImageOfPage\":{\"@id\":\"https:\\\/\\\/wijnhuis-mana.nl\\\/fr\\\/product\\\/bodegas-lan-crianza-d-12\\\/#primaryimage\"},\"image\":{\"@id\":\"https:\\\/\\\/wijnhuis-mana.nl\\\/fr\\\/product\\\/bodegas-lan-crianza-d-12\\\/#primaryimage\"},\"thumbnailUrl\":\"https:\\\/\\\/wijnhuis-mana.nl\\\/wp-content\\\/uploads\\\/2025\\\/04\\\/Bodegas-LAN-Crianza-D-12.jpg\",\"datePublished\":\"2025-04-25T17:52:08+00:00\",\"dateModified\":\"2026-04-10T14:08:11+00:00\",\"description\":\"Bodegas LAN Crianza D-12 is een krachtige Rioja vol zwart fruit, romige houtinvloeden en elegante tannines. Perfect bij gegrild vlees en stoofgerechten.\",\"breadcrumb\":{\"@id\":\"https:\\\/\\\/wijnhuis-mana.nl\\\/fr\\\/product\\\/bodegas-lan-crianza-d-12\\\/#breadcrumb\"},\"inLanguage\":\"fr-FR\",\"potentialAction\":[{\"@type\":\"ReadAction\",\"target\":[\"https:\\\/\\\/wijnhuis-mana.nl\\\/fr\\\/product\\\/bodegas-lan-crianza-d-12\\\/\"]}]},{\"@type\":\"ImageObject\",\"inLanguage\":\"fr-FR\",\"@id\":\"https:\\\/\\\/wijnhuis-mana.nl\\\/fr\\\/product\\\/bodegas-lan-crianza-d-12\\\/#primaryimage\",\"url\":\"https:\\\/\\\/wijnhuis-mana.nl\\\/wp-content\\\/uploads\\\/2025\\\/04\\\/Bodegas-LAN-Crianza-D-12.jpg\",\"contentUrl\":\"https:\\\/\\\/wijnhuis-mana.nl\\\/wp-content\\\/uploads\\\/2025\\\/04\\\/Bodegas-LAN-Crianza-D-12.jpg\",\"width\":800,\"height\":800,\"caption\":\"Bodegas LAN Crianza D-12 Rioja rode wijn\"},{\"@type\":\"BreadcrumbList\",\"@id\":\"https:\\\/\\\/wijnhuis-mana.nl\\\/fr\\\/product\\\/bodegas-lan-crianza-d-12\\\/#breadcrumb\",\"itemListElement\":[{\"@type\":\"ListItem\",\"position\":1,\"name\":\"Home\",\"item\":\"https:\\\/\\\/wijnhuis-mana.nl\\\/fr\\\/\"},{\"@type\":\"ListItem\",\"position\":2,\"name\":\"Boutique\",\"item\":\"https:\\\/\\\/wijnhuis-mana.nl\\\/fr\\\/boutique\\\/\"},{\"@type\":\"ListItem\",\"position\":3,\"name\":\"Bodegas LAN Crianza D-12\"}]},{\"@type\":\"WebSite\",\"@id\":\"https:\\\/\\\/wijnhuis-mana.nl\\\/fr\\\/#website\",\"url\":\"https:\\\/\\\/wijnhuis-mana.nl\\\/fr\\\/\",\"name\":\"Wijnhuis-Mana.nl\",\"description\":\"Wijn v\u00e1n liefhebbers, v\u00f3\u00f3r liefhebbers\",\"publisher\":{\"@id\":\"https:\\\/\\\/wijnhuis-mana.nl\\\/fr\\\/#organization\"},\"potentialAction\":[{\"@type\":\"SearchAction\",\"target\":{\"@type\":\"EntryPoint\",\"urlTemplate\":\"https:\\\/\\\/wijnhuis-mana.nl\\\/fr\\\/?s={search_term_string}\"},\"query-input\":{\"@type\":\"PropertyValueSpecification\",\"valueRequired\":true,\"valueName\":\"search_term_string\"}}],\"inLanguage\":\"fr-FR\"},{\"@type\":[\"Organization\",\"Place\"],\"@id\":\"https:\\\/\\\/wijnhuis-mana.nl\\\/fr\\\/#organization\",\"name\":\"Wijnhuis-Mana.nl\",\"url\":\"https:\\\/\\\/wijnhuis-mana.nl\\\/fr\\\/\",\"logo\":{\"@id\":\"https:\\\/\\\/wijnhuis-mana.nl\\\/fr\\\/product\\\/bodegas-lan-crianza-d-12\\\/#local-main-organization-logo\"},\"image\":{\"@id\":\"https:\\\/\\\/wijnhuis-mana.nl\\\/fr\\\/product\\\/bodegas-lan-crianza-d-12\\\/#local-main-organization-logo\"},\"sameAs\":[\"https:\\\/\\\/www.facebook.com\\\/wijnhuismana\",\"https:\\\/\\\/www.instagram.com\\\/ghvino.nl\"],\"hasMerchantReturnPolicy\":{\"@type\":\"MerchantReturnPolicy\",\"merchantReturnLink\":\"https:\\\/\\\/wijnhuis-mana.nl\\\/algemene-voorwaarden\\\/\"},\"address\":{\"@id\":\"https:\\\/\\\/wijnhuis-mana.nl\\\/fr\\\/product\\\/bodegas-lan-crianza-d-12\\\/#local-main-place-address\"},\"telephone\":[\"0299-769018\"],\"openingHoursSpecification\":[{\"@type\":\"OpeningHoursSpecification\",\"dayOfWeek\":[\"Monday\",\"Sunday\"],\"opens\":\"00:00\",\"closes\":\"00:00\"},{\"@type\":\"OpeningHoursSpecification\",\"dayOfWeek\":[\"Tuesday\"],\"opens\":\"10:00\",\"closes\":\"18:00\"},{\"@type\":\"OpeningHoursSpecification\",\"dayOfWeek\":[\"Wednesday\",\"Thursday\",\"Saturday\"],\"opens\":\"11:00\",\"closes\":\"18:00\"},{\"@type\":\"OpeningHoursSpecification\",\"dayOfWeek\":[\"Friday\"],\"opens\":\"11:00\",\"closes\":\"21:00\"}],\"email\":\"info@wijnhuis-mana.nl\",\"areaServed\":\"Nederland\",\"vatID\":\"NL58KNAB0255573782\",\"taxID\":\"NL58KNAB0255573782\"},{\"@type\":\"PostalAddress\",\"@id\":\"https:\\\/\\\/wijnhuis-mana.nl\\\/fr\\\/product\\\/bodegas-lan-crianza-d-12\\\/#local-main-place-address\",\"streetAddress\":\"Weerwal 11\",\"addressLocality\":\"Purmerend\",\"postalCode\":\"1441 AL\",\"addressRegion\":\"Noord-Holland\",\"addressCountry\":\"NL\"},{\"@type\":\"ImageObject\",\"inLanguage\":\"fr-FR\",\"@id\":\"https:\\\/\\\/wijnhuis-mana.nl\\\/fr\\\/product\\\/bodegas-lan-crianza-d-12\\\/#local-main-organization-logo\",\"url\":\"https:\\\/\\\/wijnhuis-mana.nl\\\/wp-content\\\/uploads\\\/2022\\\/01\\\/Logo_Wijnhuis-Mana_Kleur.jpg\",\"contentUrl\":\"https:\\\/\\\/wijnhuis-mana.nl\\\/wp-content\\\/uploads\\\/2022\\\/01\\\/Logo_Wijnhuis-Mana_Kleur.jpg\",\"width\":400,\"height\":111,\"caption\":\"Wijnhuis-Mana.nl\"}]}<\/script>\n<meta property=\"product:price:amount\" content=\"16.39\" \/>\n<meta property=\"product:price:currency\" content=\"EUR\" \/>\n<meta property=\"og:availability\" content=\"instock\" \/>\n<meta property=\"product:availability\" content=\"instock\" \/>\n<meta property=\"product:retailer_item_id\" content=\"8413472000089\" \/>\n<meta property=\"product:condition\" content=\"new\" \/>\n<meta name=\"geo.placename\" content=\"Purmerend\" \/>\n<meta name=\"geo.region\" content=\"Netherlands\" \/>\n<!-- \/ Yoast SEO Premium plugin. -->","yoast_head_json":{"title":"Bodegas LAN Crianza D-12 \u2013 Krachtige Rioja vol karakter","description":"Bodegas LAN Crianza D-12 is een krachtige Rioja vol zwart fruit, romige houtinvloeden en elegante tannines. Perfect bij gegrild vlees en stoofgerechten.","robots":{"index":"index","follow":"follow","max-snippet":"max-snippet:-1","max-image-preview":"max-image-preview:large","max-video-preview":"max-video-preview:-1"},"canonical":"https:\/\/wijnhuis-mana.nl\/fr\/product\/bodegas-lan-crianza-d-12\/","og_locale":"fr_FR","og_type":"article","og_title":"Bodegas LAN Crianza D-12","og_description":"Bodegas LAN Crianza D-12 is een krachtige Rioja vol zwart fruit, romige houtinvloeden en elegante tannines. Perfect bij gegrild vlees en stoofgerechten.","og_url":"https:\/\/wijnhuis-mana.nl\/fr\/product\/bodegas-lan-crianza-d-12\/","og_site_name":"Wijnhuis-Mana.nl","article_publisher":"https:\/\/www.facebook.com\/wijnhuismana","article_modified_time":"2026-04-10T14:08:11+00:00","og_image":[{"width":800,"height":800,"url":"https:\/\/wijnhuis-mana.nl\/wp-content\/uploads\/2025\/04\/Bodegas-LAN-Crianza-D-12.jpg","type":"image\/jpeg"}],"twitter_card":"summary_large_image","twitter_misc":{"Price":"&euro;&nbsp;16,39","Availability":"In stock"},"schema":{"@context":"https:\/\/schema.org","@graph":[{"@type":"WebPage","@id":"https:\/\/wijnhuis-mana.nl\/fr\/product\/bodegas-lan-crianza-d-12\/","url":"https:\/\/wijnhuis-mana.nl\/fr\/product\/bodegas-lan-crianza-d-12\/","name":"Bodegas LAN Crianza D-12 \u2013 Krachtige Rioja vol karakter","isPartOf":{"@id":"https:\/\/wijnhuis-mana.nl\/fr\/#website"},"primaryImageOfPage":{"@id":"https:\/\/wijnhuis-mana.nl\/fr\/product\/bodegas-lan-crianza-d-12\/#primaryimage"},"image":{"@id":"https:\/\/wijnhuis-mana.nl\/fr\/product\/bodegas-lan-crianza-d-12\/#primaryimage"},"thumbnailUrl":"https:\/\/wijnhuis-mana.nl\/wp-content\/uploads\/2025\/04\/Bodegas-LAN-Crianza-D-12.jpg","datePublished":"2025-04-25T17:52:08+00:00","dateModified":"2026-04-10T14:08:11+00:00","description":"Bodegas LAN Crianza D-12 is een krachtige Rioja vol zwart fruit, romige houtinvloeden en elegante tannines. Perfect bij gegrild vlees en stoofgerechten.","breadcrumb":{"@id":"https:\/\/wijnhuis-mana.nl\/fr\/product\/bodegas-lan-crianza-d-12\/#breadcrumb"},"inLanguage":"fr-FR","potentialAction":[{"@type":"ReadAction","target":["https:\/\/wijnhuis-mana.nl\/fr\/product\/bodegas-lan-crianza-d-12\/"]}]},{"@type":"ImageObject","inLanguage":"fr-FR","@id":"https:\/\/wijnhuis-mana.nl\/fr\/product\/bodegas-lan-crianza-d-12\/#primaryimage","url":"https:\/\/wijnhuis-mana.nl\/wp-content\/uploads\/2025\/04\/Bodegas-LAN-Crianza-D-12.jpg","contentUrl":"https:\/\/wijnhuis-mana.nl\/wp-content\/uploads\/2025\/04\/Bodegas-LAN-Crianza-D-12.jpg","width":800,"height":800,"caption":"Bodegas LAN Crianza D-12 Rioja rode wijn"},{"@type":"BreadcrumbList","@id":"https:\/\/wijnhuis-mana.nl\/fr\/product\/bodegas-lan-crianza-d-12\/#breadcrumb","itemListElement":[{"@type":"ListItem","position":1,"name":"Home","item":"https:\/\/wijnhuis-mana.nl\/fr\/"},{"@type":"ListItem","position":2,"name":"Boutique","item":"https:\/\/wijnhuis-mana.nl\/fr\/boutique\/"},{"@type":"ListItem","position":3,"name":"Bodegas LAN Crianza D-12"}]},{"@type":"WebSite","@id":"https:\/\/wijnhuis-mana.nl\/fr\/#website","url":"https:\/\/wijnhuis-mana.nl\/fr\/","name":"Wijnhuis-Mana.nl","description":"Wijn v\u00e1n liefhebbers, v\u00f3\u00f3r liefhebbers","publisher":{"@id":"https:\/\/wijnhuis-mana.nl\/fr\/#organization"},"potentialAction":[{"@type":"SearchAction","target":{"@type":"EntryPoint","urlTemplate":"https:\/\/wijnhuis-mana.nl\/fr\/?s={search_term_string}"},"query-input":{"@type":"PropertyValueSpecification","valueRequired":true,"valueName":"search_term_string"}}],"inLanguage":"fr-FR"},{"@type":["Organization","Place"],"@id":"https:\/\/wijnhuis-mana.nl\/fr\/#organization","name":"Wijnhuis-Mana.nl","url":"https:\/\/wijnhuis-mana.nl\/fr\/","logo":{"@id":"https:\/\/wijnhuis-mana.nl\/fr\/product\/bodegas-lan-crianza-d-12\/#local-main-organization-logo"},"image":{"@id":"https:\/\/wijnhuis-mana.nl\/fr\/product\/bodegas-lan-crianza-d-12\/#local-main-organization-logo"},"sameAs":["https:\/\/www.facebook.com\/wijnhuismana","https:\/\/www.instagram.com\/ghvino.nl"],"hasMerchantReturnPolicy":{"@type":"MerchantReturnPolicy","merchantReturnLink":"https:\/\/wijnhuis-mana.nl\/algemene-voorwaarden\/"},"address":{"@id":"https:\/\/wijnhuis-mana.nl\/fr\/product\/bodegas-lan-crianza-d-12\/#local-main-place-address"},"telephone":["0299-769018"],"openingHoursSpecification":[{"@type":"OpeningHoursSpecification","dayOfWeek":["Monday","Sunday"],"opens":"00:00","closes":"00:00"},{"@type":"OpeningHoursSpecification","dayOfWeek":["Tuesday"],"opens":"10:00","closes":"18:00"},{"@type":"OpeningHoursSpecification","dayOfWeek":["Wednesday","Thursday","Saturday"],"opens":"11:00","closes":"18:00"},{"@type":"OpeningHoursSpecification","dayOfWeek":["Friday"],"opens":"11:00","closes":"21:00"}],"email":"info@wijnhuis-mana.nl","areaServed":"Nederland","vatID":"NL58KNAB0255573782","taxID":"NL58KNAB0255573782"},{"@type":"PostalAddress","@id":"https:\/\/wijnhuis-mana.nl\/fr\/product\/bodegas-lan-crianza-d-12\/#local-main-place-address","streetAddress":"Weerwal 11","addressLocality":"Purmerend","postalCode":"1441 AL","addressRegion":"Noord-Holland","addressCountry":"NL"},{"@type":"ImageObject","inLanguage":"fr-FR","@id":"https:\/\/wijnhuis-mana.nl\/fr\/product\/bodegas-lan-crianza-d-12\/#local-main-organization-logo","url":"https:\/\/wijnhuis-mana.nl\/wp-content\/uploads\/2022\/01\/Logo_Wijnhuis-Mana_Kleur.jpg","contentUrl":"https:\/\/wijnhuis-mana.nl\/wp-content\/uploads\/2022\/01\/Logo_Wijnhuis-Mana_Kleur.jpg","width":400,"height":111,"caption":"Wijnhuis-Mana.nl"}]},"product_price_amount":"16.39","product_price_currency":"EUR","og_availability":"instock","product_availability":"instock","product_retailer_item_id":"8413472000089","product_condition":"new","geo.placename":"Purmerend","geo.region":"Netherlands"},"post_mailing_queue_ids":[],"_links":{"self":[{"href":"https:\/\/wijnhuis-mana.nl\/fr\/wp-json\/wp\/v2\/product\/14487","targetHints":{"allow":["GET"]}}],"collection":[{"href":"https:\/\/wijnhuis-mana.nl\/fr\/wp-json\/wp\/v2\/product"}],"about":[{"href":"https:\/\/wijnhuis-mana.nl\/fr\/wp-json\/wp\/v2\/types\/product"}],"replies":[{"embeddable":true,"href":"https:\/\/wijnhuis-mana.nl\/fr\/wp-json\/wp\/v2\/comments?post=14487"}],"wp:featuredmedia":[{"embeddable":true,"href":"https:\/\/wijnhuis-mana.nl\/fr\/wp-json\/wp\/v2\/media\/14553"}],"wp:attachment":[{"href":"https:\/\/wijnhuis-mana.nl\/fr\/wp-json\/wp\/v2\/media?parent=14487"}],"wp:term":[{"taxonomy":"product_brand","embeddable":true,"href":"https:\/\/wijnhuis-mana.nl\/fr\/wp-json\/wp\/v2\/product_brand?post=14487"},{"taxonomy":"product_cat","embeddable":true,"href":"https:\/\/wijnhuis-mana.nl\/fr\/wp-json\/wp\/v2\/product_cat?post=14487"},{"taxonomy":"product_tag","embeddable":true,"href":"https:\/\/wijnhuis-mana.nl\/fr\/wp-json\/wp\/v2\/product_tag?post=14487"}],"curies":[{"name":"wp","href":"https:\/\/api.w.org\/{rel}","templated":true}]}}