{"id":14583,"date":"2025-04-27T19:52:22","date_gmt":"2025-04-27T17:52:22","guid":{"rendered":"https:\/\/wijnhuis-mana.nl\/?post_type=product&#038;p=14583"},"modified":"2026-02-27T15:00:47","modified_gmt":"2026-02-27T14:00:47","slug":"moersleutel-could-you-calculate-the-bearing","status":"publish","type":"product","link":"https:\/\/wijnhuis-mana.nl\/fr\/product\/moersleutel-could-you-calculate-the-bearing\/","title":{"rendered":"Moersleutel Could You Calculate The Bearing"},"content":{"rendered":"<h3>Algemene informatie<\/h3>\n<p>Moersleutel Could You Calculate The Bearing is een exceptioneel speciaalbier ontwikkeld door de gerenommeerde Nederlandse brouwerij Moersleutel. Deze brouwers staan bekend om hun innovatieve en complexe brouwtechnieken waarbij ze experimenteren met verschillende moutsoorten en gistingstechnieken. Het bier is gebrouwen in de prachtige streek van Noord-Holland, waar elke fles met zorg en precisie wordt geproduceerd, om de onderscheidende smaken en aroma\u2019s op hun best te presenteren.<\/p>\n<h3>Smaakprofiel<\/h3>\n<p>Dit speciaalbier kenmerkt zich door een rijk en vol smaakpalet. Lagering op houten vaten draagt bij aan de complexiteit van het bier, met tonen van karamel, chocolade en een lichte hint van vanille. De robuuste, maar goed gebalanceerde afdronk maakt het plaatje compleet.<\/p>\n<h3>Serveeradvies<\/h3>\n<p>Moersleutel Could You Calculate The Bearing is het beste te genieten op een temperatuur van ongeveer 8-10\u00b0C. Ideaal voor bij een rijke, stevig gekruide maaltijd of als ontspannen afsluiter van een etentje.<\/p>\n<ul>\n<li>Probeer dit bier bij een hartige wildschotel.<\/li>\n<li>Perfect als begeleiding van donkere chocolade desserts.<\/li>\n<li>Combineer met oude kazen voor een rijke smaakervaring.<\/li>\n<\/ul>\n<h3>Weetje<\/h3>\n<p>De Moersleutel brouwerij is een familiebedrijf dat bekend staat om zijn vakmanschap en innovatie. Elk bier vertelt een uniek verhaal en wordt gebrouwen met een passie die proefbaar is in elk glas. Could You Calculate The Bearing is een spel met maten en metingen, een knipoog naar de precisie die nodig is bij het brouwen.<\/p>\n","protected":false},"excerpt":{"rendered":"<p>Geniet van de rijke en complexe smaken van &#8216;Moersleutel Could You Calculate The Bearing&#8217;. Een houtgelagerd speciaalbier met karamel, chocolade en een hint van vanille.<\/p>\n","protected":false},"featured_media":15087,"comment_status":"open","ping_status":"closed","template":"","meta":[],"product_brand":[],"product_cat":[2903],"product_tag":[912],"class_list":{"0":"post-14583","1":"product","2":"type-product","3":"status-publish","4":"has-post-thumbnail","6":"product_cat-speciaalbier","7":"product_tag-speciaalbier","9":"first","10":"instock","11":"taxable","12":"shipping-taxable","13":"purchasable","14":"product-type-simple"},"yoast_head":"<!-- This site is optimized with the Yoast SEO Premium plugin v27.3 (Yoast SEO v27.3) - https:\/\/yoast.com\/product\/yoast-seo-premium-wordpress\/ -->\n<title>Moersleutel Could You Calculate The Bearing | Craft Beer<\/title>\n<meta name=\"description\" content=\"Ontdek &#039;Moersleutel Could You Calculate The Bearing&#039;, een unieke creatie van Nederlandse bodem, met tonen van karamel, chocolade en vanille. Perfect voor liefhebbers van complexe en rijke speciaalbieren.\" \/>\n<meta name=\"robots\" content=\"index, follow, max-snippet:-1, max-image-preview:large, max-video-preview:-1\" \/>\n<link rel=\"canonical\" href=\"https:\/\/wijnhuis-mana.nl\/fr\/product\/moersleutel-could-you-calculate-the-bearing\/\" \/>\n<meta property=\"og:locale\" content=\"fr_FR\" \/>\n<meta property=\"og:type\" content=\"article\" \/>\n<meta property=\"og:title\" content=\"Moersleutel Could You Calculate The Bearing\" \/>\n<meta property=\"og:description\" content=\"Ontdek &#039;Moersleutel Could You Calculate The Bearing&#039;, een unieke creatie van Nederlandse bodem, met tonen van karamel, chocolade en vanille. Perfect voor liefhebbers van complexe en rijke speciaalbieren.\" \/>\n<meta property=\"og:url\" content=\"https:\/\/wijnhuis-mana.nl\/fr\/product\/moersleutel-could-you-calculate-the-bearing\/\" \/>\n<meta property=\"og:site_name\" content=\"Wijnhuis-Mana.nl\" \/>\n<meta property=\"article:publisher\" content=\"https:\/\/www.facebook.com\/wijnhuismana\" \/>\n<meta property=\"article:modified_time\" content=\"2026-02-27T14:00:47+00:00\" \/>\n<meta property=\"og:image\" content=\"https:\/\/wijnhuis-mana.nl\/wp-content\/uploads\/2025\/04\/Moersleutel-Could-You-Calculate-The-Bearing.jpg\" \/>\n\t<meta property=\"og:image:width\" content=\"800\" \/>\n\t<meta property=\"og:image:height\" content=\"800\" \/>\n\t<meta property=\"og:image:type\" content=\"image\/jpeg\" \/>\n<meta name=\"twitter:card\" content=\"summary_large_image\" \/>\n<meta name=\"twitter:label1\" content=\"Price\" \/>\n\t<meta name=\"twitter:data1\" content=\"&euro;&nbsp;6,95\" \/>\n\t<meta name=\"twitter:label2\" content=\"Availability\" \/>\n\t<meta name=\"twitter:data2\" content=\"In stock\" \/>\n<script type=\"application\/ld+json\" class=\"yoast-schema-graph\">{\"@context\":\"https:\\\/\\\/schema.org\",\"@graph\":[{\"@type\":\"WebPage\",\"@id\":\"https:\\\/\\\/wijnhuis-mana.nl\\\/fr\\\/product\\\/moersleutel-could-you-calculate-the-bearing\\\/\",\"url\":\"https:\\\/\\\/wijnhuis-mana.nl\\\/fr\\\/product\\\/moersleutel-could-you-calculate-the-bearing\\\/\",\"name\":\"Moersleutel Could You Calculate The Bearing | Craft Beer\",\"isPartOf\":{\"@id\":\"https:\\\/\\\/wijnhuis-mana.nl\\\/fr\\\/#website\"},\"primaryImageOfPage\":{\"@id\":\"https:\\\/\\\/wijnhuis-mana.nl\\\/fr\\\/product\\\/moersleutel-could-you-calculate-the-bearing\\\/#primaryimage\"},\"image\":{\"@id\":\"https:\\\/\\\/wijnhuis-mana.nl\\\/fr\\\/product\\\/moersleutel-could-you-calculate-the-bearing\\\/#primaryimage\"},\"thumbnailUrl\":\"https:\\\/\\\/wijnhuis-mana.nl\\\/wp-content\\\/uploads\\\/2025\\\/04\\\/Moersleutel-Could-You-Calculate-The-Bearing.jpg\",\"datePublished\":\"2025-04-27T17:52:22+00:00\",\"dateModified\":\"2026-02-27T14:00:47+00:00\",\"description\":\"Ontdek 'Moersleutel Could You Calculate The Bearing', een unieke creatie van Nederlandse bodem, met tonen van karamel, chocolade en vanille. Perfect voor liefhebbers van complexe en rijke speciaalbieren.\",\"breadcrumb\":{\"@id\":\"https:\\\/\\\/wijnhuis-mana.nl\\\/fr\\\/product\\\/moersleutel-could-you-calculate-the-bearing\\\/#breadcrumb\"},\"inLanguage\":\"fr-FR\",\"potentialAction\":[{\"@type\":\"ReadAction\",\"target\":[\"https:\\\/\\\/wijnhuis-mana.nl\\\/fr\\\/product\\\/moersleutel-could-you-calculate-the-bearing\\\/\"]}]},{\"@type\":\"ImageObject\",\"inLanguage\":\"fr-FR\",\"@id\":\"https:\\\/\\\/wijnhuis-mana.nl\\\/fr\\\/product\\\/moersleutel-could-you-calculate-the-bearing\\\/#primaryimage\",\"url\":\"https:\\\/\\\/wijnhuis-mana.nl\\\/wp-content\\\/uploads\\\/2025\\\/04\\\/Moersleutel-Could-You-Calculate-The-Bearing.jpg\",\"contentUrl\":\"https:\\\/\\\/wijnhuis-mana.nl\\\/wp-content\\\/uploads\\\/2025\\\/04\\\/Moersleutel-Could-You-Calculate-The-Bearing.jpg\",\"width\":800,\"height\":800,\"caption\":\"Ontdek 'Moersleutel Could You Calculate The Bearing', een unieke creatie van Nederlandse bodem, met tonen van karamel, chocolade en vanille. Perfect voor liefhebbers van complexe en rijke speciaalbieren.\"},{\"@type\":\"BreadcrumbList\",\"@id\":\"https:\\\/\\\/wijnhuis-mana.nl\\\/fr\\\/product\\\/moersleutel-could-you-calculate-the-bearing\\\/#breadcrumb\",\"itemListElement\":[{\"@type\":\"ListItem\",\"position\":1,\"name\":\"Home\",\"item\":\"https:\\\/\\\/wijnhuis-mana.nl\\\/fr\\\/\"},{\"@type\":\"ListItem\",\"position\":2,\"name\":\"Boutique\",\"item\":\"https:\\\/\\\/wijnhuis-mana.nl\\\/fr\\\/boutique\\\/\"},{\"@type\":\"ListItem\",\"position\":3,\"name\":\"Moersleutel Could You Calculate The Bearing\"}]},{\"@type\":\"WebSite\",\"@id\":\"https:\\\/\\\/wijnhuis-mana.nl\\\/fr\\\/#website\",\"url\":\"https:\\\/\\\/wijnhuis-mana.nl\\\/fr\\\/\",\"name\":\"Wijnhuis-Mana.nl\",\"description\":\"Wijn v\u00e1n liefhebbers, v\u00f3\u00f3r liefhebbers\",\"publisher\":{\"@id\":\"https:\\\/\\\/wijnhuis-mana.nl\\\/fr\\\/#organization\"},\"potentialAction\":[{\"@type\":\"SearchAction\",\"target\":{\"@type\":\"EntryPoint\",\"urlTemplate\":\"https:\\\/\\\/wijnhuis-mana.nl\\\/fr\\\/?s={search_term_string}\"},\"query-input\":{\"@type\":\"PropertyValueSpecification\",\"valueRequired\":true,\"valueName\":\"search_term_string\"}}],\"inLanguage\":\"fr-FR\"},{\"@type\":[\"Organization\",\"Place\"],\"@id\":\"https:\\\/\\\/wijnhuis-mana.nl\\\/fr\\\/#organization\",\"name\":\"Wijnhuis-Mana.nl\",\"url\":\"https:\\\/\\\/wijnhuis-mana.nl\\\/fr\\\/\",\"logo\":{\"@id\":\"https:\\\/\\\/wijnhuis-mana.nl\\\/fr\\\/product\\\/moersleutel-could-you-calculate-the-bearing\\\/#local-main-organization-logo\"},\"image\":{\"@id\":\"https:\\\/\\\/wijnhuis-mana.nl\\\/fr\\\/product\\\/moersleutel-could-you-calculate-the-bearing\\\/#local-main-organization-logo\"},\"sameAs\":[\"https:\\\/\\\/www.facebook.com\\\/wijnhuismana\",\"https:\\\/\\\/www.instagram.com\\\/ghvino.nl\"],\"hasMerchantReturnPolicy\":{\"@type\":\"MerchantReturnPolicy\",\"merchantReturnLink\":\"https:\\\/\\\/wijnhuis-mana.nl\\\/algemene-voorwaarden\\\/\"},\"address\":{\"@id\":\"https:\\\/\\\/wijnhuis-mana.nl\\\/fr\\\/product\\\/moersleutel-could-you-calculate-the-bearing\\\/#local-main-place-address\"},\"telephone\":[\"0299-769018\"],\"openingHoursSpecification\":[{\"@type\":\"OpeningHoursSpecification\",\"dayOfWeek\":[\"Monday\",\"Sunday\"],\"opens\":\"00:00\",\"closes\":\"00:00\"},{\"@type\":\"OpeningHoursSpecification\",\"dayOfWeek\":[\"Tuesday\"],\"opens\":\"10:00\",\"closes\":\"18:00\"},{\"@type\":\"OpeningHoursSpecification\",\"dayOfWeek\":[\"Wednesday\",\"Thursday\",\"Saturday\"],\"opens\":\"11:00\",\"closes\":\"18:00\"},{\"@type\":\"OpeningHoursSpecification\",\"dayOfWeek\":[\"Friday\"],\"opens\":\"11:00\",\"closes\":\"21:00\"}],\"email\":\"info@wijnhuis-mana.nl\",\"areaServed\":\"Nederland\",\"vatID\":\"NL58KNAB0255573782\",\"taxID\":\"NL58KNAB0255573782\"},{\"@type\":\"PostalAddress\",\"@id\":\"https:\\\/\\\/wijnhuis-mana.nl\\\/fr\\\/product\\\/moersleutel-could-you-calculate-the-bearing\\\/#local-main-place-address\",\"streetAddress\":\"Weerwal 11\",\"addressLocality\":\"Purmerend\",\"postalCode\":\"1441 AL\",\"addressRegion\":\"Noord-Holland\",\"addressCountry\":\"NL\"},{\"@type\":\"ImageObject\",\"inLanguage\":\"fr-FR\",\"@id\":\"https:\\\/\\\/wijnhuis-mana.nl\\\/fr\\\/product\\\/moersleutel-could-you-calculate-the-bearing\\\/#local-main-organization-logo\",\"url\":\"https:\\\/\\\/wijnhuis-mana.nl\\\/wp-content\\\/uploads\\\/2022\\\/01\\\/Logo_Wijnhuis-Mana_Kleur.jpg\",\"contentUrl\":\"https:\\\/\\\/wijnhuis-mana.nl\\\/wp-content\\\/uploads\\\/2022\\\/01\\\/Logo_Wijnhuis-Mana_Kleur.jpg\",\"width\":400,\"height\":111,\"caption\":\"Wijnhuis-Mana.nl\"}]}<\/script>\n<meta property=\"product:price:amount\" content=\"6.95\" \/>\n<meta property=\"product:price:currency\" content=\"EUR\" \/>\n<meta property=\"og:availability\" content=\"instock\" \/>\n<meta property=\"product:availability\" content=\"instock\" \/>\n<meta property=\"product:retailer_item_id\" content=\"8720615263370\" \/>\n<meta property=\"product:condition\" content=\"new\" \/>\n<meta name=\"geo.placename\" content=\"Purmerend\" \/>\n<meta name=\"geo.region\" content=\"Netherlands\" \/>\n<!-- \/ Yoast SEO Premium plugin. -->","yoast_head_json":{"title":"Moersleutel Could You Calculate The Bearing | Craft Beer","description":"Ontdek 'Moersleutel Could You Calculate The Bearing', een unieke creatie van Nederlandse bodem, met tonen van karamel, chocolade en vanille. Perfect voor liefhebbers van complexe en rijke speciaalbieren.","robots":{"index":"index","follow":"follow","max-snippet":"max-snippet:-1","max-image-preview":"max-image-preview:large","max-video-preview":"max-video-preview:-1"},"canonical":"https:\/\/wijnhuis-mana.nl\/fr\/product\/moersleutel-could-you-calculate-the-bearing\/","og_locale":"fr_FR","og_type":"article","og_title":"Moersleutel Could You Calculate The Bearing","og_description":"Ontdek 'Moersleutel Could You Calculate The Bearing', een unieke creatie van Nederlandse bodem, met tonen van karamel, chocolade en vanille. Perfect voor liefhebbers van complexe en rijke speciaalbieren.","og_url":"https:\/\/wijnhuis-mana.nl\/fr\/product\/moersleutel-could-you-calculate-the-bearing\/","og_site_name":"Wijnhuis-Mana.nl","article_publisher":"https:\/\/www.facebook.com\/wijnhuismana","article_modified_time":"2026-02-27T14:00:47+00:00","og_image":[{"width":800,"height":800,"url":"https:\/\/wijnhuis-mana.nl\/wp-content\/uploads\/2025\/04\/Moersleutel-Could-You-Calculate-The-Bearing.jpg","type":"image\/jpeg"}],"twitter_card":"summary_large_image","twitter_misc":{"Price":"&euro;&nbsp;6,95","Availability":"In stock"},"schema":{"@context":"https:\/\/schema.org","@graph":[{"@type":"WebPage","@id":"https:\/\/wijnhuis-mana.nl\/fr\/product\/moersleutel-could-you-calculate-the-bearing\/","url":"https:\/\/wijnhuis-mana.nl\/fr\/product\/moersleutel-could-you-calculate-the-bearing\/","name":"Moersleutel Could You Calculate The Bearing | Craft Beer","isPartOf":{"@id":"https:\/\/wijnhuis-mana.nl\/fr\/#website"},"primaryImageOfPage":{"@id":"https:\/\/wijnhuis-mana.nl\/fr\/product\/moersleutel-could-you-calculate-the-bearing\/#primaryimage"},"image":{"@id":"https:\/\/wijnhuis-mana.nl\/fr\/product\/moersleutel-could-you-calculate-the-bearing\/#primaryimage"},"thumbnailUrl":"https:\/\/wijnhuis-mana.nl\/wp-content\/uploads\/2025\/04\/Moersleutel-Could-You-Calculate-The-Bearing.jpg","datePublished":"2025-04-27T17:52:22+00:00","dateModified":"2026-02-27T14:00:47+00:00","description":"Ontdek 'Moersleutel Could You Calculate The Bearing', een unieke creatie van Nederlandse bodem, met tonen van karamel, chocolade en vanille. Perfect voor liefhebbers van complexe en rijke speciaalbieren.","breadcrumb":{"@id":"https:\/\/wijnhuis-mana.nl\/fr\/product\/moersleutel-could-you-calculate-the-bearing\/#breadcrumb"},"inLanguage":"fr-FR","potentialAction":[{"@type":"ReadAction","target":["https:\/\/wijnhuis-mana.nl\/fr\/product\/moersleutel-could-you-calculate-the-bearing\/"]}]},{"@type":"ImageObject","inLanguage":"fr-FR","@id":"https:\/\/wijnhuis-mana.nl\/fr\/product\/moersleutel-could-you-calculate-the-bearing\/#primaryimage","url":"https:\/\/wijnhuis-mana.nl\/wp-content\/uploads\/2025\/04\/Moersleutel-Could-You-Calculate-The-Bearing.jpg","contentUrl":"https:\/\/wijnhuis-mana.nl\/wp-content\/uploads\/2025\/04\/Moersleutel-Could-You-Calculate-The-Bearing.jpg","width":800,"height":800,"caption":"Ontdek 'Moersleutel Could You Calculate The Bearing', een unieke creatie van Nederlandse bodem, met tonen van karamel, chocolade en vanille. Perfect voor liefhebbers van complexe en rijke speciaalbieren."},{"@type":"BreadcrumbList","@id":"https:\/\/wijnhuis-mana.nl\/fr\/product\/moersleutel-could-you-calculate-the-bearing\/#breadcrumb","itemListElement":[{"@type":"ListItem","position":1,"name":"Home","item":"https:\/\/wijnhuis-mana.nl\/fr\/"},{"@type":"ListItem","position":2,"name":"Boutique","item":"https:\/\/wijnhuis-mana.nl\/fr\/boutique\/"},{"@type":"ListItem","position":3,"name":"Moersleutel Could You Calculate The Bearing"}]},{"@type":"WebSite","@id":"https:\/\/wijnhuis-mana.nl\/fr\/#website","url":"https:\/\/wijnhuis-mana.nl\/fr\/","name":"Wijnhuis-Mana.nl","description":"Wijn v\u00e1n liefhebbers, v\u00f3\u00f3r liefhebbers","publisher":{"@id":"https:\/\/wijnhuis-mana.nl\/fr\/#organization"},"potentialAction":[{"@type":"SearchAction","target":{"@type":"EntryPoint","urlTemplate":"https:\/\/wijnhuis-mana.nl\/fr\/?s={search_term_string}"},"query-input":{"@type":"PropertyValueSpecification","valueRequired":true,"valueName":"search_term_string"}}],"inLanguage":"fr-FR"},{"@type":["Organization","Place"],"@id":"https:\/\/wijnhuis-mana.nl\/fr\/#organization","name":"Wijnhuis-Mana.nl","url":"https:\/\/wijnhuis-mana.nl\/fr\/","logo":{"@id":"https:\/\/wijnhuis-mana.nl\/fr\/product\/moersleutel-could-you-calculate-the-bearing\/#local-main-organization-logo"},"image":{"@id":"https:\/\/wijnhuis-mana.nl\/fr\/product\/moersleutel-could-you-calculate-the-bearing\/#local-main-organization-logo"},"sameAs":["https:\/\/www.facebook.com\/wijnhuismana","https:\/\/www.instagram.com\/ghvino.nl"],"hasMerchantReturnPolicy":{"@type":"MerchantReturnPolicy","merchantReturnLink":"https:\/\/wijnhuis-mana.nl\/algemene-voorwaarden\/"},"address":{"@id":"https:\/\/wijnhuis-mana.nl\/fr\/product\/moersleutel-could-you-calculate-the-bearing\/#local-main-place-address"},"telephone":["0299-769018"],"openingHoursSpecification":[{"@type":"OpeningHoursSpecification","dayOfWeek":["Monday","Sunday"],"opens":"00:00","closes":"00:00"},{"@type":"OpeningHoursSpecification","dayOfWeek":["Tuesday"],"opens":"10:00","closes":"18:00"},{"@type":"OpeningHoursSpecification","dayOfWeek":["Wednesday","Thursday","Saturday"],"opens":"11:00","closes":"18:00"},{"@type":"OpeningHoursSpecification","dayOfWeek":["Friday"],"opens":"11:00","closes":"21:00"}],"email":"info@wijnhuis-mana.nl","areaServed":"Nederland","vatID":"NL58KNAB0255573782","taxID":"NL58KNAB0255573782"},{"@type":"PostalAddress","@id":"https:\/\/wijnhuis-mana.nl\/fr\/product\/moersleutel-could-you-calculate-the-bearing\/#local-main-place-address","streetAddress":"Weerwal 11","addressLocality":"Purmerend","postalCode":"1441 AL","addressRegion":"Noord-Holland","addressCountry":"NL"},{"@type":"ImageObject","inLanguage":"fr-FR","@id":"https:\/\/wijnhuis-mana.nl\/fr\/product\/moersleutel-could-you-calculate-the-bearing\/#local-main-organization-logo","url":"https:\/\/wijnhuis-mana.nl\/wp-content\/uploads\/2022\/01\/Logo_Wijnhuis-Mana_Kleur.jpg","contentUrl":"https:\/\/wijnhuis-mana.nl\/wp-content\/uploads\/2022\/01\/Logo_Wijnhuis-Mana_Kleur.jpg","width":400,"height":111,"caption":"Wijnhuis-Mana.nl"}]},"product_price_amount":"6.95","product_price_currency":"EUR","og_availability":"instock","product_availability":"instock","product_retailer_item_id":"8720615263370","product_condition":"new","geo.placename":"Purmerend","geo.region":"Netherlands"},"post_mailing_queue_ids":[],"_links":{"self":[{"href":"https:\/\/wijnhuis-mana.nl\/fr\/wp-json\/wp\/v2\/product\/14583","targetHints":{"allow":["GET"]}}],"collection":[{"href":"https:\/\/wijnhuis-mana.nl\/fr\/wp-json\/wp\/v2\/product"}],"about":[{"href":"https:\/\/wijnhuis-mana.nl\/fr\/wp-json\/wp\/v2\/types\/product"}],"replies":[{"embeddable":true,"href":"https:\/\/wijnhuis-mana.nl\/fr\/wp-json\/wp\/v2\/comments?post=14583"}],"wp:featuredmedia":[{"embeddable":true,"href":"https:\/\/wijnhuis-mana.nl\/fr\/wp-json\/wp\/v2\/media\/15087"}],"wp:attachment":[{"href":"https:\/\/wijnhuis-mana.nl\/fr\/wp-json\/wp\/v2\/media?parent=14583"}],"wp:term":[{"taxonomy":"product_brand","embeddable":true,"href":"https:\/\/wijnhuis-mana.nl\/fr\/wp-json\/wp\/v2\/product_brand?post=14583"},{"taxonomy":"product_cat","embeddable":true,"href":"https:\/\/wijnhuis-mana.nl\/fr\/wp-json\/wp\/v2\/product_cat?post=14583"},{"taxonomy":"product_tag","embeddable":true,"href":"https:\/\/wijnhuis-mana.nl\/fr\/wp-json\/wp\/v2\/product_tag?post=14583"}],"curies":[{"name":"wp","href":"https:\/\/api.w.org\/{rel}","templated":true}]}}