{"id":14675,"date":"2025-05-02T11:28:03","date_gmt":"2025-05-02T09:28:03","guid":{"rendered":"https:\/\/wijnhuis-mana.nl\/?post_type=product&#038;p=14675"},"modified":"2026-03-21T11:37:38","modified_gmt":"2026-03-21T10:37:38","slug":"horizont-ns2023-ten-whiskey-bourbon-ba-imp-stout","status":"publish","type":"product","link":"https:\/\/wijnhuis-mana.nl\/fr\/product\/horizont-ns2023-ten-whiskey-bourbon-ba-imp-stout\/","title":{"rendered":"Horizont NS2023 Ten. Whiskey &#038; Bourbon BA Imp Stout"},"content":{"rendered":"<h3>Algemene informatie<\/h3>\n<p>Horizont NS2023 Ten. Whiskey &amp; Bourbon BA Imp Stout is een meesterwerk van vakmanschap, een imperial stout die gerijpt is in whisky- en bourbonvaten. Deze techniek voegt complexe smaaklagen toe en versterkt het karakter van het bier. Het basisbier is zorgvuldig gebrouwen met geselecteerde mouten en hopsoorten, waarna het de unieke rijping ondergaat die zorgt voor een harmonieuze fusie van smaken.<\/p>\n<h3>Smaakprofiel<\/h3>\n<p>Deze stout is rijk en donker van kleur met een robuuste body. De aroma&#8217;s zijn een complexe melange van chocolade, koffie en vanille, afgerond met subtiele hints van gekarameliseerde suiker en eikenhout. De smaak is even intens, met lagen van donkere mouten, zoetheid van bourbon en de aardse tonen van klassieke whisky die langzaam overgaan in een diepe en aanhoudende afdronk.<\/p>\n<h3>Serveeradvies<\/h3>\n<p>Serveer deze indrukwekkende stout op een temperatuur van rond de 12 graden Celsius voor de optimale ontplooiing van zijn aroma&#8217;s en smaken. Het is een uitstekende begeleider van gegrild vlees, rijke chocoladedesserts en gerookte kazen.<\/p>\n<ul>\n<li>Perfect bij een luxe barbecue<\/li>\n<li>Combineer met een rijke chocoladetaart<\/li>\n<li>Ideaal naast een bord met gerookte kazen<\/li>\n<\/ul>\n<h3>Weetje<\/h3>\n<p>De Horizont NS2023 Ten is niet zomaar een bier; het is een culinaire reis. De gebruikte whisky- en bourbonvaten waren eerst thuis aan enkele van de fijnste Amerikaanse gedistilleerde dranken, wat dit bier zijn unieke signatuur geeft.<\/p>\n","protected":false},"excerpt":{"rendered":"<p>Ontdek de Horizont NS2023 Ten. Whiskey &amp; Bourbon BA Imp Stout, een rijke imperial stout met lagen van chocolade, whisky en bourbon. Perfect voor liefhebbers van diepe, complexe bieren.<\/p>\n","protected":false},"featured_media":14699,"comment_status":"open","ping_status":"closed","template":"","meta":[],"product_brand":[],"product_cat":[2959,2903],"product_tag":[803,912],"class_list":{"0":"post-14675","1":"product","2":"type-product","3":"status-publish","4":"has-post-thumbnail","6":"product_cat-barrel-aged-stout","7":"product_cat-speciaalbier","8":"product_tag-houtrijping","9":"product_tag-speciaalbier","11":"first","12":"instock","13":"taxable","14":"shipping-taxable","15":"purchasable","16":"product-type-simple"},"yoast_head":"<!-- This site is optimized with the Yoast SEO Premium plugin v27.3 (Yoast SEO v27.3) - https:\/\/yoast.com\/product\/yoast-seo-premium-wordpress\/ -->\n<title>Horizont NS2023 Ten. Whiskey &amp; Bourbon BA Imp Stout | Craft Stout<\/title>\n<meta name=\"description\" content=\"Ervaar de Horizont NS2023 Ten, een imperial stout gerijpt in whisky- en bourbonvaten, rijk aan tonen van chocolade, koffie en eikenhout. Geschikt voor elke gelegenheid.\" \/>\n<meta name=\"robots\" content=\"index, follow, max-snippet:-1, max-image-preview:large, max-video-preview:-1\" \/>\n<link rel=\"canonical\" href=\"https:\/\/wijnhuis-mana.nl\/fr\/product\/horizont-ns2023-ten-whiskey-bourbon-ba-imp-stout\/\" \/>\n<meta property=\"og:locale\" content=\"fr_FR\" \/>\n<meta property=\"og:type\" content=\"article\" \/>\n<meta property=\"og:title\" content=\"Horizont NS2023 Ten. Whiskey &amp; Bourbon BA Imp Stout\" \/>\n<meta property=\"og:description\" content=\"Ervaar de Horizont NS2023 Ten, een imperial stout gerijpt in whisky- en bourbonvaten, rijk aan tonen van chocolade, koffie en eikenhout. Geschikt voor elke gelegenheid.\" \/>\n<meta property=\"og:url\" content=\"https:\/\/wijnhuis-mana.nl\/fr\/product\/horizont-ns2023-ten-whiskey-bourbon-ba-imp-stout\/\" \/>\n<meta property=\"og:site_name\" content=\"Wijnhuis-Mana.nl\" \/>\n<meta property=\"article:publisher\" content=\"https:\/\/www.facebook.com\/wijnhuismana\" \/>\n<meta property=\"article:modified_time\" content=\"2026-03-21T10:37:38+00:00\" \/>\n<meta property=\"og:image\" content=\"https:\/\/wijnhuis-mana.nl\/wp-content\/uploads\/2025\/05\/Horizont-NS2023-Ten.-Whiskey-Bourbon-BA-Imp-Stout.jpg\" \/>\n\t<meta property=\"og:image:width\" content=\"800\" \/>\n\t<meta property=\"og:image:height\" content=\"800\" \/>\n\t<meta property=\"og:image:type\" content=\"image\/jpeg\" \/>\n<meta name=\"twitter:card\" content=\"summary_large_image\" \/>\n<meta name=\"twitter:label1\" content=\"Price\" \/>\n\t<meta name=\"twitter:data1\" content=\"&euro;&nbsp;9,95\" \/>\n\t<meta name=\"twitter:label2\" content=\"Availability\" \/>\n\t<meta name=\"twitter:data2\" content=\"In stock\" \/>\n<script type=\"application\/ld+json\" class=\"yoast-schema-graph\">{\"@context\":\"https:\\\/\\\/schema.org\",\"@graph\":[{\"@type\":\"WebPage\",\"@id\":\"https:\\\/\\\/wijnhuis-mana.nl\\\/fr\\\/product\\\/horizont-ns2023-ten-whiskey-bourbon-ba-imp-stout\\\/\",\"url\":\"https:\\\/\\\/wijnhuis-mana.nl\\\/fr\\\/product\\\/horizont-ns2023-ten-whiskey-bourbon-ba-imp-stout\\\/\",\"name\":\"Horizont NS2023 Ten. Whiskey & Bourbon BA Imp Stout | Craft Stout\",\"isPartOf\":{\"@id\":\"https:\\\/\\\/wijnhuis-mana.nl\\\/fr\\\/#website\"},\"primaryImageOfPage\":{\"@id\":\"https:\\\/\\\/wijnhuis-mana.nl\\\/fr\\\/product\\\/horizont-ns2023-ten-whiskey-bourbon-ba-imp-stout\\\/#primaryimage\"},\"image\":{\"@id\":\"https:\\\/\\\/wijnhuis-mana.nl\\\/fr\\\/product\\\/horizont-ns2023-ten-whiskey-bourbon-ba-imp-stout\\\/#primaryimage\"},\"thumbnailUrl\":\"https:\\\/\\\/wijnhuis-mana.nl\\\/wp-content\\\/uploads\\\/2025\\\/05\\\/Horizont-NS2023-Ten.-Whiskey-Bourbon-BA-Imp-Stout.jpg\",\"datePublished\":\"2025-05-02T09:28:03+00:00\",\"dateModified\":\"2026-03-21T10:37:38+00:00\",\"description\":\"Ervaar de Horizont NS2023 Ten, een imperial stout gerijpt in whisky- en bourbonvaten, rijk aan tonen van chocolade, koffie en eikenhout. Geschikt voor elke gelegenheid.\",\"breadcrumb\":{\"@id\":\"https:\\\/\\\/wijnhuis-mana.nl\\\/fr\\\/product\\\/horizont-ns2023-ten-whiskey-bourbon-ba-imp-stout\\\/#breadcrumb\"},\"inLanguage\":\"fr-FR\",\"potentialAction\":[{\"@type\":\"ReadAction\",\"target\":[\"https:\\\/\\\/wijnhuis-mana.nl\\\/fr\\\/product\\\/horizont-ns2023-ten-whiskey-bourbon-ba-imp-stout\\\/\"]}]},{\"@type\":\"ImageObject\",\"inLanguage\":\"fr-FR\",\"@id\":\"https:\\\/\\\/wijnhuis-mana.nl\\\/fr\\\/product\\\/horizont-ns2023-ten-whiskey-bourbon-ba-imp-stout\\\/#primaryimage\",\"url\":\"https:\\\/\\\/wijnhuis-mana.nl\\\/wp-content\\\/uploads\\\/2025\\\/05\\\/Horizont-NS2023-Ten.-Whiskey-Bourbon-BA-Imp-Stout.jpg\",\"contentUrl\":\"https:\\\/\\\/wijnhuis-mana.nl\\\/wp-content\\\/uploads\\\/2025\\\/05\\\/Horizont-NS2023-Ten.-Whiskey-Bourbon-BA-Imp-Stout.jpg\",\"width\":800,\"height\":800,\"caption\":\"Ervaar de Horizont NS2023 Ten, een imperial stout gerijpt in whisky- en bourbonvaten, rijk aan tonen van chocolade, koffie en eikenhout. Geschikt voor elke gelegenheid.\"},{\"@type\":\"BreadcrumbList\",\"@id\":\"https:\\\/\\\/wijnhuis-mana.nl\\\/fr\\\/product\\\/horizont-ns2023-ten-whiskey-bourbon-ba-imp-stout\\\/#breadcrumb\",\"itemListElement\":[{\"@type\":\"ListItem\",\"position\":1,\"name\":\"Home\",\"item\":\"https:\\\/\\\/wijnhuis-mana.nl\\\/fr\\\/\"},{\"@type\":\"ListItem\",\"position\":2,\"name\":\"Boutique\",\"item\":\"https:\\\/\\\/wijnhuis-mana.nl\\\/fr\\\/boutique\\\/\"},{\"@type\":\"ListItem\",\"position\":3,\"name\":\"Horizont NS2023 Ten. Whiskey &#038; Bourbon BA Imp Stout\"}]},{\"@type\":\"WebSite\",\"@id\":\"https:\\\/\\\/wijnhuis-mana.nl\\\/fr\\\/#website\",\"url\":\"https:\\\/\\\/wijnhuis-mana.nl\\\/fr\\\/\",\"name\":\"Wijnhuis-Mana.nl\",\"description\":\"Wijn v\u00e1n liefhebbers, v\u00f3\u00f3r liefhebbers\",\"publisher\":{\"@id\":\"https:\\\/\\\/wijnhuis-mana.nl\\\/fr\\\/#organization\"},\"potentialAction\":[{\"@type\":\"SearchAction\",\"target\":{\"@type\":\"EntryPoint\",\"urlTemplate\":\"https:\\\/\\\/wijnhuis-mana.nl\\\/fr\\\/?s={search_term_string}\"},\"query-input\":{\"@type\":\"PropertyValueSpecification\",\"valueRequired\":true,\"valueName\":\"search_term_string\"}}],\"inLanguage\":\"fr-FR\"},{\"@type\":[\"Organization\",\"Place\"],\"@id\":\"https:\\\/\\\/wijnhuis-mana.nl\\\/fr\\\/#organization\",\"name\":\"Wijnhuis-Mana.nl\",\"url\":\"https:\\\/\\\/wijnhuis-mana.nl\\\/fr\\\/\",\"logo\":{\"@id\":\"https:\\\/\\\/wijnhuis-mana.nl\\\/fr\\\/product\\\/horizont-ns2023-ten-whiskey-bourbon-ba-imp-stout\\\/#local-main-organization-logo\"},\"image\":{\"@id\":\"https:\\\/\\\/wijnhuis-mana.nl\\\/fr\\\/product\\\/horizont-ns2023-ten-whiskey-bourbon-ba-imp-stout\\\/#local-main-organization-logo\"},\"sameAs\":[\"https:\\\/\\\/www.facebook.com\\\/wijnhuismana\",\"https:\\\/\\\/www.instagram.com\\\/ghvino.nl\"],\"hasMerchantReturnPolicy\":{\"@type\":\"MerchantReturnPolicy\",\"merchantReturnLink\":\"https:\\\/\\\/wijnhuis-mana.nl\\\/algemene-voorwaarden\\\/\"},\"address\":{\"@id\":\"https:\\\/\\\/wijnhuis-mana.nl\\\/fr\\\/product\\\/horizont-ns2023-ten-whiskey-bourbon-ba-imp-stout\\\/#local-main-place-address\"},\"telephone\":[\"0299-769018\"],\"openingHoursSpecification\":[{\"@type\":\"OpeningHoursSpecification\",\"dayOfWeek\":[\"Monday\",\"Sunday\"],\"opens\":\"00:00\",\"closes\":\"00:00\"},{\"@type\":\"OpeningHoursSpecification\",\"dayOfWeek\":[\"Tuesday\"],\"opens\":\"10:00\",\"closes\":\"18:00\"},{\"@type\":\"OpeningHoursSpecification\",\"dayOfWeek\":[\"Wednesday\",\"Thursday\",\"Saturday\"],\"opens\":\"11:00\",\"closes\":\"18:00\"},{\"@type\":\"OpeningHoursSpecification\",\"dayOfWeek\":[\"Friday\"],\"opens\":\"11:00\",\"closes\":\"21:00\"}],\"email\":\"info@wijnhuis-mana.nl\",\"areaServed\":\"Nederland\",\"vatID\":\"NL58KNAB0255573782\",\"taxID\":\"NL58KNAB0255573782\"},{\"@type\":\"PostalAddress\",\"@id\":\"https:\\\/\\\/wijnhuis-mana.nl\\\/fr\\\/product\\\/horizont-ns2023-ten-whiskey-bourbon-ba-imp-stout\\\/#local-main-place-address\",\"streetAddress\":\"Weerwal 11\",\"addressLocality\":\"Purmerend\",\"postalCode\":\"1441 AL\",\"addressRegion\":\"Noord-Holland\",\"addressCountry\":\"NL\"},{\"@type\":\"ImageObject\",\"inLanguage\":\"fr-FR\",\"@id\":\"https:\\\/\\\/wijnhuis-mana.nl\\\/fr\\\/product\\\/horizont-ns2023-ten-whiskey-bourbon-ba-imp-stout\\\/#local-main-organization-logo\",\"url\":\"https:\\\/\\\/wijnhuis-mana.nl\\\/wp-content\\\/uploads\\\/2022\\\/01\\\/Logo_Wijnhuis-Mana_Kleur.jpg\",\"contentUrl\":\"https:\\\/\\\/wijnhuis-mana.nl\\\/wp-content\\\/uploads\\\/2022\\\/01\\\/Logo_Wijnhuis-Mana_Kleur.jpg\",\"width\":400,\"height\":111,\"caption\":\"Wijnhuis-Mana.nl\"}]}<\/script>\n<meta property=\"product:price:amount\" content=\"9.95\" \/>\n<meta property=\"product:price:currency\" content=\"EUR\" \/>\n<meta property=\"og:availability\" content=\"instock\" \/>\n<meta property=\"product:availability\" content=\"instock\" \/>\n<meta property=\"product:retailer_item_id\" content=\"5999566202711\" \/>\n<meta property=\"product:condition\" content=\"new\" \/>\n<meta name=\"geo.placename\" content=\"Purmerend\" \/>\n<meta name=\"geo.region\" content=\"Netherlands\" \/>\n<!-- \/ Yoast SEO Premium plugin. -->","yoast_head_json":{"title":"Horizont NS2023 Ten. Whiskey & Bourbon BA Imp Stout | Craft Stout","description":"Ervaar de Horizont NS2023 Ten, een imperial stout gerijpt in whisky- en bourbonvaten, rijk aan tonen van chocolade, koffie en eikenhout. Geschikt voor elke gelegenheid.","robots":{"index":"index","follow":"follow","max-snippet":"max-snippet:-1","max-image-preview":"max-image-preview:large","max-video-preview":"max-video-preview:-1"},"canonical":"https:\/\/wijnhuis-mana.nl\/fr\/product\/horizont-ns2023-ten-whiskey-bourbon-ba-imp-stout\/","og_locale":"fr_FR","og_type":"article","og_title":"Horizont NS2023 Ten. Whiskey & Bourbon BA Imp Stout","og_description":"Ervaar de Horizont NS2023 Ten, een imperial stout gerijpt in whisky- en bourbonvaten, rijk aan tonen van chocolade, koffie en eikenhout. Geschikt voor elke gelegenheid.","og_url":"https:\/\/wijnhuis-mana.nl\/fr\/product\/horizont-ns2023-ten-whiskey-bourbon-ba-imp-stout\/","og_site_name":"Wijnhuis-Mana.nl","article_publisher":"https:\/\/www.facebook.com\/wijnhuismana","article_modified_time":"2026-03-21T10:37:38+00:00","og_image":[{"width":800,"height":800,"url":"https:\/\/wijnhuis-mana.nl\/wp-content\/uploads\/2025\/05\/Horizont-NS2023-Ten.-Whiskey-Bourbon-BA-Imp-Stout.jpg","type":"image\/jpeg"}],"twitter_card":"summary_large_image","twitter_misc":{"Price":"&euro;&nbsp;9,95","Availability":"In stock"},"schema":{"@context":"https:\/\/schema.org","@graph":[{"@type":"WebPage","@id":"https:\/\/wijnhuis-mana.nl\/fr\/product\/horizont-ns2023-ten-whiskey-bourbon-ba-imp-stout\/","url":"https:\/\/wijnhuis-mana.nl\/fr\/product\/horizont-ns2023-ten-whiskey-bourbon-ba-imp-stout\/","name":"Horizont NS2023 Ten. Whiskey & Bourbon BA Imp Stout | Craft Stout","isPartOf":{"@id":"https:\/\/wijnhuis-mana.nl\/fr\/#website"},"primaryImageOfPage":{"@id":"https:\/\/wijnhuis-mana.nl\/fr\/product\/horizont-ns2023-ten-whiskey-bourbon-ba-imp-stout\/#primaryimage"},"image":{"@id":"https:\/\/wijnhuis-mana.nl\/fr\/product\/horizont-ns2023-ten-whiskey-bourbon-ba-imp-stout\/#primaryimage"},"thumbnailUrl":"https:\/\/wijnhuis-mana.nl\/wp-content\/uploads\/2025\/05\/Horizont-NS2023-Ten.-Whiskey-Bourbon-BA-Imp-Stout.jpg","datePublished":"2025-05-02T09:28:03+00:00","dateModified":"2026-03-21T10:37:38+00:00","description":"Ervaar de Horizont NS2023 Ten, een imperial stout gerijpt in whisky- en bourbonvaten, rijk aan tonen van chocolade, koffie en eikenhout. Geschikt voor elke gelegenheid.","breadcrumb":{"@id":"https:\/\/wijnhuis-mana.nl\/fr\/product\/horizont-ns2023-ten-whiskey-bourbon-ba-imp-stout\/#breadcrumb"},"inLanguage":"fr-FR","potentialAction":[{"@type":"ReadAction","target":["https:\/\/wijnhuis-mana.nl\/fr\/product\/horizont-ns2023-ten-whiskey-bourbon-ba-imp-stout\/"]}]},{"@type":"ImageObject","inLanguage":"fr-FR","@id":"https:\/\/wijnhuis-mana.nl\/fr\/product\/horizont-ns2023-ten-whiskey-bourbon-ba-imp-stout\/#primaryimage","url":"https:\/\/wijnhuis-mana.nl\/wp-content\/uploads\/2025\/05\/Horizont-NS2023-Ten.-Whiskey-Bourbon-BA-Imp-Stout.jpg","contentUrl":"https:\/\/wijnhuis-mana.nl\/wp-content\/uploads\/2025\/05\/Horizont-NS2023-Ten.-Whiskey-Bourbon-BA-Imp-Stout.jpg","width":800,"height":800,"caption":"Ervaar de Horizont NS2023 Ten, een imperial stout gerijpt in whisky- en bourbonvaten, rijk aan tonen van chocolade, koffie en eikenhout. Geschikt voor elke gelegenheid."},{"@type":"BreadcrumbList","@id":"https:\/\/wijnhuis-mana.nl\/fr\/product\/horizont-ns2023-ten-whiskey-bourbon-ba-imp-stout\/#breadcrumb","itemListElement":[{"@type":"ListItem","position":1,"name":"Home","item":"https:\/\/wijnhuis-mana.nl\/fr\/"},{"@type":"ListItem","position":2,"name":"Boutique","item":"https:\/\/wijnhuis-mana.nl\/fr\/boutique\/"},{"@type":"ListItem","position":3,"name":"Horizont NS2023 Ten. Whiskey &#038; Bourbon BA Imp Stout"}]},{"@type":"WebSite","@id":"https:\/\/wijnhuis-mana.nl\/fr\/#website","url":"https:\/\/wijnhuis-mana.nl\/fr\/","name":"Wijnhuis-Mana.nl","description":"Wijn v\u00e1n liefhebbers, v\u00f3\u00f3r liefhebbers","publisher":{"@id":"https:\/\/wijnhuis-mana.nl\/fr\/#organization"},"potentialAction":[{"@type":"SearchAction","target":{"@type":"EntryPoint","urlTemplate":"https:\/\/wijnhuis-mana.nl\/fr\/?s={search_term_string}"},"query-input":{"@type":"PropertyValueSpecification","valueRequired":true,"valueName":"search_term_string"}}],"inLanguage":"fr-FR"},{"@type":["Organization","Place"],"@id":"https:\/\/wijnhuis-mana.nl\/fr\/#organization","name":"Wijnhuis-Mana.nl","url":"https:\/\/wijnhuis-mana.nl\/fr\/","logo":{"@id":"https:\/\/wijnhuis-mana.nl\/fr\/product\/horizont-ns2023-ten-whiskey-bourbon-ba-imp-stout\/#local-main-organization-logo"},"image":{"@id":"https:\/\/wijnhuis-mana.nl\/fr\/product\/horizont-ns2023-ten-whiskey-bourbon-ba-imp-stout\/#local-main-organization-logo"},"sameAs":["https:\/\/www.facebook.com\/wijnhuismana","https:\/\/www.instagram.com\/ghvino.nl"],"hasMerchantReturnPolicy":{"@type":"MerchantReturnPolicy","merchantReturnLink":"https:\/\/wijnhuis-mana.nl\/algemene-voorwaarden\/"},"address":{"@id":"https:\/\/wijnhuis-mana.nl\/fr\/product\/horizont-ns2023-ten-whiskey-bourbon-ba-imp-stout\/#local-main-place-address"},"telephone":["0299-769018"],"openingHoursSpecification":[{"@type":"OpeningHoursSpecification","dayOfWeek":["Monday","Sunday"],"opens":"00:00","closes":"00:00"},{"@type":"OpeningHoursSpecification","dayOfWeek":["Tuesday"],"opens":"10:00","closes":"18:00"},{"@type":"OpeningHoursSpecification","dayOfWeek":["Wednesday","Thursday","Saturday"],"opens":"11:00","closes":"18:00"},{"@type":"OpeningHoursSpecification","dayOfWeek":["Friday"],"opens":"11:00","closes":"21:00"}],"email":"info@wijnhuis-mana.nl","areaServed":"Nederland","vatID":"NL58KNAB0255573782","taxID":"NL58KNAB0255573782"},{"@type":"PostalAddress","@id":"https:\/\/wijnhuis-mana.nl\/fr\/product\/horizont-ns2023-ten-whiskey-bourbon-ba-imp-stout\/#local-main-place-address","streetAddress":"Weerwal 11","addressLocality":"Purmerend","postalCode":"1441 AL","addressRegion":"Noord-Holland","addressCountry":"NL"},{"@type":"ImageObject","inLanguage":"fr-FR","@id":"https:\/\/wijnhuis-mana.nl\/fr\/product\/horizont-ns2023-ten-whiskey-bourbon-ba-imp-stout\/#local-main-organization-logo","url":"https:\/\/wijnhuis-mana.nl\/wp-content\/uploads\/2022\/01\/Logo_Wijnhuis-Mana_Kleur.jpg","contentUrl":"https:\/\/wijnhuis-mana.nl\/wp-content\/uploads\/2022\/01\/Logo_Wijnhuis-Mana_Kleur.jpg","width":400,"height":111,"caption":"Wijnhuis-Mana.nl"}]},"product_price_amount":"9.95","product_price_currency":"EUR","og_availability":"instock","product_availability":"instock","product_retailer_item_id":"5999566202711","product_condition":"new","geo.placename":"Purmerend","geo.region":"Netherlands"},"post_mailing_queue_ids":[],"_links":{"self":[{"href":"https:\/\/wijnhuis-mana.nl\/fr\/wp-json\/wp\/v2\/product\/14675","targetHints":{"allow":["GET"]}}],"collection":[{"href":"https:\/\/wijnhuis-mana.nl\/fr\/wp-json\/wp\/v2\/product"}],"about":[{"href":"https:\/\/wijnhuis-mana.nl\/fr\/wp-json\/wp\/v2\/types\/product"}],"replies":[{"embeddable":true,"href":"https:\/\/wijnhuis-mana.nl\/fr\/wp-json\/wp\/v2\/comments?post=14675"}],"wp:featuredmedia":[{"embeddable":true,"href":"https:\/\/wijnhuis-mana.nl\/fr\/wp-json\/wp\/v2\/media\/14699"}],"wp:attachment":[{"href":"https:\/\/wijnhuis-mana.nl\/fr\/wp-json\/wp\/v2\/media?parent=14675"}],"wp:term":[{"taxonomy":"product_brand","embeddable":true,"href":"https:\/\/wijnhuis-mana.nl\/fr\/wp-json\/wp\/v2\/product_brand?post=14675"},{"taxonomy":"product_cat","embeddable":true,"href":"https:\/\/wijnhuis-mana.nl\/fr\/wp-json\/wp\/v2\/product_cat?post=14675"},{"taxonomy":"product_tag","embeddable":true,"href":"https:\/\/wijnhuis-mana.nl\/fr\/wp-json\/wp\/v2\/product_tag?post=14675"}],"curies":[{"name":"wp","href":"https:\/\/api.w.org\/{rel}","templated":true}]}}