{"id":15206,"date":"2025-05-15T20:16:21","date_gmt":"2025-05-15T18:16:21","guid":{"rendered":"https:\/\/wijnhuis-mana.nl\/?post_type=product&#038;p=15206"},"modified":"2025-12-28T13:43:48","modified_gmt":"2025-12-28T12:43:48","slug":"baileys-original-70cl","status":"publish","type":"product","link":"https:\/\/wijnhuis-mana.nl\/fr\/product\/baileys-original-70cl\/","title":{"rendered":"Bailey&#8217;s Original 70cl"},"content":{"rendered":"<h3 class=\"\" data-start=\"276\" data-end=\"301\">Algemene informatie<\/h3>\n<p class=\"\" data-start=\"302\" data-end=\"690\">Baileys Original 70cl is d\u00e9 klassieker onder de cream likeuren \u2013 een onweerstaanbare mix van Ierse room, Ierse whiskey, cacao en vanille. Sinds de lancering in 1974 is Baileys uitgegroeid tot \u2019s werelds meest geliefde likeur in zijn soort. De 70cl-fles is het standaardformaat en ideaal voor wie Baileys graag op voorraad heeft, serveert bij desserts of gebruikt in cocktails.<\/p>\n<p class=\"\" data-start=\"692\" data-end=\"891\">Baileys combineert de warmte van whiskey met de zachtheid van verse room, afkomstig van Ierse boerderijen. Deze originele variant is een vaste waarde in vele keukens, bars \u00e9n koffiemokken wereldwijd.<\/p>\n<h3 class=\"\" data-start=\"893\" data-end=\"911\">Smaakprofiel<\/h3>\n<p class=\"\" data-start=\"912\" data-end=\"1203\">Licht beige van kleur met een fluweelzachte textuur. In de neus een verleidelijk boeket van melkchocolade, toffee, vanille en een vleugje whiskey. In de mond romig, zoet en zacht met smaken van room, mokka en karamel. De afdronk is soepel en licht verwarmend \u2013 perfect in balans.<\/p>\n<p class=\"\" data-start=\"1205\" data-end=\"1264\">Een likeur die staat voor comfort, verleiding en kwaliteit.<\/p>\n<h3 class=\"\" data-start=\"1266\" data-end=\"1285\">Serveeradvies<\/h3>\n<p class=\"\" data-start=\"1286\" data-end=\"1330\">Serveertemperatuur: gekoeld of met ijs<\/p>\n<p class=\"\" data-start=\"1332\" data-end=\"1344\">Perfect bij:<\/p>\n<ul data-start=\"1346\" data-end=\"1511\">\n<li class=\"\" data-start=\"1346\" data-end=\"1386\">\n<p class=\"\" data-start=\"1348\" data-end=\"1386\">Puur of \u2018on the rocks\u2019 als digestief<\/p>\n<\/li>\n<li class=\"\" data-start=\"1387\" data-end=\"1425\">\n<p class=\"\" data-start=\"1389\" data-end=\"1425\">In de koffie als Irish Cream twist<\/p>\n<\/li>\n<li class=\"\" data-start=\"1426\" data-end=\"1459\">\n<p class=\"\" data-start=\"1428\" data-end=\"1459\">Over ijs of chocoladedesserts<\/p>\n<\/li>\n<li class=\"\" data-start=\"1460\" data-end=\"1511\">\n<p class=\"\" data-start=\"1462\" data-end=\"1511\">In cocktails, milkshakes of warme chocolademelk<\/p>\n<\/li>\n<\/ul>\n<h3 class=\"\" data-start=\"1513\" data-end=\"1525\">Weetje<\/h3>\n<p class=\"\" data-start=\"1526\" data-end=\"1840\">Baileys Original Irish Cream wordt volledig geproduceerd in Ierland en bevat enkel natuurlijke ingredi\u00ebnten. De verse room wordt binnen 36 uur na melken verwerkt in de likeur. Door het alcoholpercentage blijft Baileys tot twee jaar houdbaar, zelfs na opening \u2013 zonder kunstmatige conserveringsmiddelen.<\/p>\n","protected":false},"excerpt":{"rendered":"<p>Baileys Original 70cl is een romige likeur van Ierse whiskey en room, met tonen van chocolade, vanille en karamel. De ultieme klassieker.<\/p>\n","protected":false},"featured_media":15353,"comment_status":"open","ping_status":"closed","template":"","meta":[],"product_brand":[],"product_cat":[2921],"product_tag":[1401,1364,1394,1366,1385,1396,1395,1402,1373,1399],"class_list":{"0":"post-15206","1":"product","2":"type-product","3":"status-publish","4":"has-post-thumbnail","6":"product_cat-likeuren","7":"product_tag-70cl","8":"product_tag-baileys","9":"product_tag-baileys-original","10":"product_tag-cream-likeur","11":"product_tag-dessertdrank","12":"product_tag-ierse-whiskey","13":"product_tag-irish-cream","14":"product_tag-klassieke-likeur","15":"product_tag-koffielikeur","16":"product_tag-roomlikeur","18":"first","19":"instock","20":"taxable","21":"shipping-taxable","22":"purchasable","23":"product-type-simple"},"yoast_head":"<!-- This site is optimized with the Yoast SEO Premium plugin v27.3 (Yoast SEO v27.3) - https:\/\/yoast.com\/product\/yoast-seo-premium-wordpress\/ -->\n<title>Baileys Original 70cl \u2013 klassieke Irish Cream likeur<\/title>\n<meta name=\"description\" content=\"Baileys Original 70cl is de klassieke likeur van Ierse room en whiskey. Romig, zacht en perfect voor koffie, desserts of puur genot.\" \/>\n<meta name=\"robots\" content=\"index, follow, max-snippet:-1, max-image-preview:large, max-video-preview:-1\" \/>\n<link rel=\"canonical\" href=\"https:\/\/wijnhuis-mana.nl\/fr\/product\/baileys-original-70cl\/\" \/>\n<meta property=\"og:locale\" content=\"fr_FR\" \/>\n<meta property=\"og:type\" content=\"article\" \/>\n<meta property=\"og:title\" content=\"Bailey&#039;s Original 70cl\" \/>\n<meta property=\"og:description\" content=\"Baileys Original 70cl is de klassieke likeur van Ierse room en whiskey. Romig, zacht en perfect voor koffie, desserts of puur genot.\" \/>\n<meta property=\"og:url\" content=\"https:\/\/wijnhuis-mana.nl\/fr\/product\/baileys-original-70cl\/\" \/>\n<meta property=\"og:site_name\" content=\"Wijnhuis-Mana.nl\" \/>\n<meta property=\"article:publisher\" content=\"https:\/\/www.facebook.com\/wijnhuismana\" \/>\n<meta property=\"article:modified_time\" content=\"2025-12-28T12:43:48+00:00\" \/>\n<meta property=\"og:image\" content=\"https:\/\/wijnhuis-mana.nl\/wp-content\/uploads\/2025\/05\/Baileys-Original.jpg\" \/>\n\t<meta property=\"og:image:width\" content=\"800\" \/>\n\t<meta property=\"og:image:height\" content=\"800\" \/>\n\t<meta property=\"og:image:type\" content=\"image\/jpeg\" \/>\n<meta name=\"twitter:card\" content=\"summary_large_image\" \/>\n<meta name=\"twitter:label1\" content=\"Price\" \/>\n\t<meta name=\"twitter:data1\" content=\"&euro;&nbsp;15,95\" \/>\n\t<meta name=\"twitter:label2\" content=\"Availability\" \/>\n\t<meta name=\"twitter:data2\" content=\"In stock\" \/>\n<script type=\"application\/ld+json\" class=\"yoast-schema-graph\">{\"@context\":\"https:\\\/\\\/schema.org\",\"@graph\":[{\"@type\":\"WebPage\",\"@id\":\"https:\\\/\\\/wijnhuis-mana.nl\\\/fr\\\/product\\\/baileys-original-70cl\\\/\",\"url\":\"https:\\\/\\\/wijnhuis-mana.nl\\\/fr\\\/product\\\/baileys-original-70cl\\\/\",\"name\":\"Baileys Original 70cl \u2013 klassieke Irish Cream likeur\",\"isPartOf\":{\"@id\":\"https:\\\/\\\/wijnhuis-mana.nl\\\/fr\\\/#website\"},\"primaryImageOfPage\":{\"@id\":\"https:\\\/\\\/wijnhuis-mana.nl\\\/fr\\\/product\\\/baileys-original-70cl\\\/#primaryimage\"},\"image\":{\"@id\":\"https:\\\/\\\/wijnhuis-mana.nl\\\/fr\\\/product\\\/baileys-original-70cl\\\/#primaryimage\"},\"thumbnailUrl\":\"https:\\\/\\\/wijnhuis-mana.nl\\\/wp-content\\\/uploads\\\/2025\\\/05\\\/Baileys-Original.jpg\",\"datePublished\":\"2025-05-15T18:16:21+00:00\",\"dateModified\":\"2025-12-28T12:43:48+00:00\",\"description\":\"Baileys Original 70cl is de klassieke likeur van Ierse room en whiskey. Romig, zacht en perfect voor koffie, desserts of puur genot.\",\"breadcrumb\":{\"@id\":\"https:\\\/\\\/wijnhuis-mana.nl\\\/fr\\\/product\\\/baileys-original-70cl\\\/#breadcrumb\"},\"inLanguage\":\"fr-FR\",\"potentialAction\":[{\"@type\":\"ReadAction\",\"target\":[\"https:\\\/\\\/wijnhuis-mana.nl\\\/fr\\\/product\\\/baileys-original-70cl\\\/\"]}]},{\"@type\":\"ImageObject\",\"inLanguage\":\"fr-FR\",\"@id\":\"https:\\\/\\\/wijnhuis-mana.nl\\\/fr\\\/product\\\/baileys-original-70cl\\\/#primaryimage\",\"url\":\"https:\\\/\\\/wijnhuis-mana.nl\\\/wp-content\\\/uploads\\\/2025\\\/05\\\/Baileys-Original.jpg\",\"contentUrl\":\"https:\\\/\\\/wijnhuis-mana.nl\\\/wp-content\\\/uploads\\\/2025\\\/05\\\/Baileys-Original.jpg\",\"width\":800,\"height\":800,\"caption\":\"Sheridan\u2019s Coffee Likeur combineert koffie en roomlikeur in \u00e9\u00e9n fles. Visueel spectaculair, romig en vol koffiesmaak.\"},{\"@type\":\"BreadcrumbList\",\"@id\":\"https:\\\/\\\/wijnhuis-mana.nl\\\/fr\\\/product\\\/baileys-original-70cl\\\/#breadcrumb\",\"itemListElement\":[{\"@type\":\"ListItem\",\"position\":1,\"name\":\"Home\",\"item\":\"https:\\\/\\\/wijnhuis-mana.nl\\\/fr\\\/\"},{\"@type\":\"ListItem\",\"position\":2,\"name\":\"Boutique\",\"item\":\"https:\\\/\\\/wijnhuis-mana.nl\\\/fr\\\/boutique\\\/\"},{\"@type\":\"ListItem\",\"position\":3,\"name\":\"Bailey&#8217;s Original 70cl\"}]},{\"@type\":\"WebSite\",\"@id\":\"https:\\\/\\\/wijnhuis-mana.nl\\\/fr\\\/#website\",\"url\":\"https:\\\/\\\/wijnhuis-mana.nl\\\/fr\\\/\",\"name\":\"Wijnhuis-Mana.nl\",\"description\":\"Wijn v\u00e1n liefhebbers, v\u00f3\u00f3r liefhebbers\",\"publisher\":{\"@id\":\"https:\\\/\\\/wijnhuis-mana.nl\\\/fr\\\/#organization\"},\"potentialAction\":[{\"@type\":\"SearchAction\",\"target\":{\"@type\":\"EntryPoint\",\"urlTemplate\":\"https:\\\/\\\/wijnhuis-mana.nl\\\/fr\\\/?s={search_term_string}\"},\"query-input\":{\"@type\":\"PropertyValueSpecification\",\"valueRequired\":true,\"valueName\":\"search_term_string\"}}],\"inLanguage\":\"fr-FR\"},{\"@type\":[\"Organization\",\"Place\"],\"@id\":\"https:\\\/\\\/wijnhuis-mana.nl\\\/fr\\\/#organization\",\"name\":\"Wijnhuis-Mana.nl\",\"url\":\"https:\\\/\\\/wijnhuis-mana.nl\\\/fr\\\/\",\"logo\":{\"@id\":\"https:\\\/\\\/wijnhuis-mana.nl\\\/fr\\\/product\\\/baileys-original-70cl\\\/#local-main-organization-logo\"},\"image\":{\"@id\":\"https:\\\/\\\/wijnhuis-mana.nl\\\/fr\\\/product\\\/baileys-original-70cl\\\/#local-main-organization-logo\"},\"sameAs\":[\"https:\\\/\\\/www.facebook.com\\\/wijnhuismana\",\"https:\\\/\\\/www.instagram.com\\\/ghvino.nl\"],\"hasMerchantReturnPolicy\":{\"@type\":\"MerchantReturnPolicy\",\"merchantReturnLink\":\"https:\\\/\\\/wijnhuis-mana.nl\\\/algemene-voorwaarden\\\/\"},\"address\":{\"@id\":\"https:\\\/\\\/wijnhuis-mana.nl\\\/fr\\\/product\\\/baileys-original-70cl\\\/#local-main-place-address\"},\"telephone\":[\"0299-769018\"],\"openingHoursSpecification\":[{\"@type\":\"OpeningHoursSpecification\",\"dayOfWeek\":[\"Monday\",\"Sunday\"],\"opens\":\"00:00\",\"closes\":\"00:00\"},{\"@type\":\"OpeningHoursSpecification\",\"dayOfWeek\":[\"Tuesday\"],\"opens\":\"10:00\",\"closes\":\"18:00\"},{\"@type\":\"OpeningHoursSpecification\",\"dayOfWeek\":[\"Wednesday\",\"Thursday\",\"Saturday\"],\"opens\":\"11:00\",\"closes\":\"18:00\"},{\"@type\":\"OpeningHoursSpecification\",\"dayOfWeek\":[\"Friday\"],\"opens\":\"11:00\",\"closes\":\"21:00\"}],\"email\":\"info@wijnhuis-mana.nl\",\"areaServed\":\"Nederland\",\"vatID\":\"NL58KNAB0255573782\",\"taxID\":\"NL58KNAB0255573782\"},{\"@type\":\"PostalAddress\",\"@id\":\"https:\\\/\\\/wijnhuis-mana.nl\\\/fr\\\/product\\\/baileys-original-70cl\\\/#local-main-place-address\",\"streetAddress\":\"Weerwal 11\",\"addressLocality\":\"Purmerend\",\"postalCode\":\"1441 AL\",\"addressRegion\":\"Noord-Holland\",\"addressCountry\":\"NL\"},{\"@type\":\"ImageObject\",\"inLanguage\":\"fr-FR\",\"@id\":\"https:\\\/\\\/wijnhuis-mana.nl\\\/fr\\\/product\\\/baileys-original-70cl\\\/#local-main-organization-logo\",\"url\":\"https:\\\/\\\/wijnhuis-mana.nl\\\/wp-content\\\/uploads\\\/2022\\\/01\\\/Logo_Wijnhuis-Mana_Kleur.jpg\",\"contentUrl\":\"https:\\\/\\\/wijnhuis-mana.nl\\\/wp-content\\\/uploads\\\/2022\\\/01\\\/Logo_Wijnhuis-Mana_Kleur.jpg\",\"width\":400,\"height\":111,\"caption\":\"Wijnhuis-Mana.nl\"}]}<\/script>\n<meta property=\"product:price:amount\" content=\"15.95\" \/>\n<meta property=\"product:price:currency\" content=\"EUR\" \/>\n<meta property=\"og:availability\" content=\"instock\" \/>\n<meta property=\"product:availability\" content=\"instock\" \/>\n<meta property=\"product:retailer_item_id\" content=\"5011013100156\" \/>\n<meta property=\"product:condition\" content=\"new\" \/>\n<meta name=\"geo.placename\" content=\"Purmerend\" \/>\n<meta name=\"geo.region\" content=\"Netherlands\" \/>\n<!-- \/ Yoast SEO Premium plugin. -->","yoast_head_json":{"title":"Baileys Original 70cl \u2013 klassieke Irish Cream likeur","description":"Baileys Original 70cl is de klassieke likeur van Ierse room en whiskey. Romig, zacht en perfect voor koffie, desserts of puur genot.","robots":{"index":"index","follow":"follow","max-snippet":"max-snippet:-1","max-image-preview":"max-image-preview:large","max-video-preview":"max-video-preview:-1"},"canonical":"https:\/\/wijnhuis-mana.nl\/fr\/product\/baileys-original-70cl\/","og_locale":"fr_FR","og_type":"article","og_title":"Bailey's Original 70cl","og_description":"Baileys Original 70cl is de klassieke likeur van Ierse room en whiskey. Romig, zacht en perfect voor koffie, desserts of puur genot.","og_url":"https:\/\/wijnhuis-mana.nl\/fr\/product\/baileys-original-70cl\/","og_site_name":"Wijnhuis-Mana.nl","article_publisher":"https:\/\/www.facebook.com\/wijnhuismana","article_modified_time":"2025-12-28T12:43:48+00:00","og_image":[{"width":800,"height":800,"url":"https:\/\/wijnhuis-mana.nl\/wp-content\/uploads\/2025\/05\/Baileys-Original.jpg","type":"image\/jpeg"}],"twitter_card":"summary_large_image","twitter_misc":{"Price":"&euro;&nbsp;15,95","Availability":"In stock"},"schema":{"@context":"https:\/\/schema.org","@graph":[{"@type":"WebPage","@id":"https:\/\/wijnhuis-mana.nl\/fr\/product\/baileys-original-70cl\/","url":"https:\/\/wijnhuis-mana.nl\/fr\/product\/baileys-original-70cl\/","name":"Baileys Original 70cl \u2013 klassieke Irish Cream likeur","isPartOf":{"@id":"https:\/\/wijnhuis-mana.nl\/fr\/#website"},"primaryImageOfPage":{"@id":"https:\/\/wijnhuis-mana.nl\/fr\/product\/baileys-original-70cl\/#primaryimage"},"image":{"@id":"https:\/\/wijnhuis-mana.nl\/fr\/product\/baileys-original-70cl\/#primaryimage"},"thumbnailUrl":"https:\/\/wijnhuis-mana.nl\/wp-content\/uploads\/2025\/05\/Baileys-Original.jpg","datePublished":"2025-05-15T18:16:21+00:00","dateModified":"2025-12-28T12:43:48+00:00","description":"Baileys Original 70cl is de klassieke likeur van Ierse room en whiskey. Romig, zacht en perfect voor koffie, desserts of puur genot.","breadcrumb":{"@id":"https:\/\/wijnhuis-mana.nl\/fr\/product\/baileys-original-70cl\/#breadcrumb"},"inLanguage":"fr-FR","potentialAction":[{"@type":"ReadAction","target":["https:\/\/wijnhuis-mana.nl\/fr\/product\/baileys-original-70cl\/"]}]},{"@type":"ImageObject","inLanguage":"fr-FR","@id":"https:\/\/wijnhuis-mana.nl\/fr\/product\/baileys-original-70cl\/#primaryimage","url":"https:\/\/wijnhuis-mana.nl\/wp-content\/uploads\/2025\/05\/Baileys-Original.jpg","contentUrl":"https:\/\/wijnhuis-mana.nl\/wp-content\/uploads\/2025\/05\/Baileys-Original.jpg","width":800,"height":800,"caption":"Sheridan\u2019s Coffee Likeur combineert koffie en roomlikeur in \u00e9\u00e9n fles. Visueel spectaculair, romig en vol koffiesmaak."},{"@type":"BreadcrumbList","@id":"https:\/\/wijnhuis-mana.nl\/fr\/product\/baileys-original-70cl\/#breadcrumb","itemListElement":[{"@type":"ListItem","position":1,"name":"Home","item":"https:\/\/wijnhuis-mana.nl\/fr\/"},{"@type":"ListItem","position":2,"name":"Boutique","item":"https:\/\/wijnhuis-mana.nl\/fr\/boutique\/"},{"@type":"ListItem","position":3,"name":"Bailey&#8217;s Original 70cl"}]},{"@type":"WebSite","@id":"https:\/\/wijnhuis-mana.nl\/fr\/#website","url":"https:\/\/wijnhuis-mana.nl\/fr\/","name":"Wijnhuis-Mana.nl","description":"Wijn v\u00e1n liefhebbers, v\u00f3\u00f3r liefhebbers","publisher":{"@id":"https:\/\/wijnhuis-mana.nl\/fr\/#organization"},"potentialAction":[{"@type":"SearchAction","target":{"@type":"EntryPoint","urlTemplate":"https:\/\/wijnhuis-mana.nl\/fr\/?s={search_term_string}"},"query-input":{"@type":"PropertyValueSpecification","valueRequired":true,"valueName":"search_term_string"}}],"inLanguage":"fr-FR"},{"@type":["Organization","Place"],"@id":"https:\/\/wijnhuis-mana.nl\/fr\/#organization","name":"Wijnhuis-Mana.nl","url":"https:\/\/wijnhuis-mana.nl\/fr\/","logo":{"@id":"https:\/\/wijnhuis-mana.nl\/fr\/product\/baileys-original-70cl\/#local-main-organization-logo"},"image":{"@id":"https:\/\/wijnhuis-mana.nl\/fr\/product\/baileys-original-70cl\/#local-main-organization-logo"},"sameAs":["https:\/\/www.facebook.com\/wijnhuismana","https:\/\/www.instagram.com\/ghvino.nl"],"hasMerchantReturnPolicy":{"@type":"MerchantReturnPolicy","merchantReturnLink":"https:\/\/wijnhuis-mana.nl\/algemene-voorwaarden\/"},"address":{"@id":"https:\/\/wijnhuis-mana.nl\/fr\/product\/baileys-original-70cl\/#local-main-place-address"},"telephone":["0299-769018"],"openingHoursSpecification":[{"@type":"OpeningHoursSpecification","dayOfWeek":["Monday","Sunday"],"opens":"00:00","closes":"00:00"},{"@type":"OpeningHoursSpecification","dayOfWeek":["Tuesday"],"opens":"10:00","closes":"18:00"},{"@type":"OpeningHoursSpecification","dayOfWeek":["Wednesday","Thursday","Saturday"],"opens":"11:00","closes":"18:00"},{"@type":"OpeningHoursSpecification","dayOfWeek":["Friday"],"opens":"11:00","closes":"21:00"}],"email":"info@wijnhuis-mana.nl","areaServed":"Nederland","vatID":"NL58KNAB0255573782","taxID":"NL58KNAB0255573782"},{"@type":"PostalAddress","@id":"https:\/\/wijnhuis-mana.nl\/fr\/product\/baileys-original-70cl\/#local-main-place-address","streetAddress":"Weerwal 11","addressLocality":"Purmerend","postalCode":"1441 AL","addressRegion":"Noord-Holland","addressCountry":"NL"},{"@type":"ImageObject","inLanguage":"fr-FR","@id":"https:\/\/wijnhuis-mana.nl\/fr\/product\/baileys-original-70cl\/#local-main-organization-logo","url":"https:\/\/wijnhuis-mana.nl\/wp-content\/uploads\/2022\/01\/Logo_Wijnhuis-Mana_Kleur.jpg","contentUrl":"https:\/\/wijnhuis-mana.nl\/wp-content\/uploads\/2022\/01\/Logo_Wijnhuis-Mana_Kleur.jpg","width":400,"height":111,"caption":"Wijnhuis-Mana.nl"}]},"product_price_amount":"15.95","product_price_currency":"EUR","og_availability":"instock","product_availability":"instock","product_retailer_item_id":"5011013100156","product_condition":"new","geo.placename":"Purmerend","geo.region":"Netherlands"},"post_mailing_queue_ids":[],"_links":{"self":[{"href":"https:\/\/wijnhuis-mana.nl\/fr\/wp-json\/wp\/v2\/product\/15206","targetHints":{"allow":["GET"]}}],"collection":[{"href":"https:\/\/wijnhuis-mana.nl\/fr\/wp-json\/wp\/v2\/product"}],"about":[{"href":"https:\/\/wijnhuis-mana.nl\/fr\/wp-json\/wp\/v2\/types\/product"}],"replies":[{"embeddable":true,"href":"https:\/\/wijnhuis-mana.nl\/fr\/wp-json\/wp\/v2\/comments?post=15206"}],"wp:featuredmedia":[{"embeddable":true,"href":"https:\/\/wijnhuis-mana.nl\/fr\/wp-json\/wp\/v2\/media\/15353"}],"wp:attachment":[{"href":"https:\/\/wijnhuis-mana.nl\/fr\/wp-json\/wp\/v2\/media?parent=15206"}],"wp:term":[{"taxonomy":"product_brand","embeddable":true,"href":"https:\/\/wijnhuis-mana.nl\/fr\/wp-json\/wp\/v2\/product_brand?post=15206"},{"taxonomy":"product_cat","embeddable":true,"href":"https:\/\/wijnhuis-mana.nl\/fr\/wp-json\/wp\/v2\/product_cat?post=15206"},{"taxonomy":"product_tag","embeddable":true,"href":"https:\/\/wijnhuis-mana.nl\/fr\/wp-json\/wp\/v2\/product_tag?post=15206"}],"curies":[{"name":"wp","href":"https:\/\/api.w.org\/{rel}","templated":true}]}}