{"id":15249,"date":"2025-05-19T13:57:57","date_gmt":"2025-05-19T11:57:57","guid":{"rendered":"https:\/\/wijnhuis-mana.nl\/?post_type=product&#038;p=15249"},"modified":"2026-02-26T11:49:34","modified_gmt":"2026-02-26T10:49:34","slug":"brasserie-les-acolytes-banzai-ginger-wheat-beer","status":"publish","type":"product","link":"https:\/\/wijnhuis-mana.nl\/fr\/product\/brasserie-les-acolytes-banzai-ginger-wheat-beer\/","title":{"rendered":"Brasserie Les Acolytes Clandestina Pale Ale"},"content":{"rendered":"<h3 class=\"\" data-start=\"277\" data-end=\"302\">Algemene informatie<\/h3>\n<p class=\"\" data-start=\"303\" data-end=\"798\">Clandestina Pale Ale is een frisse, doordrinkbare pale ale van Brasserie Les Acolytes, een onafhankelijke microbrouwerij uit Brussel. Dit bier combineert een Belgische brouwbasis met invloeden uit de Amerikaanse craft beer-traditie. Gebrouwen met licht gekarameliseerde mouten en dry-hopped met fruitige hopsoorten, levert Clandestina een gebalanceerde smaakbeleving op. Met een alcoholpercentage van 5,6% is dit bier ideaal voor elke gelegenheid \u2013 toegankelijk, maar met karakter.<\/p>\n<h3 class=\"\" data-start=\"800\" data-end=\"843\">Smaakprofiel van Clandestina Pale Ale<\/h3>\n<p class=\"\" data-start=\"844\" data-end=\"1237\">Het bier heeft een koperkleurige tot amberkleurige body met een stabiele, cr\u00e8mekleurige schuimkraag. In de geur domineren tropisch fruit, citrus, dennenhars en een lichte karameltoets. De smaak is fris en licht bitter, met een fruitige aanzet van mango en sinaasappel, ondersteund door biscuitmout en een droge, hoppige afdronk. Het mondgevoel is soepel, licht sprankelend en goed in balans.<\/p>\n<h3 class=\"\" data-start=\"1239\" data-end=\"1258\">Serveeradvies<\/h3>\n<p class=\"\" data-start=\"1259\" data-end=\"1380\">Clandestina is een veelzijdige pale ale die goed past bij borrelmomenten en lichte gerechten. Aanbevolen serveermomenten:<\/p>\n<ul data-start=\"1382\" data-end=\"1591\">\n<li class=\"\" data-start=\"1382\" data-end=\"1433\">\n<p class=\"\" data-start=\"1384\" data-end=\"1433\">Bij streetfood zoals pulled pork of spicy wings<\/p>\n<\/li>\n<li class=\"\" data-start=\"1434\" data-end=\"1489\">\n<p class=\"\" data-start=\"1436\" data-end=\"1489\">Bij borrelhapjes met oude kaas of geroosterde noten<\/p>\n<\/li>\n<li class=\"\" data-start=\"1490\" data-end=\"1543\">\n<p class=\"\" data-start=\"1492\" data-end=\"1543\">Puur, als verfrissend doordrinkbier op het terras<\/p>\n<\/li>\n<li class=\"\" data-start=\"1544\" data-end=\"1591\">\n<p class=\"\" data-start=\"1546\" data-end=\"1591\">Bij gegrilde groenten of vegetarische wraps<\/p>\n<\/li>\n<\/ul>\n<p class=\"\" data-start=\"1593\" data-end=\"1709\">Serveertemperatuur: 6\u20138\u00b0C<br data-start=\"1622\" data-end=\"1625\" \/>Schenkadvies: koel serveren en rustig uitschenken<\/p>\n<h3 class=\"\" data-start=\"1711\" data-end=\"1723\">Weetje<\/h3>\n<p class=\"\" data-start=\"1724\" data-end=\"2063\">De naam \u201cClandestina\u201d verwijst naar het rebelse, eigenzinnige karakter van het bier \u2013 gebrouwen met een knipoog naar de underground craftscene. Brasserie Les Acolytes staat bekend om hun kleine oplages, creatieve benadering en lokale verankering in Brussel. Deze pale ale is bedoeld als toegankelijk instapbier met ambachtelijke flair.<\/p>\n","protected":false},"excerpt":{"rendered":"<p>Clandestina Pale Ale is een amberkleurige pale ale uit Brussel met fruitige hopsmaak, lichte bitterheid en een soepel mondgevoel.<\/p>\n","protected":false},"featured_media":15389,"comment_status":"open","ping_status":"closed","template":"","meta":[],"product_brand":[],"product_cat":[2905,2903],"product_tag":[1575,1569,1578,1579,1577,1576,1574,912],"class_list":{"0":"post-15249","1":"product","2":"type-product","3":"status-publish","4":"has-post-thumbnail","6":"product_cat-ipa-pale-ale","7":"product_cat-speciaalbier","8":"product_tag-amber-bier","9":"product_tag-brasserie-les-acolytes","10":"product_tag-brussels-bier","11":"product_tag-doordrinkbier","12":"product_tag-fruitig-bier","13":"product_tag-hop","14":"product_tag-pale-ale","15":"product_tag-speciaalbier","17":"first","18":"outofstock","19":"taxable","20":"shipping-taxable","21":"purchasable","22":"product-type-simple"},"yoast_head":"<!-- This site is optimized with the Yoast SEO Premium plugin v27.3 (Yoast SEO v27.3) - https:\/\/yoast.com\/product\/yoast-seo-premium-wordpress\/ -->\n<title>Clandestina Pale Ale \u2013 Fruitige pale ale van Brasserie Les Acolytes<\/title>\n<meta name=\"description\" content=\"Clandestina Pale Ale is een fruitige amberkleurige pale ale uit Brussel. Licht bitter, soepel en ideaal voor borrel of barbecue.\" \/>\n<meta name=\"robots\" content=\"index, follow, max-snippet:-1, max-image-preview:large, max-video-preview:-1\" \/>\n<link rel=\"canonical\" href=\"https:\/\/wijnhuis-mana.nl\/fr\/product\/brasserie-les-acolytes-banzai-ginger-wheat-beer\/\" \/>\n<meta property=\"og:locale\" content=\"fr_FR\" \/>\n<meta property=\"og:type\" content=\"article\" \/>\n<meta property=\"og:title\" content=\"Brasserie Les Acolytes Clandestina Pale Ale\" \/>\n<meta property=\"og:description\" content=\"Clandestina Pale Ale is een fruitige amberkleurige pale ale uit Brussel. Licht bitter, soepel en ideaal voor borrel of barbecue.\" \/>\n<meta property=\"og:url\" content=\"https:\/\/wijnhuis-mana.nl\/fr\/product\/brasserie-les-acolytes-banzai-ginger-wheat-beer\/\" \/>\n<meta property=\"og:site_name\" content=\"Wijnhuis-Mana.nl\" \/>\n<meta property=\"article:publisher\" content=\"https:\/\/www.facebook.com\/wijnhuismana\" \/>\n<meta property=\"article:modified_time\" content=\"2026-02-26T10:49:34+00:00\" \/>\n<meta property=\"og:image\" content=\"https:\/\/wijnhuis-mana.nl\/wp-content\/uploads\/2025\/05\/Brasserie-Les-Acolytes-Clandestina-Pale-Ale.jpg\" \/>\n\t<meta property=\"og:image:width\" content=\"800\" \/>\n\t<meta property=\"og:image:height\" content=\"800\" \/>\n\t<meta property=\"og:image:type\" content=\"image\/jpeg\" \/>\n<meta name=\"twitter:card\" content=\"summary_large_image\" \/>\n<meta name=\"twitter:label1\" content=\"Price\" \/>\n\t<meta name=\"twitter:data1\" content=\"&euro;&nbsp;3,75\" \/>\n\t<meta name=\"twitter:label2\" content=\"Availability\" \/>\n\t<meta name=\"twitter:data2\" content=\"Out of stock\" \/>\n<script type=\"application\/ld+json\" class=\"yoast-schema-graph\">{\"@context\":\"https:\\\/\\\/schema.org\",\"@graph\":[{\"@type\":\"WebPage\",\"@id\":\"https:\\\/\\\/wijnhuis-mana.nl\\\/fr\\\/product\\\/brasserie-les-acolytes-banzai-ginger-wheat-beer\\\/\",\"url\":\"https:\\\/\\\/wijnhuis-mana.nl\\\/fr\\\/product\\\/brasserie-les-acolytes-banzai-ginger-wheat-beer\\\/\",\"name\":\"Clandestina Pale Ale \u2013 Fruitige pale ale van Brasserie Les Acolytes\",\"isPartOf\":{\"@id\":\"https:\\\/\\\/wijnhuis-mana.nl\\\/fr\\\/#website\"},\"primaryImageOfPage\":{\"@id\":\"https:\\\/\\\/wijnhuis-mana.nl\\\/fr\\\/product\\\/brasserie-les-acolytes-banzai-ginger-wheat-beer\\\/#primaryimage\"},\"image\":{\"@id\":\"https:\\\/\\\/wijnhuis-mana.nl\\\/fr\\\/product\\\/brasserie-les-acolytes-banzai-ginger-wheat-beer\\\/#primaryimage\"},\"thumbnailUrl\":\"https:\\\/\\\/wijnhuis-mana.nl\\\/wp-content\\\/uploads\\\/2025\\\/05\\\/Brasserie-Les-Acolytes-Clandestina-Pale-Ale.jpg\",\"datePublished\":\"2025-05-19T11:57:57+00:00\",\"dateModified\":\"2026-02-26T10:49:34+00:00\",\"description\":\"Clandestina Pale Ale is een fruitige amberkleurige pale ale uit Brussel. Licht bitter, soepel en ideaal voor borrel of barbecue.\",\"breadcrumb\":{\"@id\":\"https:\\\/\\\/wijnhuis-mana.nl\\\/fr\\\/product\\\/brasserie-les-acolytes-banzai-ginger-wheat-beer\\\/#breadcrumb\"},\"inLanguage\":\"fr-FR\",\"potentialAction\":[{\"@type\":\"ReadAction\",\"target\":[\"https:\\\/\\\/wijnhuis-mana.nl\\\/fr\\\/product\\\/brasserie-les-acolytes-banzai-ginger-wheat-beer\\\/\"]}]},{\"@type\":\"ImageObject\",\"inLanguage\":\"fr-FR\",\"@id\":\"https:\\\/\\\/wijnhuis-mana.nl\\\/fr\\\/product\\\/brasserie-les-acolytes-banzai-ginger-wheat-beer\\\/#primaryimage\",\"url\":\"https:\\\/\\\/wijnhuis-mana.nl\\\/wp-content\\\/uploads\\\/2025\\\/05\\\/Brasserie-Les-Acolytes-Clandestina-Pale-Ale.jpg\",\"contentUrl\":\"https:\\\/\\\/wijnhuis-mana.nl\\\/wp-content\\\/uploads\\\/2025\\\/05\\\/Brasserie-Les-Acolytes-Clandestina-Pale-Ale.jpg\",\"width\":800,\"height\":800,\"caption\":\"Clandestina Pale Ale is een fruitige amberkleurige pale ale uit Brussel. Licht bitter, soepel en ideaal voor borrel of barbecue.\"},{\"@type\":\"BreadcrumbList\",\"@id\":\"https:\\\/\\\/wijnhuis-mana.nl\\\/fr\\\/product\\\/brasserie-les-acolytes-banzai-ginger-wheat-beer\\\/#breadcrumb\",\"itemListElement\":[{\"@type\":\"ListItem\",\"position\":1,\"name\":\"Home\",\"item\":\"https:\\\/\\\/wijnhuis-mana.nl\\\/fr\\\/\"},{\"@type\":\"ListItem\",\"position\":2,\"name\":\"Boutique\",\"item\":\"https:\\\/\\\/wijnhuis-mana.nl\\\/fr\\\/boutique\\\/\"},{\"@type\":\"ListItem\",\"position\":3,\"name\":\"Brasserie Les Acolytes Clandestina Pale Ale\"}]},{\"@type\":\"WebSite\",\"@id\":\"https:\\\/\\\/wijnhuis-mana.nl\\\/fr\\\/#website\",\"url\":\"https:\\\/\\\/wijnhuis-mana.nl\\\/fr\\\/\",\"name\":\"Wijnhuis-Mana.nl\",\"description\":\"Wijn v\u00e1n liefhebbers, v\u00f3\u00f3r liefhebbers\",\"publisher\":{\"@id\":\"https:\\\/\\\/wijnhuis-mana.nl\\\/fr\\\/#organization\"},\"potentialAction\":[{\"@type\":\"SearchAction\",\"target\":{\"@type\":\"EntryPoint\",\"urlTemplate\":\"https:\\\/\\\/wijnhuis-mana.nl\\\/fr\\\/?s={search_term_string}\"},\"query-input\":{\"@type\":\"PropertyValueSpecification\",\"valueRequired\":true,\"valueName\":\"search_term_string\"}}],\"inLanguage\":\"fr-FR\"},{\"@type\":[\"Organization\",\"Place\"],\"@id\":\"https:\\\/\\\/wijnhuis-mana.nl\\\/fr\\\/#organization\",\"name\":\"Wijnhuis-Mana.nl\",\"url\":\"https:\\\/\\\/wijnhuis-mana.nl\\\/fr\\\/\",\"logo\":{\"@id\":\"https:\\\/\\\/wijnhuis-mana.nl\\\/fr\\\/product\\\/brasserie-les-acolytes-banzai-ginger-wheat-beer\\\/#local-main-organization-logo\"},\"image\":{\"@id\":\"https:\\\/\\\/wijnhuis-mana.nl\\\/fr\\\/product\\\/brasserie-les-acolytes-banzai-ginger-wheat-beer\\\/#local-main-organization-logo\"},\"sameAs\":[\"https:\\\/\\\/www.facebook.com\\\/wijnhuismana\",\"https:\\\/\\\/www.instagram.com\\\/ghvino.nl\"],\"hasMerchantReturnPolicy\":{\"@type\":\"MerchantReturnPolicy\",\"merchantReturnLink\":\"https:\\\/\\\/wijnhuis-mana.nl\\\/algemene-voorwaarden\\\/\"},\"address\":{\"@id\":\"https:\\\/\\\/wijnhuis-mana.nl\\\/fr\\\/product\\\/brasserie-les-acolytes-banzai-ginger-wheat-beer\\\/#local-main-place-address\"},\"telephone\":[\"0299-769018\"],\"openingHoursSpecification\":[{\"@type\":\"OpeningHoursSpecification\",\"dayOfWeek\":[\"Monday\",\"Sunday\"],\"opens\":\"00:00\",\"closes\":\"00:00\"},{\"@type\":\"OpeningHoursSpecification\",\"dayOfWeek\":[\"Tuesday\"],\"opens\":\"10:00\",\"closes\":\"18:00\"},{\"@type\":\"OpeningHoursSpecification\",\"dayOfWeek\":[\"Wednesday\",\"Thursday\",\"Saturday\"],\"opens\":\"11:00\",\"closes\":\"18:00\"},{\"@type\":\"OpeningHoursSpecification\",\"dayOfWeek\":[\"Friday\"],\"opens\":\"11:00\",\"closes\":\"21:00\"}],\"email\":\"info@wijnhuis-mana.nl\",\"areaServed\":\"Nederland\",\"vatID\":\"NL58KNAB0255573782\",\"taxID\":\"NL58KNAB0255573782\"},{\"@type\":\"PostalAddress\",\"@id\":\"https:\\\/\\\/wijnhuis-mana.nl\\\/fr\\\/product\\\/brasserie-les-acolytes-banzai-ginger-wheat-beer\\\/#local-main-place-address\",\"streetAddress\":\"Weerwal 11\",\"addressLocality\":\"Purmerend\",\"postalCode\":\"1441 AL\",\"addressRegion\":\"Noord-Holland\",\"addressCountry\":\"NL\"},{\"@type\":\"ImageObject\",\"inLanguage\":\"fr-FR\",\"@id\":\"https:\\\/\\\/wijnhuis-mana.nl\\\/fr\\\/product\\\/brasserie-les-acolytes-banzai-ginger-wheat-beer\\\/#local-main-organization-logo\",\"url\":\"https:\\\/\\\/wijnhuis-mana.nl\\\/wp-content\\\/uploads\\\/2022\\\/01\\\/Logo_Wijnhuis-Mana_Kleur.jpg\",\"contentUrl\":\"https:\\\/\\\/wijnhuis-mana.nl\\\/wp-content\\\/uploads\\\/2022\\\/01\\\/Logo_Wijnhuis-Mana_Kleur.jpg\",\"width\":400,\"height\":111,\"caption\":\"Wijnhuis-Mana.nl\"}]}<\/script>\n<meta property=\"product:price:amount\" content=\"3.75\" \/>\n<meta property=\"product:price:currency\" content=\"EUR\" \/>\n<meta property=\"og:availability\" content=\"out of stock\" \/>\n<meta property=\"product:availability\" content=\"out of stock\" \/>\n<meta property=\"product:retailer_item_id\" content=\"3760104953912\" \/>\n<meta property=\"product:condition\" content=\"new\" \/>\n<meta name=\"geo.placename\" content=\"Purmerend\" \/>\n<meta name=\"geo.region\" content=\"Netherlands\" \/>\n<!-- \/ Yoast SEO Premium plugin. -->","yoast_head_json":{"title":"Clandestina Pale Ale \u2013 Fruitige pale ale van Brasserie Les Acolytes","description":"Clandestina Pale Ale is een fruitige amberkleurige pale ale uit Brussel. Licht bitter, soepel en ideaal voor borrel of barbecue.","robots":{"index":"index","follow":"follow","max-snippet":"max-snippet:-1","max-image-preview":"max-image-preview:large","max-video-preview":"max-video-preview:-1"},"canonical":"https:\/\/wijnhuis-mana.nl\/fr\/product\/brasserie-les-acolytes-banzai-ginger-wheat-beer\/","og_locale":"fr_FR","og_type":"article","og_title":"Brasserie Les Acolytes Clandestina Pale Ale","og_description":"Clandestina Pale Ale is een fruitige amberkleurige pale ale uit Brussel. Licht bitter, soepel en ideaal voor borrel of barbecue.","og_url":"https:\/\/wijnhuis-mana.nl\/fr\/product\/brasserie-les-acolytes-banzai-ginger-wheat-beer\/","og_site_name":"Wijnhuis-Mana.nl","article_publisher":"https:\/\/www.facebook.com\/wijnhuismana","article_modified_time":"2026-02-26T10:49:34+00:00","og_image":[{"width":800,"height":800,"url":"https:\/\/wijnhuis-mana.nl\/wp-content\/uploads\/2025\/05\/Brasserie-Les-Acolytes-Clandestina-Pale-Ale.jpg","type":"image\/jpeg"}],"twitter_card":"summary_large_image","twitter_misc":{"Price":"&euro;&nbsp;3,75","Availability":"Out of stock"},"schema":{"@context":"https:\/\/schema.org","@graph":[{"@type":"WebPage","@id":"https:\/\/wijnhuis-mana.nl\/fr\/product\/brasserie-les-acolytes-banzai-ginger-wheat-beer\/","url":"https:\/\/wijnhuis-mana.nl\/fr\/product\/brasserie-les-acolytes-banzai-ginger-wheat-beer\/","name":"Clandestina Pale Ale \u2013 Fruitige pale ale van Brasserie Les Acolytes","isPartOf":{"@id":"https:\/\/wijnhuis-mana.nl\/fr\/#website"},"primaryImageOfPage":{"@id":"https:\/\/wijnhuis-mana.nl\/fr\/product\/brasserie-les-acolytes-banzai-ginger-wheat-beer\/#primaryimage"},"image":{"@id":"https:\/\/wijnhuis-mana.nl\/fr\/product\/brasserie-les-acolytes-banzai-ginger-wheat-beer\/#primaryimage"},"thumbnailUrl":"https:\/\/wijnhuis-mana.nl\/wp-content\/uploads\/2025\/05\/Brasserie-Les-Acolytes-Clandestina-Pale-Ale.jpg","datePublished":"2025-05-19T11:57:57+00:00","dateModified":"2026-02-26T10:49:34+00:00","description":"Clandestina Pale Ale is een fruitige amberkleurige pale ale uit Brussel. Licht bitter, soepel en ideaal voor borrel of barbecue.","breadcrumb":{"@id":"https:\/\/wijnhuis-mana.nl\/fr\/product\/brasserie-les-acolytes-banzai-ginger-wheat-beer\/#breadcrumb"},"inLanguage":"fr-FR","potentialAction":[{"@type":"ReadAction","target":["https:\/\/wijnhuis-mana.nl\/fr\/product\/brasserie-les-acolytes-banzai-ginger-wheat-beer\/"]}]},{"@type":"ImageObject","inLanguage":"fr-FR","@id":"https:\/\/wijnhuis-mana.nl\/fr\/product\/brasserie-les-acolytes-banzai-ginger-wheat-beer\/#primaryimage","url":"https:\/\/wijnhuis-mana.nl\/wp-content\/uploads\/2025\/05\/Brasserie-Les-Acolytes-Clandestina-Pale-Ale.jpg","contentUrl":"https:\/\/wijnhuis-mana.nl\/wp-content\/uploads\/2025\/05\/Brasserie-Les-Acolytes-Clandestina-Pale-Ale.jpg","width":800,"height":800,"caption":"Clandestina Pale Ale is een fruitige amberkleurige pale ale uit Brussel. Licht bitter, soepel en ideaal voor borrel of barbecue."},{"@type":"BreadcrumbList","@id":"https:\/\/wijnhuis-mana.nl\/fr\/product\/brasserie-les-acolytes-banzai-ginger-wheat-beer\/#breadcrumb","itemListElement":[{"@type":"ListItem","position":1,"name":"Home","item":"https:\/\/wijnhuis-mana.nl\/fr\/"},{"@type":"ListItem","position":2,"name":"Boutique","item":"https:\/\/wijnhuis-mana.nl\/fr\/boutique\/"},{"@type":"ListItem","position":3,"name":"Brasserie Les Acolytes Clandestina Pale Ale"}]},{"@type":"WebSite","@id":"https:\/\/wijnhuis-mana.nl\/fr\/#website","url":"https:\/\/wijnhuis-mana.nl\/fr\/","name":"Wijnhuis-Mana.nl","description":"Wijn v\u00e1n liefhebbers, v\u00f3\u00f3r liefhebbers","publisher":{"@id":"https:\/\/wijnhuis-mana.nl\/fr\/#organization"},"potentialAction":[{"@type":"SearchAction","target":{"@type":"EntryPoint","urlTemplate":"https:\/\/wijnhuis-mana.nl\/fr\/?s={search_term_string}"},"query-input":{"@type":"PropertyValueSpecification","valueRequired":true,"valueName":"search_term_string"}}],"inLanguage":"fr-FR"},{"@type":["Organization","Place"],"@id":"https:\/\/wijnhuis-mana.nl\/fr\/#organization","name":"Wijnhuis-Mana.nl","url":"https:\/\/wijnhuis-mana.nl\/fr\/","logo":{"@id":"https:\/\/wijnhuis-mana.nl\/fr\/product\/brasserie-les-acolytes-banzai-ginger-wheat-beer\/#local-main-organization-logo"},"image":{"@id":"https:\/\/wijnhuis-mana.nl\/fr\/product\/brasserie-les-acolytes-banzai-ginger-wheat-beer\/#local-main-organization-logo"},"sameAs":["https:\/\/www.facebook.com\/wijnhuismana","https:\/\/www.instagram.com\/ghvino.nl"],"hasMerchantReturnPolicy":{"@type":"MerchantReturnPolicy","merchantReturnLink":"https:\/\/wijnhuis-mana.nl\/algemene-voorwaarden\/"},"address":{"@id":"https:\/\/wijnhuis-mana.nl\/fr\/product\/brasserie-les-acolytes-banzai-ginger-wheat-beer\/#local-main-place-address"},"telephone":["0299-769018"],"openingHoursSpecification":[{"@type":"OpeningHoursSpecification","dayOfWeek":["Monday","Sunday"],"opens":"00:00","closes":"00:00"},{"@type":"OpeningHoursSpecification","dayOfWeek":["Tuesday"],"opens":"10:00","closes":"18:00"},{"@type":"OpeningHoursSpecification","dayOfWeek":["Wednesday","Thursday","Saturday"],"opens":"11:00","closes":"18:00"},{"@type":"OpeningHoursSpecification","dayOfWeek":["Friday"],"opens":"11:00","closes":"21:00"}],"email":"info@wijnhuis-mana.nl","areaServed":"Nederland","vatID":"NL58KNAB0255573782","taxID":"NL58KNAB0255573782"},{"@type":"PostalAddress","@id":"https:\/\/wijnhuis-mana.nl\/fr\/product\/brasserie-les-acolytes-banzai-ginger-wheat-beer\/#local-main-place-address","streetAddress":"Weerwal 11","addressLocality":"Purmerend","postalCode":"1441 AL","addressRegion":"Noord-Holland","addressCountry":"NL"},{"@type":"ImageObject","inLanguage":"fr-FR","@id":"https:\/\/wijnhuis-mana.nl\/fr\/product\/brasserie-les-acolytes-banzai-ginger-wheat-beer\/#local-main-organization-logo","url":"https:\/\/wijnhuis-mana.nl\/wp-content\/uploads\/2022\/01\/Logo_Wijnhuis-Mana_Kleur.jpg","contentUrl":"https:\/\/wijnhuis-mana.nl\/wp-content\/uploads\/2022\/01\/Logo_Wijnhuis-Mana_Kleur.jpg","width":400,"height":111,"caption":"Wijnhuis-Mana.nl"}]},"product_price_amount":"3.75","product_price_currency":"EUR","og_availability":"out of stock","product_availability":"out of stock","product_retailer_item_id":"3760104953912","product_condition":"new","geo.placename":"Purmerend","geo.region":"Netherlands"},"post_mailing_queue_ids":[],"_links":{"self":[{"href":"https:\/\/wijnhuis-mana.nl\/fr\/wp-json\/wp\/v2\/product\/15249","targetHints":{"allow":["GET"]}}],"collection":[{"href":"https:\/\/wijnhuis-mana.nl\/fr\/wp-json\/wp\/v2\/product"}],"about":[{"href":"https:\/\/wijnhuis-mana.nl\/fr\/wp-json\/wp\/v2\/types\/product"}],"replies":[{"embeddable":true,"href":"https:\/\/wijnhuis-mana.nl\/fr\/wp-json\/wp\/v2\/comments?post=15249"}],"wp:featuredmedia":[{"embeddable":true,"href":"https:\/\/wijnhuis-mana.nl\/fr\/wp-json\/wp\/v2\/media\/15389"}],"wp:attachment":[{"href":"https:\/\/wijnhuis-mana.nl\/fr\/wp-json\/wp\/v2\/media?parent=15249"}],"wp:term":[{"taxonomy":"product_brand","embeddable":true,"href":"https:\/\/wijnhuis-mana.nl\/fr\/wp-json\/wp\/v2\/product_brand?post=15249"},{"taxonomy":"product_cat","embeddable":true,"href":"https:\/\/wijnhuis-mana.nl\/fr\/wp-json\/wp\/v2\/product_cat?post=15249"},{"taxonomy":"product_tag","embeddable":true,"href":"https:\/\/wijnhuis-mana.nl\/fr\/wp-json\/wp\/v2\/product_tag?post=15249"}],"curies":[{"name":"wp","href":"https:\/\/api.w.org\/{rel}","templated":true}]}}