{"id":15868,"date":"2025-06-14T12:43:39","date_gmt":"2025-06-14T10:43:39","guid":{"rendered":"https:\/\/wijnhuis-mana.nl\/?post_type=product&#038;p=15868"},"modified":"2026-01-04T19:22:25","modified_gmt":"2026-01-04T18:22:25","slug":"pio-cesare-barolo-pio-docg","status":"publish","type":"product","link":"https:\/\/wijnhuis-mana.nl\/fr\/product\/pio-cesare-barolo-pio-docg\/","title":{"rendered":"Pio Cesare Barolo Pio DOCG"},"content":{"rendered":"<h3 class=\"ai-optimize-19\" data-start=\"199\" data-end=\"224\">Algemene informatie<\/h3>\n<p class=\"ai-optimize-20 ai-optimize-introduction\" data-start=\"225\" data-end=\"736\">Pio Cesare Barolo Pio DOCG is een klassieke en monumentale Barolo uit het hart van Piemonte. De wijn wordt gemaakt van 100% nebbiolo, afkomstig van gerenommeerde wijngaarden in o.a. Serralunga d\u2019Alba, Grinzane Cavour en Monforte. Na handmatige oogst volgt een langdurige schilweking van 25\u201330 dagen in RVS, waarna de rijping 30 maanden duurt: deels in grote botti, deels in barriques. Deze traditionele benadering levert een gebalanceerde en krachtige Barolo die het karakter van de hele regio weerspiegelt.<\/p>\n<h3 class=\"ai-optimize-21\" data-start=\"738\" data-end=\"787\">Smaakprofiel van Pio Cesare Barolo Pio DOCG<\/h3>\n<p class=\"ai-optimize-22\" data-start=\"788\" data-end=\"1075\">Diep kersenrood van kleur. De geur is breed en complex met tonen van rozen, kruiden, truffel, laurier en een aards accent. In de mond krachtig maar fluwelig, met rijpe tannines, finesse en een lange, zachte afdronk. Een indrukwekkende wijn met balans, intensiteit en klassieke elegantie.<\/p>\n<h3 class=\"ai-optimize-23\" data-start=\"1077\" data-end=\"1096\">Serveeradvies<\/h3>\n<p class=\"ai-optimize-24\" data-start=\"1097\" data-end=\"1254\">Deze Barolo verdient aandacht en tijd. Karafferen wordt aanbevolen om de complexiteit volledig tot uiting te laten komen. Serveer bij voorkeur op 15\u201318 \u00b0C.<\/p>\n<p class=\"ai-optimize-25\" data-start=\"1256\" data-end=\"1274\">Past goed bij:<\/p>\n<ul data-start=\"1275\" data-end=\"1404\">\n<li class=\"ai-optimize-26\" data-start=\"1275\" data-end=\"1310\">\n<p class=\"ai-optimize-27\" data-start=\"1277\" data-end=\"1310\">Hertenbiefstuk met rodewijnsaus<\/p>\n<\/li>\n<li class=\"ai-optimize-28\" data-start=\"1311\" data-end=\"1338\">\n<p class=\"ai-optimize-29\" data-start=\"1313\" data-end=\"1338\">Hazenpeper of wildstoof<\/p>\n<\/li>\n<li class=\"ai-optimize-30\" data-start=\"1339\" data-end=\"1364\">\n<p class=\"ai-optimize-31\" data-start=\"1341\" data-end=\"1364\">Belegen of oude kazen<\/p>\n<\/li>\n<li class=\"ai-optimize-32\" data-start=\"1365\" data-end=\"1404\">\n<p class=\"ai-optimize-33\" data-start=\"1367\" data-end=\"1404\">Als meditatieve wijn na de maaltijd<\/p>\n<\/li>\n<\/ul>\n<h3 class=\"ai-optimize-34\" data-start=\"1406\" data-end=\"1418\">Weetje<\/h3>\n<p class=\"ai-optimize-35\" data-start=\"1419\" data-end=\"1621\">De familie Pio Cesare gebruikt al generaties lang druiven uit meerdere cru\u2019s. Deze klassieke werkwijze levert wijnen op die de stijl van de hele Barolo-regio omarmen, met diepgang en terroirdiversiteit.<\/p>\n","protected":false},"excerpt":{"rendered":"<p class=\"ai-optimize-39\">Pio Cesare Barolo Pio DOCG 2020 is een krachtige, elegante Barolo met tonen van rozen, kruiden en truffel. Klassiek en fluweelzacht.<\/p>\n<p>\nVivino score:<\/p>\n<div class=\"vivino-widget vivino-wine-card-widget\" data-vivino-widget-type=\"wineWithoutVintage\" data-vivino-wine-id=\"22550\" data-make-vivino-redirect=\"true\" data-vivino-widget-language=\"en\" data-vivino-widget-layout=\"small_new\">\n  <a target=\"_blank\">Wine name<\/a>\n<\/div>\n","protected":false},"featured_media":16028,"comment_status":"open","ping_status":"closed","template":"","meta":[],"product_brand":[],"product_cat":[2888,2899,2889],"product_tag":[1907,1254,1911,1909,1912,1908,1910,1913],"class_list":{"0":"post-15868","1":"product","2":"type-product","3":"status-publish","4":"has-post-thumbnail","6":"product_cat-alle-wijn","7":"product_cat-italiaanse-wijn","8":"product_cat-rode-wijn","9":"product_tag-barolo","10":"product_tag-bewaarwijn","11":"product_tag-docg","12":"product_tag-nebbiolo","13":"product_tag-piemonte-wijn","14":"product_tag-pio-cesare","15":"product_tag-rode-wijn-italie","16":"product_tag-wijn-bij-wild","18":"first","19":"instock","20":"taxable","21":"shipping-taxable","22":"purchasable","23":"product-type-simple"},"yoast_head":"<!-- This site is optimized with the Yoast SEO Premium plugin v27.3 (Yoast SEO v27.3) - https:\/\/yoast.com\/product\/yoast-seo-premium-wordpress\/ -->\n<title>Pio Cesare Barolo Pio DOCG \u2013 Klassieke Barolo met finesse<\/title>\n<meta name=\"description\" content=\"Pio Cesare Barolo Pio DOCG 2020: krachtig, fluwelig en verfijnd. Top-Barolo uit Piemonte met 14,5% alcohol en rijke smaaklagen.\" \/>\n<meta name=\"robots\" content=\"index, follow, max-snippet:-1, max-image-preview:large, max-video-preview:-1\" \/>\n<link rel=\"canonical\" href=\"https:\/\/wijnhuis-mana.nl\/fr\/product\/pio-cesare-barolo-pio-docg\/\" \/>\n<meta property=\"og:locale\" content=\"fr_FR\" \/>\n<meta property=\"og:type\" content=\"article\" \/>\n<meta property=\"og:title\" content=\"Pio Cesare Barolo Pio DOCG\" \/>\n<meta property=\"og:description\" content=\"Pio Cesare Barolo Pio DOCG 2020: krachtig, fluwelig en verfijnd. Top-Barolo uit Piemonte met 14,5% alcohol en rijke smaaklagen.\" \/>\n<meta property=\"og:url\" content=\"https:\/\/wijnhuis-mana.nl\/fr\/product\/pio-cesare-barolo-pio-docg\/\" \/>\n<meta property=\"og:site_name\" content=\"Wijnhuis-Mana.nl\" \/>\n<meta property=\"article:publisher\" content=\"https:\/\/www.facebook.com\/wijnhuismana\" \/>\n<meta property=\"article:modified_time\" content=\"2026-01-04T18:22:25+00:00\" \/>\n<meta property=\"og:image\" content=\"https:\/\/wijnhuis-mana.nl\/wp-content\/uploads\/2025\/06\/Pio-Cesare-Barolo-Pio-DOCG.jpg\" \/>\n\t<meta property=\"og:image:width\" content=\"800\" \/>\n\t<meta property=\"og:image:height\" content=\"800\" \/>\n\t<meta property=\"og:image:type\" content=\"image\/jpeg\" \/>\n<meta name=\"twitter:card\" content=\"summary_large_image\" \/>\n<meta name=\"twitter:label1\" content=\"Price\" \/>\n\t<meta name=\"twitter:data1\" content=\"&euro;&nbsp;84,95\" \/>\n\t<meta name=\"twitter:label2\" content=\"Availability\" \/>\n\t<meta name=\"twitter:data2\" content=\"In stock\" \/>\n<script type=\"application\/ld+json\" class=\"yoast-schema-graph\">{\"@context\":\"https:\\\/\\\/schema.org\",\"@graph\":[{\"@type\":\"WebPage\",\"@id\":\"https:\\\/\\\/wijnhuis-mana.nl\\\/fr\\\/product\\\/pio-cesare-barolo-pio-docg\\\/\",\"url\":\"https:\\\/\\\/wijnhuis-mana.nl\\\/fr\\\/product\\\/pio-cesare-barolo-pio-docg\\\/\",\"name\":\"Pio Cesare Barolo Pio DOCG \u2013 Klassieke Barolo met finesse\",\"isPartOf\":{\"@id\":\"https:\\\/\\\/wijnhuis-mana.nl\\\/fr\\\/#website\"},\"primaryImageOfPage\":{\"@id\":\"https:\\\/\\\/wijnhuis-mana.nl\\\/fr\\\/product\\\/pio-cesare-barolo-pio-docg\\\/#primaryimage\"},\"image\":{\"@id\":\"https:\\\/\\\/wijnhuis-mana.nl\\\/fr\\\/product\\\/pio-cesare-barolo-pio-docg\\\/#primaryimage\"},\"thumbnailUrl\":\"https:\\\/\\\/wijnhuis-mana.nl\\\/wp-content\\\/uploads\\\/2025\\\/06\\\/Pio-Cesare-Barolo-Pio-DOCG.jpg\",\"datePublished\":\"2025-06-14T10:43:39+00:00\",\"dateModified\":\"2026-01-04T18:22:25+00:00\",\"description\":\"Pio Cesare Barolo Pio DOCG 2020: krachtig, fluwelig en verfijnd. Top-Barolo uit Piemonte met 14,5% alcohol en rijke smaaklagen.\",\"breadcrumb\":{\"@id\":\"https:\\\/\\\/wijnhuis-mana.nl\\\/fr\\\/product\\\/pio-cesare-barolo-pio-docg\\\/#breadcrumb\"},\"inLanguage\":\"fr-FR\",\"potentialAction\":[{\"@type\":\"ReadAction\",\"target\":[\"https:\\\/\\\/wijnhuis-mana.nl\\\/fr\\\/product\\\/pio-cesare-barolo-pio-docg\\\/\"]}]},{\"@type\":\"ImageObject\",\"inLanguage\":\"fr-FR\",\"@id\":\"https:\\\/\\\/wijnhuis-mana.nl\\\/fr\\\/product\\\/pio-cesare-barolo-pio-docg\\\/#primaryimage\",\"url\":\"https:\\\/\\\/wijnhuis-mana.nl\\\/wp-content\\\/uploads\\\/2025\\\/06\\\/Pio-Cesare-Barolo-Pio-DOCG.jpg\",\"contentUrl\":\"https:\\\/\\\/wijnhuis-mana.nl\\\/wp-content\\\/uploads\\\/2025\\\/06\\\/Pio-Cesare-Barolo-Pio-DOCG.jpg\",\"width\":800,\"height\":800,\"caption\":\"Pio Cesare Barolo Pio DOCG 2020: krachtig, fluwelig en verfijnd. Top-Barolo uit Piemonte met 14,5% alcohol en rijke smaaklagen.\"},{\"@type\":\"BreadcrumbList\",\"@id\":\"https:\\\/\\\/wijnhuis-mana.nl\\\/fr\\\/product\\\/pio-cesare-barolo-pio-docg\\\/#breadcrumb\",\"itemListElement\":[{\"@type\":\"ListItem\",\"position\":1,\"name\":\"Home\",\"item\":\"https:\\\/\\\/wijnhuis-mana.nl\\\/fr\\\/\"},{\"@type\":\"ListItem\",\"position\":2,\"name\":\"Boutique\",\"item\":\"https:\\\/\\\/wijnhuis-mana.nl\\\/fr\\\/boutique\\\/\"},{\"@type\":\"ListItem\",\"position\":3,\"name\":\"Pio Cesare Barolo Pio DOCG\"}]},{\"@type\":\"WebSite\",\"@id\":\"https:\\\/\\\/wijnhuis-mana.nl\\\/fr\\\/#website\",\"url\":\"https:\\\/\\\/wijnhuis-mana.nl\\\/fr\\\/\",\"name\":\"Wijnhuis-Mana.nl\",\"description\":\"Wijn v\u00e1n liefhebbers, v\u00f3\u00f3r liefhebbers\",\"publisher\":{\"@id\":\"https:\\\/\\\/wijnhuis-mana.nl\\\/fr\\\/#organization\"},\"potentialAction\":[{\"@type\":\"SearchAction\",\"target\":{\"@type\":\"EntryPoint\",\"urlTemplate\":\"https:\\\/\\\/wijnhuis-mana.nl\\\/fr\\\/?s={search_term_string}\"},\"query-input\":{\"@type\":\"PropertyValueSpecification\",\"valueRequired\":true,\"valueName\":\"search_term_string\"}}],\"inLanguage\":\"fr-FR\"},{\"@type\":[\"Organization\",\"Place\"],\"@id\":\"https:\\\/\\\/wijnhuis-mana.nl\\\/fr\\\/#organization\",\"name\":\"Wijnhuis-Mana.nl\",\"url\":\"https:\\\/\\\/wijnhuis-mana.nl\\\/fr\\\/\",\"logo\":{\"@id\":\"https:\\\/\\\/wijnhuis-mana.nl\\\/fr\\\/product\\\/pio-cesare-barolo-pio-docg\\\/#local-main-organization-logo\"},\"image\":{\"@id\":\"https:\\\/\\\/wijnhuis-mana.nl\\\/fr\\\/product\\\/pio-cesare-barolo-pio-docg\\\/#local-main-organization-logo\"},\"sameAs\":[\"https:\\\/\\\/www.facebook.com\\\/wijnhuismana\",\"https:\\\/\\\/www.instagram.com\\\/ghvino.nl\"],\"hasMerchantReturnPolicy\":{\"@type\":\"MerchantReturnPolicy\",\"merchantReturnLink\":\"https:\\\/\\\/wijnhuis-mana.nl\\\/algemene-voorwaarden\\\/\"},\"address\":{\"@id\":\"https:\\\/\\\/wijnhuis-mana.nl\\\/fr\\\/product\\\/pio-cesare-barolo-pio-docg\\\/#local-main-place-address\"},\"telephone\":[\"0299-769018\"],\"openingHoursSpecification\":[{\"@type\":\"OpeningHoursSpecification\",\"dayOfWeek\":[\"Monday\",\"Sunday\"],\"opens\":\"00:00\",\"closes\":\"00:00\"},{\"@type\":\"OpeningHoursSpecification\",\"dayOfWeek\":[\"Tuesday\"],\"opens\":\"10:00\",\"closes\":\"18:00\"},{\"@type\":\"OpeningHoursSpecification\",\"dayOfWeek\":[\"Wednesday\",\"Thursday\",\"Saturday\"],\"opens\":\"11:00\",\"closes\":\"18:00\"},{\"@type\":\"OpeningHoursSpecification\",\"dayOfWeek\":[\"Friday\"],\"opens\":\"11:00\",\"closes\":\"21:00\"}],\"email\":\"info@wijnhuis-mana.nl\",\"areaServed\":\"Nederland\",\"vatID\":\"NL58KNAB0255573782\",\"taxID\":\"NL58KNAB0255573782\"},{\"@type\":\"PostalAddress\",\"@id\":\"https:\\\/\\\/wijnhuis-mana.nl\\\/fr\\\/product\\\/pio-cesare-barolo-pio-docg\\\/#local-main-place-address\",\"streetAddress\":\"Weerwal 11\",\"addressLocality\":\"Purmerend\",\"postalCode\":\"1441 AL\",\"addressRegion\":\"Noord-Holland\",\"addressCountry\":\"NL\"},{\"@type\":\"ImageObject\",\"inLanguage\":\"fr-FR\",\"@id\":\"https:\\\/\\\/wijnhuis-mana.nl\\\/fr\\\/product\\\/pio-cesare-barolo-pio-docg\\\/#local-main-organization-logo\",\"url\":\"https:\\\/\\\/wijnhuis-mana.nl\\\/wp-content\\\/uploads\\\/2022\\\/01\\\/Logo_Wijnhuis-Mana_Kleur.jpg\",\"contentUrl\":\"https:\\\/\\\/wijnhuis-mana.nl\\\/wp-content\\\/uploads\\\/2022\\\/01\\\/Logo_Wijnhuis-Mana_Kleur.jpg\",\"width\":400,\"height\":111,\"caption\":\"Wijnhuis-Mana.nl\"}]}<\/script>\n<meta property=\"product:price:amount\" content=\"84.95\" \/>\n<meta property=\"product:price:currency\" content=\"EUR\" \/>\n<meta property=\"og:availability\" content=\"instock\" \/>\n<meta property=\"product:availability\" content=\"instock\" \/>\n<meta property=\"product:retailer_item_id\" content=\"8014629012018\" \/>\n<meta property=\"product:condition\" content=\"new\" \/>\n<meta name=\"geo.placename\" content=\"Purmerend\" \/>\n<meta name=\"geo.region\" content=\"Netherlands\" \/>\n<!-- \/ Yoast SEO Premium plugin. -->","yoast_head_json":{"title":"Pio Cesare Barolo Pio DOCG \u2013 Klassieke Barolo met finesse","description":"Pio Cesare Barolo Pio DOCG 2020: krachtig, fluwelig en verfijnd. Top-Barolo uit Piemonte met 14,5% alcohol en rijke smaaklagen.","robots":{"index":"index","follow":"follow","max-snippet":"max-snippet:-1","max-image-preview":"max-image-preview:large","max-video-preview":"max-video-preview:-1"},"canonical":"https:\/\/wijnhuis-mana.nl\/fr\/product\/pio-cesare-barolo-pio-docg\/","og_locale":"fr_FR","og_type":"article","og_title":"Pio Cesare Barolo Pio DOCG","og_description":"Pio Cesare Barolo Pio DOCG 2020: krachtig, fluwelig en verfijnd. Top-Barolo uit Piemonte met 14,5% alcohol en rijke smaaklagen.","og_url":"https:\/\/wijnhuis-mana.nl\/fr\/product\/pio-cesare-barolo-pio-docg\/","og_site_name":"Wijnhuis-Mana.nl","article_publisher":"https:\/\/www.facebook.com\/wijnhuismana","article_modified_time":"2026-01-04T18:22:25+00:00","og_image":[{"width":800,"height":800,"url":"https:\/\/wijnhuis-mana.nl\/wp-content\/uploads\/2025\/06\/Pio-Cesare-Barolo-Pio-DOCG.jpg","type":"image\/jpeg"}],"twitter_card":"summary_large_image","twitter_misc":{"Price":"&euro;&nbsp;84,95","Availability":"In stock"},"schema":{"@context":"https:\/\/schema.org","@graph":[{"@type":"WebPage","@id":"https:\/\/wijnhuis-mana.nl\/fr\/product\/pio-cesare-barolo-pio-docg\/","url":"https:\/\/wijnhuis-mana.nl\/fr\/product\/pio-cesare-barolo-pio-docg\/","name":"Pio Cesare Barolo Pio DOCG \u2013 Klassieke Barolo met finesse","isPartOf":{"@id":"https:\/\/wijnhuis-mana.nl\/fr\/#website"},"primaryImageOfPage":{"@id":"https:\/\/wijnhuis-mana.nl\/fr\/product\/pio-cesare-barolo-pio-docg\/#primaryimage"},"image":{"@id":"https:\/\/wijnhuis-mana.nl\/fr\/product\/pio-cesare-barolo-pio-docg\/#primaryimage"},"thumbnailUrl":"https:\/\/wijnhuis-mana.nl\/wp-content\/uploads\/2025\/06\/Pio-Cesare-Barolo-Pio-DOCG.jpg","datePublished":"2025-06-14T10:43:39+00:00","dateModified":"2026-01-04T18:22:25+00:00","description":"Pio Cesare Barolo Pio DOCG 2020: krachtig, fluwelig en verfijnd. Top-Barolo uit Piemonte met 14,5% alcohol en rijke smaaklagen.","breadcrumb":{"@id":"https:\/\/wijnhuis-mana.nl\/fr\/product\/pio-cesare-barolo-pio-docg\/#breadcrumb"},"inLanguage":"fr-FR","potentialAction":[{"@type":"ReadAction","target":["https:\/\/wijnhuis-mana.nl\/fr\/product\/pio-cesare-barolo-pio-docg\/"]}]},{"@type":"ImageObject","inLanguage":"fr-FR","@id":"https:\/\/wijnhuis-mana.nl\/fr\/product\/pio-cesare-barolo-pio-docg\/#primaryimage","url":"https:\/\/wijnhuis-mana.nl\/wp-content\/uploads\/2025\/06\/Pio-Cesare-Barolo-Pio-DOCG.jpg","contentUrl":"https:\/\/wijnhuis-mana.nl\/wp-content\/uploads\/2025\/06\/Pio-Cesare-Barolo-Pio-DOCG.jpg","width":800,"height":800,"caption":"Pio Cesare Barolo Pio DOCG 2020: krachtig, fluwelig en verfijnd. Top-Barolo uit Piemonte met 14,5% alcohol en rijke smaaklagen."},{"@type":"BreadcrumbList","@id":"https:\/\/wijnhuis-mana.nl\/fr\/product\/pio-cesare-barolo-pio-docg\/#breadcrumb","itemListElement":[{"@type":"ListItem","position":1,"name":"Home","item":"https:\/\/wijnhuis-mana.nl\/fr\/"},{"@type":"ListItem","position":2,"name":"Boutique","item":"https:\/\/wijnhuis-mana.nl\/fr\/boutique\/"},{"@type":"ListItem","position":3,"name":"Pio Cesare Barolo Pio DOCG"}]},{"@type":"WebSite","@id":"https:\/\/wijnhuis-mana.nl\/fr\/#website","url":"https:\/\/wijnhuis-mana.nl\/fr\/","name":"Wijnhuis-Mana.nl","description":"Wijn v\u00e1n liefhebbers, v\u00f3\u00f3r liefhebbers","publisher":{"@id":"https:\/\/wijnhuis-mana.nl\/fr\/#organization"},"potentialAction":[{"@type":"SearchAction","target":{"@type":"EntryPoint","urlTemplate":"https:\/\/wijnhuis-mana.nl\/fr\/?s={search_term_string}"},"query-input":{"@type":"PropertyValueSpecification","valueRequired":true,"valueName":"search_term_string"}}],"inLanguage":"fr-FR"},{"@type":["Organization","Place"],"@id":"https:\/\/wijnhuis-mana.nl\/fr\/#organization","name":"Wijnhuis-Mana.nl","url":"https:\/\/wijnhuis-mana.nl\/fr\/","logo":{"@id":"https:\/\/wijnhuis-mana.nl\/fr\/product\/pio-cesare-barolo-pio-docg\/#local-main-organization-logo"},"image":{"@id":"https:\/\/wijnhuis-mana.nl\/fr\/product\/pio-cesare-barolo-pio-docg\/#local-main-organization-logo"},"sameAs":["https:\/\/www.facebook.com\/wijnhuismana","https:\/\/www.instagram.com\/ghvino.nl"],"hasMerchantReturnPolicy":{"@type":"MerchantReturnPolicy","merchantReturnLink":"https:\/\/wijnhuis-mana.nl\/algemene-voorwaarden\/"},"address":{"@id":"https:\/\/wijnhuis-mana.nl\/fr\/product\/pio-cesare-barolo-pio-docg\/#local-main-place-address"},"telephone":["0299-769018"],"openingHoursSpecification":[{"@type":"OpeningHoursSpecification","dayOfWeek":["Monday","Sunday"],"opens":"00:00","closes":"00:00"},{"@type":"OpeningHoursSpecification","dayOfWeek":["Tuesday"],"opens":"10:00","closes":"18:00"},{"@type":"OpeningHoursSpecification","dayOfWeek":["Wednesday","Thursday","Saturday"],"opens":"11:00","closes":"18:00"},{"@type":"OpeningHoursSpecification","dayOfWeek":["Friday"],"opens":"11:00","closes":"21:00"}],"email":"info@wijnhuis-mana.nl","areaServed":"Nederland","vatID":"NL58KNAB0255573782","taxID":"NL58KNAB0255573782"},{"@type":"PostalAddress","@id":"https:\/\/wijnhuis-mana.nl\/fr\/product\/pio-cesare-barolo-pio-docg\/#local-main-place-address","streetAddress":"Weerwal 11","addressLocality":"Purmerend","postalCode":"1441 AL","addressRegion":"Noord-Holland","addressCountry":"NL"},{"@type":"ImageObject","inLanguage":"fr-FR","@id":"https:\/\/wijnhuis-mana.nl\/fr\/product\/pio-cesare-barolo-pio-docg\/#local-main-organization-logo","url":"https:\/\/wijnhuis-mana.nl\/wp-content\/uploads\/2022\/01\/Logo_Wijnhuis-Mana_Kleur.jpg","contentUrl":"https:\/\/wijnhuis-mana.nl\/wp-content\/uploads\/2022\/01\/Logo_Wijnhuis-Mana_Kleur.jpg","width":400,"height":111,"caption":"Wijnhuis-Mana.nl"}]},"product_price_amount":"84.95","product_price_currency":"EUR","og_availability":"instock","product_availability":"instock","product_retailer_item_id":"8014629012018","product_condition":"new","geo.placename":"Purmerend","geo.region":"Netherlands"},"post_mailing_queue_ids":[],"_links":{"self":[{"href":"https:\/\/wijnhuis-mana.nl\/fr\/wp-json\/wp\/v2\/product\/15868","targetHints":{"allow":["GET"]}}],"collection":[{"href":"https:\/\/wijnhuis-mana.nl\/fr\/wp-json\/wp\/v2\/product"}],"about":[{"href":"https:\/\/wijnhuis-mana.nl\/fr\/wp-json\/wp\/v2\/types\/product"}],"replies":[{"embeddable":true,"href":"https:\/\/wijnhuis-mana.nl\/fr\/wp-json\/wp\/v2\/comments?post=15868"}],"wp:featuredmedia":[{"embeddable":true,"href":"https:\/\/wijnhuis-mana.nl\/fr\/wp-json\/wp\/v2\/media\/16028"}],"wp:attachment":[{"href":"https:\/\/wijnhuis-mana.nl\/fr\/wp-json\/wp\/v2\/media?parent=15868"}],"wp:term":[{"taxonomy":"product_brand","embeddable":true,"href":"https:\/\/wijnhuis-mana.nl\/fr\/wp-json\/wp\/v2\/product_brand?post=15868"},{"taxonomy":"product_cat","embeddable":true,"href":"https:\/\/wijnhuis-mana.nl\/fr\/wp-json\/wp\/v2\/product_cat?post=15868"},{"taxonomy":"product_tag","embeddable":true,"href":"https:\/\/wijnhuis-mana.nl\/fr\/wp-json\/wp\/v2\/product_tag?post=15868"}],"curies":[{"name":"wp","href":"https:\/\/api.w.org\/{rel}","templated":true}]}}