{"id":16064,"date":"2025-06-16T15:34:36","date_gmt":"2025-06-16T13:34:36","guid":{"rendered":"https:\/\/wijnhuis-mana.nl\/?post_type=product&#038;p=16064"},"modified":"2025-08-05T13:35:01","modified_gmt":"2025-08-05T11:35:01","slug":"hongaarse-wijnproeverij-donderdag-10-juli-2025","status":"publish","type":"product","link":"https:\/\/wijnhuis-mana.nl\/fr\/product\/hongaarse-wijnproeverij-donderdag-10-juli-2025\/","title":{"rendered":"Hongaarse Wijnproeverij \u2013 Donderdag 10 juli 2025 | Wijnhuis Mana, Purmerend"},"content":{"rendered":"<h4 class=\"ai-optimize-48\" data-start=\"885\" data-end=\"941\">Hongaarse wijnproeverij in Purmerend \u2013 10 juli 2025<\/h4>\n<p class=\"ai-optimize-49 ai-optimize-introduction\" data-start=\"943\" data-end=\"1205\">Op donderdag 10 juli organiseert Wijnhuis Mana een bijzondere <strong data-start=\"1005\" data-end=\"1045\">Hongaarse wijnproeverij in Purmerend<\/strong>. Deze avond laat wijnmaker <strong data-start=\"1073\" data-end=\"1088\">Cisca Ansem<\/strong> je kennismaken met vijf pure wijnen van haar wijngoed <strong data-start=\"1143\" data-end=\"1153\">Hegyem<\/strong>, gelegen in de Hongaarse heuvels bij Gy\u00fcm\u00f6lcs\u00e9ny.<\/p>\n<p class=\"ai-optimize-50\" data-start=\"1207\" data-end=\"1430\">Onder het genot van kleine, bijpassende hapjes vertelt Cisca het verhaal van haar wijngaard, het wijnmaken en het leven op de Sz\u0151l\u0151hegy. Haar persoonlijke aanpak, duurzame visie en liefde voor de plek proef je in elke slok.<\/p>\n<hr data-start=\"1432\" data-end=\"1435\" \/>\n<h4 class=\"ai-optimize-51\" data-start=\"1437\" data-end=\"1465\">Wat je kunt verwachten:<\/h4>\n<ul data-start=\"1467\" data-end=\"1742\">\n<li class=\"ai-optimize-52\" data-start=\"1467\" data-end=\"1520\">\n<p class=\"ai-optimize-53\" data-start=\"1469\" data-end=\"1520\">\ud83d\udccd Locatie: Wijnhuis Mana, Weerwal 11a, Purmerend<\/p>\n<\/li>\n<li class=\"ai-optimize-54\" data-start=\"1521\" data-end=\"1557\">\n<p class=\"ai-optimize-55\" data-start=\"1523\" data-end=\"1557\">\ud83d\udcc5 Datum: Donderdag 10 juli 2025<\/p>\n<\/li>\n<li class=\"ai-optimize-56\" data-start=\"1558\" data-end=\"1584\">\n<p class=\"ai-optimize-57\" data-start=\"1560\" data-end=\"1584\">\ud83d\udd56 Tijd: 19:00 \u2013 21:00<\/p>\n<\/li>\n<li class=\"ai-optimize-58\" data-start=\"1585\" data-end=\"1625\">\n<p class=\"ai-optimize-59\" data-start=\"1587\" data-end=\"1625\">\ud83c\udf77 Proeverij van 5 wijnen van Hegyem<\/p>\n<\/li>\n<li class=\"ai-optimize-60\" data-start=\"1626\" data-end=\"1663\">\n<p class=\"ai-optimize-61\" data-start=\"1628\" data-end=\"1663\">\ud83c\udf7d\ufe0f Kleine hapjes ter begeleiding<\/p>\n<\/li>\n<li class=\"ai-optimize-62\" data-start=\"1664\" data-end=\"1709\">\n<p class=\"ai-optimize-63\" data-start=\"1666\" data-end=\"1709\">\ud83e\uddd1\u200d\ud83c\udf3e Begeleid door wijnmaker Cisca Ansem<\/p>\n<\/li>\n<li class=\"ai-optimize-64\" data-start=\"1710\" data-end=\"1742\">\n<p class=\"ai-optimize-65\" data-start=\"1712\" data-end=\"1742\">\ud83d\udcb3 Prijs: \u20ac 35,- per persoon<\/p>\n<\/li>\n<\/ul>\n<hr data-start=\"1744\" data-end=\"1747\" \/>\n<h4 class=\"ai-optimize-66\" data-start=\"1749\" data-end=\"1779\">Over Hegyem &amp; Cisca Ansem<\/h4>\n<p class=\"ai-optimize-67\" data-start=\"1781\" data-end=\"2000\">In 2005 werd Cisca op slag verliefd op de Sz\u0151l\u0151hegy: een vervallen wijngaard op een heuvel in Zuid-Hongarije. Ze besloot het land nieuw leven in te blazen met hulp van het dorp Gy\u00fcm\u00f6lcs\u00e9ny en de \u2018Vrienden van Hegyem\u2019.<\/p>\n<p class=\"ai-optimize-68\" data-start=\"2002\" data-end=\"2216\">Het wijngoed Hegyem (Hongaars voor <em data-start=\"2037\" data-end=\"2048\">mijn berg<\/em>) is inmiddels 1,2 hectare groot. Cisca en haar team produceren karaktervolle wijnen met respect voor natuur, mens en traditie. Kwaliteit staat altijd boven kwantiteit.<\/p>\n<hr data-start=\"2264\" data-end=\"2267\" \/>\n<p class=\"ai-optimize-69\" data-start=\"2269\" data-end=\"2426\">\n\ud83c\udf9f\ufe0f <strong data-start=\"2273\" data-end=\"2289\">Reserveer nu<\/strong><br data-start=\"2289\" data-end=\"2292\" \/>Het aantal plekken voor deze Hongaarse wijnproeverij in Purmerend is beperkt. Koop je ticket vandaag nog en proef de magie van Hegyem.<\/p>\n","protected":false},"excerpt":{"rendered":"<p class=\"ai-optimize-18\">Beleef een unieke Hongaarse wijnproeverij in Purmerend op 10 juli. Proef 5 Hegyem-wijnen met hapjes en uitleg van wijnmaker Cisca Ansem. \u20ac 35,- p.p.<\/p>\n","protected":false},"featured_media":298,"comment_status":"open","ping_status":"closed","template":"","meta":[],"product_brand":[],"product_cat":[2925],"product_tag":[1094,1938,1095,316,1029,1934,1937,1935,557,1936],"class_list":{"0":"post-16064","1":"product","2":"type-product","3":"status-publish","4":"has-post-thumbnail","6":"product_cat-proeverijen","7":"product_tag-cisca-ansem","8":"product_tag-europese-wijnen","9":"product_tag-hegyem","10":"product_tag-hongaarse-wijn","11":"product_tag-natuurlijke-wijn","12":"product_tag-purmerend","13":"product_tag-wijn-event","14":"product_tag-wijnhuis-mana","15":"product_tag-wijnproeverij","16":"product_tag-zomer-2025","18":"first","19":"outofstock","20":"virtual","21":"taxable","22":"purchasable","23":"product-type-simple"},"yoast_head":"<!-- This site is optimized with the Yoast SEO Premium plugin v27.5 (Yoast SEO v27.5) - https:\/\/yoast.com\/product\/yoast-seo-premium-wordpress\/ -->\n<title>Hongaarse Wijnproeverij Purmerend \u2013 10 juli 2025 | Hegyem Wijnen<\/title>\n<meta name=\"description\" content=\"Bezoek de Hongaarse wijnproeverij Purmerend op 10 juli met wijnmaker Cisca Ansem. Proef 5 Hegyem-wijnen en geniet van lokale hapjes!\" \/>\n<meta name=\"robots\" content=\"index, follow, max-snippet:-1, max-image-preview:large, max-video-preview:-1\" \/>\n<link rel=\"canonical\" href=\"https:\/\/wijnhuis-mana.nl\/fr\/product\/hongaarse-wijnproeverij-donderdag-10-juli-2025\/\" \/>\n<meta property=\"og:locale\" content=\"fr_FR\" \/>\n<meta property=\"og:type\" content=\"article\" \/>\n<meta property=\"og:title\" content=\"Hongaarse Wijnproeverij \u2013 Donderdag 10 juli 2025 | Wijnhuis Mana, Purmerend\" \/>\n<meta property=\"og:description\" content=\"Bezoek de Hongaarse wijnproeverij Purmerend op 10 juli met wijnmaker Cisca Ansem. Proef 5 Hegyem-wijnen en geniet van lokale hapjes!\" \/>\n<meta property=\"og:url\" content=\"https:\/\/wijnhuis-mana.nl\/fr\/product\/hongaarse-wijnproeverij-donderdag-10-juli-2025\/\" \/>\n<meta property=\"og:site_name\" content=\"Wijnhuis-Mana.nl\" \/>\n<meta property=\"article:publisher\" content=\"https:\/\/www.facebook.com\/wijnhuismana\" \/>\n<meta property=\"article:modified_time\" content=\"2025-08-05T11:35:01+00:00\" \/>\n<meta property=\"og:image\" content=\"https:\/\/wijnhuis-mana.nl\/wp-content\/uploads\/2022\/01\/Wijn-proeverij-web.jpg\" \/>\n\t<meta property=\"og:image:width\" content=\"375\" \/>\n\t<meta property=\"og:image:height\" content=\"250\" \/>\n\t<meta property=\"og:image:type\" content=\"image\/jpeg\" \/>\n<meta name=\"twitter:card\" content=\"summary_large_image\" \/>\n<meta name=\"twitter:label1\" content=\"Price\" \/>\n\t<meta name=\"twitter:data1\" content=\"&euro;&nbsp;35,00\" \/>\n\t<meta name=\"twitter:label2\" content=\"Availability\" \/>\n\t<meta name=\"twitter:data2\" content=\"Out of stock\" \/>\n<script type=\"application\/ld+json\" class=\"yoast-schema-graph\">{\"@context\":\"https:\\\/\\\/schema.org\",\"@graph\":[{\"@type\":\"WebPage\",\"@id\":\"https:\\\/\\\/wijnhuis-mana.nl\\\/fr\\\/product\\\/hongaarse-wijnproeverij-donderdag-10-juli-2025\\\/\",\"url\":\"https:\\\/\\\/wijnhuis-mana.nl\\\/fr\\\/product\\\/hongaarse-wijnproeverij-donderdag-10-juli-2025\\\/\",\"name\":\"Hongaarse Wijnproeverij Purmerend \u2013 10 juli 2025 | Hegyem Wijnen\",\"isPartOf\":{\"@id\":\"https:\\\/\\\/wijnhuis-mana.nl\\\/fr\\\/#website\"},\"primaryImageOfPage\":{\"@id\":\"https:\\\/\\\/wijnhuis-mana.nl\\\/fr\\\/product\\\/hongaarse-wijnproeverij-donderdag-10-juli-2025\\\/#primaryimage\"},\"image\":{\"@id\":\"https:\\\/\\\/wijnhuis-mana.nl\\\/fr\\\/product\\\/hongaarse-wijnproeverij-donderdag-10-juli-2025\\\/#primaryimage\"},\"thumbnailUrl\":\"https:\\\/\\\/wijnhuis-mana.nl\\\/wp-content\\\/uploads\\\/2022\\\/01\\\/Wijn-proeverij-web.jpg\",\"datePublished\":\"2025-06-16T13:34:36+00:00\",\"dateModified\":\"2025-08-05T11:35:01+00:00\",\"description\":\"Bezoek de Hongaarse wijnproeverij Purmerend op 10 juli met wijnmaker Cisca Ansem. Proef 5 Hegyem-wijnen en geniet van lokale hapjes!\",\"breadcrumb\":{\"@id\":\"https:\\\/\\\/wijnhuis-mana.nl\\\/fr\\\/product\\\/hongaarse-wijnproeverij-donderdag-10-juli-2025\\\/#breadcrumb\"},\"inLanguage\":\"fr-FR\",\"potentialAction\":[{\"@type\":\"ReadAction\",\"target\":[\"https:\\\/\\\/wijnhuis-mana.nl\\\/fr\\\/product\\\/hongaarse-wijnproeverij-donderdag-10-juli-2025\\\/\"]}]},{\"@type\":\"ImageObject\",\"inLanguage\":\"fr-FR\",\"@id\":\"https:\\\/\\\/wijnhuis-mana.nl\\\/fr\\\/product\\\/hongaarse-wijnproeverij-donderdag-10-juli-2025\\\/#primaryimage\",\"url\":\"https:\\\/\\\/wijnhuis-mana.nl\\\/wp-content\\\/uploads\\\/2022\\\/01\\\/Wijn-proeverij-web.jpg\",\"contentUrl\":\"https:\\\/\\\/wijnhuis-mana.nl\\\/wp-content\\\/uploads\\\/2022\\\/01\\\/Wijn-proeverij-web.jpg\",\"width\":375,\"height\":250,\"caption\":\"Neem deel aan deze wijnproeverij en prikkel je zintuigen met het proeven van een 8-tal wijnen uit verschillende landen en streken.\"},{\"@type\":\"BreadcrumbList\",\"@id\":\"https:\\\/\\\/wijnhuis-mana.nl\\\/fr\\\/product\\\/hongaarse-wijnproeverij-donderdag-10-juli-2025\\\/#breadcrumb\",\"itemListElement\":[{\"@type\":\"ListItem\",\"position\":1,\"name\":\"Home\",\"item\":\"https:\\\/\\\/wijnhuis-mana.nl\\\/fr\\\/\"},{\"@type\":\"ListItem\",\"position\":2,\"name\":\"Boutique\",\"item\":\"https:\\\/\\\/wijnhuis-mana.nl\\\/fr\\\/boutique\\\/\"},{\"@type\":\"ListItem\",\"position\":3,\"name\":\"Hongaarse Wijnproeverij \u2013 Donderdag 10 juli 2025 | Wijnhuis Mana, Purmerend\"}]},{\"@type\":\"WebSite\",\"@id\":\"https:\\\/\\\/wijnhuis-mana.nl\\\/fr\\\/#website\",\"url\":\"https:\\\/\\\/wijnhuis-mana.nl\\\/fr\\\/\",\"name\":\"Wijnhuis-Mana.nl\",\"description\":\"Wijn v\u00e1n liefhebbers, v\u00f3\u00f3r liefhebbers\",\"publisher\":{\"@id\":\"https:\\\/\\\/wijnhuis-mana.nl\\\/fr\\\/#organization\"},\"potentialAction\":[{\"@type\":\"SearchAction\",\"target\":{\"@type\":\"EntryPoint\",\"urlTemplate\":\"https:\\\/\\\/wijnhuis-mana.nl\\\/fr\\\/?s={search_term_string}\"},\"query-input\":{\"@type\":\"PropertyValueSpecification\",\"valueRequired\":true,\"valueName\":\"search_term_string\"}}],\"inLanguage\":\"fr-FR\"},{\"@type\":[\"Organization\",\"Place\"],\"@id\":\"https:\\\/\\\/wijnhuis-mana.nl\\\/fr\\\/#organization\",\"name\":\"Wijnhuis-Mana.nl\",\"url\":\"https:\\\/\\\/wijnhuis-mana.nl\\\/fr\\\/\",\"logo\":{\"@id\":\"https:\\\/\\\/wijnhuis-mana.nl\\\/fr\\\/product\\\/hongaarse-wijnproeverij-donderdag-10-juli-2025\\\/#local-main-organization-logo\"},\"image\":{\"@id\":\"https:\\\/\\\/wijnhuis-mana.nl\\\/fr\\\/product\\\/hongaarse-wijnproeverij-donderdag-10-juli-2025\\\/#local-main-organization-logo\"},\"sameAs\":[\"https:\\\/\\\/www.facebook.com\\\/wijnhuismana\",\"https:\\\/\\\/www.instagram.com\\\/ghvino.nl\"],\"hasMerchantReturnPolicy\":{\"@type\":\"MerchantReturnPolicy\",\"merchantReturnLink\":\"https:\\\/\\\/wijnhuis-mana.nl\\\/algemene-voorwaarden\\\/\"},\"address\":{\"@id\":\"https:\\\/\\\/wijnhuis-mana.nl\\\/fr\\\/product\\\/hongaarse-wijnproeverij-donderdag-10-juli-2025\\\/#local-main-place-address\"},\"telephone\":[\"0299-769018\"],\"openingHoursSpecification\":[{\"@type\":\"OpeningHoursSpecification\",\"dayOfWeek\":[\"Monday\",\"Sunday\"],\"opens\":\"00:00\",\"closes\":\"00:00\"},{\"@type\":\"OpeningHoursSpecification\",\"dayOfWeek\":[\"Tuesday\"],\"opens\":\"10:00\",\"closes\":\"18:00\"},{\"@type\":\"OpeningHoursSpecification\",\"dayOfWeek\":[\"Wednesday\",\"Thursday\",\"Saturday\"],\"opens\":\"11:00\",\"closes\":\"18:00\"},{\"@type\":\"OpeningHoursSpecification\",\"dayOfWeek\":[\"Friday\"],\"opens\":\"11:00\",\"closes\":\"21:00\"}],\"email\":\"info@wijnhuis-mana.nl\",\"areaServed\":\"Nederland\",\"vatID\":\"NL58KNAB0255573782\",\"taxID\":\"NL58KNAB0255573782\"},{\"@type\":\"PostalAddress\",\"@id\":\"https:\\\/\\\/wijnhuis-mana.nl\\\/fr\\\/product\\\/hongaarse-wijnproeverij-donderdag-10-juli-2025\\\/#local-main-place-address\",\"streetAddress\":\"Weerwal 11\",\"addressLocality\":\"Purmerend\",\"postalCode\":\"1441 AL\",\"addressRegion\":\"Noord-Holland\",\"addressCountry\":\"NL\"},{\"@type\":\"ImageObject\",\"inLanguage\":\"fr-FR\",\"@id\":\"https:\\\/\\\/wijnhuis-mana.nl\\\/fr\\\/product\\\/hongaarse-wijnproeverij-donderdag-10-juli-2025\\\/#local-main-organization-logo\",\"url\":\"https:\\\/\\\/wijnhuis-mana.nl\\\/wp-content\\\/uploads\\\/2022\\\/01\\\/Logo_Wijnhuis-Mana_Kleur.jpg\",\"contentUrl\":\"https:\\\/\\\/wijnhuis-mana.nl\\\/wp-content\\\/uploads\\\/2022\\\/01\\\/Logo_Wijnhuis-Mana_Kleur.jpg\",\"width\":400,\"height\":111,\"caption\":\"Wijnhuis-Mana.nl\"}]}<\/script>\n<meta property=\"product:price:amount\" content=\"35.00\" \/>\n<meta property=\"product:price:currency\" content=\"EUR\" \/>\n<meta property=\"og:availability\" content=\"out of stock\" \/>\n<meta property=\"product:availability\" content=\"out of stock\" \/>\n<meta property=\"product:retailer_item_id\" content=\"wijnproeverij_10072025\" \/>\n<meta property=\"product:condition\" content=\"new\" \/>\n<meta name=\"geo.placename\" content=\"Purmerend\" \/>\n<meta name=\"geo.region\" content=\"Netherlands\" \/>\n<!-- \/ Yoast SEO Premium plugin. -->","yoast_head_json":{"title":"Hongaarse Wijnproeverij Purmerend \u2013 10 juli 2025 | Hegyem Wijnen","description":"Bezoek de Hongaarse wijnproeverij Purmerend op 10 juli met wijnmaker Cisca Ansem. Proef 5 Hegyem-wijnen en geniet van lokale hapjes!","robots":{"index":"index","follow":"follow","max-snippet":"max-snippet:-1","max-image-preview":"max-image-preview:large","max-video-preview":"max-video-preview:-1"},"canonical":"https:\/\/wijnhuis-mana.nl\/fr\/product\/hongaarse-wijnproeverij-donderdag-10-juli-2025\/","og_locale":"fr_FR","og_type":"article","og_title":"Hongaarse Wijnproeverij \u2013 Donderdag 10 juli 2025 | Wijnhuis Mana, Purmerend","og_description":"Bezoek de Hongaarse wijnproeverij Purmerend op 10 juli met wijnmaker Cisca Ansem. Proef 5 Hegyem-wijnen en geniet van lokale hapjes!","og_url":"https:\/\/wijnhuis-mana.nl\/fr\/product\/hongaarse-wijnproeverij-donderdag-10-juli-2025\/","og_site_name":"Wijnhuis-Mana.nl","article_publisher":"https:\/\/www.facebook.com\/wijnhuismana","article_modified_time":"2025-08-05T11:35:01+00:00","og_image":[{"width":375,"height":250,"url":"https:\/\/wijnhuis-mana.nl\/wp-content\/uploads\/2022\/01\/Wijn-proeverij-web.jpg","type":"image\/jpeg"}],"twitter_card":"summary_large_image","twitter_misc":{"Price":"&euro;&nbsp;35,00","Availability":"Out of stock"},"schema":{"@context":"https:\/\/schema.org","@graph":[{"@type":"WebPage","@id":"https:\/\/wijnhuis-mana.nl\/fr\/product\/hongaarse-wijnproeverij-donderdag-10-juli-2025\/","url":"https:\/\/wijnhuis-mana.nl\/fr\/product\/hongaarse-wijnproeverij-donderdag-10-juli-2025\/","name":"Hongaarse Wijnproeverij Purmerend \u2013 10 juli 2025 | Hegyem Wijnen","isPartOf":{"@id":"https:\/\/wijnhuis-mana.nl\/fr\/#website"},"primaryImageOfPage":{"@id":"https:\/\/wijnhuis-mana.nl\/fr\/product\/hongaarse-wijnproeverij-donderdag-10-juli-2025\/#primaryimage"},"image":{"@id":"https:\/\/wijnhuis-mana.nl\/fr\/product\/hongaarse-wijnproeverij-donderdag-10-juli-2025\/#primaryimage"},"thumbnailUrl":"https:\/\/wijnhuis-mana.nl\/wp-content\/uploads\/2022\/01\/Wijn-proeverij-web.jpg","datePublished":"2025-06-16T13:34:36+00:00","dateModified":"2025-08-05T11:35:01+00:00","description":"Bezoek de Hongaarse wijnproeverij Purmerend op 10 juli met wijnmaker Cisca Ansem. Proef 5 Hegyem-wijnen en geniet van lokale hapjes!","breadcrumb":{"@id":"https:\/\/wijnhuis-mana.nl\/fr\/product\/hongaarse-wijnproeverij-donderdag-10-juli-2025\/#breadcrumb"},"inLanguage":"fr-FR","potentialAction":[{"@type":"ReadAction","target":["https:\/\/wijnhuis-mana.nl\/fr\/product\/hongaarse-wijnproeverij-donderdag-10-juli-2025\/"]}]},{"@type":"ImageObject","inLanguage":"fr-FR","@id":"https:\/\/wijnhuis-mana.nl\/fr\/product\/hongaarse-wijnproeverij-donderdag-10-juli-2025\/#primaryimage","url":"https:\/\/wijnhuis-mana.nl\/wp-content\/uploads\/2022\/01\/Wijn-proeverij-web.jpg","contentUrl":"https:\/\/wijnhuis-mana.nl\/wp-content\/uploads\/2022\/01\/Wijn-proeverij-web.jpg","width":375,"height":250,"caption":"Neem deel aan deze wijnproeverij en prikkel je zintuigen met het proeven van een 8-tal wijnen uit verschillende landen en streken."},{"@type":"BreadcrumbList","@id":"https:\/\/wijnhuis-mana.nl\/fr\/product\/hongaarse-wijnproeverij-donderdag-10-juli-2025\/#breadcrumb","itemListElement":[{"@type":"ListItem","position":1,"name":"Home","item":"https:\/\/wijnhuis-mana.nl\/fr\/"},{"@type":"ListItem","position":2,"name":"Boutique","item":"https:\/\/wijnhuis-mana.nl\/fr\/boutique\/"},{"@type":"ListItem","position":3,"name":"Hongaarse Wijnproeverij \u2013 Donderdag 10 juli 2025 | Wijnhuis Mana, Purmerend"}]},{"@type":"WebSite","@id":"https:\/\/wijnhuis-mana.nl\/fr\/#website","url":"https:\/\/wijnhuis-mana.nl\/fr\/","name":"Wijnhuis-Mana.nl","description":"Wijn v\u00e1n liefhebbers, v\u00f3\u00f3r liefhebbers","publisher":{"@id":"https:\/\/wijnhuis-mana.nl\/fr\/#organization"},"potentialAction":[{"@type":"SearchAction","target":{"@type":"EntryPoint","urlTemplate":"https:\/\/wijnhuis-mana.nl\/fr\/?s={search_term_string}"},"query-input":{"@type":"PropertyValueSpecification","valueRequired":true,"valueName":"search_term_string"}}],"inLanguage":"fr-FR"},{"@type":["Organization","Place"],"@id":"https:\/\/wijnhuis-mana.nl\/fr\/#organization","name":"Wijnhuis-Mana.nl","url":"https:\/\/wijnhuis-mana.nl\/fr\/","logo":{"@id":"https:\/\/wijnhuis-mana.nl\/fr\/product\/hongaarse-wijnproeverij-donderdag-10-juli-2025\/#local-main-organization-logo"},"image":{"@id":"https:\/\/wijnhuis-mana.nl\/fr\/product\/hongaarse-wijnproeverij-donderdag-10-juli-2025\/#local-main-organization-logo"},"sameAs":["https:\/\/www.facebook.com\/wijnhuismana","https:\/\/www.instagram.com\/ghvino.nl"],"hasMerchantReturnPolicy":{"@type":"MerchantReturnPolicy","merchantReturnLink":"https:\/\/wijnhuis-mana.nl\/algemene-voorwaarden\/"},"address":{"@id":"https:\/\/wijnhuis-mana.nl\/fr\/product\/hongaarse-wijnproeverij-donderdag-10-juli-2025\/#local-main-place-address"},"telephone":["0299-769018"],"openingHoursSpecification":[{"@type":"OpeningHoursSpecification","dayOfWeek":["Monday","Sunday"],"opens":"00:00","closes":"00:00"},{"@type":"OpeningHoursSpecification","dayOfWeek":["Tuesday"],"opens":"10:00","closes":"18:00"},{"@type":"OpeningHoursSpecification","dayOfWeek":["Wednesday","Thursday","Saturday"],"opens":"11:00","closes":"18:00"},{"@type":"OpeningHoursSpecification","dayOfWeek":["Friday"],"opens":"11:00","closes":"21:00"}],"email":"info@wijnhuis-mana.nl","areaServed":"Nederland","vatID":"NL58KNAB0255573782","taxID":"NL58KNAB0255573782"},{"@type":"PostalAddress","@id":"https:\/\/wijnhuis-mana.nl\/fr\/product\/hongaarse-wijnproeverij-donderdag-10-juli-2025\/#local-main-place-address","streetAddress":"Weerwal 11","addressLocality":"Purmerend","postalCode":"1441 AL","addressRegion":"Noord-Holland","addressCountry":"NL"},{"@type":"ImageObject","inLanguage":"fr-FR","@id":"https:\/\/wijnhuis-mana.nl\/fr\/product\/hongaarse-wijnproeverij-donderdag-10-juli-2025\/#local-main-organization-logo","url":"https:\/\/wijnhuis-mana.nl\/wp-content\/uploads\/2022\/01\/Logo_Wijnhuis-Mana_Kleur.jpg","contentUrl":"https:\/\/wijnhuis-mana.nl\/wp-content\/uploads\/2022\/01\/Logo_Wijnhuis-Mana_Kleur.jpg","width":400,"height":111,"caption":"Wijnhuis-Mana.nl"}]},"product_price_amount":"35.00","product_price_currency":"EUR","og_availability":"out of stock","product_availability":"out of stock","product_retailer_item_id":"wijnproeverij_10072025","product_condition":"new","geo.placename":"Purmerend","geo.region":"Netherlands"},"post_mailing_queue_ids":[],"_links":{"self":[{"href":"https:\/\/wijnhuis-mana.nl\/fr\/wp-json\/wp\/v2\/product\/16064","targetHints":{"allow":["GET"]}}],"collection":[{"href":"https:\/\/wijnhuis-mana.nl\/fr\/wp-json\/wp\/v2\/product"}],"about":[{"href":"https:\/\/wijnhuis-mana.nl\/fr\/wp-json\/wp\/v2\/types\/product"}],"replies":[{"embeddable":true,"href":"https:\/\/wijnhuis-mana.nl\/fr\/wp-json\/wp\/v2\/comments?post=16064"}],"wp:featuredmedia":[{"embeddable":true,"href":"https:\/\/wijnhuis-mana.nl\/fr\/wp-json\/wp\/v2\/media\/298"}],"wp:attachment":[{"href":"https:\/\/wijnhuis-mana.nl\/fr\/wp-json\/wp\/v2\/media?parent=16064"}],"wp:term":[{"taxonomy":"product_brand","embeddable":true,"href":"https:\/\/wijnhuis-mana.nl\/fr\/wp-json\/wp\/v2\/product_brand?post=16064"},{"taxonomy":"product_cat","embeddable":true,"href":"https:\/\/wijnhuis-mana.nl\/fr\/wp-json\/wp\/v2\/product_cat?post=16064"},{"taxonomy":"product_tag","embeddable":true,"href":"https:\/\/wijnhuis-mana.nl\/fr\/wp-json\/wp\/v2\/product_tag?post=16064"}],"curies":[{"name":"wp","href":"https:\/\/api.w.org\/{rel}","templated":true}]}}