{"id":16239,"date":"2025-08-01T20:44:22","date_gmt":"2025-08-01T18:44:22","guid":{"rendered":"https:\/\/wijnhuis-mana.nl\/?post_type=product&#038;p=16239"},"modified":"2026-03-17T14:50:40","modified_gmt":"2026-03-17T13:50:40","slug":"savian-prosecco-spumante-doc-extra-dry-bio","status":"publish","type":"product","link":"https:\/\/wijnhuis-mana.nl\/fr\/product\/savian-prosecco-spumante-doc-extra-dry-bio\/","title":{"rendered":"Savian Prosecco Spumante DOC Extra Dry (bio)"},"content":{"rendered":"<h2 data-start=\"223\" data-end=\"247\">Algemene informatie<\/h2>\n<p data-start=\"248\" data-end=\"651\">Savian Prosecco Spumante DOC Extra Dry is een biologische mousserende wijn, gemaakt van 100% Glera-druiven. De wijn wordt geproduceerd volgens de Charmat-methode, waarbij de tweede gisting plaatsvindt in roestvrijstalen tanks. Hierdoor blijft de frisheid en het fruitige karakter van de druif volledig behouden. De wijn heeft een bleke gele kleur met groene nuances en een verfijnd, levendig karakter.<\/p>\n<h2 data-start=\"653\" data-end=\"670\">Smaakprofiel<\/h2>\n<p data-start=\"671\" data-end=\"921\">In de geur ontdek je frisse tonen van groene appel en subtiele aroma\u2019s van weidebloemen. In de mond is de prosecco goed in balans, met een fijne mousse, een aangename structuur en een zachte, verfrissende afdronk die uitnodigt tot de volgende slok.<\/p>\n<h2 data-start=\"923\" data-end=\"941\">Serveeradvies<\/h2>\n<p data-start=\"942\" data-end=\"996\">Serveer gekoeld op 6\u20138 \u00b0C in een elegant fl\u00fbte-glas.<\/p>\n<h2 data-start=\"998\" data-end=\"1016\">Past goed bij<\/h2>\n<ul data-start=\"1017\" data-end=\"1165\">\n<li data-start=\"1017\" data-end=\"1045\">\n<p data-start=\"1019\" data-end=\"1045\">Als feestelijk aperitief<\/p>\n<\/li>\n<li data-start=\"1046\" data-end=\"1084\">\n<p data-start=\"1048\" data-end=\"1084\">Risotto\u2019s en lichte pastagerechten<\/p>\n<\/li>\n<li data-start=\"1085\" data-end=\"1112\">\n<p data-start=\"1087\" data-end=\"1112\">Schelp- en schaaldieren<\/p>\n<\/li>\n<li data-start=\"1113\" data-end=\"1165\">\n<p data-start=\"1115\" data-end=\"1165\">Desserts zoals appelgebak, jamtaarten en str\u00fcdel<\/p>\n<\/li>\n<\/ul>\n<h2 data-start=\"1167\" data-end=\"1178\">Weetje<\/h2>\n<p data-start=\"1179\" data-end=\"1381\">Savian is een familiebedrijf uit Veneto dat al sinds 1925 kwaliteitswijnen produceert. Sinds de jaren \u201990 zijn zij volledig overgestapt op biologische wijnbouw, waarmee ze pioniers waren in hun regio.<\/p>\n","protected":false},"excerpt":{"rendered":"<p>Savian Prosecco Spumante DOC Extra Dry is een frisse, biologische prosecco met groene appel en bloemige tonen. Ideaal als aperitief of bij lichte gerechten.<\/p>\n<p>\nVivino score:<\/p>\n<div class=\"vivino-widget vivino-wine-card-widget\" data-vivino-widget-type=\"wineWithoutVintage\" data-vivino-wine-id=\"6433227\" data-make-vivino-redirect=\"true\" data-vivino-widget-language=\"en\" data-vivino-widget-layout=\"small_new\">\n  <a target=\"_blank\">Wine name<\/a>\n<\/div>\n","protected":false},"featured_media":16383,"comment_status":"open","ping_status":"closed","template":"","meta":[],"product_brand":[],"product_cat":[2888,2899,2892,2890],"product_tag":[1079,1765,2101,1034,726,2100,1230],"class_list":{"0":"post-16239","1":"product","2":"type-product","3":"status-publish","4":"has-post-thumbnail","6":"product_cat-alle-wijn","7":"product_cat-italiaanse-wijn","8":"product_cat-mousserende-wijn","9":"product_cat-witte-wijn","10":"product_tag-biologische-wijn","11":"product_tag-glera","12":"product_tag-italiaanse-prosecco","13":"product_tag-mousserende-wijn","14":"product_tag-prosecco","15":"product_tag-savian","16":"product_tag-veneto","18":"first","19":"instock","20":"taxable","21":"shipping-taxable","22":"purchasable","23":"product-type-simple"},"yoast_head":"<!-- This site is optimized with the Yoast SEO Premium plugin v27.3 (Yoast SEO v27.3) - https:\/\/yoast.com\/product\/yoast-seo-premium-wordpress\/ -->\n<title>Savian Prosecco Spumante DOC Extra Dry \u2013 biologische prosecco uit Veneto<\/title>\n<meta name=\"description\" content=\"Savian Prosecco Spumante DOC Extra Dry: frisse biologische prosecco met groene appel en bloemige tonen. Perfect als aperitief of bij lichte gerechten.\" \/>\n<meta name=\"robots\" content=\"index, follow, max-snippet:-1, max-image-preview:large, max-video-preview:-1\" \/>\n<link rel=\"canonical\" href=\"https:\/\/wijnhuis-mana.nl\/fr\/product\/savian-prosecco-spumante-doc-extra-dry-bio\/\" \/>\n<meta property=\"og:locale\" content=\"fr_FR\" \/>\n<meta property=\"og:type\" content=\"article\" \/>\n<meta property=\"og:title\" content=\"Savian Prosecco Spumante DOC Extra Dry (bio)\" \/>\n<meta property=\"og:description\" content=\"Savian Prosecco Spumante DOC Extra Dry: frisse biologische prosecco met groene appel en bloemige tonen. Perfect als aperitief of bij lichte gerechten.\" \/>\n<meta property=\"og:url\" content=\"https:\/\/wijnhuis-mana.nl\/fr\/product\/savian-prosecco-spumante-doc-extra-dry-bio\/\" \/>\n<meta property=\"og:site_name\" content=\"Wijnhuis-Mana.nl\" \/>\n<meta property=\"article:publisher\" content=\"https:\/\/www.facebook.com\/wijnhuismana\" \/>\n<meta property=\"article:modified_time\" content=\"2026-03-17T13:50:40+00:00\" \/>\n<meta property=\"og:image\" content=\"https:\/\/wijnhuis-mana.nl\/wp-content\/uploads\/2025\/08\/Savian-Prosecco-Spumante-DOC-Extra-Dry-bio.jpg\" \/>\n\t<meta property=\"og:image:width\" content=\"800\" \/>\n\t<meta property=\"og:image:height\" content=\"800\" \/>\n\t<meta property=\"og:image:type\" content=\"image\/jpeg\" \/>\n<meta name=\"twitter:card\" content=\"summary_large_image\" \/>\n<meta name=\"twitter:label1\" content=\"Price\" \/>\n\t<meta name=\"twitter:data1\" content=\"&euro;&nbsp;10,59\" \/>\n\t<meta name=\"twitter:label2\" content=\"Availability\" \/>\n\t<meta name=\"twitter:data2\" content=\"In stock\" \/>\n<script type=\"application\/ld+json\" class=\"yoast-schema-graph\">{\"@context\":\"https:\\\/\\\/schema.org\",\"@graph\":[{\"@type\":\"WebPage\",\"@id\":\"https:\\\/\\\/wijnhuis-mana.nl\\\/fr\\\/product\\\/savian-prosecco-spumante-doc-extra-dry-bio\\\/\",\"url\":\"https:\\\/\\\/wijnhuis-mana.nl\\\/fr\\\/product\\\/savian-prosecco-spumante-doc-extra-dry-bio\\\/\",\"name\":\"Savian Prosecco Spumante DOC Extra Dry \u2013 biologische prosecco uit Veneto\",\"isPartOf\":{\"@id\":\"https:\\\/\\\/wijnhuis-mana.nl\\\/fr\\\/#website\"},\"primaryImageOfPage\":{\"@id\":\"https:\\\/\\\/wijnhuis-mana.nl\\\/fr\\\/product\\\/savian-prosecco-spumante-doc-extra-dry-bio\\\/#primaryimage\"},\"image\":{\"@id\":\"https:\\\/\\\/wijnhuis-mana.nl\\\/fr\\\/product\\\/savian-prosecco-spumante-doc-extra-dry-bio\\\/#primaryimage\"},\"thumbnailUrl\":\"https:\\\/\\\/wijnhuis-mana.nl\\\/wp-content\\\/uploads\\\/2025\\\/08\\\/Savian-Prosecco-Spumante-DOC-Extra-Dry-bio.jpg\",\"datePublished\":\"2025-08-01T18:44:22+00:00\",\"dateModified\":\"2026-03-17T13:50:40+00:00\",\"description\":\"Savian Prosecco Spumante DOC Extra Dry: frisse biologische prosecco met groene appel en bloemige tonen. Perfect als aperitief of bij lichte gerechten.\",\"breadcrumb\":{\"@id\":\"https:\\\/\\\/wijnhuis-mana.nl\\\/fr\\\/product\\\/savian-prosecco-spumante-doc-extra-dry-bio\\\/#breadcrumb\"},\"inLanguage\":\"fr-FR\",\"potentialAction\":[{\"@type\":\"ReadAction\",\"target\":[\"https:\\\/\\\/wijnhuis-mana.nl\\\/fr\\\/product\\\/savian-prosecco-spumante-doc-extra-dry-bio\\\/\"]}]},{\"@type\":\"ImageObject\",\"inLanguage\":\"fr-FR\",\"@id\":\"https:\\\/\\\/wijnhuis-mana.nl\\\/fr\\\/product\\\/savian-prosecco-spumante-doc-extra-dry-bio\\\/#primaryimage\",\"url\":\"https:\\\/\\\/wijnhuis-mana.nl\\\/wp-content\\\/uploads\\\/2025\\\/08\\\/Savian-Prosecco-Spumante-DOC-Extra-Dry-bio.jpg\",\"contentUrl\":\"https:\\\/\\\/wijnhuis-mana.nl\\\/wp-content\\\/uploads\\\/2025\\\/08\\\/Savian-Prosecco-Spumante-DOC-Extra-Dry-bio.jpg\",\"width\":800,\"height\":800,\"caption\":\"Savian Prosecco Spumante DOC Extra Dry: frisse biologische prosecco met groene appel en bloemige tonen. Perfect als aperitief of bij lichte gerechten.\"},{\"@type\":\"BreadcrumbList\",\"@id\":\"https:\\\/\\\/wijnhuis-mana.nl\\\/fr\\\/product\\\/savian-prosecco-spumante-doc-extra-dry-bio\\\/#breadcrumb\",\"itemListElement\":[{\"@type\":\"ListItem\",\"position\":1,\"name\":\"Home\",\"item\":\"https:\\\/\\\/wijnhuis-mana.nl\\\/fr\\\/\"},{\"@type\":\"ListItem\",\"position\":2,\"name\":\"Boutique\",\"item\":\"https:\\\/\\\/wijnhuis-mana.nl\\\/fr\\\/boutique\\\/\"},{\"@type\":\"ListItem\",\"position\":3,\"name\":\"Savian Prosecco Spumante DOC Extra Dry (bio)\"}]},{\"@type\":\"WebSite\",\"@id\":\"https:\\\/\\\/wijnhuis-mana.nl\\\/fr\\\/#website\",\"url\":\"https:\\\/\\\/wijnhuis-mana.nl\\\/fr\\\/\",\"name\":\"Wijnhuis-Mana.nl\",\"description\":\"Wijn v\u00e1n liefhebbers, v\u00f3\u00f3r liefhebbers\",\"publisher\":{\"@id\":\"https:\\\/\\\/wijnhuis-mana.nl\\\/fr\\\/#organization\"},\"potentialAction\":[{\"@type\":\"SearchAction\",\"target\":{\"@type\":\"EntryPoint\",\"urlTemplate\":\"https:\\\/\\\/wijnhuis-mana.nl\\\/fr\\\/?s={search_term_string}\"},\"query-input\":{\"@type\":\"PropertyValueSpecification\",\"valueRequired\":true,\"valueName\":\"search_term_string\"}}],\"inLanguage\":\"fr-FR\"},{\"@type\":[\"Organization\",\"Place\"],\"@id\":\"https:\\\/\\\/wijnhuis-mana.nl\\\/fr\\\/#organization\",\"name\":\"Wijnhuis-Mana.nl\",\"url\":\"https:\\\/\\\/wijnhuis-mana.nl\\\/fr\\\/\",\"logo\":{\"@id\":\"https:\\\/\\\/wijnhuis-mana.nl\\\/fr\\\/product\\\/savian-prosecco-spumante-doc-extra-dry-bio\\\/#local-main-organization-logo\"},\"image\":{\"@id\":\"https:\\\/\\\/wijnhuis-mana.nl\\\/fr\\\/product\\\/savian-prosecco-spumante-doc-extra-dry-bio\\\/#local-main-organization-logo\"},\"sameAs\":[\"https:\\\/\\\/www.facebook.com\\\/wijnhuismana\",\"https:\\\/\\\/www.instagram.com\\\/ghvino.nl\"],\"hasMerchantReturnPolicy\":{\"@type\":\"MerchantReturnPolicy\",\"merchantReturnLink\":\"https:\\\/\\\/wijnhuis-mana.nl\\\/algemene-voorwaarden\\\/\"},\"address\":{\"@id\":\"https:\\\/\\\/wijnhuis-mana.nl\\\/fr\\\/product\\\/savian-prosecco-spumante-doc-extra-dry-bio\\\/#local-main-place-address\"},\"telephone\":[\"0299-769018\"],\"openingHoursSpecification\":[{\"@type\":\"OpeningHoursSpecification\",\"dayOfWeek\":[\"Monday\",\"Sunday\"],\"opens\":\"00:00\",\"closes\":\"00:00\"},{\"@type\":\"OpeningHoursSpecification\",\"dayOfWeek\":[\"Tuesday\"],\"opens\":\"10:00\",\"closes\":\"18:00\"},{\"@type\":\"OpeningHoursSpecification\",\"dayOfWeek\":[\"Wednesday\",\"Thursday\",\"Saturday\"],\"opens\":\"11:00\",\"closes\":\"18:00\"},{\"@type\":\"OpeningHoursSpecification\",\"dayOfWeek\":[\"Friday\"],\"opens\":\"11:00\",\"closes\":\"21:00\"}],\"email\":\"info@wijnhuis-mana.nl\",\"areaServed\":\"Nederland\",\"vatID\":\"NL58KNAB0255573782\",\"taxID\":\"NL58KNAB0255573782\"},{\"@type\":\"PostalAddress\",\"@id\":\"https:\\\/\\\/wijnhuis-mana.nl\\\/fr\\\/product\\\/savian-prosecco-spumante-doc-extra-dry-bio\\\/#local-main-place-address\",\"streetAddress\":\"Weerwal 11\",\"addressLocality\":\"Purmerend\",\"postalCode\":\"1441 AL\",\"addressRegion\":\"Noord-Holland\",\"addressCountry\":\"NL\"},{\"@type\":\"ImageObject\",\"inLanguage\":\"fr-FR\",\"@id\":\"https:\\\/\\\/wijnhuis-mana.nl\\\/fr\\\/product\\\/savian-prosecco-spumante-doc-extra-dry-bio\\\/#local-main-organization-logo\",\"url\":\"https:\\\/\\\/wijnhuis-mana.nl\\\/wp-content\\\/uploads\\\/2022\\\/01\\\/Logo_Wijnhuis-Mana_Kleur.jpg\",\"contentUrl\":\"https:\\\/\\\/wijnhuis-mana.nl\\\/wp-content\\\/uploads\\\/2022\\\/01\\\/Logo_Wijnhuis-Mana_Kleur.jpg\",\"width\":400,\"height\":111,\"caption\":\"Wijnhuis-Mana.nl\"}]}<\/script>\n<meta property=\"product:price:amount\" content=\"10.59\" \/>\n<meta property=\"product:price:currency\" content=\"EUR\" \/>\n<meta property=\"og:availability\" content=\"instock\" \/>\n<meta property=\"product:availability\" content=\"instock\" \/>\n<meta property=\"product:retailer_item_id\" content=\"8030622000494\" \/>\n<meta property=\"product:condition\" content=\"new\" \/>\n<meta name=\"geo.placename\" content=\"Purmerend\" \/>\n<meta name=\"geo.region\" content=\"Netherlands\" \/>\n<!-- \/ Yoast SEO Premium plugin. -->","yoast_head_json":{"title":"Savian Prosecco Spumante DOC Extra Dry \u2013 biologische prosecco uit Veneto","description":"Savian Prosecco Spumante DOC Extra Dry: frisse biologische prosecco met groene appel en bloemige tonen. Perfect als aperitief of bij lichte gerechten.","robots":{"index":"index","follow":"follow","max-snippet":"max-snippet:-1","max-image-preview":"max-image-preview:large","max-video-preview":"max-video-preview:-1"},"canonical":"https:\/\/wijnhuis-mana.nl\/fr\/product\/savian-prosecco-spumante-doc-extra-dry-bio\/","og_locale":"fr_FR","og_type":"article","og_title":"Savian Prosecco Spumante DOC Extra Dry (bio)","og_description":"Savian Prosecco Spumante DOC Extra Dry: frisse biologische prosecco met groene appel en bloemige tonen. Perfect als aperitief of bij lichte gerechten.","og_url":"https:\/\/wijnhuis-mana.nl\/fr\/product\/savian-prosecco-spumante-doc-extra-dry-bio\/","og_site_name":"Wijnhuis-Mana.nl","article_publisher":"https:\/\/www.facebook.com\/wijnhuismana","article_modified_time":"2026-03-17T13:50:40+00:00","og_image":[{"width":800,"height":800,"url":"https:\/\/wijnhuis-mana.nl\/wp-content\/uploads\/2025\/08\/Savian-Prosecco-Spumante-DOC-Extra-Dry-bio.jpg","type":"image\/jpeg"}],"twitter_card":"summary_large_image","twitter_misc":{"Price":"&euro;&nbsp;10,59","Availability":"In stock"},"schema":{"@context":"https:\/\/schema.org","@graph":[{"@type":"WebPage","@id":"https:\/\/wijnhuis-mana.nl\/fr\/product\/savian-prosecco-spumante-doc-extra-dry-bio\/","url":"https:\/\/wijnhuis-mana.nl\/fr\/product\/savian-prosecco-spumante-doc-extra-dry-bio\/","name":"Savian Prosecco Spumante DOC Extra Dry \u2013 biologische prosecco uit Veneto","isPartOf":{"@id":"https:\/\/wijnhuis-mana.nl\/fr\/#website"},"primaryImageOfPage":{"@id":"https:\/\/wijnhuis-mana.nl\/fr\/product\/savian-prosecco-spumante-doc-extra-dry-bio\/#primaryimage"},"image":{"@id":"https:\/\/wijnhuis-mana.nl\/fr\/product\/savian-prosecco-spumante-doc-extra-dry-bio\/#primaryimage"},"thumbnailUrl":"https:\/\/wijnhuis-mana.nl\/wp-content\/uploads\/2025\/08\/Savian-Prosecco-Spumante-DOC-Extra-Dry-bio.jpg","datePublished":"2025-08-01T18:44:22+00:00","dateModified":"2026-03-17T13:50:40+00:00","description":"Savian Prosecco Spumante DOC Extra Dry: frisse biologische prosecco met groene appel en bloemige tonen. Perfect als aperitief of bij lichte gerechten.","breadcrumb":{"@id":"https:\/\/wijnhuis-mana.nl\/fr\/product\/savian-prosecco-spumante-doc-extra-dry-bio\/#breadcrumb"},"inLanguage":"fr-FR","potentialAction":[{"@type":"ReadAction","target":["https:\/\/wijnhuis-mana.nl\/fr\/product\/savian-prosecco-spumante-doc-extra-dry-bio\/"]}]},{"@type":"ImageObject","inLanguage":"fr-FR","@id":"https:\/\/wijnhuis-mana.nl\/fr\/product\/savian-prosecco-spumante-doc-extra-dry-bio\/#primaryimage","url":"https:\/\/wijnhuis-mana.nl\/wp-content\/uploads\/2025\/08\/Savian-Prosecco-Spumante-DOC-Extra-Dry-bio.jpg","contentUrl":"https:\/\/wijnhuis-mana.nl\/wp-content\/uploads\/2025\/08\/Savian-Prosecco-Spumante-DOC-Extra-Dry-bio.jpg","width":800,"height":800,"caption":"Savian Prosecco Spumante DOC Extra Dry: frisse biologische prosecco met groene appel en bloemige tonen. Perfect als aperitief of bij lichte gerechten."},{"@type":"BreadcrumbList","@id":"https:\/\/wijnhuis-mana.nl\/fr\/product\/savian-prosecco-spumante-doc-extra-dry-bio\/#breadcrumb","itemListElement":[{"@type":"ListItem","position":1,"name":"Home","item":"https:\/\/wijnhuis-mana.nl\/fr\/"},{"@type":"ListItem","position":2,"name":"Boutique","item":"https:\/\/wijnhuis-mana.nl\/fr\/boutique\/"},{"@type":"ListItem","position":3,"name":"Savian Prosecco Spumante DOC Extra Dry (bio)"}]},{"@type":"WebSite","@id":"https:\/\/wijnhuis-mana.nl\/fr\/#website","url":"https:\/\/wijnhuis-mana.nl\/fr\/","name":"Wijnhuis-Mana.nl","description":"Wijn v\u00e1n liefhebbers, v\u00f3\u00f3r liefhebbers","publisher":{"@id":"https:\/\/wijnhuis-mana.nl\/fr\/#organization"},"potentialAction":[{"@type":"SearchAction","target":{"@type":"EntryPoint","urlTemplate":"https:\/\/wijnhuis-mana.nl\/fr\/?s={search_term_string}"},"query-input":{"@type":"PropertyValueSpecification","valueRequired":true,"valueName":"search_term_string"}}],"inLanguage":"fr-FR"},{"@type":["Organization","Place"],"@id":"https:\/\/wijnhuis-mana.nl\/fr\/#organization","name":"Wijnhuis-Mana.nl","url":"https:\/\/wijnhuis-mana.nl\/fr\/","logo":{"@id":"https:\/\/wijnhuis-mana.nl\/fr\/product\/savian-prosecco-spumante-doc-extra-dry-bio\/#local-main-organization-logo"},"image":{"@id":"https:\/\/wijnhuis-mana.nl\/fr\/product\/savian-prosecco-spumante-doc-extra-dry-bio\/#local-main-organization-logo"},"sameAs":["https:\/\/www.facebook.com\/wijnhuismana","https:\/\/www.instagram.com\/ghvino.nl"],"hasMerchantReturnPolicy":{"@type":"MerchantReturnPolicy","merchantReturnLink":"https:\/\/wijnhuis-mana.nl\/algemene-voorwaarden\/"},"address":{"@id":"https:\/\/wijnhuis-mana.nl\/fr\/product\/savian-prosecco-spumante-doc-extra-dry-bio\/#local-main-place-address"},"telephone":["0299-769018"],"openingHoursSpecification":[{"@type":"OpeningHoursSpecification","dayOfWeek":["Monday","Sunday"],"opens":"00:00","closes":"00:00"},{"@type":"OpeningHoursSpecification","dayOfWeek":["Tuesday"],"opens":"10:00","closes":"18:00"},{"@type":"OpeningHoursSpecification","dayOfWeek":["Wednesday","Thursday","Saturday"],"opens":"11:00","closes":"18:00"},{"@type":"OpeningHoursSpecification","dayOfWeek":["Friday"],"opens":"11:00","closes":"21:00"}],"email":"info@wijnhuis-mana.nl","areaServed":"Nederland","vatID":"NL58KNAB0255573782","taxID":"NL58KNAB0255573782"},{"@type":"PostalAddress","@id":"https:\/\/wijnhuis-mana.nl\/fr\/product\/savian-prosecco-spumante-doc-extra-dry-bio\/#local-main-place-address","streetAddress":"Weerwal 11","addressLocality":"Purmerend","postalCode":"1441 AL","addressRegion":"Noord-Holland","addressCountry":"NL"},{"@type":"ImageObject","inLanguage":"fr-FR","@id":"https:\/\/wijnhuis-mana.nl\/fr\/product\/savian-prosecco-spumante-doc-extra-dry-bio\/#local-main-organization-logo","url":"https:\/\/wijnhuis-mana.nl\/wp-content\/uploads\/2022\/01\/Logo_Wijnhuis-Mana_Kleur.jpg","contentUrl":"https:\/\/wijnhuis-mana.nl\/wp-content\/uploads\/2022\/01\/Logo_Wijnhuis-Mana_Kleur.jpg","width":400,"height":111,"caption":"Wijnhuis-Mana.nl"}]},"product_price_amount":"10.59","product_price_currency":"EUR","og_availability":"instock","product_availability":"instock","product_retailer_item_id":"8030622000494","product_condition":"new","geo.placename":"Purmerend","geo.region":"Netherlands"},"post_mailing_queue_ids":[],"_links":{"self":[{"href":"https:\/\/wijnhuis-mana.nl\/fr\/wp-json\/wp\/v2\/product\/16239","targetHints":{"allow":["GET"]}}],"collection":[{"href":"https:\/\/wijnhuis-mana.nl\/fr\/wp-json\/wp\/v2\/product"}],"about":[{"href":"https:\/\/wijnhuis-mana.nl\/fr\/wp-json\/wp\/v2\/types\/product"}],"replies":[{"embeddable":true,"href":"https:\/\/wijnhuis-mana.nl\/fr\/wp-json\/wp\/v2\/comments?post=16239"}],"wp:featuredmedia":[{"embeddable":true,"href":"https:\/\/wijnhuis-mana.nl\/fr\/wp-json\/wp\/v2\/media\/16383"}],"wp:attachment":[{"href":"https:\/\/wijnhuis-mana.nl\/fr\/wp-json\/wp\/v2\/media?parent=16239"}],"wp:term":[{"taxonomy":"product_brand","embeddable":true,"href":"https:\/\/wijnhuis-mana.nl\/fr\/wp-json\/wp\/v2\/product_brand?post=16239"},{"taxonomy":"product_cat","embeddable":true,"href":"https:\/\/wijnhuis-mana.nl\/fr\/wp-json\/wp\/v2\/product_cat?post=16239"},{"taxonomy":"product_tag","embeddable":true,"href":"https:\/\/wijnhuis-mana.nl\/fr\/wp-json\/wp\/v2\/product_tag?post=16239"}],"curies":[{"name":"wp","href":"https:\/\/api.w.org\/{rel}","templated":true}]}}