{"id":16974,"date":"2025-12-21T14:26:50","date_gmt":"2025-12-21T13:26:50","guid":{"rendered":"https:\/\/wijnhuis-mana.nl\/?post_type=product&#038;p=16974"},"modified":"2026-02-20T11:07:52","modified_gmt":"2026-02-20T10:07:52","slug":"ancient-valley-tsinandali","status":"publish","type":"product","link":"https:\/\/wijnhuis-mana.nl\/fr\/product\/ancient-valley-tsinandali\/","title":{"rendered":"Ancient Valley Tsinandali"},"content":{"rendered":"<h2 data-start=\"506\" data-end=\"530\">Algemene informatie<\/h2>\n<p data-start=\"532\" data-end=\"1006\">Ancient Valley Tsinandali is een droge witte wijn uit de Kakheti-regio in Georgi\u00eb. De wijn wordt gemaakt volgens de klassieke Tsinandali-stijl, een beschermde Georgische herkomstbenaming. Traditioneel bestaat deze stijl uit een blend van Rkatsiteli en Mtsvane, twee inheemse druiven die samen zorgen voor frisheid, aromatische finesse en balans.<br data-start=\"893\" data-end=\"896\" \/>Tsinandali-wijnen staan bekend om hun elegante, heldere stijl en worden doorgaans zonder schilcontact gemaakt.<\/p>\n<h2 data-start=\"1008\" data-end=\"1025\">Smaakprofiel<\/h2>\n<p data-start=\"1027\" data-end=\"1378\">De wijn heeft een lichte strogele kleur. In de geur komen frisse aroma\u2019s van appel, citrus en wit steenfruit naar voren, aangevuld met subtiele florale tonen.<br data-start=\"1189\" data-end=\"1192\" \/>In de mond is de wijn fris en evenwichtig, met een levendige zuurgraad en een zuiver smaakprofiel. De structuur is licht tot medium, met een schone, droge afdronk die verfrissend blijft.<\/p>\n<h2 data-start=\"1380\" data-end=\"1398\">Serveeradvies<\/h2>\n<p data-start=\"1400\" data-end=\"1536\">Serveer deze wijn bij voorkeur op 10\u201312 \u00b0C. Op deze temperatuur komen de frisse aroma\u2019s en de elegante stijl optimaal tot hun recht.<\/p>\n<h2 data-start=\"1538\" data-end=\"1556\">Past goed bij<\/h2>\n<ul data-start=\"1558\" data-end=\"1621\">\n<li data-start=\"1558\" data-end=\"1574\">\n<p data-start=\"1560\" data-end=\"1574\">Visgerechten<\/p>\n<\/li>\n<li data-start=\"1575\" data-end=\"1586\">\n<p data-start=\"1577\" data-end=\"1586\">Salades<\/p>\n<\/li>\n<li data-start=\"1587\" data-end=\"1611\">\n<p data-start=\"1589\" data-end=\"1611\">Lichte voorgerechten<\/p>\n<\/li>\n<li data-start=\"1612\" data-end=\"1621\">\n<p data-start=\"1614\" data-end=\"1621\">Kazen<\/p>\n<\/li>\n<\/ul>\n<h2 data-start=\"1623\" data-end=\"1634\">Weetje<\/h2>\n<p data-start=\"1636\" data-end=\"1864\">Tsinandali is een van de bekendste Georgische witte wijnstijlen en vindt zijn oorsprong in Oost-Georgi\u00eb. De combinatie van Rkatsiteli en Mtsvane zorgt voor een herkenbaar profiel: fris, aromatisch en gastronomisch inzetbaar.<\/p>\n","protected":false},"excerpt":{"rendered":"<p>Ancient Valley Tsinandali is een frisse Georgische witte wijn met citrus, appel en een droge, zuivere afdronk.<\/p>\n","protected":false},"featured_media":16997,"comment_status":"open","ping_status":"closed","template":"","meta":[],"product_brand":[2845],"product_cat":[2888,2897,2890],"product_tag":[1662,947,135,678,965,142],"class_list":{"0":"post-16974","1":"product","2":"type-product","3":"status-publish","4":"has-post-thumbnail","6":"product_brand-ancient-valley","7":"product_cat-alle-wijn","8":"product_cat-georgische-wijn","9":"product_cat-witte-wijn","10":"product_tag-ancient-valley","11":"product_tag-droge-witte-wijn","12":"product_tag-georgische-wijn","13":"product_tag-kakheti","14":"product_tag-tsinandali","15":"product_tag-witte-wijn","17":"first","18":"instock","19":"taxable","20":"shipping-taxable","21":"purchasable","22":"product-type-simple"},"yoast_head":"<!-- This site is optimized with the Yoast SEO Premium plugin v27.3 (Yoast SEO v27.3) - https:\/\/yoast.com\/product\/yoast-seo-premium-wordpress\/ -->\n<title>Ancient Valley Tsinandali \u2013 Klassieke Georgische witte wijn<\/title>\n<meta name=\"description\" content=\"Ancient Valley Tsinandali is een droge witte wijn uit Kakheti, gemaakt in de klassieke Tsinandali-stijl. Fris, elegant en goed in balans.\" \/>\n<meta name=\"robots\" content=\"index, follow, max-snippet:-1, max-image-preview:large, max-video-preview:-1\" \/>\n<link rel=\"canonical\" href=\"https:\/\/wijnhuis-mana.nl\/fr\/product\/ancient-valley-tsinandali\/\" \/>\n<meta property=\"og:locale\" content=\"fr_FR\" \/>\n<meta property=\"og:type\" content=\"article\" \/>\n<meta property=\"og:title\" content=\"Ancient Valley Tsinandali\" \/>\n<meta property=\"og:description\" content=\"Ancient Valley Tsinandali is een droge witte wijn uit Kakheti, gemaakt in de klassieke Tsinandali-stijl. Fris, elegant en goed in balans.\" \/>\n<meta property=\"og:url\" content=\"https:\/\/wijnhuis-mana.nl\/fr\/product\/ancient-valley-tsinandali\/\" \/>\n<meta property=\"og:site_name\" content=\"Wijnhuis-Mana.nl\" \/>\n<meta property=\"article:publisher\" content=\"https:\/\/www.facebook.com\/wijnhuismana\" \/>\n<meta property=\"article:modified_time\" content=\"2026-02-20T10:07:52+00:00\" \/>\n<meta property=\"og:image\" content=\"https:\/\/wijnhuis-mana.nl\/wp-content\/uploads\/2025\/12\/Ancient-valley-Tsinandali.jpg\" \/>\n\t<meta property=\"og:image:width\" content=\"800\" \/>\n\t<meta property=\"og:image:height\" content=\"800\" \/>\n\t<meta property=\"og:image:type\" content=\"image\/jpeg\" \/>\n<meta name=\"twitter:card\" content=\"summary_large_image\" \/>\n<meta name=\"twitter:label1\" content=\"Price\" \/>\n\t<meta name=\"twitter:data1\" content=\"&euro;&nbsp;10,45\" \/>\n\t<meta name=\"twitter:label2\" content=\"Availability\" \/>\n\t<meta name=\"twitter:data2\" content=\"In stock\" \/>\n<script type=\"application\/ld+json\" class=\"yoast-schema-graph\">{\"@context\":\"https:\\\/\\\/schema.org\",\"@graph\":[{\"@type\":\"WebPage\",\"@id\":\"https:\\\/\\\/wijnhuis-mana.nl\\\/fr\\\/product\\\/ancient-valley-tsinandali\\\/\",\"url\":\"https:\\\/\\\/wijnhuis-mana.nl\\\/fr\\\/product\\\/ancient-valley-tsinandali\\\/\",\"name\":\"Ancient Valley Tsinandali \u2013 Klassieke Georgische witte wijn\",\"isPartOf\":{\"@id\":\"https:\\\/\\\/wijnhuis-mana.nl\\\/fr\\\/#website\"},\"primaryImageOfPage\":{\"@id\":\"https:\\\/\\\/wijnhuis-mana.nl\\\/fr\\\/product\\\/ancient-valley-tsinandali\\\/#primaryimage\"},\"image\":{\"@id\":\"https:\\\/\\\/wijnhuis-mana.nl\\\/fr\\\/product\\\/ancient-valley-tsinandali\\\/#primaryimage\"},\"thumbnailUrl\":\"https:\\\/\\\/wijnhuis-mana.nl\\\/wp-content\\\/uploads\\\/2025\\\/12\\\/Ancient-valley-Tsinandali.jpg\",\"datePublished\":\"2025-12-21T13:26:50+00:00\",\"dateModified\":\"2026-02-20T10:07:52+00:00\",\"description\":\"Ancient Valley Tsinandali is een droge witte wijn uit Kakheti, gemaakt in de klassieke Tsinandali-stijl. Fris, elegant en goed in balans.\",\"breadcrumb\":{\"@id\":\"https:\\\/\\\/wijnhuis-mana.nl\\\/fr\\\/product\\\/ancient-valley-tsinandali\\\/#breadcrumb\"},\"inLanguage\":\"fr-FR\",\"potentialAction\":[{\"@type\":\"ReadAction\",\"target\":[\"https:\\\/\\\/wijnhuis-mana.nl\\\/fr\\\/product\\\/ancient-valley-tsinandali\\\/\"]}]},{\"@type\":\"ImageObject\",\"inLanguage\":\"fr-FR\",\"@id\":\"https:\\\/\\\/wijnhuis-mana.nl\\\/fr\\\/product\\\/ancient-valley-tsinandali\\\/#primaryimage\",\"url\":\"https:\\\/\\\/wijnhuis-mana.nl\\\/wp-content\\\/uploads\\\/2025\\\/12\\\/Ancient-valley-Tsinandali.jpg\",\"contentUrl\":\"https:\\\/\\\/wijnhuis-mana.nl\\\/wp-content\\\/uploads\\\/2025\\\/12\\\/Ancient-valley-Tsinandali.jpg\",\"width\":800,\"height\":800},{\"@type\":\"BreadcrumbList\",\"@id\":\"https:\\\/\\\/wijnhuis-mana.nl\\\/fr\\\/product\\\/ancient-valley-tsinandali\\\/#breadcrumb\",\"itemListElement\":[{\"@type\":\"ListItem\",\"position\":1,\"name\":\"Home\",\"item\":\"https:\\\/\\\/wijnhuis-mana.nl\\\/fr\\\/\"},{\"@type\":\"ListItem\",\"position\":2,\"name\":\"Boutique\",\"item\":\"https:\\\/\\\/wijnhuis-mana.nl\\\/fr\\\/boutique\\\/\"},{\"@type\":\"ListItem\",\"position\":3,\"name\":\"Ancient Valley Tsinandali\"}]},{\"@type\":\"WebSite\",\"@id\":\"https:\\\/\\\/wijnhuis-mana.nl\\\/fr\\\/#website\",\"url\":\"https:\\\/\\\/wijnhuis-mana.nl\\\/fr\\\/\",\"name\":\"Wijnhuis-Mana.nl\",\"description\":\"Wijn v\u00e1n liefhebbers, v\u00f3\u00f3r liefhebbers\",\"publisher\":{\"@id\":\"https:\\\/\\\/wijnhuis-mana.nl\\\/fr\\\/#organization\"},\"potentialAction\":[{\"@type\":\"SearchAction\",\"target\":{\"@type\":\"EntryPoint\",\"urlTemplate\":\"https:\\\/\\\/wijnhuis-mana.nl\\\/fr\\\/?s={search_term_string}\"},\"query-input\":{\"@type\":\"PropertyValueSpecification\",\"valueRequired\":true,\"valueName\":\"search_term_string\"}}],\"inLanguage\":\"fr-FR\"},{\"@type\":[\"Organization\",\"Place\"],\"@id\":\"https:\\\/\\\/wijnhuis-mana.nl\\\/fr\\\/#organization\",\"name\":\"Wijnhuis-Mana.nl\",\"url\":\"https:\\\/\\\/wijnhuis-mana.nl\\\/fr\\\/\",\"logo\":{\"@id\":\"https:\\\/\\\/wijnhuis-mana.nl\\\/fr\\\/product\\\/ancient-valley-tsinandali\\\/#local-main-organization-logo\"},\"image\":{\"@id\":\"https:\\\/\\\/wijnhuis-mana.nl\\\/fr\\\/product\\\/ancient-valley-tsinandali\\\/#local-main-organization-logo\"},\"sameAs\":[\"https:\\\/\\\/www.facebook.com\\\/wijnhuismana\",\"https:\\\/\\\/www.instagram.com\\\/ghvino.nl\"],\"hasMerchantReturnPolicy\":{\"@type\":\"MerchantReturnPolicy\",\"merchantReturnLink\":\"https:\\\/\\\/wijnhuis-mana.nl\\\/algemene-voorwaarden\\\/\"},\"address\":{\"@id\":\"https:\\\/\\\/wijnhuis-mana.nl\\\/fr\\\/product\\\/ancient-valley-tsinandali\\\/#local-main-place-address\"},\"telephone\":[\"0299-769018\"],\"openingHoursSpecification\":[{\"@type\":\"OpeningHoursSpecification\",\"dayOfWeek\":[\"Monday\",\"Sunday\"],\"opens\":\"00:00\",\"closes\":\"00:00\"},{\"@type\":\"OpeningHoursSpecification\",\"dayOfWeek\":[\"Tuesday\"],\"opens\":\"10:00\",\"closes\":\"18:00\"},{\"@type\":\"OpeningHoursSpecification\",\"dayOfWeek\":[\"Wednesday\",\"Thursday\",\"Saturday\"],\"opens\":\"11:00\",\"closes\":\"18:00\"},{\"@type\":\"OpeningHoursSpecification\",\"dayOfWeek\":[\"Friday\"],\"opens\":\"11:00\",\"closes\":\"21:00\"}],\"email\":\"info@wijnhuis-mana.nl\",\"areaServed\":\"Nederland\",\"vatID\":\"NL58KNAB0255573782\",\"taxID\":\"NL58KNAB0255573782\"},{\"@type\":\"PostalAddress\",\"@id\":\"https:\\\/\\\/wijnhuis-mana.nl\\\/fr\\\/product\\\/ancient-valley-tsinandali\\\/#local-main-place-address\",\"streetAddress\":\"Weerwal 11\",\"addressLocality\":\"Purmerend\",\"postalCode\":\"1441 AL\",\"addressRegion\":\"Noord-Holland\",\"addressCountry\":\"NL\"},{\"@type\":\"ImageObject\",\"inLanguage\":\"fr-FR\",\"@id\":\"https:\\\/\\\/wijnhuis-mana.nl\\\/fr\\\/product\\\/ancient-valley-tsinandali\\\/#local-main-organization-logo\",\"url\":\"https:\\\/\\\/wijnhuis-mana.nl\\\/wp-content\\\/uploads\\\/2022\\\/01\\\/Logo_Wijnhuis-Mana_Kleur.jpg\",\"contentUrl\":\"https:\\\/\\\/wijnhuis-mana.nl\\\/wp-content\\\/uploads\\\/2022\\\/01\\\/Logo_Wijnhuis-Mana_Kleur.jpg\",\"width\":400,\"height\":111,\"caption\":\"Wijnhuis-Mana.nl\"}]}<\/script>\n<meta property=\"product:brand\" content=\"Ancient Valley\" \/>\n<meta property=\"product:price:amount\" content=\"10.45\" \/>\n<meta property=\"product:price:currency\" content=\"EUR\" \/>\n<meta property=\"og:availability\" content=\"instock\" \/>\n<meta property=\"product:availability\" content=\"instock\" \/>\n<meta property=\"product:retailer_item_id\" content=\"4860121550718\" \/>\n<meta property=\"product:condition\" content=\"new\" \/>\n<meta name=\"geo.placename\" content=\"Purmerend\" \/>\n<meta name=\"geo.region\" content=\"Netherlands\" \/>\n<!-- \/ Yoast SEO Premium plugin. -->","yoast_head_json":{"title":"Ancient Valley Tsinandali \u2013 Klassieke Georgische witte wijn","description":"Ancient Valley Tsinandali is een droge witte wijn uit Kakheti, gemaakt in de klassieke Tsinandali-stijl. Fris, elegant en goed in balans.","robots":{"index":"index","follow":"follow","max-snippet":"max-snippet:-1","max-image-preview":"max-image-preview:large","max-video-preview":"max-video-preview:-1"},"canonical":"https:\/\/wijnhuis-mana.nl\/fr\/product\/ancient-valley-tsinandali\/","og_locale":"fr_FR","og_type":"article","og_title":"Ancient Valley Tsinandali","og_description":"Ancient Valley Tsinandali is een droge witte wijn uit Kakheti, gemaakt in de klassieke Tsinandali-stijl. Fris, elegant en goed in balans.","og_url":"https:\/\/wijnhuis-mana.nl\/fr\/product\/ancient-valley-tsinandali\/","og_site_name":"Wijnhuis-Mana.nl","article_publisher":"https:\/\/www.facebook.com\/wijnhuismana","article_modified_time":"2026-02-20T10:07:52+00:00","og_image":[{"width":800,"height":800,"url":"https:\/\/wijnhuis-mana.nl\/wp-content\/uploads\/2025\/12\/Ancient-valley-Tsinandali.jpg","type":"image\/jpeg"}],"twitter_card":"summary_large_image","twitter_misc":{"Price":"&euro;&nbsp;10,45","Availability":"In stock"},"schema":{"@context":"https:\/\/schema.org","@graph":[{"@type":"WebPage","@id":"https:\/\/wijnhuis-mana.nl\/fr\/product\/ancient-valley-tsinandali\/","url":"https:\/\/wijnhuis-mana.nl\/fr\/product\/ancient-valley-tsinandali\/","name":"Ancient Valley Tsinandali \u2013 Klassieke Georgische witte wijn","isPartOf":{"@id":"https:\/\/wijnhuis-mana.nl\/fr\/#website"},"primaryImageOfPage":{"@id":"https:\/\/wijnhuis-mana.nl\/fr\/product\/ancient-valley-tsinandali\/#primaryimage"},"image":{"@id":"https:\/\/wijnhuis-mana.nl\/fr\/product\/ancient-valley-tsinandali\/#primaryimage"},"thumbnailUrl":"https:\/\/wijnhuis-mana.nl\/wp-content\/uploads\/2025\/12\/Ancient-valley-Tsinandali.jpg","datePublished":"2025-12-21T13:26:50+00:00","dateModified":"2026-02-20T10:07:52+00:00","description":"Ancient Valley Tsinandali is een droge witte wijn uit Kakheti, gemaakt in de klassieke Tsinandali-stijl. Fris, elegant en goed in balans.","breadcrumb":{"@id":"https:\/\/wijnhuis-mana.nl\/fr\/product\/ancient-valley-tsinandali\/#breadcrumb"},"inLanguage":"fr-FR","potentialAction":[{"@type":"ReadAction","target":["https:\/\/wijnhuis-mana.nl\/fr\/product\/ancient-valley-tsinandali\/"]}]},{"@type":"ImageObject","inLanguage":"fr-FR","@id":"https:\/\/wijnhuis-mana.nl\/fr\/product\/ancient-valley-tsinandali\/#primaryimage","url":"https:\/\/wijnhuis-mana.nl\/wp-content\/uploads\/2025\/12\/Ancient-valley-Tsinandali.jpg","contentUrl":"https:\/\/wijnhuis-mana.nl\/wp-content\/uploads\/2025\/12\/Ancient-valley-Tsinandali.jpg","width":800,"height":800},{"@type":"BreadcrumbList","@id":"https:\/\/wijnhuis-mana.nl\/fr\/product\/ancient-valley-tsinandali\/#breadcrumb","itemListElement":[{"@type":"ListItem","position":1,"name":"Home","item":"https:\/\/wijnhuis-mana.nl\/fr\/"},{"@type":"ListItem","position":2,"name":"Boutique","item":"https:\/\/wijnhuis-mana.nl\/fr\/boutique\/"},{"@type":"ListItem","position":3,"name":"Ancient Valley Tsinandali"}]},{"@type":"WebSite","@id":"https:\/\/wijnhuis-mana.nl\/fr\/#website","url":"https:\/\/wijnhuis-mana.nl\/fr\/","name":"Wijnhuis-Mana.nl","description":"Wijn v\u00e1n liefhebbers, v\u00f3\u00f3r liefhebbers","publisher":{"@id":"https:\/\/wijnhuis-mana.nl\/fr\/#organization"},"potentialAction":[{"@type":"SearchAction","target":{"@type":"EntryPoint","urlTemplate":"https:\/\/wijnhuis-mana.nl\/fr\/?s={search_term_string}"},"query-input":{"@type":"PropertyValueSpecification","valueRequired":true,"valueName":"search_term_string"}}],"inLanguage":"fr-FR"},{"@type":["Organization","Place"],"@id":"https:\/\/wijnhuis-mana.nl\/fr\/#organization","name":"Wijnhuis-Mana.nl","url":"https:\/\/wijnhuis-mana.nl\/fr\/","logo":{"@id":"https:\/\/wijnhuis-mana.nl\/fr\/product\/ancient-valley-tsinandali\/#local-main-organization-logo"},"image":{"@id":"https:\/\/wijnhuis-mana.nl\/fr\/product\/ancient-valley-tsinandali\/#local-main-organization-logo"},"sameAs":["https:\/\/www.facebook.com\/wijnhuismana","https:\/\/www.instagram.com\/ghvino.nl"],"hasMerchantReturnPolicy":{"@type":"MerchantReturnPolicy","merchantReturnLink":"https:\/\/wijnhuis-mana.nl\/algemene-voorwaarden\/"},"address":{"@id":"https:\/\/wijnhuis-mana.nl\/fr\/product\/ancient-valley-tsinandali\/#local-main-place-address"},"telephone":["0299-769018"],"openingHoursSpecification":[{"@type":"OpeningHoursSpecification","dayOfWeek":["Monday","Sunday"],"opens":"00:00","closes":"00:00"},{"@type":"OpeningHoursSpecification","dayOfWeek":["Tuesday"],"opens":"10:00","closes":"18:00"},{"@type":"OpeningHoursSpecification","dayOfWeek":["Wednesday","Thursday","Saturday"],"opens":"11:00","closes":"18:00"},{"@type":"OpeningHoursSpecification","dayOfWeek":["Friday"],"opens":"11:00","closes":"21:00"}],"email":"info@wijnhuis-mana.nl","areaServed":"Nederland","vatID":"NL58KNAB0255573782","taxID":"NL58KNAB0255573782"},{"@type":"PostalAddress","@id":"https:\/\/wijnhuis-mana.nl\/fr\/product\/ancient-valley-tsinandali\/#local-main-place-address","streetAddress":"Weerwal 11","addressLocality":"Purmerend","postalCode":"1441 AL","addressRegion":"Noord-Holland","addressCountry":"NL"},{"@type":"ImageObject","inLanguage":"fr-FR","@id":"https:\/\/wijnhuis-mana.nl\/fr\/product\/ancient-valley-tsinandali\/#local-main-organization-logo","url":"https:\/\/wijnhuis-mana.nl\/wp-content\/uploads\/2022\/01\/Logo_Wijnhuis-Mana_Kleur.jpg","contentUrl":"https:\/\/wijnhuis-mana.nl\/wp-content\/uploads\/2022\/01\/Logo_Wijnhuis-Mana_Kleur.jpg","width":400,"height":111,"caption":"Wijnhuis-Mana.nl"}]},"product_brand":"Ancient Valley","product_price_amount":"10.45","product_price_currency":"EUR","og_availability":"instock","product_availability":"instock","product_retailer_item_id":"4860121550718","product_condition":"new","geo.placename":"Purmerend","geo.region":"Netherlands"},"post_mailing_queue_ids":[],"_links":{"self":[{"href":"https:\/\/wijnhuis-mana.nl\/fr\/wp-json\/wp\/v2\/product\/16974","targetHints":{"allow":["GET"]}}],"collection":[{"href":"https:\/\/wijnhuis-mana.nl\/fr\/wp-json\/wp\/v2\/product"}],"about":[{"href":"https:\/\/wijnhuis-mana.nl\/fr\/wp-json\/wp\/v2\/types\/product"}],"replies":[{"embeddable":true,"href":"https:\/\/wijnhuis-mana.nl\/fr\/wp-json\/wp\/v2\/comments?post=16974"}],"wp:featuredmedia":[{"embeddable":true,"href":"https:\/\/wijnhuis-mana.nl\/fr\/wp-json\/wp\/v2\/media\/16997"}],"wp:attachment":[{"href":"https:\/\/wijnhuis-mana.nl\/fr\/wp-json\/wp\/v2\/media?parent=16974"}],"wp:term":[{"taxonomy":"product_brand","embeddable":true,"href":"https:\/\/wijnhuis-mana.nl\/fr\/wp-json\/wp\/v2\/product_brand?post=16974"},{"taxonomy":"product_cat","embeddable":true,"href":"https:\/\/wijnhuis-mana.nl\/fr\/wp-json\/wp\/v2\/product_cat?post=16974"},{"taxonomy":"product_tag","embeddable":true,"href":"https:\/\/wijnhuis-mana.nl\/fr\/wp-json\/wp\/v2\/product_tag?post=16974"}],"curies":[{"name":"wp","href":"https:\/\/api.w.org\/{rel}","templated":true}]}}