{"id":17078,"date":"2026-01-12T20:54:00","date_gmt":"2026-01-12T19:54:00","guid":{"rendered":"https:\/\/wijnhuis-mana.nl\/?post_type=product&#038;p=17078"},"modified":"2026-03-08T17:52:12","modified_gmt":"2026-03-08T16:52:12","slug":"cielo-1908-bianco-di-gio","status":"publish","type":"product","link":"https:\/\/wijnhuis-mana.nl\/fr\/product\/cielo-1908-bianco-di-gio\/","title":{"rendered":"Cielo 1908 Bianco di Gio"},"content":{"rendered":"<h2 data-start=\"378\" data-end=\"402\">Algemene informatie<\/h2>\n<p data-start=\"404\" data-end=\"805\">Cielo 1908 Bianco di Gio is een eerbetoon aan <strong data-start=\"450\" data-end=\"468\">Giovanni Cielo<\/strong>, de oprichter van het wijnhuis, die bekend stond om zijn stijl <em data-start=\"532\" data-end=\"556\">\u201calla moda di Venezia\u201d<\/em>. Deze witte wijn combineert de <strong data-start=\"588\" data-end=\"649\">elegantie van Noord-Italiaanse Sauvignon Blanc uit Veneto<\/strong> met de <strong data-start=\"657\" data-end=\"709\">warmte en het karakter van Chardonnay uit Puglia<\/strong>.<br data-start=\"710\" data-end=\"713\" \/>Het resultaat is een expressieve en moderne wijn waarin frisheid en rijkdom mooi samenkomen.<\/p>\n<h2 data-start=\"807\" data-end=\"824\">Smaakprofiel<\/h2>\n<p data-start=\"826\" data-end=\"1231\">De wijn heeft een <strong data-start=\"844\" data-end=\"872\">delicate lichtgele kleur<\/strong> en staat bekend als de meest aromatische witte wijn van <strong data-start=\"929\" data-end=\"947\">Famiglia Cielo<\/strong>. In de neus ontdek je levendige fruittonen van <strong data-start=\"995\" data-end=\"1011\">rijpe perzik<\/strong>, <strong data-start=\"1013\" data-end=\"1023\">citrus<\/strong> en <strong data-start=\"1027\" data-end=\"1044\">witte bloemen<\/strong>.<br data-start=\"1045\" data-end=\"1048\" \/>In de mond is de wijn <strong data-start=\"1070\" data-end=\"1086\">vol van body<\/strong>, met een <strong data-start=\"1096\" data-end=\"1120\">duidelijke zuurgraad<\/strong> die zorgt voor balans. De afdronk is <strong data-start=\"1158\" data-end=\"1181\">fris en verkwikkend<\/strong>, waardoor de wijn aangenaam doordrinkbaar blijft.<\/p>\n<h2 data-start=\"1233\" data-end=\"1251\">Serveeradvies<\/h2>\n<p data-start=\"1253\" data-end=\"1381\">Serveer deze wijn bij voorkeur op <strong data-start=\"1287\" data-end=\"1299\">10\u201312 \u00b0C<\/strong> om het aromatische karakter en de frisheid optimaal tot hun recht te laten komen.<\/p>\n<h2 data-start=\"1383\" data-end=\"1401\">Past goed bij<\/h2>\n<ul data-start=\"1403\" data-end=\"1516\">\n<li data-start=\"1403\" data-end=\"1436\">\n<p data-start=\"1405\" data-end=\"1436\">Kruidige Aziatische gerechten<\/p>\n<\/li>\n<li data-start=\"1437\" data-end=\"1459\">\n<p data-start=\"1439\" data-end=\"1459\">Rijke visgerechten<\/p>\n<\/li>\n<li data-start=\"1460\" data-end=\"1476\">\n<p data-start=\"1462\" data-end=\"1476\">Gegrilde vis<\/p>\n<\/li>\n<li data-start=\"1477\" data-end=\"1516\">\n<p data-start=\"1479\" data-end=\"1516\">Aromatische schotels met specerijen<\/p>\n<\/li>\n<\/ul>\n<h2 data-start=\"1518\" data-end=\"1529\">Weetje<\/h2>\n<p data-start=\"1531\" data-end=\"1720\">Bianco di Gio weerspiegelt de filosofie van <strong data-start=\"1575\" data-end=\"1589\">Cielo 1908<\/strong>: het combineren van druiven en stijlen uit verschillende Italiaanse regio\u2019s om wijnen te cre\u00ebren met zowel elegantie als karakter.<\/p>\n","protected":false},"excerpt":{"rendered":"<p>Cielo 1908 Bianco di Gio is een expressieve witte wijn met fris fruit, bloemige aroma\u2019s en een verkwikkende afdronk.<\/p>\n<p>Vivino score:<\/p>\n<div class=\"vivino-widget vivino-wine-card-widget\" data-vivino-widget-type=\"wineWithoutVintage\" data-vivino-wine-id=\"13707530\" data-make-vivino-redirect=\"true\" data-vivino-widget-language=\"en\" data-vivino-widget-layout=\"small_new\"><a target=\"_blank\">Wine name<\/a><\/div>\n","protected":false},"featured_media":17117,"comment_status":"open","ping_status":"closed","template":"","meta":[],"product_brand":[2974],"product_cat":[2888,2899,2890],"product_tag":[1209,2977,1058,2976,2978,1099],"class_list":{"0":"post-17078","1":"product","2":"type-product","3":"status-publish","4":"has-post-thumbnail","6":"product_brand-cielo","7":"product_cat-alle-wijn","8":"product_cat-italiaanse-wijn","9":"product_cat-witte-wijn","10":"product_tag-aromatische-wijn","11":"product_tag-bianco-di-gio","12":"product_tag-chardonnay","13":"product_tag-cielo-1908","14":"product_tag-italiaanse-witte-wijn","15":"product_tag-sauvignon-blanc","17":"first","18":"instock","19":"taxable","20":"shipping-taxable","21":"purchasable","22":"product-type-simple"},"yoast_head":"<!-- This site is optimized with the Yoast SEO Premium plugin v27.3 (Yoast SEO v27.3) - https:\/\/yoast.com\/product\/yoast-seo-premium-wordpress\/ -->\n<title>Cielo 1908 Bianco di Gio \u2013 Aromatische witte wijn uit Itali\u00eb<\/title>\n<meta name=\"description\" content=\"Cielo 1908 Bianco di Gio is een aromatische witte wijn met perzik, citrus en witte bloemen, fris en vol van smaak.\" \/>\n<meta name=\"robots\" content=\"index, follow, max-snippet:-1, max-image-preview:large, max-video-preview:-1\" \/>\n<link rel=\"canonical\" href=\"https:\/\/wijnhuis-mana.nl\/fr\/product\/cielo-1908-bianco-di-gio\/\" \/>\n<meta property=\"og:locale\" content=\"fr_FR\" \/>\n<meta property=\"og:type\" content=\"article\" \/>\n<meta property=\"og:title\" content=\"Cielo 1908 Bianco di Gio\" \/>\n<meta property=\"og:description\" content=\"Cielo 1908 Bianco di Gio is een aromatische witte wijn met perzik, citrus en witte bloemen, fris en vol van smaak.\" \/>\n<meta property=\"og:url\" content=\"https:\/\/wijnhuis-mana.nl\/fr\/product\/cielo-1908-bianco-di-gio\/\" \/>\n<meta property=\"og:site_name\" content=\"Wijnhuis-Mana.nl\" \/>\n<meta property=\"article:publisher\" content=\"https:\/\/www.facebook.com\/wijnhuismana\" \/>\n<meta property=\"article:modified_time\" content=\"2026-03-08T16:52:12+00:00\" \/>\n<meta property=\"og:image\" content=\"https:\/\/wijnhuis-mana.nl\/wp-content\/uploads\/2026\/01\/Cielo-1908-Bianco-di-Gio.jpg\" \/>\n\t<meta property=\"og:image:width\" content=\"800\" \/>\n\t<meta property=\"og:image:height\" content=\"800\" \/>\n\t<meta property=\"og:image:type\" content=\"image\/jpeg\" \/>\n<meta name=\"twitter:card\" content=\"summary_large_image\" \/>\n<meta name=\"twitter:label1\" content=\"Price\" \/>\n\t<meta name=\"twitter:data1\" content=\"&euro;&nbsp;10,39\" \/>\n\t<meta name=\"twitter:label2\" content=\"Availability\" \/>\n\t<meta name=\"twitter:data2\" content=\"In stock\" \/>\n<script type=\"application\/ld+json\" class=\"yoast-schema-graph\">{\"@context\":\"https:\\\/\\\/schema.org\",\"@graph\":[{\"@type\":\"WebPage\",\"@id\":\"https:\\\/\\\/wijnhuis-mana.nl\\\/fr\\\/product\\\/cielo-1908-bianco-di-gio\\\/\",\"url\":\"https:\\\/\\\/wijnhuis-mana.nl\\\/fr\\\/product\\\/cielo-1908-bianco-di-gio\\\/\",\"name\":\"Cielo 1908 Bianco di Gio \u2013 Aromatische witte wijn uit Itali\u00eb\",\"isPartOf\":{\"@id\":\"https:\\\/\\\/wijnhuis-mana.nl\\\/fr\\\/#website\"},\"primaryImageOfPage\":{\"@id\":\"https:\\\/\\\/wijnhuis-mana.nl\\\/fr\\\/product\\\/cielo-1908-bianco-di-gio\\\/#primaryimage\"},\"image\":{\"@id\":\"https:\\\/\\\/wijnhuis-mana.nl\\\/fr\\\/product\\\/cielo-1908-bianco-di-gio\\\/#primaryimage\"},\"thumbnailUrl\":\"https:\\\/\\\/wijnhuis-mana.nl\\\/wp-content\\\/uploads\\\/2026\\\/01\\\/Cielo-1908-Bianco-di-Gio.jpg\",\"datePublished\":\"2026-01-12T19:54:00+00:00\",\"dateModified\":\"2026-03-08T16:52:12+00:00\",\"description\":\"Cielo 1908 Bianco di Gio is een aromatische witte wijn met perzik, citrus en witte bloemen, fris en vol van smaak.\",\"breadcrumb\":{\"@id\":\"https:\\\/\\\/wijnhuis-mana.nl\\\/fr\\\/product\\\/cielo-1908-bianco-di-gio\\\/#breadcrumb\"},\"inLanguage\":\"fr-FR\",\"potentialAction\":[{\"@type\":\"ReadAction\",\"target\":[\"https:\\\/\\\/wijnhuis-mana.nl\\\/fr\\\/product\\\/cielo-1908-bianco-di-gio\\\/\"]}]},{\"@type\":\"ImageObject\",\"inLanguage\":\"fr-FR\",\"@id\":\"https:\\\/\\\/wijnhuis-mana.nl\\\/fr\\\/product\\\/cielo-1908-bianco-di-gio\\\/#primaryimage\",\"url\":\"https:\\\/\\\/wijnhuis-mana.nl\\\/wp-content\\\/uploads\\\/2026\\\/01\\\/Cielo-1908-Bianco-di-Gio.jpg\",\"contentUrl\":\"https:\\\/\\\/wijnhuis-mana.nl\\\/wp-content\\\/uploads\\\/2026\\\/01\\\/Cielo-1908-Bianco-di-Gio.jpg\",\"width\":800,\"height\":800},{\"@type\":\"BreadcrumbList\",\"@id\":\"https:\\\/\\\/wijnhuis-mana.nl\\\/fr\\\/product\\\/cielo-1908-bianco-di-gio\\\/#breadcrumb\",\"itemListElement\":[{\"@type\":\"ListItem\",\"position\":1,\"name\":\"Home\",\"item\":\"https:\\\/\\\/wijnhuis-mana.nl\\\/fr\\\/\"},{\"@type\":\"ListItem\",\"position\":2,\"name\":\"Boutique\",\"item\":\"https:\\\/\\\/wijnhuis-mana.nl\\\/fr\\\/boutique\\\/\"},{\"@type\":\"ListItem\",\"position\":3,\"name\":\"Cielo 1908 Bianco di Gio\"}]},{\"@type\":\"WebSite\",\"@id\":\"https:\\\/\\\/wijnhuis-mana.nl\\\/fr\\\/#website\",\"url\":\"https:\\\/\\\/wijnhuis-mana.nl\\\/fr\\\/\",\"name\":\"Wijnhuis-Mana.nl\",\"description\":\"Wijn v\u00e1n liefhebbers, v\u00f3\u00f3r liefhebbers\",\"publisher\":{\"@id\":\"https:\\\/\\\/wijnhuis-mana.nl\\\/fr\\\/#organization\"},\"potentialAction\":[{\"@type\":\"SearchAction\",\"target\":{\"@type\":\"EntryPoint\",\"urlTemplate\":\"https:\\\/\\\/wijnhuis-mana.nl\\\/fr\\\/?s={search_term_string}\"},\"query-input\":{\"@type\":\"PropertyValueSpecification\",\"valueRequired\":true,\"valueName\":\"search_term_string\"}}],\"inLanguage\":\"fr-FR\"},{\"@type\":[\"Organization\",\"Place\"],\"@id\":\"https:\\\/\\\/wijnhuis-mana.nl\\\/fr\\\/#organization\",\"name\":\"Wijnhuis-Mana.nl\",\"url\":\"https:\\\/\\\/wijnhuis-mana.nl\\\/fr\\\/\",\"logo\":{\"@id\":\"https:\\\/\\\/wijnhuis-mana.nl\\\/fr\\\/product\\\/cielo-1908-bianco-di-gio\\\/#local-main-organization-logo\"},\"image\":{\"@id\":\"https:\\\/\\\/wijnhuis-mana.nl\\\/fr\\\/product\\\/cielo-1908-bianco-di-gio\\\/#local-main-organization-logo\"},\"sameAs\":[\"https:\\\/\\\/www.facebook.com\\\/wijnhuismana\",\"https:\\\/\\\/www.instagram.com\\\/ghvino.nl\"],\"hasMerchantReturnPolicy\":{\"@type\":\"MerchantReturnPolicy\",\"merchantReturnLink\":\"https:\\\/\\\/wijnhuis-mana.nl\\\/algemene-voorwaarden\\\/\"},\"address\":{\"@id\":\"https:\\\/\\\/wijnhuis-mana.nl\\\/fr\\\/product\\\/cielo-1908-bianco-di-gio\\\/#local-main-place-address\"},\"telephone\":[\"0299-769018\"],\"openingHoursSpecification\":[{\"@type\":\"OpeningHoursSpecification\",\"dayOfWeek\":[\"Monday\",\"Sunday\"],\"opens\":\"00:00\",\"closes\":\"00:00\"},{\"@type\":\"OpeningHoursSpecification\",\"dayOfWeek\":[\"Tuesday\"],\"opens\":\"10:00\",\"closes\":\"18:00\"},{\"@type\":\"OpeningHoursSpecification\",\"dayOfWeek\":[\"Wednesday\",\"Thursday\",\"Saturday\"],\"opens\":\"11:00\",\"closes\":\"18:00\"},{\"@type\":\"OpeningHoursSpecification\",\"dayOfWeek\":[\"Friday\"],\"opens\":\"11:00\",\"closes\":\"21:00\"}],\"email\":\"info@wijnhuis-mana.nl\",\"areaServed\":\"Nederland\",\"vatID\":\"NL58KNAB0255573782\",\"taxID\":\"NL58KNAB0255573782\"},{\"@type\":\"PostalAddress\",\"@id\":\"https:\\\/\\\/wijnhuis-mana.nl\\\/fr\\\/product\\\/cielo-1908-bianco-di-gio\\\/#local-main-place-address\",\"streetAddress\":\"Weerwal 11\",\"addressLocality\":\"Purmerend\",\"postalCode\":\"1441 AL\",\"addressRegion\":\"Noord-Holland\",\"addressCountry\":\"NL\"},{\"@type\":\"ImageObject\",\"inLanguage\":\"fr-FR\",\"@id\":\"https:\\\/\\\/wijnhuis-mana.nl\\\/fr\\\/product\\\/cielo-1908-bianco-di-gio\\\/#local-main-organization-logo\",\"url\":\"https:\\\/\\\/wijnhuis-mana.nl\\\/wp-content\\\/uploads\\\/2022\\\/01\\\/Logo_Wijnhuis-Mana_Kleur.jpg\",\"contentUrl\":\"https:\\\/\\\/wijnhuis-mana.nl\\\/wp-content\\\/uploads\\\/2022\\\/01\\\/Logo_Wijnhuis-Mana_Kleur.jpg\",\"width\":400,\"height\":111,\"caption\":\"Wijnhuis-Mana.nl\"}]}<\/script>\n<meta property=\"product:brand\" content=\"Cielo\" \/>\n<meta property=\"product:price:amount\" content=\"10.39\" \/>\n<meta property=\"product:price:currency\" content=\"EUR\" \/>\n<meta property=\"og:availability\" content=\"instock\" \/>\n<meta property=\"product:availability\" content=\"instock\" \/>\n<meta property=\"product:retailer_item_id\" content=\"8008900004625\" \/>\n<meta property=\"product:condition\" content=\"new\" \/>\n<meta name=\"geo.placename\" content=\"Purmerend\" \/>\n<meta name=\"geo.region\" content=\"Netherlands\" \/>\n<!-- \/ Yoast SEO Premium plugin. -->","yoast_head_json":{"title":"Cielo 1908 Bianco di Gio \u2013 Aromatische witte wijn uit Itali\u00eb","description":"Cielo 1908 Bianco di Gio is een aromatische witte wijn met perzik, citrus en witte bloemen, fris en vol van smaak.","robots":{"index":"index","follow":"follow","max-snippet":"max-snippet:-1","max-image-preview":"max-image-preview:large","max-video-preview":"max-video-preview:-1"},"canonical":"https:\/\/wijnhuis-mana.nl\/fr\/product\/cielo-1908-bianco-di-gio\/","og_locale":"fr_FR","og_type":"article","og_title":"Cielo 1908 Bianco di Gio","og_description":"Cielo 1908 Bianco di Gio is een aromatische witte wijn met perzik, citrus en witte bloemen, fris en vol van smaak.","og_url":"https:\/\/wijnhuis-mana.nl\/fr\/product\/cielo-1908-bianco-di-gio\/","og_site_name":"Wijnhuis-Mana.nl","article_publisher":"https:\/\/www.facebook.com\/wijnhuismana","article_modified_time":"2026-03-08T16:52:12+00:00","og_image":[{"width":800,"height":800,"url":"https:\/\/wijnhuis-mana.nl\/wp-content\/uploads\/2026\/01\/Cielo-1908-Bianco-di-Gio.jpg","type":"image\/jpeg"}],"twitter_card":"summary_large_image","twitter_misc":{"Price":"&euro;&nbsp;10,39","Availability":"In stock"},"schema":{"@context":"https:\/\/schema.org","@graph":[{"@type":"WebPage","@id":"https:\/\/wijnhuis-mana.nl\/fr\/product\/cielo-1908-bianco-di-gio\/","url":"https:\/\/wijnhuis-mana.nl\/fr\/product\/cielo-1908-bianco-di-gio\/","name":"Cielo 1908 Bianco di Gio \u2013 Aromatische witte wijn uit Itali\u00eb","isPartOf":{"@id":"https:\/\/wijnhuis-mana.nl\/fr\/#website"},"primaryImageOfPage":{"@id":"https:\/\/wijnhuis-mana.nl\/fr\/product\/cielo-1908-bianco-di-gio\/#primaryimage"},"image":{"@id":"https:\/\/wijnhuis-mana.nl\/fr\/product\/cielo-1908-bianco-di-gio\/#primaryimage"},"thumbnailUrl":"https:\/\/wijnhuis-mana.nl\/wp-content\/uploads\/2026\/01\/Cielo-1908-Bianco-di-Gio.jpg","datePublished":"2026-01-12T19:54:00+00:00","dateModified":"2026-03-08T16:52:12+00:00","description":"Cielo 1908 Bianco di Gio is een aromatische witte wijn met perzik, citrus en witte bloemen, fris en vol van smaak.","breadcrumb":{"@id":"https:\/\/wijnhuis-mana.nl\/fr\/product\/cielo-1908-bianco-di-gio\/#breadcrumb"},"inLanguage":"fr-FR","potentialAction":[{"@type":"ReadAction","target":["https:\/\/wijnhuis-mana.nl\/fr\/product\/cielo-1908-bianco-di-gio\/"]}]},{"@type":"ImageObject","inLanguage":"fr-FR","@id":"https:\/\/wijnhuis-mana.nl\/fr\/product\/cielo-1908-bianco-di-gio\/#primaryimage","url":"https:\/\/wijnhuis-mana.nl\/wp-content\/uploads\/2026\/01\/Cielo-1908-Bianco-di-Gio.jpg","contentUrl":"https:\/\/wijnhuis-mana.nl\/wp-content\/uploads\/2026\/01\/Cielo-1908-Bianco-di-Gio.jpg","width":800,"height":800},{"@type":"BreadcrumbList","@id":"https:\/\/wijnhuis-mana.nl\/fr\/product\/cielo-1908-bianco-di-gio\/#breadcrumb","itemListElement":[{"@type":"ListItem","position":1,"name":"Home","item":"https:\/\/wijnhuis-mana.nl\/fr\/"},{"@type":"ListItem","position":2,"name":"Boutique","item":"https:\/\/wijnhuis-mana.nl\/fr\/boutique\/"},{"@type":"ListItem","position":3,"name":"Cielo 1908 Bianco di Gio"}]},{"@type":"WebSite","@id":"https:\/\/wijnhuis-mana.nl\/fr\/#website","url":"https:\/\/wijnhuis-mana.nl\/fr\/","name":"Wijnhuis-Mana.nl","description":"Wijn v\u00e1n liefhebbers, v\u00f3\u00f3r liefhebbers","publisher":{"@id":"https:\/\/wijnhuis-mana.nl\/fr\/#organization"},"potentialAction":[{"@type":"SearchAction","target":{"@type":"EntryPoint","urlTemplate":"https:\/\/wijnhuis-mana.nl\/fr\/?s={search_term_string}"},"query-input":{"@type":"PropertyValueSpecification","valueRequired":true,"valueName":"search_term_string"}}],"inLanguage":"fr-FR"},{"@type":["Organization","Place"],"@id":"https:\/\/wijnhuis-mana.nl\/fr\/#organization","name":"Wijnhuis-Mana.nl","url":"https:\/\/wijnhuis-mana.nl\/fr\/","logo":{"@id":"https:\/\/wijnhuis-mana.nl\/fr\/product\/cielo-1908-bianco-di-gio\/#local-main-organization-logo"},"image":{"@id":"https:\/\/wijnhuis-mana.nl\/fr\/product\/cielo-1908-bianco-di-gio\/#local-main-organization-logo"},"sameAs":["https:\/\/www.facebook.com\/wijnhuismana","https:\/\/www.instagram.com\/ghvino.nl"],"hasMerchantReturnPolicy":{"@type":"MerchantReturnPolicy","merchantReturnLink":"https:\/\/wijnhuis-mana.nl\/algemene-voorwaarden\/"},"address":{"@id":"https:\/\/wijnhuis-mana.nl\/fr\/product\/cielo-1908-bianco-di-gio\/#local-main-place-address"},"telephone":["0299-769018"],"openingHoursSpecification":[{"@type":"OpeningHoursSpecification","dayOfWeek":["Monday","Sunday"],"opens":"00:00","closes":"00:00"},{"@type":"OpeningHoursSpecification","dayOfWeek":["Tuesday"],"opens":"10:00","closes":"18:00"},{"@type":"OpeningHoursSpecification","dayOfWeek":["Wednesday","Thursday","Saturday"],"opens":"11:00","closes":"18:00"},{"@type":"OpeningHoursSpecification","dayOfWeek":["Friday"],"opens":"11:00","closes":"21:00"}],"email":"info@wijnhuis-mana.nl","areaServed":"Nederland","vatID":"NL58KNAB0255573782","taxID":"NL58KNAB0255573782"},{"@type":"PostalAddress","@id":"https:\/\/wijnhuis-mana.nl\/fr\/product\/cielo-1908-bianco-di-gio\/#local-main-place-address","streetAddress":"Weerwal 11","addressLocality":"Purmerend","postalCode":"1441 AL","addressRegion":"Noord-Holland","addressCountry":"NL"},{"@type":"ImageObject","inLanguage":"fr-FR","@id":"https:\/\/wijnhuis-mana.nl\/fr\/product\/cielo-1908-bianco-di-gio\/#local-main-organization-logo","url":"https:\/\/wijnhuis-mana.nl\/wp-content\/uploads\/2022\/01\/Logo_Wijnhuis-Mana_Kleur.jpg","contentUrl":"https:\/\/wijnhuis-mana.nl\/wp-content\/uploads\/2022\/01\/Logo_Wijnhuis-Mana_Kleur.jpg","width":400,"height":111,"caption":"Wijnhuis-Mana.nl"}]},"product_brand":"Cielo","product_price_amount":"10.39","product_price_currency":"EUR","og_availability":"instock","product_availability":"instock","product_retailer_item_id":"8008900004625","product_condition":"new","geo.placename":"Purmerend","geo.region":"Netherlands"},"post_mailing_queue_ids":[],"_links":{"self":[{"href":"https:\/\/wijnhuis-mana.nl\/fr\/wp-json\/wp\/v2\/product\/17078","targetHints":{"allow":["GET"]}}],"collection":[{"href":"https:\/\/wijnhuis-mana.nl\/fr\/wp-json\/wp\/v2\/product"}],"about":[{"href":"https:\/\/wijnhuis-mana.nl\/fr\/wp-json\/wp\/v2\/types\/product"}],"replies":[{"embeddable":true,"href":"https:\/\/wijnhuis-mana.nl\/fr\/wp-json\/wp\/v2\/comments?post=17078"}],"wp:featuredmedia":[{"embeddable":true,"href":"https:\/\/wijnhuis-mana.nl\/fr\/wp-json\/wp\/v2\/media\/17117"}],"wp:attachment":[{"href":"https:\/\/wijnhuis-mana.nl\/fr\/wp-json\/wp\/v2\/media?parent=17078"}],"wp:term":[{"taxonomy":"product_brand","embeddable":true,"href":"https:\/\/wijnhuis-mana.nl\/fr\/wp-json\/wp\/v2\/product_brand?post=17078"},{"taxonomy":"product_cat","embeddable":true,"href":"https:\/\/wijnhuis-mana.nl\/fr\/wp-json\/wp\/v2\/product_cat?post=17078"},{"taxonomy":"product_tag","embeddable":true,"href":"https:\/\/wijnhuis-mana.nl\/fr\/wp-json\/wp\/v2\/product_tag?post=17078"}],"curies":[{"name":"wp","href":"https:\/\/api.w.org\/{rel}","templated":true}]}}