{"id":17217,"date":"2026-03-08T15:26:11","date_gmt":"2026-03-08T14:26:11","guid":{"rendered":"https:\/\/wijnhuis-mana.nl\/?post_type=product&#038;p=17217"},"modified":"2026-03-09T21:57:03","modified_gmt":"2026-03-09T20:57:03","slug":"domaine-bousquet-chardonnay-unoaked-bio","status":"publish","type":"product","link":"https:\/\/wijnhuis-mana.nl\/fr\/product\/domaine-bousquet-chardonnay-unoaked-bio\/","title":{"rendered":"Domaine Bousquet Chardonnay unoaked (bio)"},"content":{"rendered":"<h2 data-section-id=\"mse2gx\" data-start=\"341\" data-end=\"365\">Algemene informatie<\/h2>\n<p data-start=\"367\" data-end=\"613\">Domaine Bousquet Unoaked Chardonnay Organic is een <strong data-start=\"418\" data-end=\"485\">biologische witte wijn uit de Uco Valley in Mendoza, Argentini\u00eb<\/strong>. De wijn wordt gemaakt van <strong data-start=\"513\" data-end=\"540\">100% Chardonnay-druiven<\/strong> die biologisch worden geteeld in het hooggelegen gebied <strong data-start=\"597\" data-end=\"610\">Tupungato<\/strong>.<\/p>\n<p data-start=\"615\" data-end=\"778\">De fermentatie vindt plaats in <strong data-start=\"646\" data-end=\"671\">roestvrijstalen tanks<\/strong>, zonder houtlagering. Hierdoor blijven de frisse en pure fruitaroma\u2019s van de Chardonnay optimaal behouden.<\/p>\n<h2 data-section-id=\"nj61ej\" data-start=\"780\" data-end=\"797\">Smaakprofiel<\/h2>\n<p data-start=\"799\" data-end=\"947\">In het glas toont deze Chardonnay een <strong data-start=\"837\" data-end=\"874\">lichtgele kleur met groene tinten<\/strong>. In de geur komen aroma\u2019s van <strong data-start=\"905\" data-end=\"933\">tropisch fruit en citrus<\/strong> naar voren.<\/p>\n<p data-start=\"949\" data-end=\"1112\">In de mond is de wijn <strong data-start=\"971\" data-end=\"991\">fris en levendig<\/strong>, met smaken van <strong data-start=\"1008\" data-end=\"1034\">perzik en groene appel<\/strong>. De frisse zuren zorgen voor een elegante balans en een verfrissende afdronk.<\/p>\n<h2 data-section-id=\"gut0g9\" data-start=\"1114\" data-end=\"1132\">Serveeradvies<\/h2>\n<p data-start=\"1134\" data-end=\"1244\">Serveer deze wijn goed gekoeld op <strong data-start=\"1168\" data-end=\"1179\">8\u201310 \u00b0C<\/strong> om de frisse fruitaroma\u2019s optimaal tot hun recht te laten komen.<\/p>\n<h2 data-section-id=\"1djfst7\" data-start=\"1246\" data-end=\"1264\">Past goed bij<\/h2>\n<ul data-start=\"1266\" data-end=\"1335\">\n<li data-section-id=\"1f3j5wl\" data-start=\"1266\" data-end=\"1287\">\n<p data-start=\"1268\" data-end=\"1287\">Aperitiefmomenten<\/p>\n<\/li>\n<li data-section-id=\"1yoxkeo\" data-start=\"1288\" data-end=\"1303\">\n<p data-start=\"1290\" data-end=\"1303\">Zeevruchten<\/p>\n<\/li>\n<li data-section-id=\"1keocyq\" data-start=\"1304\" data-end=\"1320\">\n<p data-start=\"1306\" data-end=\"1320\">Visgerechten<\/p>\n<\/li>\n<li data-section-id=\"1tvwnlv\" data-start=\"1321\" data-end=\"1335\">\n<p data-start=\"1323\" data-end=\"1335\">Geitenkaas<\/p>\n<\/li>\n<\/ul>\n<h2 data-section-id=\"xer8uh\" data-start=\"1337\" data-end=\"1348\">Weetje<\/h2>\n<p data-start=\"1350\" data-end=\"1577\">Domaine Bousquet is een familiebedrijf met Franse wortels. De familie komt oorspronkelijk uit <strong data-start=\"1444\" data-end=\"1477\">Carcassonne in Zuid-Frankrijk<\/strong> en bracht hun wijnbouwtraditie naar <strong data-start=\"1514\" data-end=\"1528\">Argentini\u00eb<\/strong>, waar zij biologische wijnbouw centraal stellen.<\/p>\n","protected":false},"excerpt":{"rendered":"<p>Biologische Chardonnay uit Mendoza zonder houtlagering, met frisse tonen van citrus, perzik en groene appel.<\/p>\n","protected":false},"featured_media":17233,"comment_status":"open","ping_status":"closed","template":"","meta":[],"product_brand":[3017],"product_cat":[2888,2902,2890],"product_tag":[480,3020,3018,3021,3022,3019],"class_list":{"0":"post-17217","1":"product","2":"type-product","3":"status-publish","4":"has-post-thumbnail","6":"product_brand-domaine-bousquet","7":"product_cat-alle-wijn","8":"product_cat-overige-landen","9":"product_cat-witte-wijn","10":"product_tag-argentijnse-wijn","11":"product_tag-biologische-chardonnay","12":"product_tag-domaine-bousquet","13":"product_tag-mendoza-wijn","14":"product_tag-uco-valley-chardonnay","15":"product_tag-unoaked-chardonnay","17":"first","18":"instock","19":"taxable","20":"shipping-taxable","21":"purchasable","22":"product-type-simple"},"yoast_head":"<!-- This site is optimized with the Yoast SEO Premium plugin v27.3 (Yoast SEO v27.3) - https:\/\/yoast.com\/product\/yoast-seo-premium-wordpress\/ -->\n<title>Domaine Bousquet Unoaked Chardonnay Organic \u2013 Biologische Chardonnay<\/title>\n<meta name=\"description\" content=\"Domaine Bousquet Unoaked Chardonnay Organic is een frisse biologische Chardonnay uit Mendoza met tonen van citrus, perzik en groene appel.\" \/>\n<meta name=\"robots\" content=\"index, follow, max-snippet:-1, max-image-preview:large, max-video-preview:-1\" \/>\n<link rel=\"canonical\" href=\"https:\/\/wijnhuis-mana.nl\/fr\/product\/domaine-bousquet-chardonnay-unoaked-bio\/\" \/>\n<meta property=\"og:locale\" content=\"fr_FR\" \/>\n<meta property=\"og:type\" content=\"article\" \/>\n<meta property=\"og:title\" content=\"Domaine Bousquet Chardonnay unoaked (bio)\" \/>\n<meta property=\"og:description\" content=\"Domaine Bousquet Unoaked Chardonnay Organic is een frisse biologische Chardonnay uit Mendoza met tonen van citrus, perzik en groene appel.\" \/>\n<meta property=\"og:url\" content=\"https:\/\/wijnhuis-mana.nl\/fr\/product\/domaine-bousquet-chardonnay-unoaked-bio\/\" \/>\n<meta property=\"og:site_name\" content=\"Wijnhuis-Mana.nl\" \/>\n<meta property=\"article:publisher\" content=\"https:\/\/www.facebook.com\/wijnhuismana\" \/>\n<meta property=\"article:modified_time\" content=\"2026-03-09T20:57:03+00:00\" \/>\n<meta property=\"og:image\" content=\"https:\/\/wijnhuis-mana.nl\/wp-content\/uploads\/2026\/03\/Domaine-Bousquet-Chardonnay-unoaked-bio.jpg\" \/>\n\t<meta property=\"og:image:width\" content=\"800\" \/>\n\t<meta property=\"og:image:height\" content=\"800\" \/>\n\t<meta property=\"og:image:type\" content=\"image\/jpeg\" \/>\n<meta name=\"twitter:card\" content=\"summary_large_image\" \/>\n<meta name=\"twitter:label1\" content=\"Price\" \/>\n\t<meta name=\"twitter:data1\" content=\"&euro;&nbsp;10,49\" \/>\n\t<meta name=\"twitter:label2\" content=\"Availability\" \/>\n\t<meta name=\"twitter:data2\" content=\"In stock\" \/>\n<script type=\"application\/ld+json\" class=\"yoast-schema-graph\">{\"@context\":\"https:\\\/\\\/schema.org\",\"@graph\":[{\"@type\":\"WebPage\",\"@id\":\"https:\\\/\\\/wijnhuis-mana.nl\\\/fr\\\/product\\\/domaine-bousquet-chardonnay-unoaked-bio\\\/\",\"url\":\"https:\\\/\\\/wijnhuis-mana.nl\\\/fr\\\/product\\\/domaine-bousquet-chardonnay-unoaked-bio\\\/\",\"name\":\"Domaine Bousquet Unoaked Chardonnay Organic \u2013 Biologische Chardonnay\",\"isPartOf\":{\"@id\":\"https:\\\/\\\/wijnhuis-mana.nl\\\/fr\\\/#website\"},\"primaryImageOfPage\":{\"@id\":\"https:\\\/\\\/wijnhuis-mana.nl\\\/fr\\\/product\\\/domaine-bousquet-chardonnay-unoaked-bio\\\/#primaryimage\"},\"image\":{\"@id\":\"https:\\\/\\\/wijnhuis-mana.nl\\\/fr\\\/product\\\/domaine-bousquet-chardonnay-unoaked-bio\\\/#primaryimage\"},\"thumbnailUrl\":\"https:\\\/\\\/wijnhuis-mana.nl\\\/wp-content\\\/uploads\\\/2026\\\/03\\\/Domaine-Bousquet-Chardonnay-unoaked-bio.jpg\",\"datePublished\":\"2026-03-08T14:26:11+00:00\",\"dateModified\":\"2026-03-09T20:57:03+00:00\",\"description\":\"Domaine Bousquet Unoaked Chardonnay Organic is een frisse biologische Chardonnay uit Mendoza met tonen van citrus, perzik en groene appel.\",\"breadcrumb\":{\"@id\":\"https:\\\/\\\/wijnhuis-mana.nl\\\/fr\\\/product\\\/domaine-bousquet-chardonnay-unoaked-bio\\\/#breadcrumb\"},\"inLanguage\":\"fr-FR\",\"potentialAction\":[{\"@type\":\"ReadAction\",\"target\":[\"https:\\\/\\\/wijnhuis-mana.nl\\\/fr\\\/product\\\/domaine-bousquet-chardonnay-unoaked-bio\\\/\"]}]},{\"@type\":\"ImageObject\",\"inLanguage\":\"fr-FR\",\"@id\":\"https:\\\/\\\/wijnhuis-mana.nl\\\/fr\\\/product\\\/domaine-bousquet-chardonnay-unoaked-bio\\\/#primaryimage\",\"url\":\"https:\\\/\\\/wijnhuis-mana.nl\\\/wp-content\\\/uploads\\\/2026\\\/03\\\/Domaine-Bousquet-Chardonnay-unoaked-bio.jpg\",\"contentUrl\":\"https:\\\/\\\/wijnhuis-mana.nl\\\/wp-content\\\/uploads\\\/2026\\\/03\\\/Domaine-Bousquet-Chardonnay-unoaked-bio.jpg\",\"width\":800,\"height\":800},{\"@type\":\"BreadcrumbList\",\"@id\":\"https:\\\/\\\/wijnhuis-mana.nl\\\/fr\\\/product\\\/domaine-bousquet-chardonnay-unoaked-bio\\\/#breadcrumb\",\"itemListElement\":[{\"@type\":\"ListItem\",\"position\":1,\"name\":\"Home\",\"item\":\"https:\\\/\\\/wijnhuis-mana.nl\\\/fr\\\/\"},{\"@type\":\"ListItem\",\"position\":2,\"name\":\"Boutique\",\"item\":\"https:\\\/\\\/wijnhuis-mana.nl\\\/fr\\\/boutique\\\/\"},{\"@type\":\"ListItem\",\"position\":3,\"name\":\"Domaine Bousquet Chardonnay unoaked (bio)\"}]},{\"@type\":\"WebSite\",\"@id\":\"https:\\\/\\\/wijnhuis-mana.nl\\\/fr\\\/#website\",\"url\":\"https:\\\/\\\/wijnhuis-mana.nl\\\/fr\\\/\",\"name\":\"Wijnhuis-Mana.nl\",\"description\":\"Wijn v\u00e1n liefhebbers, v\u00f3\u00f3r liefhebbers\",\"publisher\":{\"@id\":\"https:\\\/\\\/wijnhuis-mana.nl\\\/fr\\\/#organization\"},\"potentialAction\":[{\"@type\":\"SearchAction\",\"target\":{\"@type\":\"EntryPoint\",\"urlTemplate\":\"https:\\\/\\\/wijnhuis-mana.nl\\\/fr\\\/?s={search_term_string}\"},\"query-input\":{\"@type\":\"PropertyValueSpecification\",\"valueRequired\":true,\"valueName\":\"search_term_string\"}}],\"inLanguage\":\"fr-FR\"},{\"@type\":[\"Organization\",\"Place\"],\"@id\":\"https:\\\/\\\/wijnhuis-mana.nl\\\/fr\\\/#organization\",\"name\":\"Wijnhuis-Mana.nl\",\"url\":\"https:\\\/\\\/wijnhuis-mana.nl\\\/fr\\\/\",\"logo\":{\"@id\":\"https:\\\/\\\/wijnhuis-mana.nl\\\/fr\\\/product\\\/domaine-bousquet-chardonnay-unoaked-bio\\\/#local-main-organization-logo\"},\"image\":{\"@id\":\"https:\\\/\\\/wijnhuis-mana.nl\\\/fr\\\/product\\\/domaine-bousquet-chardonnay-unoaked-bio\\\/#local-main-organization-logo\"},\"sameAs\":[\"https:\\\/\\\/www.facebook.com\\\/wijnhuismana\",\"https:\\\/\\\/www.instagram.com\\\/ghvino.nl\"],\"hasMerchantReturnPolicy\":{\"@type\":\"MerchantReturnPolicy\",\"merchantReturnLink\":\"https:\\\/\\\/wijnhuis-mana.nl\\\/algemene-voorwaarden\\\/\"},\"address\":{\"@id\":\"https:\\\/\\\/wijnhuis-mana.nl\\\/fr\\\/product\\\/domaine-bousquet-chardonnay-unoaked-bio\\\/#local-main-place-address\"},\"telephone\":[\"0299-769018\"],\"openingHoursSpecification\":[{\"@type\":\"OpeningHoursSpecification\",\"dayOfWeek\":[\"Monday\",\"Sunday\"],\"opens\":\"00:00\",\"closes\":\"00:00\"},{\"@type\":\"OpeningHoursSpecification\",\"dayOfWeek\":[\"Tuesday\"],\"opens\":\"10:00\",\"closes\":\"18:00\"},{\"@type\":\"OpeningHoursSpecification\",\"dayOfWeek\":[\"Wednesday\",\"Thursday\",\"Saturday\"],\"opens\":\"11:00\",\"closes\":\"18:00\"},{\"@type\":\"OpeningHoursSpecification\",\"dayOfWeek\":[\"Friday\"],\"opens\":\"11:00\",\"closes\":\"21:00\"}],\"email\":\"info@wijnhuis-mana.nl\",\"areaServed\":\"Nederland\",\"vatID\":\"NL58KNAB0255573782\",\"taxID\":\"NL58KNAB0255573782\"},{\"@type\":\"PostalAddress\",\"@id\":\"https:\\\/\\\/wijnhuis-mana.nl\\\/fr\\\/product\\\/domaine-bousquet-chardonnay-unoaked-bio\\\/#local-main-place-address\",\"streetAddress\":\"Weerwal 11\",\"addressLocality\":\"Purmerend\",\"postalCode\":\"1441 AL\",\"addressRegion\":\"Noord-Holland\",\"addressCountry\":\"NL\"},{\"@type\":\"ImageObject\",\"inLanguage\":\"fr-FR\",\"@id\":\"https:\\\/\\\/wijnhuis-mana.nl\\\/fr\\\/product\\\/domaine-bousquet-chardonnay-unoaked-bio\\\/#local-main-organization-logo\",\"url\":\"https:\\\/\\\/wijnhuis-mana.nl\\\/wp-content\\\/uploads\\\/2022\\\/01\\\/Logo_Wijnhuis-Mana_Kleur.jpg\",\"contentUrl\":\"https:\\\/\\\/wijnhuis-mana.nl\\\/wp-content\\\/uploads\\\/2022\\\/01\\\/Logo_Wijnhuis-Mana_Kleur.jpg\",\"width\":400,\"height\":111,\"caption\":\"Wijnhuis-Mana.nl\"}]}<\/script>\n<meta property=\"product:brand\" content=\"Domaine Bousquet\" \/>\n<meta property=\"product:price:amount\" content=\"10.49\" \/>\n<meta property=\"product:price:currency\" content=\"EUR\" \/>\n<meta property=\"og:availability\" content=\"instock\" \/>\n<meta property=\"product:availability\" content=\"instock\" \/>\n<meta property=\"product:retailer_item_id\" content=\"7798101650042\" \/>\n<meta property=\"product:condition\" content=\"new\" \/>\n<meta name=\"geo.placename\" content=\"Purmerend\" \/>\n<meta name=\"geo.region\" content=\"Netherlands\" \/>\n<!-- \/ Yoast SEO Premium plugin. -->","yoast_head_json":{"title":"Domaine Bousquet Unoaked Chardonnay Organic \u2013 Biologische Chardonnay","description":"Domaine Bousquet Unoaked Chardonnay Organic is een frisse biologische Chardonnay uit Mendoza met tonen van citrus, perzik en groene appel.","robots":{"index":"index","follow":"follow","max-snippet":"max-snippet:-1","max-image-preview":"max-image-preview:large","max-video-preview":"max-video-preview:-1"},"canonical":"https:\/\/wijnhuis-mana.nl\/fr\/product\/domaine-bousquet-chardonnay-unoaked-bio\/","og_locale":"fr_FR","og_type":"article","og_title":"Domaine Bousquet Chardonnay unoaked (bio)","og_description":"Domaine Bousquet Unoaked Chardonnay Organic is een frisse biologische Chardonnay uit Mendoza met tonen van citrus, perzik en groene appel.","og_url":"https:\/\/wijnhuis-mana.nl\/fr\/product\/domaine-bousquet-chardonnay-unoaked-bio\/","og_site_name":"Wijnhuis-Mana.nl","article_publisher":"https:\/\/www.facebook.com\/wijnhuismana","article_modified_time":"2026-03-09T20:57:03+00:00","og_image":[{"width":800,"height":800,"url":"https:\/\/wijnhuis-mana.nl\/wp-content\/uploads\/2026\/03\/Domaine-Bousquet-Chardonnay-unoaked-bio.jpg","type":"image\/jpeg"}],"twitter_card":"summary_large_image","twitter_misc":{"Price":"&euro;&nbsp;10,49","Availability":"In stock"},"schema":{"@context":"https:\/\/schema.org","@graph":[{"@type":"WebPage","@id":"https:\/\/wijnhuis-mana.nl\/fr\/product\/domaine-bousquet-chardonnay-unoaked-bio\/","url":"https:\/\/wijnhuis-mana.nl\/fr\/product\/domaine-bousquet-chardonnay-unoaked-bio\/","name":"Domaine Bousquet Unoaked Chardonnay Organic \u2013 Biologische Chardonnay","isPartOf":{"@id":"https:\/\/wijnhuis-mana.nl\/fr\/#website"},"primaryImageOfPage":{"@id":"https:\/\/wijnhuis-mana.nl\/fr\/product\/domaine-bousquet-chardonnay-unoaked-bio\/#primaryimage"},"image":{"@id":"https:\/\/wijnhuis-mana.nl\/fr\/product\/domaine-bousquet-chardonnay-unoaked-bio\/#primaryimage"},"thumbnailUrl":"https:\/\/wijnhuis-mana.nl\/wp-content\/uploads\/2026\/03\/Domaine-Bousquet-Chardonnay-unoaked-bio.jpg","datePublished":"2026-03-08T14:26:11+00:00","dateModified":"2026-03-09T20:57:03+00:00","description":"Domaine Bousquet Unoaked Chardonnay Organic is een frisse biologische Chardonnay uit Mendoza met tonen van citrus, perzik en groene appel.","breadcrumb":{"@id":"https:\/\/wijnhuis-mana.nl\/fr\/product\/domaine-bousquet-chardonnay-unoaked-bio\/#breadcrumb"},"inLanguage":"fr-FR","potentialAction":[{"@type":"ReadAction","target":["https:\/\/wijnhuis-mana.nl\/fr\/product\/domaine-bousquet-chardonnay-unoaked-bio\/"]}]},{"@type":"ImageObject","inLanguage":"fr-FR","@id":"https:\/\/wijnhuis-mana.nl\/fr\/product\/domaine-bousquet-chardonnay-unoaked-bio\/#primaryimage","url":"https:\/\/wijnhuis-mana.nl\/wp-content\/uploads\/2026\/03\/Domaine-Bousquet-Chardonnay-unoaked-bio.jpg","contentUrl":"https:\/\/wijnhuis-mana.nl\/wp-content\/uploads\/2026\/03\/Domaine-Bousquet-Chardonnay-unoaked-bio.jpg","width":800,"height":800},{"@type":"BreadcrumbList","@id":"https:\/\/wijnhuis-mana.nl\/fr\/product\/domaine-bousquet-chardonnay-unoaked-bio\/#breadcrumb","itemListElement":[{"@type":"ListItem","position":1,"name":"Home","item":"https:\/\/wijnhuis-mana.nl\/fr\/"},{"@type":"ListItem","position":2,"name":"Boutique","item":"https:\/\/wijnhuis-mana.nl\/fr\/boutique\/"},{"@type":"ListItem","position":3,"name":"Domaine Bousquet Chardonnay unoaked (bio)"}]},{"@type":"WebSite","@id":"https:\/\/wijnhuis-mana.nl\/fr\/#website","url":"https:\/\/wijnhuis-mana.nl\/fr\/","name":"Wijnhuis-Mana.nl","description":"Wijn v\u00e1n liefhebbers, v\u00f3\u00f3r liefhebbers","publisher":{"@id":"https:\/\/wijnhuis-mana.nl\/fr\/#organization"},"potentialAction":[{"@type":"SearchAction","target":{"@type":"EntryPoint","urlTemplate":"https:\/\/wijnhuis-mana.nl\/fr\/?s={search_term_string}"},"query-input":{"@type":"PropertyValueSpecification","valueRequired":true,"valueName":"search_term_string"}}],"inLanguage":"fr-FR"},{"@type":["Organization","Place"],"@id":"https:\/\/wijnhuis-mana.nl\/fr\/#organization","name":"Wijnhuis-Mana.nl","url":"https:\/\/wijnhuis-mana.nl\/fr\/","logo":{"@id":"https:\/\/wijnhuis-mana.nl\/fr\/product\/domaine-bousquet-chardonnay-unoaked-bio\/#local-main-organization-logo"},"image":{"@id":"https:\/\/wijnhuis-mana.nl\/fr\/product\/domaine-bousquet-chardonnay-unoaked-bio\/#local-main-organization-logo"},"sameAs":["https:\/\/www.facebook.com\/wijnhuismana","https:\/\/www.instagram.com\/ghvino.nl"],"hasMerchantReturnPolicy":{"@type":"MerchantReturnPolicy","merchantReturnLink":"https:\/\/wijnhuis-mana.nl\/algemene-voorwaarden\/"},"address":{"@id":"https:\/\/wijnhuis-mana.nl\/fr\/product\/domaine-bousquet-chardonnay-unoaked-bio\/#local-main-place-address"},"telephone":["0299-769018"],"openingHoursSpecification":[{"@type":"OpeningHoursSpecification","dayOfWeek":["Monday","Sunday"],"opens":"00:00","closes":"00:00"},{"@type":"OpeningHoursSpecification","dayOfWeek":["Tuesday"],"opens":"10:00","closes":"18:00"},{"@type":"OpeningHoursSpecification","dayOfWeek":["Wednesday","Thursday","Saturday"],"opens":"11:00","closes":"18:00"},{"@type":"OpeningHoursSpecification","dayOfWeek":["Friday"],"opens":"11:00","closes":"21:00"}],"email":"info@wijnhuis-mana.nl","areaServed":"Nederland","vatID":"NL58KNAB0255573782","taxID":"NL58KNAB0255573782"},{"@type":"PostalAddress","@id":"https:\/\/wijnhuis-mana.nl\/fr\/product\/domaine-bousquet-chardonnay-unoaked-bio\/#local-main-place-address","streetAddress":"Weerwal 11","addressLocality":"Purmerend","postalCode":"1441 AL","addressRegion":"Noord-Holland","addressCountry":"NL"},{"@type":"ImageObject","inLanguage":"fr-FR","@id":"https:\/\/wijnhuis-mana.nl\/fr\/product\/domaine-bousquet-chardonnay-unoaked-bio\/#local-main-organization-logo","url":"https:\/\/wijnhuis-mana.nl\/wp-content\/uploads\/2022\/01\/Logo_Wijnhuis-Mana_Kleur.jpg","contentUrl":"https:\/\/wijnhuis-mana.nl\/wp-content\/uploads\/2022\/01\/Logo_Wijnhuis-Mana_Kleur.jpg","width":400,"height":111,"caption":"Wijnhuis-Mana.nl"}]},"product_brand":"Domaine Bousquet","product_price_amount":"10.49","product_price_currency":"EUR","og_availability":"instock","product_availability":"instock","product_retailer_item_id":"7798101650042","product_condition":"new","geo.placename":"Purmerend","geo.region":"Netherlands"},"post_mailing_queue_ids":[],"_links":{"self":[{"href":"https:\/\/wijnhuis-mana.nl\/fr\/wp-json\/wp\/v2\/product\/17217","targetHints":{"allow":["GET"]}}],"collection":[{"href":"https:\/\/wijnhuis-mana.nl\/fr\/wp-json\/wp\/v2\/product"}],"about":[{"href":"https:\/\/wijnhuis-mana.nl\/fr\/wp-json\/wp\/v2\/types\/product"}],"replies":[{"embeddable":true,"href":"https:\/\/wijnhuis-mana.nl\/fr\/wp-json\/wp\/v2\/comments?post=17217"}],"wp:featuredmedia":[{"embeddable":true,"href":"https:\/\/wijnhuis-mana.nl\/fr\/wp-json\/wp\/v2\/media\/17233"}],"wp:attachment":[{"href":"https:\/\/wijnhuis-mana.nl\/fr\/wp-json\/wp\/v2\/media?parent=17217"}],"wp:term":[{"taxonomy":"product_brand","embeddable":true,"href":"https:\/\/wijnhuis-mana.nl\/fr\/wp-json\/wp\/v2\/product_brand?post=17217"},{"taxonomy":"product_cat","embeddable":true,"href":"https:\/\/wijnhuis-mana.nl\/fr\/wp-json\/wp\/v2\/product_cat?post=17217"},{"taxonomy":"product_tag","embeddable":true,"href":"https:\/\/wijnhuis-mana.nl\/fr\/wp-json\/wp\/v2\/product_tag?post=17217"}],"curies":[{"name":"wp","href":"https:\/\/api.w.org\/{rel}","templated":true}]}}