{"id":17221,"date":"2026-03-08T17:59:08","date_gmt":"2026-03-08T16:59:08","guid":{"rendered":"https:\/\/wijnhuis-mana.nl\/?post_type=product&#038;p=17221"},"modified":"2026-04-06T20:27:12","modified_gmt":"2026-04-06T18:27:12","slug":"villa-aix-rose-coteaux-aix-en-provence","status":"publish","type":"product","link":"https:\/\/wijnhuis-mana.nl\/fr\/product\/villa-aix-rose-coteaux-aix-en-provence\/","title":{"rendered":"Villa AIX Ros\u00e9 Coteaux Aix en Provence"},"content":{"rendered":"<h2 data-section-id=\"mse2gx\" data-start=\"377\" data-end=\"401\">Algemene informatie<\/h2>\n<p data-start=\"403\" data-end=\"725\">Villa AIX Ros\u00e9 Coteaux d\u2019Aix-en-Provence is een elegante ros\u00e9 uit <strong data-start=\"469\" data-end=\"481\">Provence<\/strong>, een van de bekendste ros\u00e9regio\u2019s ter wereld. De wijn wordt gemaakt van <strong data-start=\"554\" data-end=\"596\">60% Grenache, 35% Cinsault en 5% Syrah<\/strong>. De wijnstokken groeien op <strong data-start=\"624\" data-end=\"651\">klei- en leisteenbodems<\/strong>, wat bijdraagt aan een mooie balans tussen fruitigheid en mineraliteit.<\/p>\n<p data-start=\"727\" data-end=\"950\">De druiven worden <strong data-start=\"745\" data-end=\"776\">vroeg in de ochtend geoogst<\/strong> om de frisheid te behouden. Na een korte maceratie op de schillen, die zorgt voor de kenmerkende lichtroze kleur, volgt een zachte persing en rijping op <strong data-start=\"930\" data-end=\"949\">roestvrij staal<\/strong>.<\/p>\n<h2 data-section-id=\"nj61ej\" data-start=\"952\" data-end=\"969\">Smaakprofiel<\/h2>\n<p data-start=\"971\" data-end=\"1261\">In het glas toont deze ros\u00e9 een <strong data-start=\"1003\" data-end=\"1033\">lichte, heldere roze kleur<\/strong>. In de geur ontdek je elegante aroma\u2019s van <strong data-start=\"1077\" data-end=\"1093\">witte perzik<\/strong> en <strong data-start=\"1097\" data-end=\"1108\">bloemen<\/strong>.<br data-start=\"1109\" data-end=\"1112\" \/>In de mond is de wijn <strong data-start=\"1134\" data-end=\"1152\">fris en sappig<\/strong>, met een levendige zuurgraad en een <strong data-start=\"1189\" data-end=\"1212\">zijdezachte textuur<\/strong>. De afdronk is aangenaam fruitig en verfrissend.<\/p>\n<h2 data-section-id=\"gut0g9\" data-start=\"1263\" data-end=\"1281\">Serveeradvies<\/h2>\n<p data-start=\"1283\" data-end=\"1398\">Serveer deze ros\u00e9 bij voorkeur goed gekoeld op <strong data-start=\"1330\" data-end=\"1341\">8\u201310 \u00b0C<\/strong> om de frisheid en fruitige aroma\u2019s optimaal te behouden.<\/p>\n<h2 data-section-id=\"1djfst7\" data-start=\"1400\" data-end=\"1418\">Past goed bij<\/h2>\n<ul data-start=\"1420\" data-end=\"1501\">\n<li data-section-id=\"1wuvxqm\" data-start=\"1420\" data-end=\"1435\">\n<p data-start=\"1422\" data-end=\"1435\">Charcuterie<\/p>\n<\/li>\n<li data-section-id=\"hj5m8j\" data-start=\"1436\" data-end=\"1448\">\n<p data-start=\"1438\" data-end=\"1448\">Garnalen<\/p>\n<\/li>\n<li data-section-id=\"xnaddu\" data-start=\"1449\" data-end=\"1460\">\n<p data-start=\"1451\" data-end=\"1460\">Salades<\/p>\n<\/li>\n<li data-section-id=\"7pccaz\" data-start=\"1461\" data-end=\"1501\">\n<p data-start=\"1463\" data-end=\"1501\">Salade met watermeloen, feta en munt<\/p>\n<\/li>\n<\/ul>\n<h2 data-section-id=\"xer8uh\" data-start=\"1503\" data-end=\"1514\">Weetje<\/h2>\n<p data-start=\"1516\" data-end=\"1750\">Ros\u00e9 uit <strong data-start=\"1525\" data-end=\"1554\">Coteaux d\u2019Aix-en-Provence<\/strong> staat bekend om zijn frisse stijl, lichte kleur en verfijnde aromatiek. Het mediterrane klimaat en de bodemstructuur dragen bij aan de elegante balans die zo typerend is voor ros\u00e9 uit deze regio.<\/p>\n","protected":false},"excerpt":{"rendered":"<p>Villa AIX Ros\u00e9 is een frisse Provence ros\u00e9 met perzik, bloemen en een zachte, fruitige afdronk.<\/p>\n","protected":false},"featured_media":17228,"comment_status":"open","ping_status":"closed","template":"","meta":[],"product_brand":[3000],"product_cat":[2888,2898,2891],"product_tag":[3003,3004,3005,3002,3001],"class_list":{"0":"post-17221","1":"product","2":"type-product","3":"status-publish","4":"has-post-thumbnail","6":"product_brand-villa-aix","7":"product_cat-alle-wijn","8":"product_cat-franse-wijn","9":"product_cat-rose-wijn","10":"product_tag-coteaux-daix-en-provence","11":"product_tag-franse-rose","12":"product_tag-grenache-rose","13":"product_tag-provence-rose","14":"product_tag-villa-aix-rose","16":"first","17":"instock","18":"taxable","19":"shipping-taxable","20":"purchasable","21":"product-type-simple"},"yoast_head":"<!-- This site is optimized with the Yoast SEO Premium plugin v27.3 (Yoast SEO v27.3) - https:\/\/yoast.com\/product\/yoast-seo-premium-wordpress\/ -->\n<title>Villa AIX Ros\u00e9 Coteaux d\u2019Aix-en-Provence \u2013 Elegante Provence Ros\u00e9<\/title>\n<meta name=\"description\" content=\"Villa AIX Ros\u00e9 uit Coteaux d\u2019Aix-en-Provence is een frisse ros\u00e9 met witte perzik, bloemige aroma\u2019s en een elegante afdronk.\" \/>\n<meta name=\"robots\" content=\"index, follow, max-snippet:-1, max-image-preview:large, max-video-preview:-1\" \/>\n<link rel=\"canonical\" href=\"https:\/\/wijnhuis-mana.nl\/fr\/product\/villa-aix-rose-coteaux-aix-en-provence\/\" \/>\n<meta property=\"og:locale\" content=\"fr_FR\" \/>\n<meta property=\"og:type\" content=\"article\" \/>\n<meta property=\"og:title\" content=\"Villa AIX Ros\u00e9 Coteaux Aix en Provence\" \/>\n<meta property=\"og:description\" content=\"Villa AIX Ros\u00e9 uit Coteaux d\u2019Aix-en-Provence is een frisse ros\u00e9 met witte perzik, bloemige aroma\u2019s en een elegante afdronk.\" \/>\n<meta property=\"og:url\" content=\"https:\/\/wijnhuis-mana.nl\/fr\/product\/villa-aix-rose-coteaux-aix-en-provence\/\" \/>\n<meta property=\"og:site_name\" content=\"Wijnhuis-Mana.nl\" \/>\n<meta property=\"article:publisher\" content=\"https:\/\/www.facebook.com\/wijnhuismana\" \/>\n<meta property=\"article:modified_time\" content=\"2026-04-06T18:27:12+00:00\" \/>\n<meta property=\"og:image\" content=\"https:\/\/wijnhuis-mana.nl\/wp-content\/uploads\/2026\/03\/Villa-AIX-Rose-Coteaux-Aix-en-Provence.jpg\" \/>\n\t<meta property=\"og:image:width\" content=\"800\" \/>\n\t<meta property=\"og:image:height\" content=\"800\" \/>\n\t<meta property=\"og:image:type\" content=\"image\/jpeg\" \/>\n<meta name=\"twitter:card\" content=\"summary_large_image\" \/>\n<meta name=\"twitter:label1\" content=\"Price\" \/>\n\t<meta name=\"twitter:data1\" content=\"&euro;&nbsp;12,29\" \/>\n\t<meta name=\"twitter:label2\" content=\"Availability\" \/>\n\t<meta name=\"twitter:data2\" content=\"In stock\" \/>\n<script type=\"application\/ld+json\" class=\"yoast-schema-graph\">{\"@context\":\"https:\\\/\\\/schema.org\",\"@graph\":[{\"@type\":\"WebPage\",\"@id\":\"https:\\\/\\\/wijnhuis-mana.nl\\\/fr\\\/product\\\/villa-aix-rose-coteaux-aix-en-provence\\\/\",\"url\":\"https:\\\/\\\/wijnhuis-mana.nl\\\/fr\\\/product\\\/villa-aix-rose-coteaux-aix-en-provence\\\/\",\"name\":\"Villa AIX Ros\u00e9 Coteaux d\u2019Aix-en-Provence \u2013 Elegante Provence Ros\u00e9\",\"isPartOf\":{\"@id\":\"https:\\\/\\\/wijnhuis-mana.nl\\\/fr\\\/#website\"},\"primaryImageOfPage\":{\"@id\":\"https:\\\/\\\/wijnhuis-mana.nl\\\/fr\\\/product\\\/villa-aix-rose-coteaux-aix-en-provence\\\/#primaryimage\"},\"image\":{\"@id\":\"https:\\\/\\\/wijnhuis-mana.nl\\\/fr\\\/product\\\/villa-aix-rose-coteaux-aix-en-provence\\\/#primaryimage\"},\"thumbnailUrl\":\"https:\\\/\\\/wijnhuis-mana.nl\\\/wp-content\\\/uploads\\\/2026\\\/03\\\/Villa-AIX-Rose-Coteaux-Aix-en-Provence.jpg\",\"datePublished\":\"2026-03-08T16:59:08+00:00\",\"dateModified\":\"2026-04-06T18:27:12+00:00\",\"description\":\"Villa AIX Ros\u00e9 uit Coteaux d\u2019Aix-en-Provence is een frisse ros\u00e9 met witte perzik, bloemige aroma\u2019s en een elegante afdronk.\",\"breadcrumb\":{\"@id\":\"https:\\\/\\\/wijnhuis-mana.nl\\\/fr\\\/product\\\/villa-aix-rose-coteaux-aix-en-provence\\\/#breadcrumb\"},\"inLanguage\":\"fr-FR\",\"potentialAction\":[{\"@type\":\"ReadAction\",\"target\":[\"https:\\\/\\\/wijnhuis-mana.nl\\\/fr\\\/product\\\/villa-aix-rose-coteaux-aix-en-provence\\\/\"]}]},{\"@type\":\"ImageObject\",\"inLanguage\":\"fr-FR\",\"@id\":\"https:\\\/\\\/wijnhuis-mana.nl\\\/fr\\\/product\\\/villa-aix-rose-coteaux-aix-en-provence\\\/#primaryimage\",\"url\":\"https:\\\/\\\/wijnhuis-mana.nl\\\/wp-content\\\/uploads\\\/2026\\\/03\\\/Villa-AIX-Rose-Coteaux-Aix-en-Provence.jpg\",\"contentUrl\":\"https:\\\/\\\/wijnhuis-mana.nl\\\/wp-content\\\/uploads\\\/2026\\\/03\\\/Villa-AIX-Rose-Coteaux-Aix-en-Provence.jpg\",\"width\":800,\"height\":800},{\"@type\":\"BreadcrumbList\",\"@id\":\"https:\\\/\\\/wijnhuis-mana.nl\\\/fr\\\/product\\\/villa-aix-rose-coteaux-aix-en-provence\\\/#breadcrumb\",\"itemListElement\":[{\"@type\":\"ListItem\",\"position\":1,\"name\":\"Home\",\"item\":\"https:\\\/\\\/wijnhuis-mana.nl\\\/fr\\\/\"},{\"@type\":\"ListItem\",\"position\":2,\"name\":\"Boutique\",\"item\":\"https:\\\/\\\/wijnhuis-mana.nl\\\/fr\\\/boutique\\\/\"},{\"@type\":\"ListItem\",\"position\":3,\"name\":\"Villa AIX Ros\u00e9 Coteaux Aix en Provence\"}]},{\"@type\":\"WebSite\",\"@id\":\"https:\\\/\\\/wijnhuis-mana.nl\\\/fr\\\/#website\",\"url\":\"https:\\\/\\\/wijnhuis-mana.nl\\\/fr\\\/\",\"name\":\"Wijnhuis-Mana.nl\",\"description\":\"Wijn v\u00e1n liefhebbers, v\u00f3\u00f3r liefhebbers\",\"publisher\":{\"@id\":\"https:\\\/\\\/wijnhuis-mana.nl\\\/fr\\\/#organization\"},\"potentialAction\":[{\"@type\":\"SearchAction\",\"target\":{\"@type\":\"EntryPoint\",\"urlTemplate\":\"https:\\\/\\\/wijnhuis-mana.nl\\\/fr\\\/?s={search_term_string}\"},\"query-input\":{\"@type\":\"PropertyValueSpecification\",\"valueRequired\":true,\"valueName\":\"search_term_string\"}}],\"inLanguage\":\"fr-FR\"},{\"@type\":[\"Organization\",\"Place\"],\"@id\":\"https:\\\/\\\/wijnhuis-mana.nl\\\/fr\\\/#organization\",\"name\":\"Wijnhuis-Mana.nl\",\"url\":\"https:\\\/\\\/wijnhuis-mana.nl\\\/fr\\\/\",\"logo\":{\"@id\":\"https:\\\/\\\/wijnhuis-mana.nl\\\/fr\\\/product\\\/villa-aix-rose-coteaux-aix-en-provence\\\/#local-main-organization-logo\"},\"image\":{\"@id\":\"https:\\\/\\\/wijnhuis-mana.nl\\\/fr\\\/product\\\/villa-aix-rose-coteaux-aix-en-provence\\\/#local-main-organization-logo\"},\"sameAs\":[\"https:\\\/\\\/www.facebook.com\\\/wijnhuismana\",\"https:\\\/\\\/www.instagram.com\\\/ghvino.nl\"],\"hasMerchantReturnPolicy\":{\"@type\":\"MerchantReturnPolicy\",\"merchantReturnLink\":\"https:\\\/\\\/wijnhuis-mana.nl\\\/algemene-voorwaarden\\\/\"},\"address\":{\"@id\":\"https:\\\/\\\/wijnhuis-mana.nl\\\/fr\\\/product\\\/villa-aix-rose-coteaux-aix-en-provence\\\/#local-main-place-address\"},\"telephone\":[\"0299-769018\"],\"openingHoursSpecification\":[{\"@type\":\"OpeningHoursSpecification\",\"dayOfWeek\":[\"Monday\",\"Sunday\"],\"opens\":\"00:00\",\"closes\":\"00:00\"},{\"@type\":\"OpeningHoursSpecification\",\"dayOfWeek\":[\"Tuesday\"],\"opens\":\"10:00\",\"closes\":\"18:00\"},{\"@type\":\"OpeningHoursSpecification\",\"dayOfWeek\":[\"Wednesday\",\"Thursday\",\"Saturday\"],\"opens\":\"11:00\",\"closes\":\"18:00\"},{\"@type\":\"OpeningHoursSpecification\",\"dayOfWeek\":[\"Friday\"],\"opens\":\"11:00\",\"closes\":\"21:00\"}],\"email\":\"info@wijnhuis-mana.nl\",\"areaServed\":\"Nederland\",\"vatID\":\"NL58KNAB0255573782\",\"taxID\":\"NL58KNAB0255573782\"},{\"@type\":\"PostalAddress\",\"@id\":\"https:\\\/\\\/wijnhuis-mana.nl\\\/fr\\\/product\\\/villa-aix-rose-coteaux-aix-en-provence\\\/#local-main-place-address\",\"streetAddress\":\"Weerwal 11\",\"addressLocality\":\"Purmerend\",\"postalCode\":\"1441 AL\",\"addressRegion\":\"Noord-Holland\",\"addressCountry\":\"NL\"},{\"@type\":\"ImageObject\",\"inLanguage\":\"fr-FR\",\"@id\":\"https:\\\/\\\/wijnhuis-mana.nl\\\/fr\\\/product\\\/villa-aix-rose-coteaux-aix-en-provence\\\/#local-main-organization-logo\",\"url\":\"https:\\\/\\\/wijnhuis-mana.nl\\\/wp-content\\\/uploads\\\/2022\\\/01\\\/Logo_Wijnhuis-Mana_Kleur.jpg\",\"contentUrl\":\"https:\\\/\\\/wijnhuis-mana.nl\\\/wp-content\\\/uploads\\\/2022\\\/01\\\/Logo_Wijnhuis-Mana_Kleur.jpg\",\"width\":400,\"height\":111,\"caption\":\"Wijnhuis-Mana.nl\"}]}<\/script>\n<meta property=\"product:brand\" content=\"Villa AIX\" \/>\n<meta property=\"product:price:amount\" content=\"12.29\" \/>\n<meta property=\"product:price:currency\" content=\"EUR\" \/>\n<meta property=\"og:availability\" content=\"instock\" \/>\n<meta property=\"product:availability\" content=\"instock\" \/>\n<meta property=\"product:retailer_item_id\" content=\"3334861004295\" \/>\n<meta property=\"product:condition\" content=\"new\" \/>\n<meta name=\"geo.placename\" content=\"Purmerend\" \/>\n<meta name=\"geo.region\" content=\"Netherlands\" \/>\n<!-- \/ Yoast SEO Premium plugin. -->","yoast_head_json":{"title":"Villa AIX Ros\u00e9 Coteaux d\u2019Aix-en-Provence \u2013 Elegante Provence Ros\u00e9","description":"Villa AIX Ros\u00e9 uit Coteaux d\u2019Aix-en-Provence is een frisse ros\u00e9 met witte perzik, bloemige aroma\u2019s en een elegante afdronk.","robots":{"index":"index","follow":"follow","max-snippet":"max-snippet:-1","max-image-preview":"max-image-preview:large","max-video-preview":"max-video-preview:-1"},"canonical":"https:\/\/wijnhuis-mana.nl\/fr\/product\/villa-aix-rose-coteaux-aix-en-provence\/","og_locale":"fr_FR","og_type":"article","og_title":"Villa AIX Ros\u00e9 Coteaux Aix en Provence","og_description":"Villa AIX Ros\u00e9 uit Coteaux d\u2019Aix-en-Provence is een frisse ros\u00e9 met witte perzik, bloemige aroma\u2019s en een elegante afdronk.","og_url":"https:\/\/wijnhuis-mana.nl\/fr\/product\/villa-aix-rose-coteaux-aix-en-provence\/","og_site_name":"Wijnhuis-Mana.nl","article_publisher":"https:\/\/www.facebook.com\/wijnhuismana","article_modified_time":"2026-04-06T18:27:12+00:00","og_image":[{"width":800,"height":800,"url":"https:\/\/wijnhuis-mana.nl\/wp-content\/uploads\/2026\/03\/Villa-AIX-Rose-Coteaux-Aix-en-Provence.jpg","type":"image\/jpeg"}],"twitter_card":"summary_large_image","twitter_misc":{"Price":"&euro;&nbsp;12,29","Availability":"In stock"},"schema":{"@context":"https:\/\/schema.org","@graph":[{"@type":"WebPage","@id":"https:\/\/wijnhuis-mana.nl\/fr\/product\/villa-aix-rose-coteaux-aix-en-provence\/","url":"https:\/\/wijnhuis-mana.nl\/fr\/product\/villa-aix-rose-coteaux-aix-en-provence\/","name":"Villa AIX Ros\u00e9 Coteaux d\u2019Aix-en-Provence \u2013 Elegante Provence Ros\u00e9","isPartOf":{"@id":"https:\/\/wijnhuis-mana.nl\/fr\/#website"},"primaryImageOfPage":{"@id":"https:\/\/wijnhuis-mana.nl\/fr\/product\/villa-aix-rose-coteaux-aix-en-provence\/#primaryimage"},"image":{"@id":"https:\/\/wijnhuis-mana.nl\/fr\/product\/villa-aix-rose-coteaux-aix-en-provence\/#primaryimage"},"thumbnailUrl":"https:\/\/wijnhuis-mana.nl\/wp-content\/uploads\/2026\/03\/Villa-AIX-Rose-Coteaux-Aix-en-Provence.jpg","datePublished":"2026-03-08T16:59:08+00:00","dateModified":"2026-04-06T18:27:12+00:00","description":"Villa AIX Ros\u00e9 uit Coteaux d\u2019Aix-en-Provence is een frisse ros\u00e9 met witte perzik, bloemige aroma\u2019s en een elegante afdronk.","breadcrumb":{"@id":"https:\/\/wijnhuis-mana.nl\/fr\/product\/villa-aix-rose-coteaux-aix-en-provence\/#breadcrumb"},"inLanguage":"fr-FR","potentialAction":[{"@type":"ReadAction","target":["https:\/\/wijnhuis-mana.nl\/fr\/product\/villa-aix-rose-coteaux-aix-en-provence\/"]}]},{"@type":"ImageObject","inLanguage":"fr-FR","@id":"https:\/\/wijnhuis-mana.nl\/fr\/product\/villa-aix-rose-coteaux-aix-en-provence\/#primaryimage","url":"https:\/\/wijnhuis-mana.nl\/wp-content\/uploads\/2026\/03\/Villa-AIX-Rose-Coteaux-Aix-en-Provence.jpg","contentUrl":"https:\/\/wijnhuis-mana.nl\/wp-content\/uploads\/2026\/03\/Villa-AIX-Rose-Coteaux-Aix-en-Provence.jpg","width":800,"height":800},{"@type":"BreadcrumbList","@id":"https:\/\/wijnhuis-mana.nl\/fr\/product\/villa-aix-rose-coteaux-aix-en-provence\/#breadcrumb","itemListElement":[{"@type":"ListItem","position":1,"name":"Home","item":"https:\/\/wijnhuis-mana.nl\/fr\/"},{"@type":"ListItem","position":2,"name":"Boutique","item":"https:\/\/wijnhuis-mana.nl\/fr\/boutique\/"},{"@type":"ListItem","position":3,"name":"Villa AIX Ros\u00e9 Coteaux Aix en Provence"}]},{"@type":"WebSite","@id":"https:\/\/wijnhuis-mana.nl\/fr\/#website","url":"https:\/\/wijnhuis-mana.nl\/fr\/","name":"Wijnhuis-Mana.nl","description":"Wijn v\u00e1n liefhebbers, v\u00f3\u00f3r liefhebbers","publisher":{"@id":"https:\/\/wijnhuis-mana.nl\/fr\/#organization"},"potentialAction":[{"@type":"SearchAction","target":{"@type":"EntryPoint","urlTemplate":"https:\/\/wijnhuis-mana.nl\/fr\/?s={search_term_string}"},"query-input":{"@type":"PropertyValueSpecification","valueRequired":true,"valueName":"search_term_string"}}],"inLanguage":"fr-FR"},{"@type":["Organization","Place"],"@id":"https:\/\/wijnhuis-mana.nl\/fr\/#organization","name":"Wijnhuis-Mana.nl","url":"https:\/\/wijnhuis-mana.nl\/fr\/","logo":{"@id":"https:\/\/wijnhuis-mana.nl\/fr\/product\/villa-aix-rose-coteaux-aix-en-provence\/#local-main-organization-logo"},"image":{"@id":"https:\/\/wijnhuis-mana.nl\/fr\/product\/villa-aix-rose-coteaux-aix-en-provence\/#local-main-organization-logo"},"sameAs":["https:\/\/www.facebook.com\/wijnhuismana","https:\/\/www.instagram.com\/ghvino.nl"],"hasMerchantReturnPolicy":{"@type":"MerchantReturnPolicy","merchantReturnLink":"https:\/\/wijnhuis-mana.nl\/algemene-voorwaarden\/"},"address":{"@id":"https:\/\/wijnhuis-mana.nl\/fr\/product\/villa-aix-rose-coteaux-aix-en-provence\/#local-main-place-address"},"telephone":["0299-769018"],"openingHoursSpecification":[{"@type":"OpeningHoursSpecification","dayOfWeek":["Monday","Sunday"],"opens":"00:00","closes":"00:00"},{"@type":"OpeningHoursSpecification","dayOfWeek":["Tuesday"],"opens":"10:00","closes":"18:00"},{"@type":"OpeningHoursSpecification","dayOfWeek":["Wednesday","Thursday","Saturday"],"opens":"11:00","closes":"18:00"},{"@type":"OpeningHoursSpecification","dayOfWeek":["Friday"],"opens":"11:00","closes":"21:00"}],"email":"info@wijnhuis-mana.nl","areaServed":"Nederland","vatID":"NL58KNAB0255573782","taxID":"NL58KNAB0255573782"},{"@type":"PostalAddress","@id":"https:\/\/wijnhuis-mana.nl\/fr\/product\/villa-aix-rose-coteaux-aix-en-provence\/#local-main-place-address","streetAddress":"Weerwal 11","addressLocality":"Purmerend","postalCode":"1441 AL","addressRegion":"Noord-Holland","addressCountry":"NL"},{"@type":"ImageObject","inLanguage":"fr-FR","@id":"https:\/\/wijnhuis-mana.nl\/fr\/product\/villa-aix-rose-coteaux-aix-en-provence\/#local-main-organization-logo","url":"https:\/\/wijnhuis-mana.nl\/wp-content\/uploads\/2022\/01\/Logo_Wijnhuis-Mana_Kleur.jpg","contentUrl":"https:\/\/wijnhuis-mana.nl\/wp-content\/uploads\/2022\/01\/Logo_Wijnhuis-Mana_Kleur.jpg","width":400,"height":111,"caption":"Wijnhuis-Mana.nl"}]},"product_brand":"Villa AIX","product_price_amount":"12.29","product_price_currency":"EUR","og_availability":"instock","product_availability":"instock","product_retailer_item_id":"3334861004295","product_condition":"new","geo.placename":"Purmerend","geo.region":"Netherlands"},"post_mailing_queue_ids":[],"_links":{"self":[{"href":"https:\/\/wijnhuis-mana.nl\/fr\/wp-json\/wp\/v2\/product\/17221","targetHints":{"allow":["GET"]}}],"collection":[{"href":"https:\/\/wijnhuis-mana.nl\/fr\/wp-json\/wp\/v2\/product"}],"about":[{"href":"https:\/\/wijnhuis-mana.nl\/fr\/wp-json\/wp\/v2\/types\/product"}],"replies":[{"embeddable":true,"href":"https:\/\/wijnhuis-mana.nl\/fr\/wp-json\/wp\/v2\/comments?post=17221"}],"wp:featuredmedia":[{"embeddable":true,"href":"https:\/\/wijnhuis-mana.nl\/fr\/wp-json\/wp\/v2\/media\/17228"}],"wp:attachment":[{"href":"https:\/\/wijnhuis-mana.nl\/fr\/wp-json\/wp\/v2\/media?parent=17221"}],"wp:term":[{"taxonomy":"product_brand","embeddable":true,"href":"https:\/\/wijnhuis-mana.nl\/fr\/wp-json\/wp\/v2\/product_brand?post=17221"},{"taxonomy":"product_cat","embeddable":true,"href":"https:\/\/wijnhuis-mana.nl\/fr\/wp-json\/wp\/v2\/product_cat?post=17221"},{"taxonomy":"product_tag","embeddable":true,"href":"https:\/\/wijnhuis-mana.nl\/fr\/wp-json\/wp\/v2\/product_tag?post=17221"}],"curies":[{"name":"wp","href":"https:\/\/api.w.org\/{rel}","templated":true}]}}