{"id":1738,"date":"2022-02-18T15:14:58","date_gmt":"2022-02-18T14:14:58","guid":{"rendered":"https:\/\/wijnhuis-mana.nl\/?post_type=product&#038;p=1738"},"modified":"2026-03-09T21:15:36","modified_gmt":"2026-03-09T20:15:36","slug":"pio-cesare-barbera-dalba","status":"publish","type":"product","link":"https:\/\/wijnhuis-mana.nl\/fr\/product\/pio-cesare-barbera-dalba\/","title":{"rendered":"Pio Cesare Barbera d&#8217;Alba"},"content":{"rendered":"<p>Aangenaam fruit, heerlijke rijpe zwarte kersen, mooie zwoelheid en een vleug vanille, breed en verleidelijk, in de smaak puur en krachtig, zoete kersen en vanille, wat chocola, vanille, rokerig, breed en sappig, met een fraaie lengte en complexiteit. <\/p>\n<p>Heerlijk bij een eendenborst, confit de canard, mooi bij hert en haas, ook lekker bij stevige kazen.<br \/>\nAwards:<\/p>\n","protected":false},"excerpt":{"rendered":"<p>Aangenaam fruit, heerlijke rijpe zwarte kersen, mooie zwoelheid en een vleug vanille, breed en verleidelijk, in de smaak puur en krachtig, zoete kersen en vanille, wat chocola, vanille, rokerig, breed en sappig, met een fraaie lengte en complexiteit. <\/p>\n<p>\nVivino score:<\/p>\n<div class=\"vivino-widget vivino-wine-card-widget\" data-vivino-widget-type=\"wineWithoutVintage\" data-vivino-wine-id=\"1128681\" data-make-vivino-redirect=\"true\" data-vivino-widget-language=\"en\" data-vivino-widget-layout=\"small_new\">\n  <a target=\"_blank\">Wine name<\/a>\n<\/div>\n","protected":false},"featured_media":8847,"comment_status":"open","ping_status":"closed","template":"","meta":[],"product_brand":[],"product_cat":[2888,2899,2889],"product_tag":[137,411,136,143],"class_list":{"0":"post-1738","1":"product","2":"type-product","3":"status-publish","4":"has-post-thumbnail","6":"product_cat-alle-wijn","7":"product_cat-italiaanse-wijn","8":"product_cat-rode-wijn","9":"product_tag-droge-wijn","10":"product_tag-italiaanse-wijn","11":"product_tag-rode-wijn","12":"product_tag-traditionele-vinificatie","14":"first","15":"instock","16":"taxable","17":"shipping-taxable","18":"purchasable","19":"product-type-simple"},"yoast_head":"<!-- This site is optimized with the Yoast SEO Premium plugin v27.3 (Yoast SEO v27.3) - https:\/\/yoast.com\/product\/yoast-seo-premium-wordpress\/ -->\n<title>Pio Cesare Barbera d&#039;Alba | Italiaanse unieke wijn | Wijnhuis-Mana.nl<\/title>\n<meta name=\"description\" content=\"Proef eens deze Pio Cesare Barbera d&#039;Alba, een droge rode wijn uit Itali\u00eb bij Wijnhuis-Mana.nl \u2713 Service \u2713 Kwaliteit \u2713 Snelle levering\" \/>\n<meta name=\"robots\" content=\"index, follow, max-snippet:-1, max-image-preview:large, max-video-preview:-1\" \/>\n<link rel=\"canonical\" href=\"https:\/\/wijnhuis-mana.nl\/fr\/product\/pio-cesare-barbera-dalba\/\" \/>\n<meta property=\"og:locale\" content=\"fr_FR\" \/>\n<meta property=\"og:type\" content=\"article\" \/>\n<meta property=\"og:title\" content=\"Pio Cesare Barbera d&#039;Alba\" \/>\n<meta property=\"og:description\" content=\"Proef eens deze Pio Cesare Barbera d&#039;Alba, een droge rode wijn uit Itali\u00eb bij Wijnhuis-Mana.nl \u2713 Service \u2713 Kwaliteit \u2713 Snelle levering\" \/>\n<meta property=\"og:url\" content=\"https:\/\/wijnhuis-mana.nl\/fr\/product\/pio-cesare-barbera-dalba\/\" \/>\n<meta property=\"og:site_name\" content=\"Wijnhuis-Mana.nl\" \/>\n<meta property=\"article:publisher\" content=\"https:\/\/www.facebook.com\/wijnhuismana\" \/>\n<meta property=\"article:modified_time\" content=\"2026-03-09T20:15:36+00:00\" \/>\n<meta property=\"og:image\" content=\"https:\/\/wijnhuis-mana.nl\/wp-content\/uploads\/2022\/02\/Pio-Cesare-Barbera-d-Alba.jpg\" \/>\n\t<meta property=\"og:image:width\" content=\"800\" \/>\n\t<meta property=\"og:image:height\" content=\"800\" \/>\n\t<meta property=\"og:image:type\" content=\"image\/jpeg\" \/>\n<meta name=\"twitter:card\" content=\"summary_large_image\" \/>\n<meta name=\"twitter:label1\" content=\"Price\" \/>\n\t<meta name=\"twitter:data1\" content=\"&euro;&nbsp;23,35\" \/>\n\t<meta name=\"twitter:label2\" content=\"Availability\" \/>\n\t<meta name=\"twitter:data2\" content=\"In stock\" \/>\n<script type=\"application\/ld+json\" class=\"yoast-schema-graph\">{\"@context\":\"https:\\\/\\\/schema.org\",\"@graph\":[{\"@type\":\"WebPage\",\"@id\":\"https:\\\/\\\/wijnhuis-mana.nl\\\/fr\\\/product\\\/pio-cesare-barbera-dalba\\\/\",\"url\":\"https:\\\/\\\/wijnhuis-mana.nl\\\/fr\\\/product\\\/pio-cesare-barbera-dalba\\\/\",\"name\":\"Pio Cesare Barbera d'Alba | Italiaanse unieke wijn | Wijnhuis-Mana.nl\",\"isPartOf\":{\"@id\":\"https:\\\/\\\/wijnhuis-mana.nl\\\/fr\\\/#website\"},\"primaryImageOfPage\":{\"@id\":\"https:\\\/\\\/wijnhuis-mana.nl\\\/fr\\\/product\\\/pio-cesare-barbera-dalba\\\/#primaryimage\"},\"image\":{\"@id\":\"https:\\\/\\\/wijnhuis-mana.nl\\\/fr\\\/product\\\/pio-cesare-barbera-dalba\\\/#primaryimage\"},\"thumbnailUrl\":\"https:\\\/\\\/wijnhuis-mana.nl\\\/wp-content\\\/uploads\\\/2022\\\/02\\\/Pio-Cesare-Barbera-d-Alba.jpg\",\"datePublished\":\"2022-02-18T14:14:58+00:00\",\"dateModified\":\"2026-03-09T20:15:36+00:00\",\"description\":\"Proef eens deze Pio Cesare Barbera d'Alba, een droge rode wijn uit Itali\u00eb bij Wijnhuis-Mana.nl \u2713 Service \u2713 Kwaliteit \u2713 Snelle levering\",\"breadcrumb\":{\"@id\":\"https:\\\/\\\/wijnhuis-mana.nl\\\/fr\\\/product\\\/pio-cesare-barbera-dalba\\\/#breadcrumb\"},\"inLanguage\":\"fr-FR\",\"potentialAction\":[{\"@type\":\"ReadAction\",\"target\":[\"https:\\\/\\\/wijnhuis-mana.nl\\\/fr\\\/product\\\/pio-cesare-barbera-dalba\\\/\"]}]},{\"@type\":\"ImageObject\",\"inLanguage\":\"fr-FR\",\"@id\":\"https:\\\/\\\/wijnhuis-mana.nl\\\/fr\\\/product\\\/pio-cesare-barbera-dalba\\\/#primaryimage\",\"url\":\"https:\\\/\\\/wijnhuis-mana.nl\\\/wp-content\\\/uploads\\\/2022\\\/02\\\/Pio-Cesare-Barbera-d-Alba.jpg\",\"contentUrl\":\"https:\\\/\\\/wijnhuis-mana.nl\\\/wp-content\\\/uploads\\\/2022\\\/02\\\/Pio-Cesare-Barbera-d-Alba.jpg\",\"width\":800,\"height\":800,\"caption\":\"Proef eens deze Pio Cesare Barbera d'Alba, een droge rode wijn uit Itali\u00eb bij Wijnhuis-Mana.nl \u2713 Service \u2713 Kwaliteit \u2713 Snelle levering\"},{\"@type\":\"BreadcrumbList\",\"@id\":\"https:\\\/\\\/wijnhuis-mana.nl\\\/fr\\\/product\\\/pio-cesare-barbera-dalba\\\/#breadcrumb\",\"itemListElement\":[{\"@type\":\"ListItem\",\"position\":1,\"name\":\"Home\",\"item\":\"https:\\\/\\\/wijnhuis-mana.nl\\\/fr\\\/\"},{\"@type\":\"ListItem\",\"position\":2,\"name\":\"Boutique\",\"item\":\"https:\\\/\\\/wijnhuis-mana.nl\\\/fr\\\/boutique\\\/\"},{\"@type\":\"ListItem\",\"position\":3,\"name\":\"Pio Cesare Barbera d&#8217;Alba\"}]},{\"@type\":\"WebSite\",\"@id\":\"https:\\\/\\\/wijnhuis-mana.nl\\\/fr\\\/#website\",\"url\":\"https:\\\/\\\/wijnhuis-mana.nl\\\/fr\\\/\",\"name\":\"Wijnhuis-Mana.nl\",\"description\":\"Wijn v\u00e1n liefhebbers, v\u00f3\u00f3r liefhebbers\",\"publisher\":{\"@id\":\"https:\\\/\\\/wijnhuis-mana.nl\\\/fr\\\/#organization\"},\"potentialAction\":[{\"@type\":\"SearchAction\",\"target\":{\"@type\":\"EntryPoint\",\"urlTemplate\":\"https:\\\/\\\/wijnhuis-mana.nl\\\/fr\\\/?s={search_term_string}\"},\"query-input\":{\"@type\":\"PropertyValueSpecification\",\"valueRequired\":true,\"valueName\":\"search_term_string\"}}],\"inLanguage\":\"fr-FR\"},{\"@type\":[\"Organization\",\"Place\"],\"@id\":\"https:\\\/\\\/wijnhuis-mana.nl\\\/fr\\\/#organization\",\"name\":\"Wijnhuis-Mana.nl\",\"url\":\"https:\\\/\\\/wijnhuis-mana.nl\\\/fr\\\/\",\"logo\":{\"@id\":\"https:\\\/\\\/wijnhuis-mana.nl\\\/fr\\\/product\\\/pio-cesare-barbera-dalba\\\/#local-main-organization-logo\"},\"image\":{\"@id\":\"https:\\\/\\\/wijnhuis-mana.nl\\\/fr\\\/product\\\/pio-cesare-barbera-dalba\\\/#local-main-organization-logo\"},\"sameAs\":[\"https:\\\/\\\/www.facebook.com\\\/wijnhuismana\",\"https:\\\/\\\/www.instagram.com\\\/ghvino.nl\"],\"hasMerchantReturnPolicy\":{\"@type\":\"MerchantReturnPolicy\",\"merchantReturnLink\":\"https:\\\/\\\/wijnhuis-mana.nl\\\/algemene-voorwaarden\\\/\"},\"address\":{\"@id\":\"https:\\\/\\\/wijnhuis-mana.nl\\\/fr\\\/product\\\/pio-cesare-barbera-dalba\\\/#local-main-place-address\"},\"telephone\":[\"0299-769018\"],\"openingHoursSpecification\":[{\"@type\":\"OpeningHoursSpecification\",\"dayOfWeek\":[\"Monday\",\"Sunday\"],\"opens\":\"00:00\",\"closes\":\"00:00\"},{\"@type\":\"OpeningHoursSpecification\",\"dayOfWeek\":[\"Tuesday\"],\"opens\":\"10:00\",\"closes\":\"18:00\"},{\"@type\":\"OpeningHoursSpecification\",\"dayOfWeek\":[\"Wednesday\",\"Thursday\",\"Saturday\"],\"opens\":\"11:00\",\"closes\":\"18:00\"},{\"@type\":\"OpeningHoursSpecification\",\"dayOfWeek\":[\"Friday\"],\"opens\":\"11:00\",\"closes\":\"21:00\"}],\"email\":\"info@wijnhuis-mana.nl\",\"areaServed\":\"Nederland\",\"vatID\":\"NL58KNAB0255573782\",\"taxID\":\"NL58KNAB0255573782\"},{\"@type\":\"PostalAddress\",\"@id\":\"https:\\\/\\\/wijnhuis-mana.nl\\\/fr\\\/product\\\/pio-cesare-barbera-dalba\\\/#local-main-place-address\",\"streetAddress\":\"Weerwal 11\",\"addressLocality\":\"Purmerend\",\"postalCode\":\"1441 AL\",\"addressRegion\":\"Noord-Holland\",\"addressCountry\":\"NL\"},{\"@type\":\"ImageObject\",\"inLanguage\":\"fr-FR\",\"@id\":\"https:\\\/\\\/wijnhuis-mana.nl\\\/fr\\\/product\\\/pio-cesare-barbera-dalba\\\/#local-main-organization-logo\",\"url\":\"https:\\\/\\\/wijnhuis-mana.nl\\\/wp-content\\\/uploads\\\/2022\\\/01\\\/Logo_Wijnhuis-Mana_Kleur.jpg\",\"contentUrl\":\"https:\\\/\\\/wijnhuis-mana.nl\\\/wp-content\\\/uploads\\\/2022\\\/01\\\/Logo_Wijnhuis-Mana_Kleur.jpg\",\"width\":400,\"height\":111,\"caption\":\"Wijnhuis-Mana.nl\"}]}<\/script>\n<meta property=\"product:price:amount\" content=\"23.35\" \/>\n<meta property=\"product:price:currency\" content=\"EUR\" \/>\n<meta property=\"og:availability\" content=\"instock\" \/>\n<meta property=\"product:availability\" content=\"instock\" \/>\n<meta property=\"product:retailer_item_id\" content=\"8014629082318\" \/>\n<meta property=\"product:condition\" content=\"new\" \/>\n<meta name=\"geo.placename\" content=\"Purmerend\" \/>\n<meta name=\"geo.region\" content=\"Netherlands\" \/>\n<!-- \/ Yoast SEO Premium plugin. -->","yoast_head_json":{"title":"Pio Cesare Barbera d'Alba | Italiaanse unieke wijn | Wijnhuis-Mana.nl","description":"Proef eens deze Pio Cesare Barbera d'Alba, een droge rode wijn uit Itali\u00eb bij Wijnhuis-Mana.nl \u2713 Service \u2713 Kwaliteit \u2713 Snelle levering","robots":{"index":"index","follow":"follow","max-snippet":"max-snippet:-1","max-image-preview":"max-image-preview:large","max-video-preview":"max-video-preview:-1"},"canonical":"https:\/\/wijnhuis-mana.nl\/fr\/product\/pio-cesare-barbera-dalba\/","og_locale":"fr_FR","og_type":"article","og_title":"Pio Cesare Barbera d'Alba","og_description":"Proef eens deze Pio Cesare Barbera d'Alba, een droge rode wijn uit Itali\u00eb bij Wijnhuis-Mana.nl \u2713 Service \u2713 Kwaliteit \u2713 Snelle levering","og_url":"https:\/\/wijnhuis-mana.nl\/fr\/product\/pio-cesare-barbera-dalba\/","og_site_name":"Wijnhuis-Mana.nl","article_publisher":"https:\/\/www.facebook.com\/wijnhuismana","article_modified_time":"2026-03-09T20:15:36+00:00","og_image":[{"width":800,"height":800,"url":"https:\/\/wijnhuis-mana.nl\/wp-content\/uploads\/2022\/02\/Pio-Cesare-Barbera-d-Alba.jpg","type":"image\/jpeg"}],"twitter_card":"summary_large_image","twitter_misc":{"Price":"&euro;&nbsp;23,35","Availability":"In stock"},"schema":{"@context":"https:\/\/schema.org","@graph":[{"@type":"WebPage","@id":"https:\/\/wijnhuis-mana.nl\/fr\/product\/pio-cesare-barbera-dalba\/","url":"https:\/\/wijnhuis-mana.nl\/fr\/product\/pio-cesare-barbera-dalba\/","name":"Pio Cesare Barbera d'Alba | Italiaanse unieke wijn | Wijnhuis-Mana.nl","isPartOf":{"@id":"https:\/\/wijnhuis-mana.nl\/fr\/#website"},"primaryImageOfPage":{"@id":"https:\/\/wijnhuis-mana.nl\/fr\/product\/pio-cesare-barbera-dalba\/#primaryimage"},"image":{"@id":"https:\/\/wijnhuis-mana.nl\/fr\/product\/pio-cesare-barbera-dalba\/#primaryimage"},"thumbnailUrl":"https:\/\/wijnhuis-mana.nl\/wp-content\/uploads\/2022\/02\/Pio-Cesare-Barbera-d-Alba.jpg","datePublished":"2022-02-18T14:14:58+00:00","dateModified":"2026-03-09T20:15:36+00:00","description":"Proef eens deze Pio Cesare Barbera d'Alba, een droge rode wijn uit Itali\u00eb bij Wijnhuis-Mana.nl \u2713 Service \u2713 Kwaliteit \u2713 Snelle levering","breadcrumb":{"@id":"https:\/\/wijnhuis-mana.nl\/fr\/product\/pio-cesare-barbera-dalba\/#breadcrumb"},"inLanguage":"fr-FR","potentialAction":[{"@type":"ReadAction","target":["https:\/\/wijnhuis-mana.nl\/fr\/product\/pio-cesare-barbera-dalba\/"]}]},{"@type":"ImageObject","inLanguage":"fr-FR","@id":"https:\/\/wijnhuis-mana.nl\/fr\/product\/pio-cesare-barbera-dalba\/#primaryimage","url":"https:\/\/wijnhuis-mana.nl\/wp-content\/uploads\/2022\/02\/Pio-Cesare-Barbera-d-Alba.jpg","contentUrl":"https:\/\/wijnhuis-mana.nl\/wp-content\/uploads\/2022\/02\/Pio-Cesare-Barbera-d-Alba.jpg","width":800,"height":800,"caption":"Proef eens deze Pio Cesare Barbera d'Alba, een droge rode wijn uit Itali\u00eb bij Wijnhuis-Mana.nl \u2713 Service \u2713 Kwaliteit \u2713 Snelle levering"},{"@type":"BreadcrumbList","@id":"https:\/\/wijnhuis-mana.nl\/fr\/product\/pio-cesare-barbera-dalba\/#breadcrumb","itemListElement":[{"@type":"ListItem","position":1,"name":"Home","item":"https:\/\/wijnhuis-mana.nl\/fr\/"},{"@type":"ListItem","position":2,"name":"Boutique","item":"https:\/\/wijnhuis-mana.nl\/fr\/boutique\/"},{"@type":"ListItem","position":3,"name":"Pio Cesare Barbera d&#8217;Alba"}]},{"@type":"WebSite","@id":"https:\/\/wijnhuis-mana.nl\/fr\/#website","url":"https:\/\/wijnhuis-mana.nl\/fr\/","name":"Wijnhuis-Mana.nl","description":"Wijn v\u00e1n liefhebbers, v\u00f3\u00f3r liefhebbers","publisher":{"@id":"https:\/\/wijnhuis-mana.nl\/fr\/#organization"},"potentialAction":[{"@type":"SearchAction","target":{"@type":"EntryPoint","urlTemplate":"https:\/\/wijnhuis-mana.nl\/fr\/?s={search_term_string}"},"query-input":{"@type":"PropertyValueSpecification","valueRequired":true,"valueName":"search_term_string"}}],"inLanguage":"fr-FR"},{"@type":["Organization","Place"],"@id":"https:\/\/wijnhuis-mana.nl\/fr\/#organization","name":"Wijnhuis-Mana.nl","url":"https:\/\/wijnhuis-mana.nl\/fr\/","logo":{"@id":"https:\/\/wijnhuis-mana.nl\/fr\/product\/pio-cesare-barbera-dalba\/#local-main-organization-logo"},"image":{"@id":"https:\/\/wijnhuis-mana.nl\/fr\/product\/pio-cesare-barbera-dalba\/#local-main-organization-logo"},"sameAs":["https:\/\/www.facebook.com\/wijnhuismana","https:\/\/www.instagram.com\/ghvino.nl"],"hasMerchantReturnPolicy":{"@type":"MerchantReturnPolicy","merchantReturnLink":"https:\/\/wijnhuis-mana.nl\/algemene-voorwaarden\/"},"address":{"@id":"https:\/\/wijnhuis-mana.nl\/fr\/product\/pio-cesare-barbera-dalba\/#local-main-place-address"},"telephone":["0299-769018"],"openingHoursSpecification":[{"@type":"OpeningHoursSpecification","dayOfWeek":["Monday","Sunday"],"opens":"00:00","closes":"00:00"},{"@type":"OpeningHoursSpecification","dayOfWeek":["Tuesday"],"opens":"10:00","closes":"18:00"},{"@type":"OpeningHoursSpecification","dayOfWeek":["Wednesday","Thursday","Saturday"],"opens":"11:00","closes":"18:00"},{"@type":"OpeningHoursSpecification","dayOfWeek":["Friday"],"opens":"11:00","closes":"21:00"}],"email":"info@wijnhuis-mana.nl","areaServed":"Nederland","vatID":"NL58KNAB0255573782","taxID":"NL58KNAB0255573782"},{"@type":"PostalAddress","@id":"https:\/\/wijnhuis-mana.nl\/fr\/product\/pio-cesare-barbera-dalba\/#local-main-place-address","streetAddress":"Weerwal 11","addressLocality":"Purmerend","postalCode":"1441 AL","addressRegion":"Noord-Holland","addressCountry":"NL"},{"@type":"ImageObject","inLanguage":"fr-FR","@id":"https:\/\/wijnhuis-mana.nl\/fr\/product\/pio-cesare-barbera-dalba\/#local-main-organization-logo","url":"https:\/\/wijnhuis-mana.nl\/wp-content\/uploads\/2022\/01\/Logo_Wijnhuis-Mana_Kleur.jpg","contentUrl":"https:\/\/wijnhuis-mana.nl\/wp-content\/uploads\/2022\/01\/Logo_Wijnhuis-Mana_Kleur.jpg","width":400,"height":111,"caption":"Wijnhuis-Mana.nl"}]},"product_price_amount":"23.35","product_price_currency":"EUR","og_availability":"instock","product_availability":"instock","product_retailer_item_id":"8014629082318","product_condition":"new","geo.placename":"Purmerend","geo.region":"Netherlands"},"post_mailing_queue_ids":[],"_links":{"self":[{"href":"https:\/\/wijnhuis-mana.nl\/fr\/wp-json\/wp\/v2\/product\/1738","targetHints":{"allow":["GET"]}}],"collection":[{"href":"https:\/\/wijnhuis-mana.nl\/fr\/wp-json\/wp\/v2\/product"}],"about":[{"href":"https:\/\/wijnhuis-mana.nl\/fr\/wp-json\/wp\/v2\/types\/product"}],"replies":[{"embeddable":true,"href":"https:\/\/wijnhuis-mana.nl\/fr\/wp-json\/wp\/v2\/comments?post=1738"}],"wp:featuredmedia":[{"embeddable":true,"href":"https:\/\/wijnhuis-mana.nl\/fr\/wp-json\/wp\/v2\/media\/8847"}],"wp:attachment":[{"href":"https:\/\/wijnhuis-mana.nl\/fr\/wp-json\/wp\/v2\/media?parent=1738"}],"wp:term":[{"taxonomy":"product_brand","embeddable":true,"href":"https:\/\/wijnhuis-mana.nl\/fr\/wp-json\/wp\/v2\/product_brand?post=1738"},{"taxonomy":"product_cat","embeddable":true,"href":"https:\/\/wijnhuis-mana.nl\/fr\/wp-json\/wp\/v2\/product_cat?post=1738"},{"taxonomy":"product_tag","embeddable":true,"href":"https:\/\/wijnhuis-mana.nl\/fr\/wp-json\/wp\/v2\/product_tag?post=1738"}],"curies":[{"name":"wp","href":"https:\/\/api.w.org\/{rel}","templated":true}]}}