{"id":1818,"date":"2022-02-20T19:42:07","date_gmt":"2022-02-20T18:42:07","guid":{"rendered":"https:\/\/wijnhuis-mana.nl\/?post_type=product&#038;p=1818"},"modified":"2026-01-04T20:00:44","modified_gmt":"2026-01-04T19:00:44","slug":"chacha-tarragon","status":"publish","type":"product","link":"https:\/\/wijnhuis-mana.nl\/fr\/product\/chacha-tarragon\/","title":{"rendered":"Chacha Tarragon"},"content":{"rendered":"<p>Chacha is een traditionele Georgische sterke alcoholische drank die wordt gemaakt door de schillen, pulp, zaden en stelen van druiven te distilleren volgens de oude Georgische traditionele technologie. De fijne drank heeft een sterk karakter; het is doordrenkt met lokale tarragon-bladeren die de lichte smaragdgroene kleur geven, het rijke en zoete botanische aroma zorgt voor een harmonieuze smaakervaring.<\/p>\n","protected":false},"excerpt":{"rendered":"<p>Omschrijving volgt.<\/p>\n","protected":false},"featured_media":11684,"comment_status":"open","ping_status":"closed","template":"","meta":[],"product_brand":[],"product_cat":[904],"product_tag":[540,539,541],"class_list":{"0":"post-1818","1":"product","2":"type-product","3":"status-publish","4":"has-post-thumbnail","6":"product_cat-chacha-grappa","7":"product_tag-gedistilleerd","8":"product_tag-grappa","9":"product_tag-sterke-drank","11":"first","12":"outofstock","13":"taxable","14":"shipping-taxable","15":"purchasable","16":"product-type-simple"},"yoast_head":"<!-- This site is optimized with the Yoast SEO Premium plugin v27.3 (Yoast SEO v27.3) - https:\/\/yoast.com\/product\/yoast-seo-premium-wordpress\/ -->\n<title>Chacha Tarragon | Georgische unieke grappa | Ghvino.nl<\/title>\n<meta name=\"description\" content=\"Proef eens deze Chacha Tarragon, een chacha grappa uit Georgie bij Ghvino.nl \u2713 Service \u2713 Kwaliteit \u2713 Snelle levering\" \/>\n<meta name=\"robots\" content=\"index, follow, max-snippet:-1, max-image-preview:large, max-video-preview:-1\" \/>\n<link rel=\"canonical\" href=\"https:\/\/wijnhuis-mana.nl\/fr\/product\/chacha-tarragon\/\" \/>\n<meta property=\"og:locale\" content=\"fr_FR\" \/>\n<meta property=\"og:type\" content=\"article\" \/>\n<meta property=\"og:title\" content=\"Chacha Tarragon\" \/>\n<meta property=\"og:description\" content=\"Proef eens deze Chacha Tarragon, een chacha grappa uit Georgie bij Ghvino.nl \u2713 Service \u2713 Kwaliteit \u2713 Snelle levering\" \/>\n<meta property=\"og:url\" content=\"https:\/\/wijnhuis-mana.nl\/fr\/product\/chacha-tarragon\/\" \/>\n<meta property=\"og:site_name\" content=\"Wijnhuis-Mana.nl\" \/>\n<meta property=\"article:publisher\" content=\"https:\/\/www.facebook.com\/wijnhuismana\" \/>\n<meta property=\"article:modified_time\" content=\"2026-01-04T19:00:44+00:00\" \/>\n<meta property=\"og:image\" content=\"https:\/\/wijnhuis-mana.nl\/wp-content\/uploads\/2025\/03\/Ghvino.nl-Kakhuri-Gvinis-Marani-ChaCha-Tarragon.jpg\" \/>\n\t<meta property=\"og:image:width\" content=\"800\" \/>\n\t<meta property=\"og:image:height\" content=\"800\" \/>\n\t<meta property=\"og:image:type\" content=\"image\/jpeg\" \/>\n<meta name=\"twitter:card\" content=\"summary_large_image\" \/>\n<meta name=\"twitter:label1\" content=\"Price\" \/>\n\t<meta name=\"twitter:data1\" content=\"&euro;&nbsp;22,95\" \/>\n\t<meta name=\"twitter:label2\" content=\"Availability\" \/>\n\t<meta name=\"twitter:data2\" content=\"Out of stock\" \/>\n<script type=\"application\/ld+json\" class=\"yoast-schema-graph\">{\"@context\":\"https:\\\/\\\/schema.org\",\"@graph\":[{\"@type\":\"WebPage\",\"@id\":\"https:\\\/\\\/wijnhuis-mana.nl\\\/fr\\\/product\\\/chacha-tarragon\\\/\",\"url\":\"https:\\\/\\\/wijnhuis-mana.nl\\\/fr\\\/product\\\/chacha-tarragon\\\/\",\"name\":\"Chacha Tarragon | Georgische unieke grappa | Ghvino.nl\",\"isPartOf\":{\"@id\":\"https:\\\/\\\/wijnhuis-mana.nl\\\/fr\\\/#website\"},\"primaryImageOfPage\":{\"@id\":\"https:\\\/\\\/wijnhuis-mana.nl\\\/fr\\\/product\\\/chacha-tarragon\\\/#primaryimage\"},\"image\":{\"@id\":\"https:\\\/\\\/wijnhuis-mana.nl\\\/fr\\\/product\\\/chacha-tarragon\\\/#primaryimage\"},\"thumbnailUrl\":\"https:\\\/\\\/wijnhuis-mana.nl\\\/wp-content\\\/uploads\\\/2025\\\/03\\\/Ghvino.nl-Kakhuri-Gvinis-Marani-ChaCha-Tarragon.jpg\",\"datePublished\":\"2022-02-20T18:42:07+00:00\",\"dateModified\":\"2026-01-04T19:00:44+00:00\",\"description\":\"Proef eens deze Chacha Tarragon, een chacha grappa uit Georgie bij Ghvino.nl \u2713 Service \u2713 Kwaliteit \u2713 Snelle levering\",\"breadcrumb\":{\"@id\":\"https:\\\/\\\/wijnhuis-mana.nl\\\/fr\\\/product\\\/chacha-tarragon\\\/#breadcrumb\"},\"inLanguage\":\"fr-FR\",\"potentialAction\":[{\"@type\":\"ReadAction\",\"target\":[\"https:\\\/\\\/wijnhuis-mana.nl\\\/fr\\\/product\\\/chacha-tarragon\\\/\"]}]},{\"@type\":\"ImageObject\",\"inLanguage\":\"fr-FR\",\"@id\":\"https:\\\/\\\/wijnhuis-mana.nl\\\/fr\\\/product\\\/chacha-tarragon\\\/#primaryimage\",\"url\":\"https:\\\/\\\/wijnhuis-mana.nl\\\/wp-content\\\/uploads\\\/2025\\\/03\\\/Ghvino.nl-Kakhuri-Gvinis-Marani-ChaCha-Tarragon.jpg\",\"contentUrl\":\"https:\\\/\\\/wijnhuis-mana.nl\\\/wp-content\\\/uploads\\\/2025\\\/03\\\/Ghvino.nl-Kakhuri-Gvinis-Marani-ChaCha-Tarragon.jpg\",\"width\":800,\"height\":800,\"caption\":\"Proef eens deze Chacha Tarragon, een chacha grappa uit Georgie bij Ghvino.nl \u2713 Service \u2713 Kwaliteit \u2713 Snelle levering\"},{\"@type\":\"BreadcrumbList\",\"@id\":\"https:\\\/\\\/wijnhuis-mana.nl\\\/fr\\\/product\\\/chacha-tarragon\\\/#breadcrumb\",\"itemListElement\":[{\"@type\":\"ListItem\",\"position\":1,\"name\":\"Home\",\"item\":\"https:\\\/\\\/wijnhuis-mana.nl\\\/fr\\\/\"},{\"@type\":\"ListItem\",\"position\":2,\"name\":\"Boutique\",\"item\":\"https:\\\/\\\/wijnhuis-mana.nl\\\/fr\\\/boutique\\\/\"},{\"@type\":\"ListItem\",\"position\":3,\"name\":\"Chacha Tarragon\"}]},{\"@type\":\"WebSite\",\"@id\":\"https:\\\/\\\/wijnhuis-mana.nl\\\/fr\\\/#website\",\"url\":\"https:\\\/\\\/wijnhuis-mana.nl\\\/fr\\\/\",\"name\":\"Wijnhuis-Mana.nl\",\"description\":\"Wijn v\u00e1n liefhebbers, v\u00f3\u00f3r liefhebbers\",\"publisher\":{\"@id\":\"https:\\\/\\\/wijnhuis-mana.nl\\\/fr\\\/#organization\"},\"potentialAction\":[{\"@type\":\"SearchAction\",\"target\":{\"@type\":\"EntryPoint\",\"urlTemplate\":\"https:\\\/\\\/wijnhuis-mana.nl\\\/fr\\\/?s={search_term_string}\"},\"query-input\":{\"@type\":\"PropertyValueSpecification\",\"valueRequired\":true,\"valueName\":\"search_term_string\"}}],\"inLanguage\":\"fr-FR\"},{\"@type\":[\"Organization\",\"Place\"],\"@id\":\"https:\\\/\\\/wijnhuis-mana.nl\\\/fr\\\/#organization\",\"name\":\"Wijnhuis-Mana.nl\",\"url\":\"https:\\\/\\\/wijnhuis-mana.nl\\\/fr\\\/\",\"logo\":{\"@id\":\"https:\\\/\\\/wijnhuis-mana.nl\\\/fr\\\/product\\\/chacha-tarragon\\\/#local-main-organization-logo\"},\"image\":{\"@id\":\"https:\\\/\\\/wijnhuis-mana.nl\\\/fr\\\/product\\\/chacha-tarragon\\\/#local-main-organization-logo\"},\"sameAs\":[\"https:\\\/\\\/www.facebook.com\\\/wijnhuismana\",\"https:\\\/\\\/www.instagram.com\\\/ghvino.nl\"],\"hasMerchantReturnPolicy\":{\"@type\":\"MerchantReturnPolicy\",\"merchantReturnLink\":\"https:\\\/\\\/wijnhuis-mana.nl\\\/algemene-voorwaarden\\\/\"},\"address\":{\"@id\":\"https:\\\/\\\/wijnhuis-mana.nl\\\/fr\\\/product\\\/chacha-tarragon\\\/#local-main-place-address\"},\"telephone\":[\"0299-769018\"],\"openingHoursSpecification\":[{\"@type\":\"OpeningHoursSpecification\",\"dayOfWeek\":[\"Monday\",\"Sunday\"],\"opens\":\"00:00\",\"closes\":\"00:00\"},{\"@type\":\"OpeningHoursSpecification\",\"dayOfWeek\":[\"Tuesday\"],\"opens\":\"10:00\",\"closes\":\"18:00\"},{\"@type\":\"OpeningHoursSpecification\",\"dayOfWeek\":[\"Wednesday\",\"Thursday\",\"Saturday\"],\"opens\":\"11:00\",\"closes\":\"18:00\"},{\"@type\":\"OpeningHoursSpecification\",\"dayOfWeek\":[\"Friday\"],\"opens\":\"11:00\",\"closes\":\"21:00\"}],\"email\":\"info@wijnhuis-mana.nl\",\"areaServed\":\"Nederland\",\"vatID\":\"NL58KNAB0255573782\",\"taxID\":\"NL58KNAB0255573782\"},{\"@type\":\"PostalAddress\",\"@id\":\"https:\\\/\\\/wijnhuis-mana.nl\\\/fr\\\/product\\\/chacha-tarragon\\\/#local-main-place-address\",\"streetAddress\":\"Weerwal 11\",\"addressLocality\":\"Purmerend\",\"postalCode\":\"1441 AL\",\"addressRegion\":\"Noord-Holland\",\"addressCountry\":\"NL\"},{\"@type\":\"ImageObject\",\"inLanguage\":\"fr-FR\",\"@id\":\"https:\\\/\\\/wijnhuis-mana.nl\\\/fr\\\/product\\\/chacha-tarragon\\\/#local-main-organization-logo\",\"url\":\"https:\\\/\\\/wijnhuis-mana.nl\\\/wp-content\\\/uploads\\\/2022\\\/01\\\/Logo_Wijnhuis-Mana_Kleur.jpg\",\"contentUrl\":\"https:\\\/\\\/wijnhuis-mana.nl\\\/wp-content\\\/uploads\\\/2022\\\/01\\\/Logo_Wijnhuis-Mana_Kleur.jpg\",\"width\":400,\"height\":111,\"caption\":\"Wijnhuis-Mana.nl\"}]}<\/script>\n<meta property=\"product:price:amount\" content=\"22.95\" \/>\n<meta property=\"product:price:currency\" content=\"EUR\" \/>\n<meta property=\"og:availability\" content=\"out of stock\" \/>\n<meta property=\"product:availability\" content=\"out of stock\" \/>\n<meta property=\"product:retailer_item_id\" content=\"4860101021368\" \/>\n<meta property=\"product:condition\" content=\"new\" \/>\n<meta name=\"geo.placename\" content=\"Purmerend\" \/>\n<meta name=\"geo.region\" content=\"Netherlands\" \/>\n<!-- \/ Yoast SEO Premium plugin. -->","yoast_head_json":{"title":"Chacha Tarragon | Georgische unieke grappa | Ghvino.nl","description":"Proef eens deze Chacha Tarragon, een chacha grappa uit Georgie bij Ghvino.nl \u2713 Service \u2713 Kwaliteit \u2713 Snelle levering","robots":{"index":"index","follow":"follow","max-snippet":"max-snippet:-1","max-image-preview":"max-image-preview:large","max-video-preview":"max-video-preview:-1"},"canonical":"https:\/\/wijnhuis-mana.nl\/fr\/product\/chacha-tarragon\/","og_locale":"fr_FR","og_type":"article","og_title":"Chacha Tarragon","og_description":"Proef eens deze Chacha Tarragon, een chacha grappa uit Georgie bij Ghvino.nl \u2713 Service \u2713 Kwaliteit \u2713 Snelle levering","og_url":"https:\/\/wijnhuis-mana.nl\/fr\/product\/chacha-tarragon\/","og_site_name":"Wijnhuis-Mana.nl","article_publisher":"https:\/\/www.facebook.com\/wijnhuismana","article_modified_time":"2026-01-04T19:00:44+00:00","og_image":[{"width":800,"height":800,"url":"https:\/\/wijnhuis-mana.nl\/wp-content\/uploads\/2025\/03\/Ghvino.nl-Kakhuri-Gvinis-Marani-ChaCha-Tarragon.jpg","type":"image\/jpeg"}],"twitter_card":"summary_large_image","twitter_misc":{"Price":"&euro;&nbsp;22,95","Availability":"Out of stock"},"schema":{"@context":"https:\/\/schema.org","@graph":[{"@type":"WebPage","@id":"https:\/\/wijnhuis-mana.nl\/fr\/product\/chacha-tarragon\/","url":"https:\/\/wijnhuis-mana.nl\/fr\/product\/chacha-tarragon\/","name":"Chacha Tarragon | Georgische unieke grappa | Ghvino.nl","isPartOf":{"@id":"https:\/\/wijnhuis-mana.nl\/fr\/#website"},"primaryImageOfPage":{"@id":"https:\/\/wijnhuis-mana.nl\/fr\/product\/chacha-tarragon\/#primaryimage"},"image":{"@id":"https:\/\/wijnhuis-mana.nl\/fr\/product\/chacha-tarragon\/#primaryimage"},"thumbnailUrl":"https:\/\/wijnhuis-mana.nl\/wp-content\/uploads\/2025\/03\/Ghvino.nl-Kakhuri-Gvinis-Marani-ChaCha-Tarragon.jpg","datePublished":"2022-02-20T18:42:07+00:00","dateModified":"2026-01-04T19:00:44+00:00","description":"Proef eens deze Chacha Tarragon, een chacha grappa uit Georgie bij Ghvino.nl \u2713 Service \u2713 Kwaliteit \u2713 Snelle levering","breadcrumb":{"@id":"https:\/\/wijnhuis-mana.nl\/fr\/product\/chacha-tarragon\/#breadcrumb"},"inLanguage":"fr-FR","potentialAction":[{"@type":"ReadAction","target":["https:\/\/wijnhuis-mana.nl\/fr\/product\/chacha-tarragon\/"]}]},{"@type":"ImageObject","inLanguage":"fr-FR","@id":"https:\/\/wijnhuis-mana.nl\/fr\/product\/chacha-tarragon\/#primaryimage","url":"https:\/\/wijnhuis-mana.nl\/wp-content\/uploads\/2025\/03\/Ghvino.nl-Kakhuri-Gvinis-Marani-ChaCha-Tarragon.jpg","contentUrl":"https:\/\/wijnhuis-mana.nl\/wp-content\/uploads\/2025\/03\/Ghvino.nl-Kakhuri-Gvinis-Marani-ChaCha-Tarragon.jpg","width":800,"height":800,"caption":"Proef eens deze Chacha Tarragon, een chacha grappa uit Georgie bij Ghvino.nl \u2713 Service \u2713 Kwaliteit \u2713 Snelle levering"},{"@type":"BreadcrumbList","@id":"https:\/\/wijnhuis-mana.nl\/fr\/product\/chacha-tarragon\/#breadcrumb","itemListElement":[{"@type":"ListItem","position":1,"name":"Home","item":"https:\/\/wijnhuis-mana.nl\/fr\/"},{"@type":"ListItem","position":2,"name":"Boutique","item":"https:\/\/wijnhuis-mana.nl\/fr\/boutique\/"},{"@type":"ListItem","position":3,"name":"Chacha Tarragon"}]},{"@type":"WebSite","@id":"https:\/\/wijnhuis-mana.nl\/fr\/#website","url":"https:\/\/wijnhuis-mana.nl\/fr\/","name":"Wijnhuis-Mana.nl","description":"Wijn v\u00e1n liefhebbers, v\u00f3\u00f3r liefhebbers","publisher":{"@id":"https:\/\/wijnhuis-mana.nl\/fr\/#organization"},"potentialAction":[{"@type":"SearchAction","target":{"@type":"EntryPoint","urlTemplate":"https:\/\/wijnhuis-mana.nl\/fr\/?s={search_term_string}"},"query-input":{"@type":"PropertyValueSpecification","valueRequired":true,"valueName":"search_term_string"}}],"inLanguage":"fr-FR"},{"@type":["Organization","Place"],"@id":"https:\/\/wijnhuis-mana.nl\/fr\/#organization","name":"Wijnhuis-Mana.nl","url":"https:\/\/wijnhuis-mana.nl\/fr\/","logo":{"@id":"https:\/\/wijnhuis-mana.nl\/fr\/product\/chacha-tarragon\/#local-main-organization-logo"},"image":{"@id":"https:\/\/wijnhuis-mana.nl\/fr\/product\/chacha-tarragon\/#local-main-organization-logo"},"sameAs":["https:\/\/www.facebook.com\/wijnhuismana","https:\/\/www.instagram.com\/ghvino.nl"],"hasMerchantReturnPolicy":{"@type":"MerchantReturnPolicy","merchantReturnLink":"https:\/\/wijnhuis-mana.nl\/algemene-voorwaarden\/"},"address":{"@id":"https:\/\/wijnhuis-mana.nl\/fr\/product\/chacha-tarragon\/#local-main-place-address"},"telephone":["0299-769018"],"openingHoursSpecification":[{"@type":"OpeningHoursSpecification","dayOfWeek":["Monday","Sunday"],"opens":"00:00","closes":"00:00"},{"@type":"OpeningHoursSpecification","dayOfWeek":["Tuesday"],"opens":"10:00","closes":"18:00"},{"@type":"OpeningHoursSpecification","dayOfWeek":["Wednesday","Thursday","Saturday"],"opens":"11:00","closes":"18:00"},{"@type":"OpeningHoursSpecification","dayOfWeek":["Friday"],"opens":"11:00","closes":"21:00"}],"email":"info@wijnhuis-mana.nl","areaServed":"Nederland","vatID":"NL58KNAB0255573782","taxID":"NL58KNAB0255573782"},{"@type":"PostalAddress","@id":"https:\/\/wijnhuis-mana.nl\/fr\/product\/chacha-tarragon\/#local-main-place-address","streetAddress":"Weerwal 11","addressLocality":"Purmerend","postalCode":"1441 AL","addressRegion":"Noord-Holland","addressCountry":"NL"},{"@type":"ImageObject","inLanguage":"fr-FR","@id":"https:\/\/wijnhuis-mana.nl\/fr\/product\/chacha-tarragon\/#local-main-organization-logo","url":"https:\/\/wijnhuis-mana.nl\/wp-content\/uploads\/2022\/01\/Logo_Wijnhuis-Mana_Kleur.jpg","contentUrl":"https:\/\/wijnhuis-mana.nl\/wp-content\/uploads\/2022\/01\/Logo_Wijnhuis-Mana_Kleur.jpg","width":400,"height":111,"caption":"Wijnhuis-Mana.nl"}]},"product_price_amount":"22.95","product_price_currency":"EUR","og_availability":"out of stock","product_availability":"out of stock","product_retailer_item_id":"4860101021368","product_condition":"new","geo.placename":"Purmerend","geo.region":"Netherlands"},"post_mailing_queue_ids":[],"_links":{"self":[{"href":"https:\/\/wijnhuis-mana.nl\/fr\/wp-json\/wp\/v2\/product\/1818","targetHints":{"allow":["GET"]}}],"collection":[{"href":"https:\/\/wijnhuis-mana.nl\/fr\/wp-json\/wp\/v2\/product"}],"about":[{"href":"https:\/\/wijnhuis-mana.nl\/fr\/wp-json\/wp\/v2\/types\/product"}],"replies":[{"embeddable":true,"href":"https:\/\/wijnhuis-mana.nl\/fr\/wp-json\/wp\/v2\/comments?post=1818"}],"wp:featuredmedia":[{"embeddable":true,"href":"https:\/\/wijnhuis-mana.nl\/fr\/wp-json\/wp\/v2\/media\/11684"}],"wp:attachment":[{"href":"https:\/\/wijnhuis-mana.nl\/fr\/wp-json\/wp\/v2\/media?parent=1818"}],"wp:term":[{"taxonomy":"product_brand","embeddable":true,"href":"https:\/\/wijnhuis-mana.nl\/fr\/wp-json\/wp\/v2\/product_brand?post=1818"},{"taxonomy":"product_cat","embeddable":true,"href":"https:\/\/wijnhuis-mana.nl\/fr\/wp-json\/wp\/v2\/product_cat?post=1818"},{"taxonomy":"product_tag","embeddable":true,"href":"https:\/\/wijnhuis-mana.nl\/fr\/wp-json\/wp\/v2\/product_tag?post=1818"}],"curies":[{"name":"wp","href":"https:\/\/api.w.org\/{rel}","templated":true}]}}