{"id":9457,"date":"2023-11-20T16:01:36","date_gmt":"2023-11-20T15:01:36","guid":{"rendered":"https:\/\/wijnhuis-mana.nl\/?post_type=product&#038;p=9457"},"modified":"2026-04-06T20:00:48","modified_gmt":"2026-04-06T18:00:48","slug":"le-volte-dellornellaia-igt","status":"publish","type":"product","link":"https:\/\/wijnhuis-mana.nl\/fr\/product\/le-volte-dellornellaia-igt\/","title":{"rendered":"Tenuta dell&#8217;Ornellaia Le Volte IGT"},"content":{"rendered":"<p>Le Volte is een helderrode wijn met paarse highlights. De intense aroma&#8217;s kenmerken zich door het levendige rode fruit, zoals kersen maar ook confiture, gepaard met een lichte kruidigheid. Een prachtig gebalanceerde wijn, waarbij de zachte tannines samenkomen met de verfrissende zuren. Sappig in de aanzet, elegant met een zekere stevigheid en super verleidelijk. Antipasti, pasta en vlees zoals bijvoorbeeld duif, geit of lam met salie vormen een mooie combinatie met deze zwoele wijn.<\/p>\n<p>Awards:<br \/>\nOogstjaar 2019 &#8211; 16pt (Perswijn)<br \/>\nOogstjaar 2020 &#8211; 93pt (Decanter)<br \/>\nOogstjaar 2021 &#8211; 9 (De Grote Hamersma)<\/p>\n","protected":false},"excerpt":{"rendered":"<p>Le Volte is een helderrode wijn met paarse highlights. De intense aroma&#8217;s kenmerken zich door het levendige rode fruit, zoals kersen maar ook confiture, gepaard met een lichte kruidigheid.<\/p>\n<p>\nVivino score:<\/p>\n<div class=\"vivino-widget vivino-wine-card-widget\" data-vivino-widget-type=\"wineWithoutVintage\" data-vivino-wine-id=\"1480684\" data-make-vivino-redirect=\"true\" data-vivino-widget-language=\"en\" data-vivino-widget-layout=\"small_new\">\n  <a target=\"_blank\">Wine name<\/a>\n<\/div>\n","protected":false},"featured_media":9458,"comment_status":"open","ping_status":"closed","template":"","meta":[],"product_brand":[],"product_cat":[2888,2899,2889],"product_tag":[137,411,136,143],"class_list":{"0":"post-9457","1":"product","2":"type-product","3":"status-publish","4":"has-post-thumbnail","6":"product_cat-alle-wijn","7":"product_cat-italiaanse-wijn","8":"product_cat-rode-wijn","9":"product_tag-droge-wijn","10":"product_tag-italiaanse-wijn","11":"product_tag-rode-wijn","12":"product_tag-traditionele-vinificatie","14":"first","15":"instock","16":"taxable","17":"shipping-taxable","18":"purchasable","19":"product-type-simple"},"yoast_head":"<!-- This site is optimized with the Yoast SEO Premium plugin v27.3 (Yoast SEO v27.3) - https:\/\/yoast.com\/product\/yoast-seo-premium-wordpress\/ -->\n<title>Tenuta dell&#039;Ornellaia Le Volte IGT | Italiaanse unieke wijn | Wijnhuis-Mana.nl<\/title>\n<meta name=\"description\" content=\"Proef eens deze Tenuta dell&#039;Ornellaia Le Volte IGT , een droge rode wijn uit Itali\u00eb bij Wijnhuis-Mana.nl \u2713 Service \u2713 Kwaliteit \u2713 Snelle levering\" \/>\n<meta name=\"robots\" content=\"index, follow, max-snippet:-1, max-image-preview:large, max-video-preview:-1\" \/>\n<link rel=\"canonical\" href=\"https:\/\/wijnhuis-mana.nl\/fr\/product\/le-volte-dellornellaia-igt\/\" \/>\n<meta property=\"og:locale\" content=\"fr_FR\" \/>\n<meta property=\"og:type\" content=\"article\" \/>\n<meta property=\"og:title\" content=\"Tenuta dell&#039;Ornellaia Le Volte IGT\" \/>\n<meta property=\"og:description\" content=\"Proef eens deze Tenuta dell&#039;Ornellaia Le Volte IGT , een droge rode wijn uit Itali\u00eb bij Wijnhuis-Mana.nl \u2713 Service \u2713 Kwaliteit \u2713 Snelle levering\" \/>\n<meta property=\"og:url\" content=\"https:\/\/wijnhuis-mana.nl\/fr\/product\/le-volte-dellornellaia-igt\/\" \/>\n<meta property=\"og:site_name\" content=\"Wijnhuis-Mana.nl\" \/>\n<meta property=\"article:publisher\" content=\"https:\/\/www.facebook.com\/wijnhuismana\" \/>\n<meta property=\"article:modified_time\" content=\"2026-04-06T18:00:48+00:00\" \/>\n<meta property=\"og:image\" content=\"https:\/\/wijnhuis-mana.nl\/wp-content\/uploads\/2023\/11\/Le-Volte-dell-Ornellaia.jpg\" \/>\n\t<meta property=\"og:image:width\" content=\"800\" \/>\n\t<meta property=\"og:image:height\" content=\"800\" \/>\n\t<meta property=\"og:image:type\" content=\"image\/jpeg\" \/>\n<meta name=\"twitter:card\" content=\"summary_large_image\" \/>\n<meta name=\"twitter:label1\" content=\"Price\" \/>\n\t<meta name=\"twitter:data1\" content=\"&euro;&nbsp;26,95\" \/>\n\t<meta name=\"twitter:label2\" content=\"Availability\" \/>\n\t<meta name=\"twitter:data2\" content=\"In stock\" \/>\n<script type=\"application\/ld+json\" class=\"yoast-schema-graph\">{\"@context\":\"https:\\\/\\\/schema.org\",\"@graph\":[{\"@type\":\"WebPage\",\"@id\":\"https:\\\/\\\/wijnhuis-mana.nl\\\/fr\\\/product\\\/le-volte-dellornellaia-igt\\\/\",\"url\":\"https:\\\/\\\/wijnhuis-mana.nl\\\/fr\\\/product\\\/le-volte-dellornellaia-igt\\\/\",\"name\":\"Tenuta dell'Ornellaia Le Volte IGT | Italiaanse unieke wijn | Wijnhuis-Mana.nl\",\"isPartOf\":{\"@id\":\"https:\\\/\\\/wijnhuis-mana.nl\\\/fr\\\/#website\"},\"primaryImageOfPage\":{\"@id\":\"https:\\\/\\\/wijnhuis-mana.nl\\\/fr\\\/product\\\/le-volte-dellornellaia-igt\\\/#primaryimage\"},\"image\":{\"@id\":\"https:\\\/\\\/wijnhuis-mana.nl\\\/fr\\\/product\\\/le-volte-dellornellaia-igt\\\/#primaryimage\"},\"thumbnailUrl\":\"https:\\\/\\\/wijnhuis-mana.nl\\\/wp-content\\\/uploads\\\/2023\\\/11\\\/Le-Volte-dell-Ornellaia.jpg\",\"datePublished\":\"2023-11-20T15:01:36+00:00\",\"dateModified\":\"2026-04-06T18:00:48+00:00\",\"description\":\"Proef eens deze Tenuta dell'Ornellaia Le Volte IGT , een droge rode wijn uit Itali\u00eb bij Wijnhuis-Mana.nl \u2713 Service \u2713 Kwaliteit \u2713 Snelle levering\",\"breadcrumb\":{\"@id\":\"https:\\\/\\\/wijnhuis-mana.nl\\\/fr\\\/product\\\/le-volte-dellornellaia-igt\\\/#breadcrumb\"},\"inLanguage\":\"fr-FR\",\"potentialAction\":[{\"@type\":\"ReadAction\",\"target\":[\"https:\\\/\\\/wijnhuis-mana.nl\\\/fr\\\/product\\\/le-volte-dellornellaia-igt\\\/\"]}]},{\"@type\":\"ImageObject\",\"inLanguage\":\"fr-FR\",\"@id\":\"https:\\\/\\\/wijnhuis-mana.nl\\\/fr\\\/product\\\/le-volte-dellornellaia-igt\\\/#primaryimage\",\"url\":\"https:\\\/\\\/wijnhuis-mana.nl\\\/wp-content\\\/uploads\\\/2023\\\/11\\\/Le-Volte-dell-Ornellaia.jpg\",\"contentUrl\":\"https:\\\/\\\/wijnhuis-mana.nl\\\/wp-content\\\/uploads\\\/2023\\\/11\\\/Le-Volte-dell-Ornellaia.jpg\",\"width\":800,\"height\":800,\"caption\":\"Proef eens deze Tenuta dell'Ornellaia Le Volte IGT , een droge rode wijn uit Itali\u00eb bij Wijnhuis-Mana.nl \u2713 Service \u2713 Kwaliteit \u2713 Snelle levering\"},{\"@type\":\"BreadcrumbList\",\"@id\":\"https:\\\/\\\/wijnhuis-mana.nl\\\/fr\\\/product\\\/le-volte-dellornellaia-igt\\\/#breadcrumb\",\"itemListElement\":[{\"@type\":\"ListItem\",\"position\":1,\"name\":\"Home\",\"item\":\"https:\\\/\\\/wijnhuis-mana.nl\\\/fr\\\/\"},{\"@type\":\"ListItem\",\"position\":2,\"name\":\"Boutique\",\"item\":\"https:\\\/\\\/wijnhuis-mana.nl\\\/fr\\\/boutique\\\/\"},{\"@type\":\"ListItem\",\"position\":3,\"name\":\"Tenuta dell&#8217;Ornellaia Le Volte IGT\"}]},{\"@type\":\"WebSite\",\"@id\":\"https:\\\/\\\/wijnhuis-mana.nl\\\/fr\\\/#website\",\"url\":\"https:\\\/\\\/wijnhuis-mana.nl\\\/fr\\\/\",\"name\":\"Wijnhuis-Mana.nl\",\"description\":\"Wijn v\u00e1n liefhebbers, v\u00f3\u00f3r liefhebbers\",\"publisher\":{\"@id\":\"https:\\\/\\\/wijnhuis-mana.nl\\\/fr\\\/#organization\"},\"potentialAction\":[{\"@type\":\"SearchAction\",\"target\":{\"@type\":\"EntryPoint\",\"urlTemplate\":\"https:\\\/\\\/wijnhuis-mana.nl\\\/fr\\\/?s={search_term_string}\"},\"query-input\":{\"@type\":\"PropertyValueSpecification\",\"valueRequired\":true,\"valueName\":\"search_term_string\"}}],\"inLanguage\":\"fr-FR\"},{\"@type\":[\"Organization\",\"Place\"],\"@id\":\"https:\\\/\\\/wijnhuis-mana.nl\\\/fr\\\/#organization\",\"name\":\"Wijnhuis-Mana.nl\",\"url\":\"https:\\\/\\\/wijnhuis-mana.nl\\\/fr\\\/\",\"logo\":{\"@id\":\"https:\\\/\\\/wijnhuis-mana.nl\\\/fr\\\/product\\\/le-volte-dellornellaia-igt\\\/#local-main-organization-logo\"},\"image\":{\"@id\":\"https:\\\/\\\/wijnhuis-mana.nl\\\/fr\\\/product\\\/le-volte-dellornellaia-igt\\\/#local-main-organization-logo\"},\"sameAs\":[\"https:\\\/\\\/www.facebook.com\\\/wijnhuismana\",\"https:\\\/\\\/www.instagram.com\\\/ghvino.nl\"],\"hasMerchantReturnPolicy\":{\"@type\":\"MerchantReturnPolicy\",\"merchantReturnLink\":\"https:\\\/\\\/wijnhuis-mana.nl\\\/algemene-voorwaarden\\\/\"},\"address\":{\"@id\":\"https:\\\/\\\/wijnhuis-mana.nl\\\/fr\\\/product\\\/le-volte-dellornellaia-igt\\\/#local-main-place-address\"},\"telephone\":[\"0299-769018\"],\"openingHoursSpecification\":[{\"@type\":\"OpeningHoursSpecification\",\"dayOfWeek\":[\"Monday\",\"Sunday\"],\"opens\":\"00:00\",\"closes\":\"00:00\"},{\"@type\":\"OpeningHoursSpecification\",\"dayOfWeek\":[\"Tuesday\"],\"opens\":\"10:00\",\"closes\":\"18:00\"},{\"@type\":\"OpeningHoursSpecification\",\"dayOfWeek\":[\"Wednesday\",\"Thursday\",\"Saturday\"],\"opens\":\"11:00\",\"closes\":\"18:00\"},{\"@type\":\"OpeningHoursSpecification\",\"dayOfWeek\":[\"Friday\"],\"opens\":\"11:00\",\"closes\":\"21:00\"}],\"email\":\"info@wijnhuis-mana.nl\",\"areaServed\":\"Nederland\",\"vatID\":\"NL58KNAB0255573782\",\"taxID\":\"NL58KNAB0255573782\"},{\"@type\":\"PostalAddress\",\"@id\":\"https:\\\/\\\/wijnhuis-mana.nl\\\/fr\\\/product\\\/le-volte-dellornellaia-igt\\\/#local-main-place-address\",\"streetAddress\":\"Weerwal 11\",\"addressLocality\":\"Purmerend\",\"postalCode\":\"1441 AL\",\"addressRegion\":\"Noord-Holland\",\"addressCountry\":\"NL\"},{\"@type\":\"ImageObject\",\"inLanguage\":\"fr-FR\",\"@id\":\"https:\\\/\\\/wijnhuis-mana.nl\\\/fr\\\/product\\\/le-volte-dellornellaia-igt\\\/#local-main-organization-logo\",\"url\":\"https:\\\/\\\/wijnhuis-mana.nl\\\/wp-content\\\/uploads\\\/2022\\\/01\\\/Logo_Wijnhuis-Mana_Kleur.jpg\",\"contentUrl\":\"https:\\\/\\\/wijnhuis-mana.nl\\\/wp-content\\\/uploads\\\/2022\\\/01\\\/Logo_Wijnhuis-Mana_Kleur.jpg\",\"width\":400,\"height\":111,\"caption\":\"Wijnhuis-Mana.nl\"}]}<\/script>\n<meta property=\"product:price:amount\" content=\"26.95\" \/>\n<meta property=\"product:price:currency\" content=\"EUR\" \/>\n<meta property=\"og:availability\" content=\"instock\" \/>\n<meta property=\"product:availability\" content=\"instock\" \/>\n<meta property=\"product:retailer_item_id\" content=\"8059482401487\" \/>\n<meta property=\"product:condition\" content=\"new\" \/>\n<meta name=\"geo.placename\" content=\"Purmerend\" \/>\n<meta name=\"geo.region\" content=\"Netherlands\" \/>\n<!-- \/ Yoast SEO Premium plugin. -->","yoast_head_json":{"title":"Tenuta dell'Ornellaia Le Volte IGT | Italiaanse unieke wijn | Wijnhuis-Mana.nl","description":"Proef eens deze Tenuta dell'Ornellaia Le Volte IGT , een droge rode wijn uit Itali\u00eb bij Wijnhuis-Mana.nl \u2713 Service \u2713 Kwaliteit \u2713 Snelle levering","robots":{"index":"index","follow":"follow","max-snippet":"max-snippet:-1","max-image-preview":"max-image-preview:large","max-video-preview":"max-video-preview:-1"},"canonical":"https:\/\/wijnhuis-mana.nl\/fr\/product\/le-volte-dellornellaia-igt\/","og_locale":"fr_FR","og_type":"article","og_title":"Tenuta dell'Ornellaia Le Volte IGT","og_description":"Proef eens deze Tenuta dell'Ornellaia Le Volte IGT , een droge rode wijn uit Itali\u00eb bij Wijnhuis-Mana.nl \u2713 Service \u2713 Kwaliteit \u2713 Snelle levering","og_url":"https:\/\/wijnhuis-mana.nl\/fr\/product\/le-volte-dellornellaia-igt\/","og_site_name":"Wijnhuis-Mana.nl","article_publisher":"https:\/\/www.facebook.com\/wijnhuismana","article_modified_time":"2026-04-06T18:00:48+00:00","og_image":[{"width":800,"height":800,"url":"https:\/\/wijnhuis-mana.nl\/wp-content\/uploads\/2023\/11\/Le-Volte-dell-Ornellaia.jpg","type":"image\/jpeg"}],"twitter_card":"summary_large_image","twitter_misc":{"Price":"&euro;&nbsp;26,95","Availability":"In stock"},"schema":{"@context":"https:\/\/schema.org","@graph":[{"@type":"WebPage","@id":"https:\/\/wijnhuis-mana.nl\/fr\/product\/le-volte-dellornellaia-igt\/","url":"https:\/\/wijnhuis-mana.nl\/fr\/product\/le-volte-dellornellaia-igt\/","name":"Tenuta dell'Ornellaia Le Volte IGT | Italiaanse unieke wijn | Wijnhuis-Mana.nl","isPartOf":{"@id":"https:\/\/wijnhuis-mana.nl\/fr\/#website"},"primaryImageOfPage":{"@id":"https:\/\/wijnhuis-mana.nl\/fr\/product\/le-volte-dellornellaia-igt\/#primaryimage"},"image":{"@id":"https:\/\/wijnhuis-mana.nl\/fr\/product\/le-volte-dellornellaia-igt\/#primaryimage"},"thumbnailUrl":"https:\/\/wijnhuis-mana.nl\/wp-content\/uploads\/2023\/11\/Le-Volte-dell-Ornellaia.jpg","datePublished":"2023-11-20T15:01:36+00:00","dateModified":"2026-04-06T18:00:48+00:00","description":"Proef eens deze Tenuta dell'Ornellaia Le Volte IGT , een droge rode wijn uit Itali\u00eb bij Wijnhuis-Mana.nl \u2713 Service \u2713 Kwaliteit \u2713 Snelle levering","breadcrumb":{"@id":"https:\/\/wijnhuis-mana.nl\/fr\/product\/le-volte-dellornellaia-igt\/#breadcrumb"},"inLanguage":"fr-FR","potentialAction":[{"@type":"ReadAction","target":["https:\/\/wijnhuis-mana.nl\/fr\/product\/le-volte-dellornellaia-igt\/"]}]},{"@type":"ImageObject","inLanguage":"fr-FR","@id":"https:\/\/wijnhuis-mana.nl\/fr\/product\/le-volte-dellornellaia-igt\/#primaryimage","url":"https:\/\/wijnhuis-mana.nl\/wp-content\/uploads\/2023\/11\/Le-Volte-dell-Ornellaia.jpg","contentUrl":"https:\/\/wijnhuis-mana.nl\/wp-content\/uploads\/2023\/11\/Le-Volte-dell-Ornellaia.jpg","width":800,"height":800,"caption":"Proef eens deze Tenuta dell'Ornellaia Le Volte IGT , een droge rode wijn uit Itali\u00eb bij Wijnhuis-Mana.nl \u2713 Service \u2713 Kwaliteit \u2713 Snelle levering"},{"@type":"BreadcrumbList","@id":"https:\/\/wijnhuis-mana.nl\/fr\/product\/le-volte-dellornellaia-igt\/#breadcrumb","itemListElement":[{"@type":"ListItem","position":1,"name":"Home","item":"https:\/\/wijnhuis-mana.nl\/fr\/"},{"@type":"ListItem","position":2,"name":"Boutique","item":"https:\/\/wijnhuis-mana.nl\/fr\/boutique\/"},{"@type":"ListItem","position":3,"name":"Tenuta dell&#8217;Ornellaia Le Volte IGT"}]},{"@type":"WebSite","@id":"https:\/\/wijnhuis-mana.nl\/fr\/#website","url":"https:\/\/wijnhuis-mana.nl\/fr\/","name":"Wijnhuis-Mana.nl","description":"Wijn v\u00e1n liefhebbers, v\u00f3\u00f3r liefhebbers","publisher":{"@id":"https:\/\/wijnhuis-mana.nl\/fr\/#organization"},"potentialAction":[{"@type":"SearchAction","target":{"@type":"EntryPoint","urlTemplate":"https:\/\/wijnhuis-mana.nl\/fr\/?s={search_term_string}"},"query-input":{"@type":"PropertyValueSpecification","valueRequired":true,"valueName":"search_term_string"}}],"inLanguage":"fr-FR"},{"@type":["Organization","Place"],"@id":"https:\/\/wijnhuis-mana.nl\/fr\/#organization","name":"Wijnhuis-Mana.nl","url":"https:\/\/wijnhuis-mana.nl\/fr\/","logo":{"@id":"https:\/\/wijnhuis-mana.nl\/fr\/product\/le-volte-dellornellaia-igt\/#local-main-organization-logo"},"image":{"@id":"https:\/\/wijnhuis-mana.nl\/fr\/product\/le-volte-dellornellaia-igt\/#local-main-organization-logo"},"sameAs":["https:\/\/www.facebook.com\/wijnhuismana","https:\/\/www.instagram.com\/ghvino.nl"],"hasMerchantReturnPolicy":{"@type":"MerchantReturnPolicy","merchantReturnLink":"https:\/\/wijnhuis-mana.nl\/algemene-voorwaarden\/"},"address":{"@id":"https:\/\/wijnhuis-mana.nl\/fr\/product\/le-volte-dellornellaia-igt\/#local-main-place-address"},"telephone":["0299-769018"],"openingHoursSpecification":[{"@type":"OpeningHoursSpecification","dayOfWeek":["Monday","Sunday"],"opens":"00:00","closes":"00:00"},{"@type":"OpeningHoursSpecification","dayOfWeek":["Tuesday"],"opens":"10:00","closes":"18:00"},{"@type":"OpeningHoursSpecification","dayOfWeek":["Wednesday","Thursday","Saturday"],"opens":"11:00","closes":"18:00"},{"@type":"OpeningHoursSpecification","dayOfWeek":["Friday"],"opens":"11:00","closes":"21:00"}],"email":"info@wijnhuis-mana.nl","areaServed":"Nederland","vatID":"NL58KNAB0255573782","taxID":"NL58KNAB0255573782"},{"@type":"PostalAddress","@id":"https:\/\/wijnhuis-mana.nl\/fr\/product\/le-volte-dellornellaia-igt\/#local-main-place-address","streetAddress":"Weerwal 11","addressLocality":"Purmerend","postalCode":"1441 AL","addressRegion":"Noord-Holland","addressCountry":"NL"},{"@type":"ImageObject","inLanguage":"fr-FR","@id":"https:\/\/wijnhuis-mana.nl\/fr\/product\/le-volte-dellornellaia-igt\/#local-main-organization-logo","url":"https:\/\/wijnhuis-mana.nl\/wp-content\/uploads\/2022\/01\/Logo_Wijnhuis-Mana_Kleur.jpg","contentUrl":"https:\/\/wijnhuis-mana.nl\/wp-content\/uploads\/2022\/01\/Logo_Wijnhuis-Mana_Kleur.jpg","width":400,"height":111,"caption":"Wijnhuis-Mana.nl"}]},"product_price_amount":"26.95","product_price_currency":"EUR","og_availability":"instock","product_availability":"instock","product_retailer_item_id":"8059482401487","product_condition":"new","geo.placename":"Purmerend","geo.region":"Netherlands"},"post_mailing_queue_ids":[],"_links":{"self":[{"href":"https:\/\/wijnhuis-mana.nl\/fr\/wp-json\/wp\/v2\/product\/9457","targetHints":{"allow":["GET"]}}],"collection":[{"href":"https:\/\/wijnhuis-mana.nl\/fr\/wp-json\/wp\/v2\/product"}],"about":[{"href":"https:\/\/wijnhuis-mana.nl\/fr\/wp-json\/wp\/v2\/types\/product"}],"replies":[{"embeddable":true,"href":"https:\/\/wijnhuis-mana.nl\/fr\/wp-json\/wp\/v2\/comments?post=9457"}],"wp:featuredmedia":[{"embeddable":true,"href":"https:\/\/wijnhuis-mana.nl\/fr\/wp-json\/wp\/v2\/media\/9458"}],"wp:attachment":[{"href":"https:\/\/wijnhuis-mana.nl\/fr\/wp-json\/wp\/v2\/media?parent=9457"}],"wp:term":[{"taxonomy":"product_brand","embeddable":true,"href":"https:\/\/wijnhuis-mana.nl\/fr\/wp-json\/wp\/v2\/product_brand?post=9457"},{"taxonomy":"product_cat","embeddable":true,"href":"https:\/\/wijnhuis-mana.nl\/fr\/wp-json\/wp\/v2\/product_cat?post=9457"},{"taxonomy":"product_tag","embeddable":true,"href":"https:\/\/wijnhuis-mana.nl\/fr\/wp-json\/wp\/v2\/product_tag?post=9457"}],"curies":[{"name":"wp","href":"https:\/\/api.w.org\/{rel}","templated":true}]}}